{"id":3875,"date":"2023-08-18T12:05:09","date_gmt":"2023-08-18T10:05:09","guid":{"rendered":"https:\/\/brocoli-agency.fr\/neamediaicons\/?post_type=product&#038;p=3875"},"modified":"2025-06-22T13:07:04","modified_gmt":"2025-06-22T11:07:04","slug":"le-petit-prince-figurine-10-cm","status":"publish","type":"product","link":"https:\/\/neamedia-icons.com\/en\/produit\/le-petit-prince-figurine-10-cm\/","title":{"rendered":"Le Petit Prince \u2013 Figurine 10 cm"},"content":{"rendered":"<h3>Une figurine pleine de po\u00e9sie pour les grands et les petits<\/h3>\n<p>Une figurine incontournable, avec son \u00e9charpe jaune flottant au vent. Elle a \u00e9tait cr\u00e9\u00e9e et inspir\u00e9e des aquarelles de Saint-Exup\u00e9ry. Que ce soit en d\u00e9coration ou pour jouer, votre \u00e2me d&#8217;enfant ne sera que touch\u00e9.<\/p>\n<p>&nbsp;<\/p>\n<p><img loading=\"lazy\" decoding=\"async\" class=\"alignnone size-medium wp-image-3833\" src=\"http:\/\/brocoli-agency.fr\/neamediaicons\/wp-content\/uploads\/2022\/05\/lepetitprince_neamediaicons-300x50.png\" alt=\"\" width=\"300\" height=\"50\" srcset=\"https:\/\/neamedia-icons.com\/wp-content\/uploads\/2022\/05\/lepetitprince_neamediaicons-300x50.png 300w, https:\/\/neamedia-icons.com\/wp-content\/uploads\/2022\/05\/lepetitprince_neamediaicons.png 549w\" sizes=\"auto, (max-width: 300px) 100vw, 300px\" \/><\/p>\n<p>&nbsp;<\/p>\n<p>Figurine en PVC<br \/>\n<strong>Poids :<\/strong> Environ 100 g<br \/>\n<strong>Taille de la figurine :<\/strong> 10 cm (existe aussi\u00a0<a href=\"https:\/\/brocoli-agency.fr\/neamediaicons\/produit\/statue-le-petit-prince-30cm-classique\/\"><strong>en 30cm<\/strong><\/a>\u00a0et\u00a0<strong><a href=\"https:\/\/brocoli-agency.fr\/neamediaicons\/produit\/statue-le-petit-prince-a-taille-reelle-110cm-classique\/\">en taille r\u00e9elle 110cm<\/a><\/strong>)<br \/>\n<strong>Taille de du packaging :<\/strong> 9 x 6 x 12 cm<\/p>\n<p>&nbsp;<\/p>\n<p>Suivez-nous sur :<\/p>\n<p><a href=\"https:\/\/www.facebook.com\/NeamediaIcons\/\"><strong>Facebook<\/strong><\/a><strong>\u00a0|\u00a0<a href=\"https:\/\/www.instagram.com\/neamediaicons\/\">Instagram<\/a>\u00a0|\u00a0<a href=\"https:\/\/twitter.com\/neamediaicons\">Twitter<\/a>\u00a0|\u00a0<a href=\"https:\/\/www.pinterest.fr\/neamediaicons\/\">Pinterest<\/a> | <a href=\"https:\/\/www.amazon.fr\/Figurine-10-cm-Petit-Prince\/dp\/B011ZH6B8Q\/ref=pd_ci_mcx_pspc_dp_d_1_i_3?pd_rd_w=0Qpzr&amp;content-id=amzn1.sym.159245d0-3c19-4874-9041-84d198a6c3c1&amp;pf_rd_p=159245d0-3c19-4874-9041-84d198a6c3c1&amp;pf_rd_r=EHMQER5WQ3T122W5RQGP&amp;pd_rd_wg=UmPe6&amp;pd_rd_r=cda7a5c6-b293-452f-9be1-fd050baa87e0&amp;pd_rd_i=B011ZH6B8Q\">Amazon<\/a><\/strong><\/p>\n","protected":false},"excerpt":{"rendered":"<h3>Une figurine pleine de po\u00e9sie pour les grands et les petits<\/h3>\n<p>Une figurine incontournable, avec son \u00e9charpe jaune flottant au vent. Elle a \u00e9tait cr\u00e9\u00e9e et inspir\u00e9e des aquarelles de Saint-Exup\u00e9ry. Que ce soit en d\u00e9coration ou pour jouer, votre \u00e2me d&#8217;enfant ne sera que touch\u00e9.<\/p>\n<p><img loading=\"lazy\" decoding=\"async\" class=\"alignnone size-medium wp-image-3833\" src=\"http:\/\/brocoli-agency.fr\/neamediaicons\/wp-content\/uploads\/2022\/05\/lepetitprince_neamediaicons-300x50.png\" alt=\"\" width=\"300\" height=\"50\" srcset=\"https:\/\/neamedia-icons.com\/wp-content\/uploads\/2022\/05\/lepetitprince_neamediaicons-300x50.png 300w, https:\/\/neamedia-icons.com\/wp-content\/uploads\/2022\/05\/lepetitprince_neamediaicons.png 549w\" sizes=\"auto, (max-width: 300px) 100vw, 300px\" \/><\/p>\n<ul>\n<li>Figurine en PVC<\/li>\n<li><strong>Taille de la figurine :<\/strong> 10 cm (existe aussi\u00a0<a href=\"https:\/\/brocoli-agency.fr\/neamediaicons\/produit\/statue-le-petit-prince-30cm-classique\/\"><strong>en 30cm<\/strong><\/a>\u00a0et\u00a0<strong><a href=\"https:\/\/brocoli-agency.fr\/neamediaicons\/produit\/statue-le-petit-prince-a-taille-reelle-110cm-classique\/\">en taille r\u00e9elle 110cm<\/a><\/strong>)<\/li>\n<li><strong>Poids :<\/strong> Environ 100g<\/li>\n<li><strong>Taille de l\u2019emballage :<\/strong> 9 x 6 x 12 cm<\/li>\n<\/ul>\n","protected":false},"featured_media":179767,"comment_status":"open","ping_status":"closed","template":"","meta":[],"product_cat":[72],"product_tag":[],"class_list":{"0":"post-3875","1":"product","2":"type-product","3":"status-publish","4":"has-post-thumbnail","6":"product_cat-lepetitprince","8":"first","9":"instock","10":"taxable","11":"shipping-taxable","12":"purchasable","13":"product-type-simple"},"yoast_head":"<!-- This site is optimized with the Yoast SEO plugin v21.4 - https:\/\/yoast.com\/wordpress\/plugins\/seo\/ -->\n<title>Le Petit Prince \u2013 Figurine 10 cm - Neamedia Icons<\/title>\n<meta name=\"robots\" content=\"index, follow, max-snippet:-1, max-image-preview:large, max-video-preview:-1\" \/>\n<link rel=\"canonical\" href=\"https:\/\/neamedia-icons.com\/produit\/le-petit-prince-figurine-10-cm\/\" \/>\n<meta property=\"og:locale\" content=\"en_US\" \/>\n<meta property=\"og:type\" content=\"article\" \/>\n<meta property=\"og:title\" content=\"Le Petit Prince \u2013 Figurine 10 cm - Neamedia Icons\" \/>\n<meta property=\"og:description\" content=\"Une figurine pleine de po\u00e9sie pour les grands et les petits Une figurine incontournable, avec son \u00e9charpe jaune flottant au vent. Elle a \u00e9tait cr\u00e9\u00e9e et inspir\u00e9e des aquarelles de Saint-Exup\u00e9ry. Que ce soit en d\u00e9coration ou pour jouer, votre \u00e2me d&#039;enfant ne sera que touch\u00e9.     Figurine en PVC  Taille de la figurine : 10 cm (existe aussi\u00a0en 30cm\u00a0et\u00a0en taille r\u00e9elle 110cm)  Poids : Environ 100g  Taille de l\u2019emballage : 9 x 6 x 12 cm\" \/>\n<meta property=\"og:url\" content=\"https:\/\/neamedia-icons.com\/produit\/le-petit-prince-figurine-10-cm\/\" \/>\n<meta property=\"og:site_name\" content=\"Neamedia Icons\" \/>\n<meta property=\"article:publisher\" content=\"https:\/\/www.facebook.com\/NeamediaIcons\/\" \/>\n<meta property=\"article:modified_time\" content=\"2025-06-22T11:07:04+00:00\" \/>\n<meta property=\"og:image\" content=\"https:\/\/neamedia-icons.com\/wp-content\/uploads\/2021\/05\/petit_prince_figurine_PVC_cadeau_neamedia_icons_5.jpg\" \/>\n\t<meta property=\"og:image:width\" content=\"1280\" \/>\n\t<meta property=\"og:image:height\" content=\"1586\" \/>\n\t<meta property=\"og:image:type\" content=\"image\/jpeg\" \/>\n<meta name=\"twitter:card\" content=\"summary_large_image\" \/>\n<meta name=\"twitter:site\" content=\"@neamediaicons\" \/>\n<meta name=\"twitter:label1\" content=\"Est. reading time\" \/>\n\t<meta name=\"twitter:data1\" content=\"1 minute\" \/>\n<script type=\"application\/ld+json\" class=\"yoast-schema-graph\">{\"@context\":\"https:\/\/schema.org\",\"@graph\":[{\"@type\":\"WebPage\",\"@id\":\"https:\/\/neamedia-icons.com\/produit\/le-petit-prince-figurine-10-cm\/\",\"url\":\"https:\/\/neamedia-icons.com\/produit\/le-petit-prince-figurine-10-cm\/\",\"name\":\"Le Petit Prince \u2013 Figurine 10 cm - Neamedia Icons\",\"isPartOf\":{\"@id\":\"https:\/\/neamedia-icons.com\/#website\"},\"datePublished\":\"2023-08-18T10:05:09+00:00\",\"dateModified\":\"2025-06-22T11:07:04+00:00\",\"breadcrumb\":{\"@id\":\"https:\/\/neamedia-icons.com\/produit\/le-petit-prince-figurine-10-cm\/#breadcrumb\"},\"inLanguage\":\"en-US\",\"potentialAction\":[{\"@type\":\"ReadAction\",\"target\":[\"https:\/\/neamedia-icons.com\/produit\/le-petit-prince-figurine-10-cm\/\"]}]},{\"@type\":\"BreadcrumbList\",\"@id\":\"https:\/\/neamedia-icons.com\/produit\/le-petit-prince-figurine-10-cm\/#breadcrumb\",\"itemListElement\":[{\"@type\":\"ListItem\",\"position\":1,\"name\":\"Accueil\",\"item\":\"https:\/\/neamedia-icons.com\/en\/\"},{\"@type\":\"ListItem\",\"position\":2,\"name\":\"The Shop | Discover the collection\",\"item\":\"https:\/\/neamedia-icons.com\/en\/the-shop\/\"},{\"@type\":\"ListItem\",\"position\":3,\"name\":\"Le Petit Prince \u2013 Figurine 10 cm\"}]},{\"@type\":\"WebSite\",\"@id\":\"https:\/\/neamedia-icons.com\/#website\",\"url\":\"https:\/\/neamedia-icons.com\/\",\"name\":\"Neamedia Icons\",\"description\":\"Boutique sp\u00e9cialis\u00e9e en sculptures, figurines et objets collector design de la Pop Culture - BD, Manga, Anime, Jeux Vid\u00e9o &amp; Litt\u00e9rature\",\"publisher\":{\"@id\":\"https:\/\/neamedia-icons.com\/#organization\"},\"potentialAction\":[{\"@type\":\"SearchAction\",\"target\":{\"@type\":\"EntryPoint\",\"urlTemplate\":\"https:\/\/neamedia-icons.com\/?s={search_term_string}\"},\"query-input\":\"required name=search_term_string\"}],\"inLanguage\":\"en-US\"},{\"@type\":\"Organization\",\"@id\":\"https:\/\/neamedia-icons.com\/#organization\",\"name\":\"Neamedia Icons\",\"url\":\"https:\/\/neamedia-icons.com\/\",\"logo\":{\"@type\":\"ImageObject\",\"inLanguage\":\"en-US\",\"@id\":\"https:\/\/neamedia-icons.com\/#\/schema\/logo\/image\/\",\"url\":\"https:\/\/neamedia-icons.com\/wp-content\/uploads\/2022\/03\/logo_neamediaicons.png\",\"contentUrl\":\"https:\/\/neamedia-icons.com\/wp-content\/uploads\/2022\/03\/logo_neamediaicons.png\",\"width\":700,\"height\":206,\"caption\":\"Neamedia Icons\"},\"image\":{\"@id\":\"https:\/\/neamedia-icons.com\/#\/schema\/logo\/image\/\"},\"sameAs\":[\"https:\/\/www.facebook.com\/NeamediaIcons\/\",\"https:\/\/twitter.com\/neamediaicons\",\"https:\/\/www.instagram.com\/neamediaicons\/\",\"https:\/\/www.pinterest.fr\/neamediaicons\/_created\/\",\"https:\/\/www.youtube.com\/channel\/UCXUJbRezXkDAz70xAan92cw\"]}]}<\/script>\n<!-- \/ Yoast SEO plugin. -->","yoast_head_json":{"title":"Le Petit Prince \u2013 Figurine 10 cm - Neamedia Icons","robots":{"index":"index","follow":"follow","max-snippet":"max-snippet:-1","max-image-preview":"max-image-preview:large","max-video-preview":"max-video-preview:-1"},"canonical":"https:\/\/neamedia-icons.com\/produit\/le-petit-prince-figurine-10-cm\/","og_locale":"en_US","og_type":"article","og_title":"Le Petit Prince \u2013 Figurine 10 cm - Neamedia Icons","og_description":"Une figurine pleine de po\u00e9sie pour les grands et les petits Une figurine incontournable, avec son \u00e9charpe jaune flottant au vent. Elle a \u00e9tait cr\u00e9\u00e9e et inspir\u00e9e des aquarelles de Saint-Exup\u00e9ry. Que ce soit en d\u00e9coration ou pour jouer, votre \u00e2me d'enfant ne sera que touch\u00e9.     Figurine en PVC  Taille de la figurine : 10 cm (existe aussi\u00a0en 30cm\u00a0et\u00a0en taille r\u00e9elle 110cm)  Poids : Environ 100g  Taille de l\u2019emballage : 9 x 6 x 12 cm","og_url":"https:\/\/neamedia-icons.com\/produit\/le-petit-prince-figurine-10-cm\/","og_site_name":"Neamedia Icons","article_publisher":"https:\/\/www.facebook.com\/NeamediaIcons\/","article_modified_time":"2025-06-22T11:07:04+00:00","og_image":[{"width":1280,"height":1586,"url":"https:\/\/neamedia-icons.com\/wp-content\/uploads\/2021\/05\/petit_prince_figurine_PVC_cadeau_neamedia_icons_5.jpg","type":"image\/jpeg"}],"twitter_card":"summary_large_image","twitter_site":"@neamediaicons","twitter_misc":{"Est. reading time":"1 minute"},"schema":{"@context":"https:\/\/schema.org","@graph":[{"@type":"WebPage","@id":"https:\/\/neamedia-icons.com\/produit\/le-petit-prince-figurine-10-cm\/","url":"https:\/\/neamedia-icons.com\/produit\/le-petit-prince-figurine-10-cm\/","name":"Le Petit Prince \u2013 Figurine 10 cm - Neamedia Icons","isPartOf":{"@id":"https:\/\/neamedia-icons.com\/#website"},"datePublished":"2023-08-18T10:05:09+00:00","dateModified":"2025-06-22T11:07:04+00:00","breadcrumb":{"@id":"https:\/\/neamedia-icons.com\/produit\/le-petit-prince-figurine-10-cm\/#breadcrumb"},"inLanguage":"en-US","potentialAction":[{"@type":"ReadAction","target":["https:\/\/neamedia-icons.com\/produit\/le-petit-prince-figurine-10-cm\/"]}]},{"@type":"BreadcrumbList","@id":"https:\/\/neamedia-icons.com\/produit\/le-petit-prince-figurine-10-cm\/#breadcrumb","itemListElement":[{"@type":"ListItem","position":1,"name":"Accueil","item":"https:\/\/neamedia-icons.com\/en\/"},{"@type":"ListItem","position":2,"name":"The Shop | Discover the collection","item":"https:\/\/neamedia-icons.com\/en\/the-shop\/"},{"@type":"ListItem","position":3,"name":"Le Petit Prince \u2013 Figurine 10 cm"}]},{"@type":"WebSite","@id":"https:\/\/neamedia-icons.com\/#website","url":"https:\/\/neamedia-icons.com\/","name":"Neamedia Icons","description":"Boutique sp\u00e9cialis\u00e9e en sculptures, figurines et objets collector design de la Pop Culture - BD, Manga, Anime, Jeux Vid\u00e9o &amp; Litt\u00e9rature","publisher":{"@id":"https:\/\/neamedia-icons.com\/#organization"},"potentialAction":[{"@type":"SearchAction","target":{"@type":"EntryPoint","urlTemplate":"https:\/\/neamedia-icons.com\/?s={search_term_string}"},"query-input":"required name=search_term_string"}],"inLanguage":"en-US"},{"@type":"Organization","@id":"https:\/\/neamedia-icons.com\/#organization","name":"Neamedia Icons","url":"https:\/\/neamedia-icons.com\/","logo":{"@type":"ImageObject","inLanguage":"en-US","@id":"https:\/\/neamedia-icons.com\/#\/schema\/logo\/image\/","url":"https:\/\/neamedia-icons.com\/wp-content\/uploads\/2022\/03\/logo_neamediaicons.png","contentUrl":"https:\/\/neamedia-icons.com\/wp-content\/uploads\/2022\/03\/logo_neamediaicons.png","width":700,"height":206,"caption":"Neamedia Icons"},"image":{"@id":"https:\/\/neamedia-icons.com\/#\/schema\/logo\/image\/"},"sameAs":["https:\/\/www.facebook.com\/NeamediaIcons\/","https:\/\/twitter.com\/neamediaicons","https:\/\/www.instagram.com\/neamediaicons\/","https:\/\/www.pinterest.fr\/neamediaicons\/_created\/","https:\/\/www.youtube.com\/channel\/UCXUJbRezXkDAz70xAan92cw"]}]}},"_links":{"self":[{"href":"https:\/\/neamedia-icons.com\/en\/wp-json\/wp\/v2\/product\/3875","targetHints":{"allow":["GET"]}}],"collection":[{"href":"https:\/\/neamedia-icons.com\/en\/wp-json\/wp\/v2\/product"}],"about":[{"href":"https:\/\/neamedia-icons.com\/en\/wp-json\/wp\/v2\/types\/product"}],"replies":[{"embeddable":true,"href":"https:\/\/neamedia-icons.com\/en\/wp-json\/wp\/v2\/comments?post=3875"}],"wp:featuredmedia":[{"embeddable":true,"href":"https:\/\/neamedia-icons.com\/en\/wp-json\/wp\/v2\/media\/179767"}],"wp:attachment":[{"href":"https:\/\/neamedia-icons.com\/en\/wp-json\/wp\/v2\/media?parent=3875"}],"wp:term":[{"taxonomy":"product_cat","embeddable":true,"href":"https:\/\/neamedia-icons.com\/en\/wp-json\/wp\/v2\/product_cat?post=3875"},{"taxonomy":"product_tag","embeddable":true,"href":"https:\/\/neamedia-icons.com\/en\/wp-json\/wp\/v2\/product_tag?post=3875"}],"curies":[{"name":"wp","href":"https:\/\/api.w.org\/{rel}","templated":true}]}}