{"id":181744,"date":"2025-03-31T10:56:30","date_gmt":"2025-03-31T08:56:30","guid":{"rendered":"https:\/\/neamedia-icons.com\/?post_type=product&#038;p=181744"},"modified":"2026-01-18T12:27:33","modified_gmt":"2026-01-18T11:27:33","slug":"genshin-impact-monstadt-statue-of-the-seven-light-up-figurine","status":"publish","type":"product","link":"https:\/\/neamedia-icons.com\/en\/produit\/genshin-impact-monstadt-statue-of-the-seven-light-up-figurine\/","title":{"rendered":"Genshin Impact : Mondstadt Statue of The Seven Light Up Figurine"},"content":{"rendered":"<h2><strong>LIGHT UP FIGURINE &#8211; Genshin Impact: Mondstadt Statue of The Seven<\/strong><\/h2>\n<p>Decorate your home with the Genshin Impact: Mondstadt Statue of The Seven Light Up Figurine from the hit game.<\/p>\n<p>A must-have decoration alongside your PS, Xbox or PC gaming system, this light up figurine features the design of the Mondstadt Statue of Seven, a prominent statue that can be found in Genshin Impact.<\/p>\n<p>The light, shining through the details and gilded accents, recreates the ambiance of elemental power, transporting fans straight into the heart of the adventure. Whether for a movie night or a gaming session, its neon effect is perfect for total immersion. A must-have for video game fans.<\/p>\n<p>Discover the <a href=\"https:\/\/neamedia-icons.com\/en\/categorie-produit\/genshin-impact\/\">Genshin Impact range<\/a> of products! Start your Genshin Impact collection by Neamedia Icons.<\/p>\n<p>&nbsp;<\/p>\n<p>&nbsp;<\/p>\n<p><img loading=\"lazy\" decoding=\"async\" class=\"alignnone wp-image-180488\" src=\"https:\/\/neamedia-icons.com\/wp-content\/uploads\/2024\/02\/Genshin-Impact-Logo-EN.png\" alt=\"Genshin Impact Logo\" width=\"438\" height=\"158\" srcset=\"https:\/\/neamedia-icons.com\/wp-content\/uploads\/2024\/02\/Genshin-Impact-Logo-EN.png 3112w, https:\/\/neamedia-icons.com\/wp-content\/uploads\/2024\/02\/Genshin-Impact-Logo-EN-300x108.png 300w, https:\/\/neamedia-icons.com\/wp-content\/uploads\/2024\/02\/Genshin-Impact-Logo-EN-1024x369.png 1024w, https:\/\/neamedia-icons.com\/wp-content\/uploads\/2024\/02\/Genshin-Impact-Logo-EN-768x277.png 768w, https:\/\/neamedia-icons.com\/wp-content\/uploads\/2024\/02\/Genshin-Impact-Logo-EN-1536x554.png 1536w, https:\/\/neamedia-icons.com\/wp-content\/uploads\/2024\/02\/Genshin-Impact-Logo-EN-2048x738.png 2048w, https:\/\/neamedia-icons.com\/wp-content\/uploads\/2024\/02\/Genshin-Impact-Logo-EN-920x332.png 920w\" sizes=\"auto, (max-width: 438px) 100vw, 438px\" \/><\/p>\n<p>&nbsp;<\/p>\n<h3><strong>What is Genshin Impact: Mondstadt Statue of The Seven Light Up Figurine?<\/strong><\/h3>\n<ul>\n<li><u>A Perfect Gift for Fans<\/u>: The Genshin Impact: Mondstadt Statue of The Seven Light Up Figurine is a perfect gift for all fans of the game. The perfect gift for any occasion (birthday, Christmas, Father&#8217;s Day, Valentine&#8217;s Day&#8230;). Gift to someone special or treat yourself by adding this unique piece to your collection.<\/li>\n<li><u>Officially licensed product<\/u>: This figurine is produced under official license, ensuring top-tier quality and authenticity. The LED lighting, engraved details, and gilded accents perfectly recreate the design of the in-game statues, capturing even the enchanting atmosphere that surrounds them. Treat yourself to the best to fully enjoy every moment of your adventure.<\/li>\n<li><u>A 3D creation<\/u>: This LED light statue is created based on the Mondstadt Statue of the Seven from Genshin Impact. Every detail, meticulously modeled in three dimensions, reflects the grandeur of the Statue of the Seven. As a result, the set is both a mood lamp and a decoration that will appeal to any fan of the game.<\/li>\n<li><u>Ambient lighting<\/u>: Whether you&#8217;re a collector of gaming memorabilia or a fan of ambient lighting, this figurine adapts to any space. Powered either by the included cable or 3x AAA batteries (not included), it can fit seamlessly into your gaming setup, whether on PC, Xbox, or PS. The figurine provides an immersive glow that brings the world of Teyvat to life right in your home.<\/li>\n<\/ul>\n<p>&nbsp;<\/p>\n<ul>\n<li>Official Product<\/li>\n<li>Plastic LED Figurine<\/li>\n<li>Operates with cable (USB C included) or batteries (3x AAA not included)<\/li>\n<li>Dimensions, Weight: W: 12cm | D: 12cm | H: 20cm, 0.32kg<\/li>\n<li>See the rest of the Genshin Impact collection: <a href=\"https:\/\/neamedia-icons.com\/en\/produit\/genshin-impact-lampe-logo\/\">Gaming light<\/a><\/li>\n<\/ul>\n<p>&nbsp;<\/p>\n<p>Follow us on:<\/p>\n<p><a href=\"https:\/\/www.facebook.com\/NeamediaIcons\/\"><strong>Facebook<\/strong><\/a><strong>| <\/strong><a href=\"https:\/\/www.instagram.com\/neamediaicons\/\"><strong>Instagram<\/strong><\/a><strong> | <\/strong><a href=\"https:\/\/twitter.com\/neamediaicons\"><strong>Twitter<\/strong><\/a><strong> | <\/strong><a href=\"https:\/\/www.pinterest.fr\/neamediaicons\/\"><strong>Pinterest<\/strong><\/a><strong> | <\/strong><a href=\"https:\/\/www.amazon.fr\/Neamedia-Icons-Cyberpunk-Official-Edgerunners\/dp\/B0C2CSR57K\/ref=sr_1_4?crid=1VKAHEJX3KXFR&amp;keywords=assassins+creed+-+the+official+light&amp;qid=1702052839&amp;sprefix=light+assassi%2Caps%2C76&amp;sr=8-4\"><strong>Amazon<\/strong><\/a><\/p>\n<p>&nbsp;<\/p>\n","protected":false},"excerpt":{"rendered":"<ul>\n<li>Official product<\/li>\n<li>Plastic LED figurine<\/li>\n<li>Operates with cable (USB C included) or batteries (3 x AAA not included)<\/li>\n<li>Dimensions, Weight : W : 12cm | D : 12cm | H : 20cm, 0.32kg<\/li>\n<li>See the rest of the Genshin Impact collection: <a href=\"https:\/\/neamedia-icons.com\/produit\/genshin-impact-lampe-logo\/\">Gaming light<\/a><\/li>\n<\/ul>\n<h4><\/h4>\n","protected":false},"featured_media":181765,"comment_status":"open","ping_status":"closed","template":"","meta":[],"product_cat":[144],"product_tag":[138,140],"class_list":{"0":"post-181744","1":"product","2":"type-product","3":"status-publish","4":"has-post-thumbnail","6":"product_cat-genshin-impact-en","7":"product_tag-lights-en","8":"product_tag-statues-en","10":"first","11":"instock","12":"taxable","13":"shipping-taxable","14":"purchasable","15":"product-type-simple"},"yoast_head":"<!-- This site is optimized with the Yoast SEO plugin v21.4 - https:\/\/yoast.com\/wordpress\/plugins\/seo\/ -->\n<title>Genshin Impact : Mondstadt Statue of The Seven Light Up Figurine<\/title>\n<meta name=\"description\" content=\"Decorate your home with Genshin Impact: Mondstadt Statue of The Seven Light Up Figurine, from the hit game developed by HoYoverse.\" \/>\n<meta name=\"robots\" content=\"index, follow, max-snippet:-1, max-image-preview:large, max-video-preview:-1\" \/>\n<link rel=\"canonical\" href=\"https:\/\/neamedia-icons.com\/en\/produit\/genshin-impact-monstadt-statue-of-the-seven-light-up-figurine\/\" \/>\n<meta property=\"og:locale\" content=\"en_US\" \/>\n<meta property=\"og:type\" content=\"article\" \/>\n<meta property=\"og:title\" content=\"Genshin Impact : Mondstadt Statue of The Seven Light Up Figurine\" \/>\n<meta property=\"og:description\" content=\"Decorate your home with Genshin Impact: Mondstadt Statue of The Seven Light Up Figurine, from the hit game developed by HoYoverse.\" \/>\n<meta property=\"og:url\" content=\"https:\/\/neamedia-icons.com\/en\/produit\/genshin-impact-monstadt-statue-of-the-seven-light-up-figurine\/\" \/>\n<meta property=\"og:site_name\" content=\"Neamedia Icons\" \/>\n<meta property=\"article:publisher\" content=\"https:\/\/www.facebook.com\/NeamediaIcons\/\" \/>\n<meta property=\"article:modified_time\" content=\"2026-01-18T11:27:33+00:00\" \/>\n<meta property=\"og:image\" content=\"https:\/\/neamedia-icons.com\/wp-content\/uploads\/2025\/03\/Genshin-Impact-Lampe-Seven-Neamedia-Icons-7.jpg\" \/>\n\t<meta property=\"og:image:width\" content=\"1280\" \/>\n\t<meta property=\"og:image:height\" content=\"1586\" \/>\n\t<meta property=\"og:image:type\" content=\"image\/jpeg\" \/>\n<meta name=\"twitter:card\" content=\"summary_large_image\" \/>\n<meta name=\"twitter:site\" content=\"@neamediaicons\" \/>\n<meta name=\"twitter:label1\" content=\"Est. reading time\" \/>\n\t<meta name=\"twitter:data1\" content=\"3 minutes\" \/>\n<script type=\"application\/ld+json\" class=\"yoast-schema-graph\">{\"@context\":\"https:\/\/schema.org\",\"@graph\":[{\"@type\":\"WebPage\",\"@id\":\"https:\/\/neamedia-icons.com\/en\/produit\/genshin-impact-monstadt-statue-of-the-seven-light-up-figurine\/\",\"url\":\"https:\/\/neamedia-icons.com\/en\/produit\/genshin-impact-monstadt-statue-of-the-seven-light-up-figurine\/\",\"name\":\"Genshin Impact : Mondstadt Statue of The Seven Light Up Figurine\",\"isPartOf\":{\"@id\":\"https:\/\/neamedia-icons.com\/#website\"},\"datePublished\":\"2025-03-31T08:56:30+00:00\",\"dateModified\":\"2026-01-18T11:27:33+00:00\",\"description\":\"Decorate your home with Genshin Impact: Mondstadt Statue of The Seven Light Up Figurine, from the hit game developed by HoYoverse.\",\"breadcrumb\":{\"@id\":\"https:\/\/neamedia-icons.com\/en\/produit\/genshin-impact-monstadt-statue-of-the-seven-light-up-figurine\/#breadcrumb\"},\"inLanguage\":\"en-US\",\"potentialAction\":[{\"@type\":\"ReadAction\",\"target\":[\"https:\/\/neamedia-icons.com\/en\/produit\/genshin-impact-monstadt-statue-of-the-seven-light-up-figurine\/\"]}]},{\"@type\":\"BreadcrumbList\",\"@id\":\"https:\/\/neamedia-icons.com\/en\/produit\/genshin-impact-monstadt-statue-of-the-seven-light-up-figurine\/#breadcrumb\",\"itemListElement\":[{\"@type\":\"ListItem\",\"position\":1,\"name\":\"Accueil\",\"item\":\"https:\/\/neamedia-icons.com\/en\/\"},{\"@type\":\"ListItem\",\"position\":2,\"name\":\"The Shop | Discover the collection\",\"item\":\"https:\/\/neamedia-icons.com\/en\/the-shop\/\"},{\"@type\":\"ListItem\",\"position\":3,\"name\":\"Genshin Impact : Mondstadt Statue of The Seven Light Up Figurine\"}]},{\"@type\":\"WebSite\",\"@id\":\"https:\/\/neamedia-icons.com\/#website\",\"url\":\"https:\/\/neamedia-icons.com\/\",\"name\":\"Neamedia Icons\",\"description\":\"Boutique sp\u00e9cialis\u00e9e en sculptures, figurines et objets collector design de la Pop Culture - BD, Manga, Anime, Jeux Vid\u00e9o &amp; Litt\u00e9rature\",\"publisher\":{\"@id\":\"https:\/\/neamedia-icons.com\/#organization\"},\"potentialAction\":[{\"@type\":\"SearchAction\",\"target\":{\"@type\":\"EntryPoint\",\"urlTemplate\":\"https:\/\/neamedia-icons.com\/?s={search_term_string}\"},\"query-input\":\"required name=search_term_string\"}],\"inLanguage\":\"en-US\"},{\"@type\":\"Organization\",\"@id\":\"https:\/\/neamedia-icons.com\/#organization\",\"name\":\"Neamedia Icons\",\"url\":\"https:\/\/neamedia-icons.com\/\",\"logo\":{\"@type\":\"ImageObject\",\"inLanguage\":\"en-US\",\"@id\":\"https:\/\/neamedia-icons.com\/#\/schema\/logo\/image\/\",\"url\":\"https:\/\/neamedia-icons.com\/wp-content\/uploads\/2022\/03\/logo_neamediaicons.png\",\"contentUrl\":\"https:\/\/neamedia-icons.com\/wp-content\/uploads\/2022\/03\/logo_neamediaicons.png\",\"width\":700,\"height\":206,\"caption\":\"Neamedia Icons\"},\"image\":{\"@id\":\"https:\/\/neamedia-icons.com\/#\/schema\/logo\/image\/\"},\"sameAs\":[\"https:\/\/www.facebook.com\/NeamediaIcons\/\",\"https:\/\/twitter.com\/neamediaicons\",\"https:\/\/www.instagram.com\/neamediaicons\/\",\"https:\/\/www.pinterest.fr\/neamediaicons\/_created\/\",\"https:\/\/www.youtube.com\/channel\/UCXUJbRezXkDAz70xAan92cw\"]}]}<\/script>\n<!-- \/ Yoast SEO plugin. -->","yoast_head_json":{"title":"Genshin Impact : Mondstadt Statue of The Seven Light Up Figurine","description":"Decorate your home with Genshin Impact: Mondstadt Statue of The Seven Light Up Figurine, from the hit game developed by HoYoverse.","robots":{"index":"index","follow":"follow","max-snippet":"max-snippet:-1","max-image-preview":"max-image-preview:large","max-video-preview":"max-video-preview:-1"},"canonical":"https:\/\/neamedia-icons.com\/en\/produit\/genshin-impact-monstadt-statue-of-the-seven-light-up-figurine\/","og_locale":"en_US","og_type":"article","og_title":"Genshin Impact : Mondstadt Statue of The Seven Light Up Figurine","og_description":"Decorate your home with Genshin Impact: Mondstadt Statue of The Seven Light Up Figurine, from the hit game developed by HoYoverse.","og_url":"https:\/\/neamedia-icons.com\/en\/produit\/genshin-impact-monstadt-statue-of-the-seven-light-up-figurine\/","og_site_name":"Neamedia Icons","article_publisher":"https:\/\/www.facebook.com\/NeamediaIcons\/","article_modified_time":"2026-01-18T11:27:33+00:00","og_image":[{"width":1280,"height":1586,"url":"https:\/\/neamedia-icons.com\/wp-content\/uploads\/2025\/03\/Genshin-Impact-Lampe-Seven-Neamedia-Icons-7.jpg","type":"image\/jpeg"}],"twitter_card":"summary_large_image","twitter_site":"@neamediaicons","twitter_misc":{"Est. reading time":"3 minutes"},"schema":{"@context":"https:\/\/schema.org","@graph":[{"@type":"WebPage","@id":"https:\/\/neamedia-icons.com\/en\/produit\/genshin-impact-monstadt-statue-of-the-seven-light-up-figurine\/","url":"https:\/\/neamedia-icons.com\/en\/produit\/genshin-impact-monstadt-statue-of-the-seven-light-up-figurine\/","name":"Genshin Impact : Mondstadt Statue of The Seven Light Up Figurine","isPartOf":{"@id":"https:\/\/neamedia-icons.com\/#website"},"datePublished":"2025-03-31T08:56:30+00:00","dateModified":"2026-01-18T11:27:33+00:00","description":"Decorate your home with Genshin Impact: Mondstadt Statue of The Seven Light Up Figurine, from the hit game developed by HoYoverse.","breadcrumb":{"@id":"https:\/\/neamedia-icons.com\/en\/produit\/genshin-impact-monstadt-statue-of-the-seven-light-up-figurine\/#breadcrumb"},"inLanguage":"en-US","potentialAction":[{"@type":"ReadAction","target":["https:\/\/neamedia-icons.com\/en\/produit\/genshin-impact-monstadt-statue-of-the-seven-light-up-figurine\/"]}]},{"@type":"BreadcrumbList","@id":"https:\/\/neamedia-icons.com\/en\/produit\/genshin-impact-monstadt-statue-of-the-seven-light-up-figurine\/#breadcrumb","itemListElement":[{"@type":"ListItem","position":1,"name":"Accueil","item":"https:\/\/neamedia-icons.com\/en\/"},{"@type":"ListItem","position":2,"name":"The Shop | Discover the collection","item":"https:\/\/neamedia-icons.com\/en\/the-shop\/"},{"@type":"ListItem","position":3,"name":"Genshin Impact : Mondstadt Statue of The Seven Light Up Figurine"}]},{"@type":"WebSite","@id":"https:\/\/neamedia-icons.com\/#website","url":"https:\/\/neamedia-icons.com\/","name":"Neamedia Icons","description":"Boutique sp\u00e9cialis\u00e9e en sculptures, figurines et objets collector design de la Pop Culture - BD, Manga, Anime, Jeux Vid\u00e9o &amp; Litt\u00e9rature","publisher":{"@id":"https:\/\/neamedia-icons.com\/#organization"},"potentialAction":[{"@type":"SearchAction","target":{"@type":"EntryPoint","urlTemplate":"https:\/\/neamedia-icons.com\/?s={search_term_string}"},"query-input":"required name=search_term_string"}],"inLanguage":"en-US"},{"@type":"Organization","@id":"https:\/\/neamedia-icons.com\/#organization","name":"Neamedia Icons","url":"https:\/\/neamedia-icons.com\/","logo":{"@type":"ImageObject","inLanguage":"en-US","@id":"https:\/\/neamedia-icons.com\/#\/schema\/logo\/image\/","url":"https:\/\/neamedia-icons.com\/wp-content\/uploads\/2022\/03\/logo_neamediaicons.png","contentUrl":"https:\/\/neamedia-icons.com\/wp-content\/uploads\/2022\/03\/logo_neamediaicons.png","width":700,"height":206,"caption":"Neamedia Icons"},"image":{"@id":"https:\/\/neamedia-icons.com\/#\/schema\/logo\/image\/"},"sameAs":["https:\/\/www.facebook.com\/NeamediaIcons\/","https:\/\/twitter.com\/neamediaicons","https:\/\/www.instagram.com\/neamediaicons\/","https:\/\/www.pinterest.fr\/neamediaicons\/_created\/","https:\/\/www.youtube.com\/channel\/UCXUJbRezXkDAz70xAan92cw"]}]}},"_links":{"self":[{"href":"https:\/\/neamedia-icons.com\/en\/wp-json\/wp\/v2\/product\/181744","targetHints":{"allow":["GET"]}}],"collection":[{"href":"https:\/\/neamedia-icons.com\/en\/wp-json\/wp\/v2\/product"}],"about":[{"href":"https:\/\/neamedia-icons.com\/en\/wp-json\/wp\/v2\/types\/product"}],"replies":[{"embeddable":true,"href":"https:\/\/neamedia-icons.com\/en\/wp-json\/wp\/v2\/comments?post=181744"}],"wp:featuredmedia":[{"embeddable":true,"href":"https:\/\/neamedia-icons.com\/en\/wp-json\/wp\/v2\/media\/181765"}],"wp:attachment":[{"href":"https:\/\/neamedia-icons.com\/en\/wp-json\/wp\/v2\/media?parent=181744"}],"wp:term":[{"taxonomy":"product_cat","embeddable":true,"href":"https:\/\/neamedia-icons.com\/en\/wp-json\/wp\/v2\/product_cat?post=181744"},{"taxonomy":"product_tag","embeddable":true,"href":"https:\/\/neamedia-icons.com\/en\/wp-json\/wp\/v2\/product_tag?post=181744"}],"curies":[{"name":"wp","href":"https:\/\/api.w.org\/{rel}","templated":true}]}}