{"id":181176,"date":"2024-11-13T12:08:14","date_gmt":"2024-11-13T11:08:14","guid":{"rendered":"https:\/\/neamedia-icons.com\/?post_type=product&#038;p=181176"},"modified":"2026-01-18T12:26:51","modified_gmt":"2026-01-18T11:26:51","slug":"assassins-creed-shadows-lantern","status":"publish","type":"product","link":"https:\/\/neamedia-icons.com\/en\/produit\/assassins-creed-shadows-lantern\/","title":{"rendered":"Assassin&#8217;s Creed Shadows &#8211; Lantern"},"content":{"rendered":"<h2><strong>Assassin\u2019s Creed Shadows Lantern<\/strong><\/h2>\n<p>&nbsp;<\/p>\n<p>Enhance your decor with the Assassin\u2019s Creed Shadows Lantern. Follow Yasuke and Naoe on their quests through war-torn historic Japan. <\/p>\n<p>This official reproduction of the game\u2019s original lantern is inspired by traditional Japanese designs. In addition, it features portraits of the game\u2019s protagonists, illustrated with a calligraphy brush. The soft light generated by this stylish lamp recreates the mystical atmosphere of feudal Japan.<br \/>\nWhether you like the power of Yasuke the Samurai or the discretion of Naoe the Shinobi, the lantern will create an authentic traditional Japanese atmosphere in your home (or hide the traces of your passage through enemy territory once it\u2019s switched off). Both an accessory for your gaming set up (such as Xbox, PS, or PC), as well as a stylish lamp, the Assassin\u2019s Creed Shadows lantern will bring a touch of authentic Japanese design to your home.   <\/p>\n<p>Lower the blinds and enjoy a softly lit atmosphere.<\/p>\n<p>Check out the other <a href=\"https:\/\/neamedia-icons.com\/categorie-produit\/assassins-creed\/\">Assassin\u2019s Creed merchandise<\/a> by Neamedia Icons and start your collection of Order of Assassins products today.<\/p>\n<p>&nbsp;<\/p>\n<p><img loading=\"lazy\" decoding=\"async\" class=\"alignnone wp-image-181359\" src=\"https:\/\/neamedia-icons.com\/wp-content\/uploads\/2024\/10\/ACS_Vertical_ColorBlack_AUO.png\" alt=\"logo assassin's creed shadows\" width=\"260\" height=\"373\" srcset=\"https:\/\/neamedia-icons.com\/wp-content\/uploads\/2024\/10\/ACS_Vertical_ColorBlack_AUO.png 696w, https:\/\/neamedia-icons.com\/wp-content\/uploads\/2024\/10\/ACS_Vertical_ColorBlack_AUO-209x300.png 209w\" sizes=\"auto, (max-width: 260px) 100vw, 260px\" \/><\/p>\n<p>&nbsp;<\/p>\n<div class=\"woocommerce-tabs\">\n<div id=\"tab-description\" class=\"panel entry-content current\">\n<h3>Characteristics :<\/h3>\n<ul>\n<li><u>Officially licensed product<\/u>: The Assassin&#8217;s Creed Shadows lantern is an officially licensed gaming accessory. This guarantees premium quality and authenticity. The lantern&#8217;s motifs represent both traditional Japanese aesthetics and the historic Japan in which Naoe and Yasuke exist. Invest in the best for a truly immersive experience. <\/li>\n<li><u>Authentic design<\/u>: The lantern is inspired by the game itself. A traditional Japanese design, it is adorned with portraits of the game&#8217;s protagonists, stylised in Japanese calligraphy. <\/li>\n<li><u>Ambient lighting<\/u>: More than just a gaming accessory, the lantern is a mood lamp echoing the charm and beauty of Japanese craftsmanship. It will complement any interior decor, bringing a touch of authentic Japanese design. The lantern is ideal for all living spaces and all occasions.  <\/li>\n<li><u>A perfect gift for fans<\/u>: The lantern makes a perfect gift for any fan of Assassin&#8217;s Creed or lover of Japanese culture. Suitable for all occasions (a birthday, Christmas, Father&#8217;s Day or even Valentine&#8217;s Day). The lamp makes a great gift for any fan of the game or as a treat for yourself to add to your collection. <\/li>\n<\/ul>\n<ul>\n<li>Official product<\/li>\n<li>PVC wooden lamp<\/li>\n<li>Cable powered; cable supplied.<\/li>\n<li>Dimensions, Weight: W: 14 cm | D: 14 cm | H: 25 cm, 0.35 kg<\/li>\n<li>Discover other products in the Assassin&#8217;s Creed collection: Assassin&#8217;s Creed <a href=\"https:\/\/neamedia-icons.com\/en\/produit\/assassins-creed-lampe-logo\/\">Original<\/a>, <a href=\"https:\/\/neamedia-icons.com\/en\/produit\/assassins-creed-mirage-logo-light\/\">Mirage<\/a><\/li>\n<\/ul>\n<p>&nbsp;<\/p>\n<p>Follow us on :<\/p>\n<p><a href=\"https:\/\/www.facebook.com\/NeamediaIcons\/\"><strong>Facebook<\/strong><\/a><strong>| <\/strong><a href=\"https:\/\/www.instagram.com\/neamediaicons\/\"><strong>Instagram <\/strong><\/a><strong>| <\/strong><a href=\"https:\/\/twitter.com\/neamediaicons\"><strong>Twitter <\/strong><\/a><strong>| <\/strong><a href=\"https:\/\/www.pinterest.fr\/neamediaicons\/\"><strong>Pinterest <\/strong><\/a><strong>| <\/strong><strong><a href=\"https:\/\/www.amazon.fr\/Assassins-Creed-The-Official-Light\/dp\/B0C2DD1V64\/ref=sr_1_1?crid=1VKAHEJX3KXFR&amp;keywords=assassins+creed+-+the+official+light&amp;qid=1702044297&amp;sprefix=light+assassi%2Caps%2C76&amp;sr=8-1\">Amazon<\/a><\/strong><\/p>\n<\/div>\n<\/div>\n","protected":false},"excerpt":{"rendered":"<h3>Characteristics :<\/h3>\n<ul>\n<li>Official product<\/li>\n<li>PVC wooden lamp<\/li>\n<li>Cable powered; cable supplied.<\/li>\n<li>Dimensions, Weight: W: 14 cm | D: 14 cm | H: 25 cm, 0.35 kg<\/li>\n<li>Discover other products in the Assassin&#8217;s Creed collection: Assassin&#8217;s Creed <a href=\"https:\/\/neamedia-icons.com\/en\/produit\/assassins-creed-lampe-logo\/\">Original<\/a>, <a href=\"https:\/\/neamedia-icons.com\/en\/produit\/assassins-creed-mirage-logo-light\/\">Mirage<\/a><\/li>\n<\/ul>\n","protected":false},"featured_media":181402,"comment_status":"open","ping_status":"closed","template":"","meta":[],"product_cat":[135],"product_tag":[138],"class_list":{"0":"post-181176","1":"product","2":"type-product","3":"status-publish","4":"has-post-thumbnail","6":"product_cat-assassins-creed-en","7":"product_tag-lights-en","9":"first","10":"instock","11":"sold-individually","12":"taxable","13":"shipping-taxable","14":"purchasable","15":"product-type-simple"},"yoast_head":"<!-- This site is optimized with the Yoast SEO plugin v21.4 - https:\/\/yoast.com\/wordpress\/plugins\/seo\/ -->\n<title>Assassin&#039;s Creed Shadows - Lantern - Neamedia Icons<\/title>\n<meta name=\"description\" content=\"Discover this Assassin&#039;s Creed Shadows lantern, from the Assassin&#039;s Creed series, and decorate your home with a touch of Japanese tradition.\" \/>\n<meta name=\"robots\" content=\"index, follow, max-snippet:-1, max-image-preview:large, max-video-preview:-1\" \/>\n<link rel=\"canonical\" href=\"https:\/\/neamedia-icons.com\/en\/produit\/assassins-creed-shadows-lantern\/\" \/>\n<meta property=\"og:locale\" content=\"en_US\" \/>\n<meta property=\"og:type\" content=\"article\" \/>\n<meta property=\"og:title\" content=\"Assassin&#039;s Creed Shadows - Lantern - Neamedia Icons\" \/>\n<meta property=\"og:description\" content=\"Discover this Assassin&#039;s Creed Shadows lantern, from the Assassin&#039;s Creed series, and decorate your home with a touch of Japanese tradition.\" \/>\n<meta property=\"og:url\" content=\"https:\/\/neamedia-icons.com\/en\/produit\/assassins-creed-shadows-lantern\/\" \/>\n<meta property=\"og:site_name\" content=\"Neamedia Icons\" \/>\n<meta property=\"article:publisher\" content=\"https:\/\/www.facebook.com\/NeamediaIcons\/\" \/>\n<meta property=\"article:modified_time\" content=\"2026-01-18T11:26:51+00:00\" \/>\n<meta property=\"og:image\" content=\"https:\/\/neamedia-icons.com\/wp-content\/uploads\/2024\/10\/Lantern-Assassins-creed-Shadows-Neamedia-Icons-2-1.jpg\" \/>\n\t<meta property=\"og:image:width\" content=\"1600\" \/>\n\t<meta property=\"og:image:height\" content=\"1982\" \/>\n\t<meta property=\"og:image:type\" content=\"image\/jpeg\" \/>\n<meta name=\"twitter:card\" content=\"summary_large_image\" \/>\n<meta name=\"twitter:site\" content=\"@neamediaicons\" \/>\n<meta name=\"twitter:label1\" content=\"Est. reading time\" \/>\n\t<meta name=\"twitter:data1\" content=\"3 minutes\" \/>\n<script type=\"application\/ld+json\" class=\"yoast-schema-graph\">{\"@context\":\"https:\/\/schema.org\",\"@graph\":[{\"@type\":\"WebPage\",\"@id\":\"https:\/\/neamedia-icons.com\/en\/produit\/assassins-creed-shadows-lantern\/\",\"url\":\"https:\/\/neamedia-icons.com\/en\/produit\/assassins-creed-shadows-lantern\/\",\"name\":\"Assassin's Creed Shadows - Lantern - Neamedia Icons\",\"isPartOf\":{\"@id\":\"https:\/\/neamedia-icons.com\/#website\"},\"datePublished\":\"2024-11-13T11:08:14+00:00\",\"dateModified\":\"2026-01-18T11:26:51+00:00\",\"description\":\"Discover this Assassin's Creed Shadows lantern, from the Assassin's Creed series, and decorate your home with a touch of Japanese tradition.\",\"breadcrumb\":{\"@id\":\"https:\/\/neamedia-icons.com\/en\/produit\/assassins-creed-shadows-lantern\/#breadcrumb\"},\"inLanguage\":\"en-US\",\"potentialAction\":[{\"@type\":\"ReadAction\",\"target\":[\"https:\/\/neamedia-icons.com\/en\/produit\/assassins-creed-shadows-lantern\/\"]}]},{\"@type\":\"BreadcrumbList\",\"@id\":\"https:\/\/neamedia-icons.com\/en\/produit\/assassins-creed-shadows-lantern\/#breadcrumb\",\"itemListElement\":[{\"@type\":\"ListItem\",\"position\":1,\"name\":\"Accueil\",\"item\":\"https:\/\/neamedia-icons.com\/en\/\"},{\"@type\":\"ListItem\",\"position\":2,\"name\":\"The Shop | Discover the collection\",\"item\":\"https:\/\/neamedia-icons.com\/en\/the-shop\/\"},{\"@type\":\"ListItem\",\"position\":3,\"name\":\"Assassin&#8217;s Creed Shadows &#8211; Lantern\"}]},{\"@type\":\"WebSite\",\"@id\":\"https:\/\/neamedia-icons.com\/#website\",\"url\":\"https:\/\/neamedia-icons.com\/\",\"name\":\"Neamedia Icons\",\"description\":\"Boutique sp\u00e9cialis\u00e9e en sculptures, figurines et objets collector design de la Pop Culture - BD, Manga, Anime, Jeux Vid\u00e9o &amp; Litt\u00e9rature\",\"publisher\":{\"@id\":\"https:\/\/neamedia-icons.com\/#organization\"},\"potentialAction\":[{\"@type\":\"SearchAction\",\"target\":{\"@type\":\"EntryPoint\",\"urlTemplate\":\"https:\/\/neamedia-icons.com\/?s={search_term_string}\"},\"query-input\":\"required name=search_term_string\"}],\"inLanguage\":\"en-US\"},{\"@type\":\"Organization\",\"@id\":\"https:\/\/neamedia-icons.com\/#organization\",\"name\":\"Neamedia Icons\",\"url\":\"https:\/\/neamedia-icons.com\/\",\"logo\":{\"@type\":\"ImageObject\",\"inLanguage\":\"en-US\",\"@id\":\"https:\/\/neamedia-icons.com\/#\/schema\/logo\/image\/\",\"url\":\"https:\/\/neamedia-icons.com\/wp-content\/uploads\/2022\/03\/logo_neamediaicons.png\",\"contentUrl\":\"https:\/\/neamedia-icons.com\/wp-content\/uploads\/2022\/03\/logo_neamediaicons.png\",\"width\":700,\"height\":206,\"caption\":\"Neamedia Icons\"},\"image\":{\"@id\":\"https:\/\/neamedia-icons.com\/#\/schema\/logo\/image\/\"},\"sameAs\":[\"https:\/\/www.facebook.com\/NeamediaIcons\/\",\"https:\/\/twitter.com\/neamediaicons\",\"https:\/\/www.instagram.com\/neamediaicons\/\",\"https:\/\/www.pinterest.fr\/neamediaicons\/_created\/\",\"https:\/\/www.youtube.com\/channel\/UCXUJbRezXkDAz70xAan92cw\"]}]}<\/script>\n<!-- \/ Yoast SEO plugin. -->","yoast_head_json":{"title":"Assassin's Creed Shadows - Lantern - Neamedia Icons","description":"Discover this Assassin's Creed Shadows lantern, from the Assassin's Creed series, and decorate your home with a touch of Japanese tradition.","robots":{"index":"index","follow":"follow","max-snippet":"max-snippet:-1","max-image-preview":"max-image-preview:large","max-video-preview":"max-video-preview:-1"},"canonical":"https:\/\/neamedia-icons.com\/en\/produit\/assassins-creed-shadows-lantern\/","og_locale":"en_US","og_type":"article","og_title":"Assassin's Creed Shadows - Lantern - Neamedia Icons","og_description":"Discover this Assassin's Creed Shadows lantern, from the Assassin's Creed series, and decorate your home with a touch of Japanese tradition.","og_url":"https:\/\/neamedia-icons.com\/en\/produit\/assassins-creed-shadows-lantern\/","og_site_name":"Neamedia Icons","article_publisher":"https:\/\/www.facebook.com\/NeamediaIcons\/","article_modified_time":"2026-01-18T11:26:51+00:00","og_image":[{"width":1600,"height":1982,"url":"https:\/\/neamedia-icons.com\/wp-content\/uploads\/2024\/10\/Lantern-Assassins-creed-Shadows-Neamedia-Icons-2-1.jpg","type":"image\/jpeg"}],"twitter_card":"summary_large_image","twitter_site":"@neamediaicons","twitter_misc":{"Est. reading time":"3 minutes"},"schema":{"@context":"https:\/\/schema.org","@graph":[{"@type":"WebPage","@id":"https:\/\/neamedia-icons.com\/en\/produit\/assassins-creed-shadows-lantern\/","url":"https:\/\/neamedia-icons.com\/en\/produit\/assassins-creed-shadows-lantern\/","name":"Assassin's Creed Shadows - Lantern - Neamedia Icons","isPartOf":{"@id":"https:\/\/neamedia-icons.com\/#website"},"datePublished":"2024-11-13T11:08:14+00:00","dateModified":"2026-01-18T11:26:51+00:00","description":"Discover this Assassin's Creed Shadows lantern, from the Assassin's Creed series, and decorate your home with a touch of Japanese tradition.","breadcrumb":{"@id":"https:\/\/neamedia-icons.com\/en\/produit\/assassins-creed-shadows-lantern\/#breadcrumb"},"inLanguage":"en-US","potentialAction":[{"@type":"ReadAction","target":["https:\/\/neamedia-icons.com\/en\/produit\/assassins-creed-shadows-lantern\/"]}]},{"@type":"BreadcrumbList","@id":"https:\/\/neamedia-icons.com\/en\/produit\/assassins-creed-shadows-lantern\/#breadcrumb","itemListElement":[{"@type":"ListItem","position":1,"name":"Accueil","item":"https:\/\/neamedia-icons.com\/en\/"},{"@type":"ListItem","position":2,"name":"The Shop | Discover the collection","item":"https:\/\/neamedia-icons.com\/en\/the-shop\/"},{"@type":"ListItem","position":3,"name":"Assassin&#8217;s Creed Shadows &#8211; Lantern"}]},{"@type":"WebSite","@id":"https:\/\/neamedia-icons.com\/#website","url":"https:\/\/neamedia-icons.com\/","name":"Neamedia Icons","description":"Boutique sp\u00e9cialis\u00e9e en sculptures, figurines et objets collector design de la Pop Culture - BD, Manga, Anime, Jeux Vid\u00e9o &amp; Litt\u00e9rature","publisher":{"@id":"https:\/\/neamedia-icons.com\/#organization"},"potentialAction":[{"@type":"SearchAction","target":{"@type":"EntryPoint","urlTemplate":"https:\/\/neamedia-icons.com\/?s={search_term_string}"},"query-input":"required name=search_term_string"}],"inLanguage":"en-US"},{"@type":"Organization","@id":"https:\/\/neamedia-icons.com\/#organization","name":"Neamedia Icons","url":"https:\/\/neamedia-icons.com\/","logo":{"@type":"ImageObject","inLanguage":"en-US","@id":"https:\/\/neamedia-icons.com\/#\/schema\/logo\/image\/","url":"https:\/\/neamedia-icons.com\/wp-content\/uploads\/2022\/03\/logo_neamediaicons.png","contentUrl":"https:\/\/neamedia-icons.com\/wp-content\/uploads\/2022\/03\/logo_neamediaicons.png","width":700,"height":206,"caption":"Neamedia Icons"},"image":{"@id":"https:\/\/neamedia-icons.com\/#\/schema\/logo\/image\/"},"sameAs":["https:\/\/www.facebook.com\/NeamediaIcons\/","https:\/\/twitter.com\/neamediaicons","https:\/\/www.instagram.com\/neamediaicons\/","https:\/\/www.pinterest.fr\/neamediaicons\/_created\/","https:\/\/www.youtube.com\/channel\/UCXUJbRezXkDAz70xAan92cw"]}]}},"_links":{"self":[{"href":"https:\/\/neamedia-icons.com\/en\/wp-json\/wp\/v2\/product\/181176","targetHints":{"allow":["GET"]}}],"collection":[{"href":"https:\/\/neamedia-icons.com\/en\/wp-json\/wp\/v2\/product"}],"about":[{"href":"https:\/\/neamedia-icons.com\/en\/wp-json\/wp\/v2\/types\/product"}],"replies":[{"embeddable":true,"href":"https:\/\/neamedia-icons.com\/en\/wp-json\/wp\/v2\/comments?post=181176"}],"wp:featuredmedia":[{"embeddable":true,"href":"https:\/\/neamedia-icons.com\/en\/wp-json\/wp\/v2\/media\/181402"}],"wp:attachment":[{"href":"https:\/\/neamedia-icons.com\/en\/wp-json\/wp\/v2\/media?parent=181176"}],"wp:term":[{"taxonomy":"product_cat","embeddable":true,"href":"https:\/\/neamedia-icons.com\/en\/wp-json\/wp\/v2\/product_cat?post=181176"},{"taxonomy":"product_tag","embeddable":true,"href":"https:\/\/neamedia-icons.com\/en\/wp-json\/wp\/v2\/product_tag?post=181176"}],"curies":[{"name":"wp","href":"https:\/\/api.w.org\/{rel}","templated":true}]}}