{"id":181004,"date":"2024-09-17T15:09:30","date_gmt":"2024-09-17T13:09:30","guid":{"rendered":"https:\/\/neamedia-icons.com\/?post_type=product&#038;p=181004"},"modified":"2026-04-02T05:11:25","modified_gmt":"2026-04-02T03:11:25","slug":"netflix-chill-kit-stranger-things","status":"publish","type":"product","link":"https:\/\/neamedia-icons.com\/en\/produit\/netflix-chill-kit-stranger-things\/","title":{"rendered":"Netflix Chill Kit &#8211; Stranger Things"},"content":{"rendered":"<h2><strong>Netflix Chill Kit &#8211; Stranger Things<\/strong><\/h2>\n<p>Hello fellow nerd! In this kit is everything you need to survive in The Upside Down. Here&#8217;s a few basic rules for navigating this hostile dimension. Keep your friends close, your head down, and whatever you do, stay out of the way of the Demogorgon! Trust me, it only gets weirder from here.<br \/>\nThis kit has everything you need to survive in The Upside Down. You&#8217;ll find:<\/p>\n<ul>\n<li>A fleece blanket, because it&#8217;s pretty cold out there<\/li>\n<li>A sheet of stickers to mark your belongings<\/li>\n<li>An insulated water bottle, essential for staying hydrated and escaping the Demogorgon<\/li>\n<li>And a Demogorgon figurine, to remind you of the danger he poses.<\/li>\n<\/ul>\n<p>With this kit, you&#8217;re all set to survive the World Upside Down.<br \/>\nLooking for Netflix and Stranger Things merchandise? Neamedia Icons offers you other pop culture and geek products. You&#8217;ll also find our other Netflix-exclusive <a href=\"https:\/\/neamedia-icons.com\/produit\/netflix-chill-kit-one-piece\/\">One Piece<\/a> and <a href=\"https:\/\/neamedia-icons.com\/produit\/netflix-chill-kit-squid-game\/\">Squid Game<\/a> sets, to prolong the experience with your favorite series.<\/p>\n<p><img loading=\"lazy\" decoding=\"async\" class=\"alignnone size-full wp-image-180850\" src=\"https:\/\/neamedia-icons.com\/wp-content\/uploads\/2024\/06\/LOGO-ST.png\" alt=\"Stranger Things Logo\" width=\"365\" height=\"133\" srcset=\"https:\/\/neamedia-icons.com\/wp-content\/uploads\/2024\/06\/LOGO-ST.png 365w, https:\/\/neamedia-icons.com\/wp-content\/uploads\/2024\/06\/LOGO-ST-300x109.png 300w\" sizes=\"auto, (max-width: 365px) 100vw, 365px\" \/><\/p>\n<p>&nbsp;<\/p>\n<h4><strong>The Netflix Chill Kit includes:<\/strong><\/h4>\n<ul>\n<li><u>An essential blanket for Netflix evenings<\/u>: This fleece blanket is made from a soft and warm fabric. The perfect size to wrap around you (110 x 160 cm), it is ideal for cosy evenings relaxing in front of your favourite series. Printed with the scary Demogorgon, this original throw will delight Stranger Things fans and add a spooky yet stylish touch to your chill-out zone.<\/li>\n<li><u>Detailed Demogorgon figure<\/u>: This unique figure captures every detail of the fearsome Demogorgon. Perfect for collectors and fans of the series, it will add an authentic touch to your memorabilia from The Upside Down.<\/li>\n<li><u>Stainless steel water bottle<\/u>: Keep your favourite drinks close to hand with this stainless steel bottle. This isothermal water bottle holds 500 ml and will keep your drink hot or cold for up to 12 hours. A stylish, eco-friendly solution for staying hydrated all day long. Also, the bottle features all the elements you need to hunt down the Demogorgon. Now you&#8217;ve got everything!<\/li>\n<li><u>Sheet of stickers<\/u>: Decorate your belongings with an array of stickers inspired by Stranger Things. Personalise your computers, tablets, remote controls, and more with symbols and icons from the series.<\/li>\n<\/ul>\n<h4><strong>Characteristics :<\/strong><\/h4>\n<ul>\n<li><u>Official Stranger Things merchandise<\/u>: The Netflix Chill Kit &#8211; Stranger Things is an officially licensed product. This guarantees premium quality and authenticity.<\/li>\n<li><u>The perfect gift for Stranger Things fans<\/u>: Whether you&#8217;re an avid fan of the series, or looking for a gift for a fan, this set makes the ideal present. A great gift for any occasion (a birthday, Christmas, Father&#8217;s Day or even Valentine&#8217;s Day). Combining a love of Stranger Things with practicality, each use acts as a reminder of the series&#8217; captivating universe.<\/li>\n<li><u>Premium-quality materials<\/u>: Every item in this kit is made from premium-quality materials, ensuring long durability and comfortable use. Benefit from stylish, practical products to enhance your everyday life.<\/li>\n<\/ul>\n<ul>\n<li>Size and weight: 35 cm x 23 cm x 11 cm, 1 kg<\/li>\n<li>Size of Demogorgon figurine: 9 cm<\/li>\n<li>Throw dimensions: 110 cm x 160 cm<\/li>\n<li>Water bottle capacity: 500 ml<\/li>\n<li>Sticker sheet format: A5<\/li>\n<li>Other Chill Kits: <a href=\"https:\/\/neamedia-icons.com\/en\/produit\/netflix-chill-kit-one-piece\/\">One Piece<\/a>, <a href=\"https:\/\/neamedia-icons.com\/en\/produit\/netflix-chill-kit-squid-game\/\">Squid Game<\/a><\/li>\n<\/ul>\n<p>The items included in the Netflix Chill Kit have been specially created for the occasion, and are only available in this exclusive set. \u00a0 Follow us on: <a href=\"https:\/\/www.facebook.com\/NeamediaIcons\/\"><strong>Facebook<\/strong><\/a><strong> | <\/strong><a href=\"https:\/\/www.instagram.com\/neamediaicons\/\"><strong>Instagram<\/strong><\/a><strong> | <\/strong><a href=\"https:\/\/twitter.com\/neamediaicons\"><strong>Twitter<\/strong><\/a><strong> | <\/strong><a href=\"https:\/\/www.pinterest.fr\/neamediaicons\/\"><strong>Pinterest <\/strong><\/a><strong>| <\/strong><a href=\"https:\/\/www.amazon.fr\/Neamedia-Icons-Cyberpunk-Official-Edgerunners\/dp\/B0C2CSR57K\/ref=sr_1_4?crid=1VKAHEJX3KXFR&amp;keywords=assassins+creed+-+the+official+light&amp;qid=1702052839&amp;sprefix=light+assassi%2Caps%2C76&amp;sr=8-4\"><strong>Amazon<\/strong><\/a><\/p>\n<p>&nbsp;<\/p>\n","protected":false},"excerpt":{"rendered":"<p>Hello fellow nerd! In this kit is everything you need to survive in The Upside Down. Here&#8217;s a few basic rules for navigating this hostile dimension. Keep your friends close, your head down, and whatever you do, stay out of the way of the Demogorgon! Trust me, it only gets weirder from here.<br \/>\nThis kit has everything you need to survive in The Upside Down. You&#8217;ll find:<\/p>\n<h3>The set includes :<\/h3>\n<ul>\n<li>A soft, comfortable plaid featuring the anatomy of the Demogorgon,<\/li>\n<li>A Demogorgon figurine,<\/li>\n<li>A sheet of stickers to personalize your belongings,<\/li>\n<li>And a stainless steel water bottle.<\/li>\n<\/ul>\n<h4>Characteristics :<\/h4>\n<ul>\n<li>Size and weight: 35 cm x 23 cm x 11 cm, 1 kg<\/li>\n<li>Size of Demogorgon figurine: 9 cm<\/li>\n<li>Throw dimensions: 110 cm x 160 cm<\/li>\n<li>Water bottle capacity: 500 ml<\/li>\n<li>Sticker sheet format: A5<\/li>\n<li>Other Chill Kits: <a href=\"https:\/\/neamedia-icons.com\/en\/produit\/netflix-chill-kit-one-piece\/\">One Piece<\/a>, <a href=\"https:\/\/neamedia-icons.com\/en\/produit\/netflix-chill-kit-squid-game\/\">Squid Game<\/a><\/li>\n<\/ul>\n<p>The items included in the Netflix Chill Kit have been specially created for the occasion and are only available in this exclusive set.<\/p>\n<p>&nbsp;<\/p>\n","protected":false},"featured_media":182357,"comment_status":"open","ping_status":"closed","template":"","meta":[],"product_cat":[153],"product_tag":[156],"class_list":{"0":"post-181004","1":"product","2":"type-product","3":"status-publish","4":"has-post-thumbnail","6":"product_cat-netflix-pop-culture-figurines-and-accessories","7":"product_tag-chill-kit-en","8":"product_shipping_class-poids-entre-1-et-2kg-en","10":"first","11":"instock","12":"taxable","13":"shipping-taxable","14":"purchasable","15":"product-type-simple"},"yoast_head":"<!-- This site is optimized with the Yoast SEO plugin v21.4 - https:\/\/yoast.com\/wordpress\/plugins\/seo\/ -->\n<title>Netflix Chill Kit - Stranger Things - Neamedia Icons<\/title>\n<meta name=\"description\" content=\"Immerse yourself in the strange world of Stranger Things from the comfort of your own home with the Netflix Chill Kit - Stranger Things!\" \/>\n<meta name=\"robots\" content=\"index, follow, max-snippet:-1, max-image-preview:large, max-video-preview:-1\" \/>\n<link rel=\"canonical\" href=\"https:\/\/neamedia-icons.com\/en\/produit\/netflix-chill-kit-stranger-things\/\" \/>\n<meta property=\"og:locale\" content=\"en_US\" \/>\n<meta property=\"og:type\" content=\"article\" \/>\n<meta property=\"og:title\" content=\"Netflix Chill Kit - Stranger Things - Neamedia Icons\" \/>\n<meta property=\"og:description\" content=\"Immerse yourself in the strange world of Stranger Things from the comfort of your own home with the Netflix Chill Kit - Stranger Things!\" \/>\n<meta property=\"og:url\" content=\"https:\/\/neamedia-icons.com\/en\/produit\/netflix-chill-kit-stranger-things\/\" \/>\n<meta property=\"og:site_name\" content=\"Neamedia Icons\" \/>\n<meta property=\"article:publisher\" content=\"https:\/\/www.facebook.com\/NeamediaIcons\/\" \/>\n<meta property=\"article:modified_time\" content=\"2026-04-02T03:11:25+00:00\" \/>\n<meta property=\"og:image\" content=\"https:\/\/neamedia-icons.com\/wp-content\/uploads\/2024\/06\/Neamedia_Icons_Stranger_things_gift_box_free_shipping.jpg\" \/>\n\t<meta property=\"og:image:width\" content=\"1280\" \/>\n\t<meta property=\"og:image:height\" content=\"1586\" \/>\n\t<meta property=\"og:image:type\" content=\"image\/jpeg\" \/>\n<meta name=\"twitter:card\" content=\"summary_large_image\" \/>\n<meta name=\"twitter:site\" content=\"@neamediaicons\" \/>\n<meta name=\"twitter:label1\" content=\"Est. reading time\" \/>\n\t<meta name=\"twitter:data1\" content=\"4 minutes\" \/>\n<script type=\"application\/ld+json\" class=\"yoast-schema-graph\">{\"@context\":\"https:\/\/schema.org\",\"@graph\":[{\"@type\":\"WebPage\",\"@id\":\"https:\/\/neamedia-icons.com\/en\/produit\/netflix-chill-kit-stranger-things\/\",\"url\":\"https:\/\/neamedia-icons.com\/en\/produit\/netflix-chill-kit-stranger-things\/\",\"name\":\"Netflix Chill Kit - Stranger Things - Neamedia Icons\",\"isPartOf\":{\"@id\":\"https:\/\/neamedia-icons.com\/#website\"},\"datePublished\":\"2024-09-17T13:09:30+00:00\",\"dateModified\":\"2026-04-02T03:11:25+00:00\",\"description\":\"Immerse yourself in the strange world of Stranger Things from the comfort of your own home with the Netflix Chill Kit - Stranger Things!\",\"breadcrumb\":{\"@id\":\"https:\/\/neamedia-icons.com\/en\/produit\/netflix-chill-kit-stranger-things\/#breadcrumb\"},\"inLanguage\":\"en-US\",\"potentialAction\":[{\"@type\":\"ReadAction\",\"target\":[\"https:\/\/neamedia-icons.com\/en\/produit\/netflix-chill-kit-stranger-things\/\"]}]},{\"@type\":\"BreadcrumbList\",\"@id\":\"https:\/\/neamedia-icons.com\/en\/produit\/netflix-chill-kit-stranger-things\/#breadcrumb\",\"itemListElement\":[{\"@type\":\"ListItem\",\"position\":1,\"name\":\"Accueil\",\"item\":\"https:\/\/neamedia-icons.com\/en\/\"},{\"@type\":\"ListItem\",\"position\":2,\"name\":\"The Shop | Discover the collection\",\"item\":\"https:\/\/neamedia-icons.com\/en\/the-shop\/\"},{\"@type\":\"ListItem\",\"position\":3,\"name\":\"Netflix Chill Kit &#8211; Stranger Things\"}]},{\"@type\":\"WebSite\",\"@id\":\"https:\/\/neamedia-icons.com\/#website\",\"url\":\"https:\/\/neamedia-icons.com\/\",\"name\":\"Neamedia Icons\",\"description\":\"Boutique sp\u00e9cialis\u00e9e en sculptures, figurines et objets collector design de la Pop Culture - BD, Manga, Anime, Jeux Vid\u00e9o &amp; Litt\u00e9rature\",\"publisher\":{\"@id\":\"https:\/\/neamedia-icons.com\/#organization\"},\"potentialAction\":[{\"@type\":\"SearchAction\",\"target\":{\"@type\":\"EntryPoint\",\"urlTemplate\":\"https:\/\/neamedia-icons.com\/?s={search_term_string}\"},\"query-input\":\"required name=search_term_string\"}],\"inLanguage\":\"en-US\"},{\"@type\":\"Organization\",\"@id\":\"https:\/\/neamedia-icons.com\/#organization\",\"name\":\"Neamedia Icons\",\"url\":\"https:\/\/neamedia-icons.com\/\",\"logo\":{\"@type\":\"ImageObject\",\"inLanguage\":\"en-US\",\"@id\":\"https:\/\/neamedia-icons.com\/#\/schema\/logo\/image\/\",\"url\":\"https:\/\/neamedia-icons.com\/wp-content\/uploads\/2022\/03\/logo_neamediaicons.png\",\"contentUrl\":\"https:\/\/neamedia-icons.com\/wp-content\/uploads\/2022\/03\/logo_neamediaicons.png\",\"width\":700,\"height\":206,\"caption\":\"Neamedia Icons\"},\"image\":{\"@id\":\"https:\/\/neamedia-icons.com\/#\/schema\/logo\/image\/\"},\"sameAs\":[\"https:\/\/www.facebook.com\/NeamediaIcons\/\",\"https:\/\/twitter.com\/neamediaicons\",\"https:\/\/www.instagram.com\/neamediaicons\/\",\"https:\/\/www.pinterest.fr\/neamediaicons\/_created\/\",\"https:\/\/www.youtube.com\/channel\/UCXUJbRezXkDAz70xAan92cw\"]}]}<\/script>\n<!-- \/ Yoast SEO plugin. -->","yoast_head_json":{"title":"Netflix Chill Kit - Stranger Things - Neamedia Icons","description":"Immerse yourself in the strange world of Stranger Things from the comfort of your own home with the Netflix Chill Kit - Stranger Things!","robots":{"index":"index","follow":"follow","max-snippet":"max-snippet:-1","max-image-preview":"max-image-preview:large","max-video-preview":"max-video-preview:-1"},"canonical":"https:\/\/neamedia-icons.com\/en\/produit\/netflix-chill-kit-stranger-things\/","og_locale":"en_US","og_type":"article","og_title":"Netflix Chill Kit - Stranger Things - Neamedia Icons","og_description":"Immerse yourself in the strange world of Stranger Things from the comfort of your own home with the Netflix Chill Kit - Stranger Things!","og_url":"https:\/\/neamedia-icons.com\/en\/produit\/netflix-chill-kit-stranger-things\/","og_site_name":"Neamedia Icons","article_publisher":"https:\/\/www.facebook.com\/NeamediaIcons\/","article_modified_time":"2026-04-02T03:11:25+00:00","og_image":[{"width":1280,"height":1586,"url":"https:\/\/neamedia-icons.com\/wp-content\/uploads\/2024\/06\/Neamedia_Icons_Stranger_things_gift_box_free_shipping.jpg","type":"image\/jpeg"}],"twitter_card":"summary_large_image","twitter_site":"@neamediaicons","twitter_misc":{"Est. reading time":"4 minutes"},"schema":{"@context":"https:\/\/schema.org","@graph":[{"@type":"WebPage","@id":"https:\/\/neamedia-icons.com\/en\/produit\/netflix-chill-kit-stranger-things\/","url":"https:\/\/neamedia-icons.com\/en\/produit\/netflix-chill-kit-stranger-things\/","name":"Netflix Chill Kit - Stranger Things - Neamedia Icons","isPartOf":{"@id":"https:\/\/neamedia-icons.com\/#website"},"datePublished":"2024-09-17T13:09:30+00:00","dateModified":"2026-04-02T03:11:25+00:00","description":"Immerse yourself in the strange world of Stranger Things from the comfort of your own home with the Netflix Chill Kit - Stranger Things!","breadcrumb":{"@id":"https:\/\/neamedia-icons.com\/en\/produit\/netflix-chill-kit-stranger-things\/#breadcrumb"},"inLanguage":"en-US","potentialAction":[{"@type":"ReadAction","target":["https:\/\/neamedia-icons.com\/en\/produit\/netflix-chill-kit-stranger-things\/"]}]},{"@type":"BreadcrumbList","@id":"https:\/\/neamedia-icons.com\/en\/produit\/netflix-chill-kit-stranger-things\/#breadcrumb","itemListElement":[{"@type":"ListItem","position":1,"name":"Accueil","item":"https:\/\/neamedia-icons.com\/en\/"},{"@type":"ListItem","position":2,"name":"The Shop | Discover the collection","item":"https:\/\/neamedia-icons.com\/en\/the-shop\/"},{"@type":"ListItem","position":3,"name":"Netflix Chill Kit &#8211; Stranger Things"}]},{"@type":"WebSite","@id":"https:\/\/neamedia-icons.com\/#website","url":"https:\/\/neamedia-icons.com\/","name":"Neamedia Icons","description":"Boutique sp\u00e9cialis\u00e9e en sculptures, figurines et objets collector design de la Pop Culture - BD, Manga, Anime, Jeux Vid\u00e9o &amp; Litt\u00e9rature","publisher":{"@id":"https:\/\/neamedia-icons.com\/#organization"},"potentialAction":[{"@type":"SearchAction","target":{"@type":"EntryPoint","urlTemplate":"https:\/\/neamedia-icons.com\/?s={search_term_string}"},"query-input":"required name=search_term_string"}],"inLanguage":"en-US"},{"@type":"Organization","@id":"https:\/\/neamedia-icons.com\/#organization","name":"Neamedia Icons","url":"https:\/\/neamedia-icons.com\/","logo":{"@type":"ImageObject","inLanguage":"en-US","@id":"https:\/\/neamedia-icons.com\/#\/schema\/logo\/image\/","url":"https:\/\/neamedia-icons.com\/wp-content\/uploads\/2022\/03\/logo_neamediaicons.png","contentUrl":"https:\/\/neamedia-icons.com\/wp-content\/uploads\/2022\/03\/logo_neamediaicons.png","width":700,"height":206,"caption":"Neamedia Icons"},"image":{"@id":"https:\/\/neamedia-icons.com\/#\/schema\/logo\/image\/"},"sameAs":["https:\/\/www.facebook.com\/NeamediaIcons\/","https:\/\/twitter.com\/neamediaicons","https:\/\/www.instagram.com\/neamediaicons\/","https:\/\/www.pinterest.fr\/neamediaicons\/_created\/","https:\/\/www.youtube.com\/channel\/UCXUJbRezXkDAz70xAan92cw"]}]}},"_links":{"self":[{"href":"https:\/\/neamedia-icons.com\/en\/wp-json\/wp\/v2\/product\/181004","targetHints":{"allow":["GET"]}}],"collection":[{"href":"https:\/\/neamedia-icons.com\/en\/wp-json\/wp\/v2\/product"}],"about":[{"href":"https:\/\/neamedia-icons.com\/en\/wp-json\/wp\/v2\/types\/product"}],"replies":[{"embeddable":true,"href":"https:\/\/neamedia-icons.com\/en\/wp-json\/wp\/v2\/comments?post=181004"}],"wp:featuredmedia":[{"embeddable":true,"href":"https:\/\/neamedia-icons.com\/en\/wp-json\/wp\/v2\/media\/182357"}],"wp:attachment":[{"href":"https:\/\/neamedia-icons.com\/en\/wp-json\/wp\/v2\/media?parent=181004"}],"wp:term":[{"taxonomy":"product_cat","embeddable":true,"href":"https:\/\/neamedia-icons.com\/en\/wp-json\/wp\/v2\/product_cat?post=181004"},{"taxonomy":"product_tag","embeddable":true,"href":"https:\/\/neamedia-icons.com\/en\/wp-json\/wp\/v2\/product_tag?post=181004"}],"curies":[{"name":"wp","href":"https:\/\/api.w.org\/{rel}","templated":true}]}}