{"id":181003,"date":"2024-06-20T16:51:32","date_gmt":"2024-06-20T14:51:32","guid":{"rendered":"https:\/\/neamedia-icons.com\/?post_type=product&#038;p=181003"},"modified":"2025-12-15T13:03:45","modified_gmt":"2025-12-15T12:03:45","slug":"netflix-chill-kit-one-piece","status":"publish","type":"product","link":"https:\/\/neamedia-icons.com\/en\/produit\/netflix-chill-kit-one-piece\/","title":{"rendered":"Netflix Chill Kit &#8211; One Piece"},"content":{"rendered":"<h2><strong>Netflix Chill Kit &#8211; One Piece<\/strong><\/h2>\n<p>Who will become the next Pirate King? Set sail toward new horizons with this treasure chest full of everything you need to journey across the Grand Line. Included in the kit:<\/p>\n<ul>\n<li>A fleece blanket to protect you from the ocean winds<\/li>\n<li>A sheet of stickers to decorate the deck of your ship<\/li>\n<li>An isothermal water bottle to keep your drink at the right temperature and ensure you stay hydrated. Every good pirate needs to quench their thirst!<\/li>\n<li>And a figurine of Luffy, the most popular pirate. Can you find all the names of his crew?<\/li>\n<\/ul>\n<p>Thanks to this set, you&#8217;re ready to sail in any wind or tide. Onward and upward, sailor! Sorry, Captain!<br \/>\nLooking for Netflix and One Piece merchandise? Neamedia Icons offers other pop culture, anime and geek products. You&#8217;ll also find our <a href=\"https:\/\/neamedia-icons.com\/produit\/netflix-chill-kit-squid-game\/\">Squid Game<\/a> and <a href=\"https:\/\/neamedia-icons.com\/produit\/chill-kit-netflix-stranger-things\/\">Stranger Things<\/a> sets of exclusive Netflix merchandise, to prolong the experience with your favorite series.<\/p>\n<p><strong><img loading=\"lazy\" decoding=\"async\" class=\"alignnone size-full wp-image-180853\" src=\"https:\/\/neamedia-icons.com\/wp-content\/uploads\/2024\/06\/One-Piece-logo.png\" alt=\"Netflix One Piece Logo\" width=\"301\" height=\"111\" \/><\/strong><\/p>\n<p>&nbsp;<\/p>\n<h4><strong>The Netflix Chill Kit includes:<\/strong><\/h4>\n<ul>\n<li><u>Plaid indispensable des soir\u00e9es Netflix<\/u> : Ce plaid polaire est fabriqu\u00e9 en mat\u00e9riaux doux et chaud. The perfect size to wrap around you (110 x 160 cm), it is ideal for cosy evenings relaxing in front of your favourite series. The throw features the infamous Jolly Roger from Luffy&#8217;s crew, this time with a twist : his customary skull with a straw hat has been given a colourful makeover<\/li>\n<li><u>Luffy figurine<\/u>: This figurine allows you to take Luffy everywhere with you on your Grand Line adventure. Perfect for collectors and fans of the series, it will bring an authentic touch to your collection of seafaring memorabilia.<\/li>\n<li><u>Stainless steel water bottle<\/u>: Keep your favourite drinks close to hand with this stainless steel bottle. This isothermal water bottle holds 500 ml and will keep your drink hot or cold for up to 12 hours. A stylish, eco-friendly solution for staying hydrated all day long.<\/li>\n<li><u>Sheet of stickers<\/u>: Decorate your belongings with an array of stickers inspired by the world of One Piece. Personalise your computers, tablets, remote controls, and more with symbols and icons from the series.<\/li>\n<\/ul>\n<p>&nbsp;<\/p>\n<h4><strong>Characteristics :<\/strong><\/h4>\n<ul>\n<li><u>Official One Piece merchandise<\/u>: The Netflix Pirate Kit &#8211; One Piece is an officially licensed product. This guarantees premium quality and authenticity.<\/li>\n<li><u>The perfect gift for One Piece fans<\/u>: Whether you&#8217;re an avid fan of live-action or anime, or looking for a gift for a fan, this set makes the ideal present. A great gift for any occasion (a birthday, Christmas, Father&#8217;s Day or even Valentine&#8217;s Day). Combining a love of One Piece with practicality, each use acts as a reminder of the series&#8217; captivating universe<\/li>\n<li><u>Premium-quality materials<\/u>: Every item in this kit is made from premium-quality materials, ensuring long durability and comfortable use. Benefit from stylish, practical products to enhance your everyday life.<\/li>\n<\/ul>\n<ul>\n<li>Size and weight: 35 cm x 23 cm x 11 cm, 1 kg<\/li>\n<li>Size of Luffy figurine: 13 cm<\/li>\n<li>Throw dimensions: 110 cm x 160 cm<\/li>\n<li>Water bottle capacity: 500 ml<\/li>\n<li>Sticker sheet format: A5<\/li>\n<li>Other Chill Kits: <a href=\"https:\/\/neamedia-icons.com\/en\/produit\/netflix-chill-kit-squid-game\/\">Squid Game<\/a>, <a href=\"https:\/\/neamedia-icons.com\/en\/produit\/chill-kit-netflix-stranger-things\/\">Stranger Things<\/a><\/li>\n<\/ul>\n<p>The items included in the Netflix Chill Kit have been specially created for the occasion and are only available in this exclusive set. Follow us on : <a><strong>Facebook<\/strong><\/a><strong> | <\/strong><a><strong>Instagram<\/strong><\/a><strong> | <\/strong><a href=\"https:\/\/www.facebook.com\/NeamediaIcons\/\"><strong>Twitter<\/strong><\/a><strong> | <\/strong><a href=\"https:\/\/www.instagram.com\/neamediaicons\/\"><strong>Pinterest <\/strong><\/a><strong>| <\/strong><a href=\"https:\/\/twitter.com\/neamediaicons\"><strong>Amazon<\/strong><\/a><\/p>\n","protected":false},"excerpt":{"rendered":"<p>Who will become the next Pirate King? Set sail toward new horizons with this treasure chest full of everything you need to journey across the Grand Line. Included in the kit:<\/p>\n<ul>\n<li>A fleece blanket to protect you from the ocean winds<\/li>\n<li>A sheet of stickers to decorate the deck of your ship<\/li>\n<li>An isothermal water bottle to keep your drink at the right temperature and ensure you stay hydrated. Every good pirate needs to quench their thirst!<\/li>\n<li>And a figurine of Luffy, the most popular pirate. Can you find all the names of his crew?<\/li>\n<\/ul>\n<h4>Characteristics :<\/h4>\n<ul>\n<li>Size and weight: 35 cm x 23 cm x 11 cm, 1 kg<\/li>\n<li>Size of Luffy figurine: 13 cm<\/li>\n<li>Throw dimensions: 110 cm x 160 cm<\/li>\n<li>Water bottle capacity: 500 ml<\/li>\n<li>Sticker sheet format: A5<\/li>\n<li>Other Chill Kits: <a href=\"https:\/\/neamedia-icons.com\/en\/produit\/netflix-chill-kit-squid-game\/\">Squid Game<\/a>, <a href=\"https:\/\/neamedia-icons.com\/en\/produit\/chill-kit-netflix-stranger-things\/\">Stranger Things<\/a><\/li>\n<\/ul>\n<p>The items included in the Netflix Chill Kit have been specially created for the occasion and are only available in this exclusive set.<\/p>\n<h4><span class=\"HwtZe\" lang=\"en\"><span class=\"jCAhz ChMk0b\"><span class=\"ryNqvb\">Delivery before Christmas for all orders placed before December 19th<\/span><\/span><\/span><\/h4>\n<p><span class=\"HwtZe\" lang=\"en\"><span class=\"jCAhz ChMk0b\"><span class=\"ryNqvb\">free shipping*<\/span><\/span><\/span><br \/>\n(for France, Belgium, Germany, The Netherlands, Spain and Italy)<\/p>\n","protected":false},"featured_media":182353,"comment_status":"open","ping_status":"closed","template":"","meta":[],"product_cat":[153],"product_tag":[156],"class_list":{"0":"post-181003","1":"product","2":"type-product","3":"status-publish","4":"has-post-thumbnail","6":"product_cat-netflix-pop-culture-figurines-and-accessories","7":"product_tag-chill-kit-en","8":"product_shipping_class-poids-entre-1-et-2kg-en","10":"first","11":"instock","12":"taxable","13":"shipping-taxable","14":"purchasable","15":"product-type-simple"},"yoast_head":"<!-- This site is optimized with the Yoast SEO plugin v21.4 - https:\/\/yoast.com\/wordpress\/plugins\/seo\/ -->\n<title>Netflix Chill Kit - One Piece - Neamedia Icons<\/title>\n<meta name=\"description\" content=\"Immerse yourself in the One Piece universe from the comfort of your own home with the Netflix Chill Kit - One Piece, and enjoy a cozy TV night !\" \/>\n<meta name=\"robots\" content=\"index, follow, max-snippet:-1, max-image-preview:large, max-video-preview:-1\" \/>\n<link rel=\"canonical\" href=\"https:\/\/neamedia-icons.com\/en\/produit\/netflix-chill-kit-one-piece\/\" \/>\n<meta property=\"og:locale\" content=\"en_US\" \/>\n<meta property=\"og:type\" content=\"article\" \/>\n<meta property=\"og:title\" content=\"Netflix Chill Kit - One Piece - Neamedia Icons\" \/>\n<meta property=\"og:description\" content=\"Immerse yourself in the One Piece universe from the comfort of your own home with the Netflix Chill Kit - One Piece, and enjoy a cozy TV night !\" \/>\n<meta property=\"og:url\" content=\"https:\/\/neamedia-icons.com\/en\/produit\/netflix-chill-kit-one-piece\/\" \/>\n<meta property=\"og:site_name\" content=\"Neamedia Icons\" \/>\n<meta property=\"article:publisher\" content=\"https:\/\/www.facebook.com\/NeamediaIcons\/\" \/>\n<meta property=\"article:modified_time\" content=\"2025-12-15T12:03:45+00:00\" \/>\n<meta property=\"og:image\" content=\"https:\/\/neamedia-icons.com\/wp-content\/uploads\/2024\/06\/Neamedia-Icons-Netflix-One-Piece-Pirate-Kit.jpg\" \/>\n\t<meta property=\"og:image:width\" content=\"1280\" \/>\n\t<meta property=\"og:image:height\" content=\"1586\" \/>\n\t<meta property=\"og:image:type\" content=\"image\/jpeg\" \/>\n<meta name=\"twitter:card\" content=\"summary_large_image\" \/>\n<meta name=\"twitter:site\" content=\"@neamediaicons\" \/>\n<meta name=\"twitter:label1\" content=\"Est. reading time\" \/>\n\t<meta name=\"twitter:data1\" content=\"3 minutes\" \/>\n<script type=\"application\/ld+json\" class=\"yoast-schema-graph\">{\"@context\":\"https:\/\/schema.org\",\"@graph\":[{\"@type\":\"WebPage\",\"@id\":\"https:\/\/neamedia-icons.com\/en\/produit\/netflix-chill-kit-one-piece\/\",\"url\":\"https:\/\/neamedia-icons.com\/en\/produit\/netflix-chill-kit-one-piece\/\",\"name\":\"Netflix Chill Kit - One Piece - Neamedia Icons\",\"isPartOf\":{\"@id\":\"https:\/\/neamedia-icons.com\/#website\"},\"datePublished\":\"2024-06-20T14:51:32+00:00\",\"dateModified\":\"2025-12-15T12:03:45+00:00\",\"description\":\"Immerse yourself in the One Piece universe from the comfort of your own home with the Netflix Chill Kit - One Piece, and enjoy a cozy TV night !\",\"breadcrumb\":{\"@id\":\"https:\/\/neamedia-icons.com\/en\/produit\/netflix-chill-kit-one-piece\/#breadcrumb\"},\"inLanguage\":\"en-US\",\"potentialAction\":[{\"@type\":\"ReadAction\",\"target\":[\"https:\/\/neamedia-icons.com\/en\/produit\/netflix-chill-kit-one-piece\/\"]}]},{\"@type\":\"BreadcrumbList\",\"@id\":\"https:\/\/neamedia-icons.com\/en\/produit\/netflix-chill-kit-one-piece\/#breadcrumb\",\"itemListElement\":[{\"@type\":\"ListItem\",\"position\":1,\"name\":\"Accueil\",\"item\":\"https:\/\/neamedia-icons.com\/en\/\"},{\"@type\":\"ListItem\",\"position\":2,\"name\":\"The Shop | Discover the collection\",\"item\":\"https:\/\/neamedia-icons.com\/en\/the-shop\/\"},{\"@type\":\"ListItem\",\"position\":3,\"name\":\"Netflix Chill Kit &#8211; One Piece\"}]},{\"@type\":\"WebSite\",\"@id\":\"https:\/\/neamedia-icons.com\/#website\",\"url\":\"https:\/\/neamedia-icons.com\/\",\"name\":\"Neamedia Icons\",\"description\":\"Boutique sp\u00e9cialis\u00e9e en sculptures, figurines et objets collector design de la Pop Culture - BD, Manga, Anime, Jeux Vid\u00e9o &amp; Litt\u00e9rature\",\"publisher\":{\"@id\":\"https:\/\/neamedia-icons.com\/#organization\"},\"potentialAction\":[{\"@type\":\"SearchAction\",\"target\":{\"@type\":\"EntryPoint\",\"urlTemplate\":\"https:\/\/neamedia-icons.com\/?s={search_term_string}\"},\"query-input\":\"required name=search_term_string\"}],\"inLanguage\":\"en-US\"},{\"@type\":\"Organization\",\"@id\":\"https:\/\/neamedia-icons.com\/#organization\",\"name\":\"Neamedia Icons\",\"url\":\"https:\/\/neamedia-icons.com\/\",\"logo\":{\"@type\":\"ImageObject\",\"inLanguage\":\"en-US\",\"@id\":\"https:\/\/neamedia-icons.com\/#\/schema\/logo\/image\/\",\"url\":\"https:\/\/neamedia-icons.com\/wp-content\/uploads\/2022\/03\/logo_neamediaicons.png\",\"contentUrl\":\"https:\/\/neamedia-icons.com\/wp-content\/uploads\/2022\/03\/logo_neamediaicons.png\",\"width\":700,\"height\":206,\"caption\":\"Neamedia Icons\"},\"image\":{\"@id\":\"https:\/\/neamedia-icons.com\/#\/schema\/logo\/image\/\"},\"sameAs\":[\"https:\/\/www.facebook.com\/NeamediaIcons\/\",\"https:\/\/twitter.com\/neamediaicons\",\"https:\/\/www.instagram.com\/neamediaicons\/\",\"https:\/\/www.pinterest.fr\/neamediaicons\/_created\/\",\"https:\/\/www.youtube.com\/channel\/UCXUJbRezXkDAz70xAan92cw\"]}]}<\/script>\n<!-- \/ Yoast SEO plugin. -->","yoast_head_json":{"title":"Netflix Chill Kit - One Piece - Neamedia Icons","description":"Immerse yourself in the One Piece universe from the comfort of your own home with the Netflix Chill Kit - One Piece, and enjoy a cozy TV night !","robots":{"index":"index","follow":"follow","max-snippet":"max-snippet:-1","max-image-preview":"max-image-preview:large","max-video-preview":"max-video-preview:-1"},"canonical":"https:\/\/neamedia-icons.com\/en\/produit\/netflix-chill-kit-one-piece\/","og_locale":"en_US","og_type":"article","og_title":"Netflix Chill Kit - One Piece - Neamedia Icons","og_description":"Immerse yourself in the One Piece universe from the comfort of your own home with the Netflix Chill Kit - One Piece, and enjoy a cozy TV night !","og_url":"https:\/\/neamedia-icons.com\/en\/produit\/netflix-chill-kit-one-piece\/","og_site_name":"Neamedia Icons","article_publisher":"https:\/\/www.facebook.com\/NeamediaIcons\/","article_modified_time":"2025-12-15T12:03:45+00:00","og_image":[{"width":1280,"height":1586,"url":"https:\/\/neamedia-icons.com\/wp-content\/uploads\/2024\/06\/Neamedia-Icons-Netflix-One-Piece-Pirate-Kit.jpg","type":"image\/jpeg"}],"twitter_card":"summary_large_image","twitter_site":"@neamediaicons","twitter_misc":{"Est. reading time":"3 minutes"},"schema":{"@context":"https:\/\/schema.org","@graph":[{"@type":"WebPage","@id":"https:\/\/neamedia-icons.com\/en\/produit\/netflix-chill-kit-one-piece\/","url":"https:\/\/neamedia-icons.com\/en\/produit\/netflix-chill-kit-one-piece\/","name":"Netflix Chill Kit - One Piece - Neamedia Icons","isPartOf":{"@id":"https:\/\/neamedia-icons.com\/#website"},"datePublished":"2024-06-20T14:51:32+00:00","dateModified":"2025-12-15T12:03:45+00:00","description":"Immerse yourself in the One Piece universe from the comfort of your own home with the Netflix Chill Kit - One Piece, and enjoy a cozy TV night !","breadcrumb":{"@id":"https:\/\/neamedia-icons.com\/en\/produit\/netflix-chill-kit-one-piece\/#breadcrumb"},"inLanguage":"en-US","potentialAction":[{"@type":"ReadAction","target":["https:\/\/neamedia-icons.com\/en\/produit\/netflix-chill-kit-one-piece\/"]}]},{"@type":"BreadcrumbList","@id":"https:\/\/neamedia-icons.com\/en\/produit\/netflix-chill-kit-one-piece\/#breadcrumb","itemListElement":[{"@type":"ListItem","position":1,"name":"Accueil","item":"https:\/\/neamedia-icons.com\/en\/"},{"@type":"ListItem","position":2,"name":"The Shop | Discover the collection","item":"https:\/\/neamedia-icons.com\/en\/the-shop\/"},{"@type":"ListItem","position":3,"name":"Netflix Chill Kit &#8211; One Piece"}]},{"@type":"WebSite","@id":"https:\/\/neamedia-icons.com\/#website","url":"https:\/\/neamedia-icons.com\/","name":"Neamedia Icons","description":"Boutique sp\u00e9cialis\u00e9e en sculptures, figurines et objets collector design de la Pop Culture - BD, Manga, Anime, Jeux Vid\u00e9o &amp; Litt\u00e9rature","publisher":{"@id":"https:\/\/neamedia-icons.com\/#organization"},"potentialAction":[{"@type":"SearchAction","target":{"@type":"EntryPoint","urlTemplate":"https:\/\/neamedia-icons.com\/?s={search_term_string}"},"query-input":"required name=search_term_string"}],"inLanguage":"en-US"},{"@type":"Organization","@id":"https:\/\/neamedia-icons.com\/#organization","name":"Neamedia Icons","url":"https:\/\/neamedia-icons.com\/","logo":{"@type":"ImageObject","inLanguage":"en-US","@id":"https:\/\/neamedia-icons.com\/#\/schema\/logo\/image\/","url":"https:\/\/neamedia-icons.com\/wp-content\/uploads\/2022\/03\/logo_neamediaicons.png","contentUrl":"https:\/\/neamedia-icons.com\/wp-content\/uploads\/2022\/03\/logo_neamediaicons.png","width":700,"height":206,"caption":"Neamedia Icons"},"image":{"@id":"https:\/\/neamedia-icons.com\/#\/schema\/logo\/image\/"},"sameAs":["https:\/\/www.facebook.com\/NeamediaIcons\/","https:\/\/twitter.com\/neamediaicons","https:\/\/www.instagram.com\/neamediaicons\/","https:\/\/www.pinterest.fr\/neamediaicons\/_created\/","https:\/\/www.youtube.com\/channel\/UCXUJbRezXkDAz70xAan92cw"]}]}},"_links":{"self":[{"href":"https:\/\/neamedia-icons.com\/en\/wp-json\/wp\/v2\/product\/181003","targetHints":{"allow":["GET"]}}],"collection":[{"href":"https:\/\/neamedia-icons.com\/en\/wp-json\/wp\/v2\/product"}],"about":[{"href":"https:\/\/neamedia-icons.com\/en\/wp-json\/wp\/v2\/types\/product"}],"replies":[{"embeddable":true,"href":"https:\/\/neamedia-icons.com\/en\/wp-json\/wp\/v2\/comments?post=181003"}],"wp:featuredmedia":[{"embeddable":true,"href":"https:\/\/neamedia-icons.com\/en\/wp-json\/wp\/v2\/media\/182353"}],"wp:attachment":[{"href":"https:\/\/neamedia-icons.com\/en\/wp-json\/wp\/v2\/media?parent=181003"}],"wp:term":[{"taxonomy":"product_cat","embeddable":true,"href":"https:\/\/neamedia-icons.com\/en\/wp-json\/wp\/v2\/product_cat?post=181003"},{"taxonomy":"product_tag","embeddable":true,"href":"https:\/\/neamedia-icons.com\/en\/wp-json\/wp\/v2\/product_tag?post=181003"}],"curies":[{"name":"wp","href":"https:\/\/api.w.org\/{rel}","templated":true}]}}