{"id":180949,"date":"2024-06-02T11:57:23","date_gmt":"2024-06-02T09:57:23","guid":{"rendered":"https:\/\/neamedia-icons.com\/produit\/sculpture-the-little-prince-110cm-voyageur-white\/"},"modified":"2025-07-28T16:28:35","modified_gmt":"2025-07-28T14:28:35","slug":"sculpture-the-little-prince-110cm-voyageur-white","status":"publish","type":"product","link":"https:\/\/neamedia-icons.com\/en\/produit\/sculpture-the-little-prince-110cm-voyageur-white\/","title":{"rendered":"Sculpture \u2013 The Little Prince \u2013 110cm \u2013 Voyageur White"},"content":{"rendered":"<h3>A UNIQUE OBJECT THAT WILL TAKE YOU ON A JOURNEY!<\/h3>\n<p> Neamedia Icons presents the new life-size sculpture <strong>The Little Prince Voyageur White edition<\/strong>, hand-painted with a glossy finish. Shiny and modern, this life-size sculpture is impressive. At 110 centimetres tall, this reproduction of the Little Prince Voyageur White edition is more than a statue, it&#8217;s a true work of art! A limited, numbered edition, the sculptures come with a certificate of authenticity. Gift your loved ones with the <strong>Little Prince Voyageur Blanc edition<\/strong> sculpture for any occasion!   Sculpture created with the support of Antoine de Saint-Exup\u00e9ry\u2019s heirs. &nbsp;<\/p>\n<p><img loading=\"lazy\" decoding=\"async\" class=\"alignnone wp-image-3833 size-medium\" src=\"https:\/\/neamedia-icons.com\/wp-content\/uploads\/2022\/05\/lepetitprince_neamediaicons-300x50.png\" alt=\"\" width=\"300\" height=\"50\" srcset=\"https:\/\/neamedia-icons.com\/wp-content\/uploads\/2022\/05\/lepetitprince_neamediaicons-300x50.png 300w, https:\/\/neamedia-icons.com\/wp-content\/uploads\/2022\/05\/lepetitprince_neamediaicons.png 549w\" sizes=\"auto, (max-width: 300px) 100vw, 300px\" \/><\/p>\n<p>&nbsp;<\/p>\n<ul>\n<li>Product under official license: Le Petit Prince\u00ae\u00a9 Succession Antoine de Saint-Exup\u00e9ry<\/li>\n<li>Colors : <a href=\"https:\/\/neamedia-icons.com\/produit\/sculpture-le-petit-prince-110cm-voyageur-classique\/\">Classical<\/a>, White<\/li>\n<li>Hand-painted fiberglass statue with a lacquered finish<\/li>\n<li>Statue supplied with certificate of authenticity<\/li>\n<li>Statue in limited and numbered edition<\/li>\n<li>Size, Weight: 110cm (43.30&#8243;), 13kg (28.66lb)<\/li>\n<li>Published by Neamedia Icons<\/li>\n<\/ul>\n<p>&nbsp; Suivez-nous sur : <a href=\"https:\/\/www.facebook.com\/NeamediaIcons\/\"><strong>Facebook<\/strong><\/a><strong> | <a href=\"https:\/\/www.instagram.com\/neamediaicons\/\">Instagram<\/a> | <a href=\"https:\/\/twitter.com\/neamediaicons\">Twitter<\/a> | <a href=\"https:\/\/www.pinterest.fr\/neamediaicons\/\">Pinterest<\/a><\/strong><\/p>\n","protected":false},"excerpt":{"rendered":"<ul>\n<li>Product under official license: Le Petit Prince\u00ae\u00a9 Succession Antoine de Saint-Exup\u00e9ry<\/li>\n<li>Colors : <a href=\"https:\/\/neamedia-icons.com\/produit\/sculpture-le-petit-prince-110cm-voyageur-classique\/\">Classical<\/a>, White<\/li>\n<li>Hand-painted fiberglass statue with a lacquered finish<\/li>\n<li>Statue supplied with certificate of authenticity<\/li>\n<li>Statue in limited and numbered edition<\/li>\n<li>Size, Weight: 110cm (43.30&#8243;), 13kg (28.66lb)<\/li>\n<li>Published by Neamedia Icons<\/li>\n<\/ul>\n","protected":false},"featured_media":180936,"comment_status":"open","ping_status":"closed","template":"","meta":[],"product_cat":[112],"product_tag":[],"class_list":{"0":"post-180949","1":"product","2":"type-product","3":"status-publish","4":"has-post-thumbnail","6":"product_cat-thelittleprince-sculpture-en","8":"first","9":"instock","10":"taxable","11":"shipping-taxable","12":"purchasable","13":"product-type-simple"},"yoast_head":"<!-- This site is optimized with the Yoast SEO plugin v21.4 - https:\/\/yoast.com\/wordpress\/plugins\/seo\/ -->\n<title>Sculpture - The Little Prince - Voyageur edition White - 110cm<\/title>\n<meta name=\"description\" content=\"This 110 cm Little Prince white Voyageur edition sculpture by Neamedia Icons will delight young and old alike.\" \/>\n<meta name=\"robots\" content=\"index, follow, max-snippet:-1, max-image-preview:large, max-video-preview:-1\" \/>\n<link rel=\"canonical\" href=\"https:\/\/neamedia-icons.com\/produit\/sculpture-le-petit-prince-110cm-voyageur-blanc\/\" \/>\n<meta property=\"og:locale\" content=\"en_US\" \/>\n<meta property=\"og:type\" content=\"article\" \/>\n<meta property=\"og:title\" content=\"Sculpture - The Little Prince - Voyageur edition White - 110cm\" \/>\n<meta property=\"og:description\" content=\"This 110 cm Little Prince white Voyageur edition sculpture by Neamedia Icons will delight young and old alike.\" \/>\n<meta property=\"og:url\" content=\"https:\/\/neamedia-icons.com\/produit\/sculpture-le-petit-prince-110cm-voyageur-blanc\/\" \/>\n<meta property=\"og:site_name\" content=\"Neamedia Icons\" \/>\n<meta property=\"article:publisher\" content=\"https:\/\/www.facebook.com\/NeamediaIcons\/\" \/>\n<meta property=\"article:modified_time\" content=\"2025-07-28T14:28:35+00:00\" \/>\n<meta property=\"og:image\" content=\"https:\/\/neamedia-icons.com\/wp-content\/uploads\/2024\/01\/PP110_Echarpe_Face.jpg\" \/>\n\t<meta property=\"og:image:width\" content=\"1500\" \/>\n\t<meta property=\"og:image:height\" content=\"1500\" \/>\n\t<meta property=\"og:image:type\" content=\"image\/jpeg\" \/>\n<meta name=\"twitter:card\" content=\"summary_large_image\" \/>\n<meta name=\"twitter:site\" content=\"@neamediaicons\" \/>\n<meta name=\"twitter:label1\" content=\"Est. reading time\" \/>\n\t<meta name=\"twitter:data1\" content=\"1 minute\" \/>\n<script type=\"application\/ld+json\" class=\"yoast-schema-graph\">{\"@context\":\"https:\/\/schema.org\",\"@graph\":[{\"@type\":\"WebPage\",\"@id\":\"https:\/\/neamedia-icons.com\/produit\/sculpture-le-petit-prince-110cm-voyageur-blanc\/\",\"url\":\"https:\/\/neamedia-icons.com\/produit\/sculpture-le-petit-prince-110cm-voyageur-blanc\/\",\"name\":\"Sculpture - The Little Prince - Voyageur edition White - 110cm\",\"isPartOf\":{\"@id\":\"https:\/\/neamedia-icons.com\/#website\"},\"datePublished\":\"2024-06-02T09:57:23+00:00\",\"dateModified\":\"2025-07-28T14:28:35+00:00\",\"description\":\"This 110 cm Little Prince white Voyageur edition sculpture by Neamedia Icons will delight young and old alike.\",\"breadcrumb\":{\"@id\":\"https:\/\/neamedia-icons.com\/produit\/sculpture-le-petit-prince-110cm-voyageur-blanc\/#breadcrumb\"},\"inLanguage\":\"en-US\",\"potentialAction\":[{\"@type\":\"ReadAction\",\"target\":[\"https:\/\/neamedia-icons.com\/produit\/sculpture-le-petit-prince-110cm-voyageur-blanc\/\"]}]},{\"@type\":\"BreadcrumbList\",\"@id\":\"https:\/\/neamedia-icons.com\/produit\/sculpture-le-petit-prince-110cm-voyageur-blanc\/#breadcrumb\",\"itemListElement\":[{\"@type\":\"ListItem\",\"position\":1,\"name\":\"Accueil\",\"item\":\"https:\/\/neamedia-icons.com\/en\/\"},{\"@type\":\"ListItem\",\"position\":2,\"name\":\"The Shop | Discover the collection\",\"item\":\"https:\/\/neamedia-icons.com\/en\/the-shop\/\"},{\"@type\":\"ListItem\",\"position\":3,\"name\":\"Sculpture \u2013 The Little Prince \u2013 110cm \u2013 Voyageur White\"}]},{\"@type\":\"WebSite\",\"@id\":\"https:\/\/neamedia-icons.com\/#website\",\"url\":\"https:\/\/neamedia-icons.com\/\",\"name\":\"Neamedia Icons\",\"description\":\"Boutique sp\u00e9cialis\u00e9e en sculptures, figurines et objets collector design de la Pop Culture - BD, Manga, Anime, Jeux Vid\u00e9o &amp; Litt\u00e9rature\",\"publisher\":{\"@id\":\"https:\/\/neamedia-icons.com\/#organization\"},\"potentialAction\":[{\"@type\":\"SearchAction\",\"target\":{\"@type\":\"EntryPoint\",\"urlTemplate\":\"https:\/\/neamedia-icons.com\/?s={search_term_string}\"},\"query-input\":\"required name=search_term_string\"}],\"inLanguage\":\"en-US\"},{\"@type\":\"Organization\",\"@id\":\"https:\/\/neamedia-icons.com\/#organization\",\"name\":\"Neamedia Icons\",\"url\":\"https:\/\/neamedia-icons.com\/\",\"logo\":{\"@type\":\"ImageObject\",\"inLanguage\":\"en-US\",\"@id\":\"https:\/\/neamedia-icons.com\/#\/schema\/logo\/image\/\",\"url\":\"https:\/\/neamedia-icons.com\/wp-content\/uploads\/2022\/03\/logo_neamediaicons.png\",\"contentUrl\":\"https:\/\/neamedia-icons.com\/wp-content\/uploads\/2022\/03\/logo_neamediaicons.png\",\"width\":700,\"height\":206,\"caption\":\"Neamedia Icons\"},\"image\":{\"@id\":\"https:\/\/neamedia-icons.com\/#\/schema\/logo\/image\/\"},\"sameAs\":[\"https:\/\/www.facebook.com\/NeamediaIcons\/\",\"https:\/\/twitter.com\/neamediaicons\",\"https:\/\/www.instagram.com\/neamediaicons\/\",\"https:\/\/www.pinterest.fr\/neamediaicons\/_created\/\",\"https:\/\/www.youtube.com\/channel\/UCXUJbRezXkDAz70xAan92cw\"]}]}<\/script>\n<!-- \/ Yoast SEO plugin. -->","yoast_head_json":{"title":"Sculpture - The Little Prince - Voyageur edition White - 110cm","description":"This 110 cm Little Prince white Voyageur edition sculpture by Neamedia Icons will delight young and old alike.","robots":{"index":"index","follow":"follow","max-snippet":"max-snippet:-1","max-image-preview":"max-image-preview:large","max-video-preview":"max-video-preview:-1"},"canonical":"https:\/\/neamedia-icons.com\/produit\/sculpture-le-petit-prince-110cm-voyageur-blanc\/","og_locale":"en_US","og_type":"article","og_title":"Sculpture - The Little Prince - Voyageur edition White - 110cm","og_description":"This 110 cm Little Prince white Voyageur edition sculpture by Neamedia Icons will delight young and old alike.","og_url":"https:\/\/neamedia-icons.com\/produit\/sculpture-le-petit-prince-110cm-voyageur-blanc\/","og_site_name":"Neamedia Icons","article_publisher":"https:\/\/www.facebook.com\/NeamediaIcons\/","article_modified_time":"2025-07-28T14:28:35+00:00","og_image":[{"width":1500,"height":1500,"url":"https:\/\/neamedia-icons.com\/wp-content\/uploads\/2024\/01\/PP110_Echarpe_Face.jpg","type":"image\/jpeg"}],"twitter_card":"summary_large_image","twitter_site":"@neamediaicons","twitter_misc":{"Est. reading time":"1 minute"},"schema":{"@context":"https:\/\/schema.org","@graph":[{"@type":"WebPage","@id":"https:\/\/neamedia-icons.com\/produit\/sculpture-le-petit-prince-110cm-voyageur-blanc\/","url":"https:\/\/neamedia-icons.com\/produit\/sculpture-le-petit-prince-110cm-voyageur-blanc\/","name":"Sculpture - The Little Prince - Voyageur edition White - 110cm","isPartOf":{"@id":"https:\/\/neamedia-icons.com\/#website"},"datePublished":"2024-06-02T09:57:23+00:00","dateModified":"2025-07-28T14:28:35+00:00","description":"This 110 cm Little Prince white Voyageur edition sculpture by Neamedia Icons will delight young and old alike.","breadcrumb":{"@id":"https:\/\/neamedia-icons.com\/produit\/sculpture-le-petit-prince-110cm-voyageur-blanc\/#breadcrumb"},"inLanguage":"en-US","potentialAction":[{"@type":"ReadAction","target":["https:\/\/neamedia-icons.com\/produit\/sculpture-le-petit-prince-110cm-voyageur-blanc\/"]}]},{"@type":"BreadcrumbList","@id":"https:\/\/neamedia-icons.com\/produit\/sculpture-le-petit-prince-110cm-voyageur-blanc\/#breadcrumb","itemListElement":[{"@type":"ListItem","position":1,"name":"Accueil","item":"https:\/\/neamedia-icons.com\/en\/"},{"@type":"ListItem","position":2,"name":"The Shop | Discover the collection","item":"https:\/\/neamedia-icons.com\/en\/the-shop\/"},{"@type":"ListItem","position":3,"name":"Sculpture \u2013 The Little Prince \u2013 110cm \u2013 Voyageur White"}]},{"@type":"WebSite","@id":"https:\/\/neamedia-icons.com\/#website","url":"https:\/\/neamedia-icons.com\/","name":"Neamedia Icons","description":"Boutique sp\u00e9cialis\u00e9e en sculptures, figurines et objets collector design de la Pop Culture - BD, Manga, Anime, Jeux Vid\u00e9o &amp; Litt\u00e9rature","publisher":{"@id":"https:\/\/neamedia-icons.com\/#organization"},"potentialAction":[{"@type":"SearchAction","target":{"@type":"EntryPoint","urlTemplate":"https:\/\/neamedia-icons.com\/?s={search_term_string}"},"query-input":"required name=search_term_string"}],"inLanguage":"en-US"},{"@type":"Organization","@id":"https:\/\/neamedia-icons.com\/#organization","name":"Neamedia Icons","url":"https:\/\/neamedia-icons.com\/","logo":{"@type":"ImageObject","inLanguage":"en-US","@id":"https:\/\/neamedia-icons.com\/#\/schema\/logo\/image\/","url":"https:\/\/neamedia-icons.com\/wp-content\/uploads\/2022\/03\/logo_neamediaicons.png","contentUrl":"https:\/\/neamedia-icons.com\/wp-content\/uploads\/2022\/03\/logo_neamediaicons.png","width":700,"height":206,"caption":"Neamedia Icons"},"image":{"@id":"https:\/\/neamedia-icons.com\/#\/schema\/logo\/image\/"},"sameAs":["https:\/\/www.facebook.com\/NeamediaIcons\/","https:\/\/twitter.com\/neamediaicons","https:\/\/www.instagram.com\/neamediaicons\/","https:\/\/www.pinterest.fr\/neamediaicons\/_created\/","https:\/\/www.youtube.com\/channel\/UCXUJbRezXkDAz70xAan92cw"]}]}},"_links":{"self":[{"href":"https:\/\/neamedia-icons.com\/en\/wp-json\/wp\/v2\/product\/180949","targetHints":{"allow":["GET"]}}],"collection":[{"href":"https:\/\/neamedia-icons.com\/en\/wp-json\/wp\/v2\/product"}],"about":[{"href":"https:\/\/neamedia-icons.com\/en\/wp-json\/wp\/v2\/types\/product"}],"replies":[{"embeddable":true,"href":"https:\/\/neamedia-icons.com\/en\/wp-json\/wp\/v2\/comments?post=180949"}],"wp:featuredmedia":[{"embeddable":true,"href":"https:\/\/neamedia-icons.com\/en\/wp-json\/wp\/v2\/media\/180936"}],"wp:attachment":[{"href":"https:\/\/neamedia-icons.com\/en\/wp-json\/wp\/v2\/media?parent=180949"}],"wp:term":[{"taxonomy":"product_cat","embeddable":true,"href":"https:\/\/neamedia-icons.com\/en\/wp-json\/wp\/v2\/product_cat?post=180949"},{"taxonomy":"product_tag","embeddable":true,"href":"https:\/\/neamedia-icons.com\/en\/wp-json\/wp\/v2\/product_tag?post=180949"}],"curies":[{"name":"wp","href":"https:\/\/api.w.org\/{rel}","templated":true}]}}