{"id":180873,"date":"2024-07-04T10:17:30","date_gmt":"2024-07-04T08:17:30","guid":{"rendered":"https:\/\/neamedia-icons.com\/?post_type=product&#038;p=180873"},"modified":"2025-11-23T22:32:06","modified_gmt":"2025-11-23T21:32:06","slug":"call-of-duty-lampe","status":"publish","type":"product","link":"https:\/\/neamedia-icons.com\/en\/produit\/call-of-duty-lampe\/","title":{"rendered":"Call of Duty &#8211; Logo Light"},"content":{"rendered":"<h2><strong>Experience the intensity of Call of Duty with the official logo light!<\/strong><\/h2>\n<p>&nbsp;<\/p>\n<p>Bring the adrenalin of the battlefield directly to your home with this collectable logo light from the famous Call of Duty game. A series synonymous with intensity, our light creates a visual backdrop that matches the excitement of confrontations encountered in the game.<\/p>\n<p>An essential accessory to complement your PS, Xbox or PC gaming set up, this logo light captures the immersive combat of the franchise, making it a unique gaming accessory. The sweet glow, map motifs and camouflage shading convey a military atmosphere and discipline. Fans are directly transported to the heart of the action. Whether video evenings or gaming sessions, the cool neon effect is perfect for a fully immersive experience. A must-have for fans of the series. Lower the blinds and get the adventure started!<\/p>\n<p>Complete your collection by discovering the <a href=\"https:\/\/neamedia-icons.com\/en\/etiquette-produit\/lights-en\/\">other logo lights<\/a> in the Neamedia Icons series and create a unique atmosphere in your gaming space.<\/p>\n<h2><img loading=\"lazy\" decoding=\"async\" class=\"alignnone wp-image-180876\" style=\"font-size: 16px;\" src=\"https:\/\/neamedia-icons.com\/wp-content\/uploads\/2024\/07\/Call-of-Duty_Wordmark_Black.png\" alt=\"logo Call of Duty\" width=\"805\" height=\"316\" srcset=\"https:\/\/neamedia-icons.com\/wp-content\/uploads\/2024\/07\/Call-of-Duty_Wordmark_Black.png 4590w, https:\/\/neamedia-icons.com\/wp-content\/uploads\/2024\/07\/Call-of-Duty_Wordmark_Black-300x118.png 300w, https:\/\/neamedia-icons.com\/wp-content\/uploads\/2024\/07\/Call-of-Duty_Wordmark_Black-1024x402.png 1024w, https:\/\/neamedia-icons.com\/wp-content\/uploads\/2024\/07\/Call-of-Duty_Wordmark_Black-768x301.png 768w, https:\/\/neamedia-icons.com\/wp-content\/uploads\/2024\/07\/Call-of-Duty_Wordmark_Black-1536x603.png 1536w, https:\/\/neamedia-icons.com\/wp-content\/uploads\/2024\/07\/Call-of-Duty_Wordmark_Black-2048x804.png 2048w, https:\/\/neamedia-icons.com\/wp-content\/uploads\/2024\/07\/Call-of-Duty_Wordmark_Black-920x361.png 920w\" sizes=\"auto, (max-width: 805px) 100vw, 805px\" \/><\/h2>\n<p>&nbsp;<\/p>\n<h4><strong>Characteristics:<\/strong><\/h4>\n<ul>\n<li><u>Officially licensed<\/u>: The Call of Duty logo light is an officially licensed gaming accessory. This guarantees premium quality and authenticity. The 3D neon logo and detailing perfectly portray the world of military operations. Invest in the best to enjoy a fully immersive experience.<\/li>\n<li><u>An original 3D creation<\/u>: The light has an exclusive design that features the \u2018Call of Duty\u2019 logo in 3-D on a dark base with a camouflage motif, portraying the military field operations carried out in the game. What&#8217;s more, the map engraved behind the logo provides the strategy you need to carry out your missions. This LED light is a highly decorative piece that will appeal to any fan of the game.<\/li>\n<li><u>Ambient lighting<\/u>: Whether you&#8217;re a fan of the game or simply like collecting merch, this light will enhance any setting. Thanks to a rechargeable battery that lasts up to 12 hours, it can be installed anywhere. Whether PC, Xbox or PS, it will effortlessly fit into your gaming space. The light creates an immersive atmosphere, taking fans straight to the heart of army operations.<\/li>\n<li><u>The perfect gift for fans<\/u>: The Call of Duty light makes the ideal present for any fan of the series. A great gift for any occasion (a birthday, Christmas, Father&#8217;s Day or even Valentine&#8217;s Day). Gift to someone special or treat yourself by adding this unique piece to your collection.<\/li>\n<\/ul>\n<ul>\n<li>Made of ABS<\/li>\n<li>Battery rechargeable by USB C port (cable included)<\/li>\n<li>Dimensions : W: 22 cm | D: 5 cm | H: 8 cm<\/li>\n<li>Weight: 0.4kg<\/li>\n<\/ul>\n<p>&nbsp;<\/p>\n<p>Don&#8217;t miss this unique opportunity to express your passion for Call of Duty. Decorate your gaming space in style!<br \/>\nOrder your Call of Duty logo light today!<\/p>\n<p>And check out the rest of our light collection including <a href=\"https:\/\/neamedia-icons.com\/en\/produit\/cyberpunk-2077-phantom-liberty-logo-light\/\">Phantom of Liberty<\/a>, <a href=\"https:\/\/neamedia-icons.com\/en\/produit\/the-witcher-wild-hunt-lampe-logo\/\">The Witcher<\/a>, <a href=\"https:\/\/neamedia-icons.com\/en\/produit\/assassins-creed-lampe-logo\/\">Assassin&#8217;s Creed<\/a>, <a href=\"https:\/\/neamedia-icons.com\/en\/produit\/pubg-battlegrounds-lampe-logo\/\">PUBG<\/a>, <a href=\"https:\/\/neamedia-icons.com\/en\/produit\/assassins-creed-mirage-logo-light\/\">Mirage<\/a>, <a href=\"https:\/\/neamedia-icons.com\/produit\/genshin-impact-lampe-logo\/\">Genshin Impact<\/a>&#8230;<\/p>\n<h4>Follow us on :<\/h4>\n<p><a href=\"https:\/\/www.facebook.com\/NeamediaIcons\/\"><strong>Facebook<\/strong><\/a><strong>| <\/strong><a href=\"https:\/\/www.instagram.com\/neamediaicons\/\"><strong>Instagram <\/strong><\/a><strong>| <\/strong><a href=\"https:\/\/twitter.com\/neamediaicons\"><strong>Twitter <\/strong><\/a><strong>| <\/strong><a href=\"https:\/\/www.pinterest.fr\/neamediaicons\/\"><strong>Pinterest <\/strong><\/a><strong>| <\/strong><strong><a href=\"https:\/\/www.amazon.fr\/PUBG-Battlegrounds-The-Official-Light\/dp\/B0CB8XNP2V\/ref=sr_1_1?__mk_fr_FR=%C3%85M%C3%85%C5%BD%C3%95%C3%91&amp;crid=3LEG7KADX7VYW&amp;keywords=pubg-+the+official+light&amp;qid=1702053392&amp;sprefix=pubg-+the+official+light%2Caps%2C83&amp;sr=8-1\">Amazon<\/a><\/strong><\/p>\n","protected":false},"excerpt":{"rendered":"<ul>\n<li>Official product<\/li>\n<li>Plastic injection light<\/li>\n<li>Battery rechargeable by USB port (cable included)<\/li>\n<li>Size, Weight: L: 22cm (8.66&#8243;) | D: 5cm (1.97&#8243;) | H: 8cm (3.15&#8243;), 0.4kg (0.88lb)<\/li>\n<li>Find the rest of the logo light collection: <a href=\"https:\/\/neamedia-icons.com\/en\/produit\/cyberpunk-2077-phantom-liberty-logo-light\/\">Phantom of Liberty<\/a>, <a href=\"https:\/\/neamedia-icons.com\/en\/produit\/the-witcher-wild-hunt-lampe-logo\/\">The Witcher<\/a>, <a href=\"https:\/\/neamedia-icons.com\/en\/produit\/assassins-creed-lampe-logo\/\">Assassin&#8217;s Creed<\/a>, <a href=\"https:\/\/neamedia-icons.com\/en\/produit\/pubg-battlegrounds-lampe-logo\/\">PUBG<\/a>, <a href=\"https:\/\/neamedia-icons.com\/en\/produit\/assassins-creed-mirage-logo-light\/\">Mirage<\/a>, <a href=\"https:\/\/neamedia-icons.com\/produit\/genshin-impact-lampe-logo\/\">Genshin Impact<\/a> &#8230;<\/li>\n<\/ul>\n<p><strong>DELIVERY FROM 25\/10<\/strong><\/p>\n","protected":false},"featured_media":182077,"comment_status":"open","ping_status":"closed","template":"","meta":[],"product_cat":[157],"product_tag":[138],"class_list":{"0":"post-180873","1":"product","2":"type-product","3":"status-publish","4":"has-post-thumbnail","6":"product_cat-call-of-duty-gaming-figurines-and-accessories","7":"product_tag-lights-en","9":"first","10":"instock","11":"taxable","12":"shipping-taxable","13":"purchasable","14":"product-type-simple"},"yoast_head":"<!-- This site is optimized with the Yoast SEO plugin v21.4 - https:\/\/yoast.com\/wordpress\/plugins\/seo\/ -->\n<title>Call of Duty - Logo Light - Neamedia Icons<\/title>\n<meta name=\"description\" content=\"Decorate your home with this collectible logo lamp, inspired by the Call of Duty series, and experience the intensity of the battlefield at home !\" \/>\n<meta name=\"robots\" content=\"index, follow, max-snippet:-1, max-image-preview:large, max-video-preview:-1\" \/>\n<link rel=\"canonical\" href=\"https:\/\/neamedia-icons.com\/en\/produit\/call-of-duty-lampe\/\" \/>\n<meta property=\"og:locale\" content=\"en_US\" \/>\n<meta property=\"og:type\" content=\"article\" \/>\n<meta property=\"og:title\" content=\"Call of Duty - Logo Light - Neamedia Icons\" \/>\n<meta property=\"og:description\" content=\"Decorate your home with this collectible logo lamp, inspired by the Call of Duty series, and experience the intensity of the battlefield at home !\" \/>\n<meta property=\"og:url\" content=\"https:\/\/neamedia-icons.com\/en\/produit\/call-of-duty-lampe\/\" \/>\n<meta property=\"og:site_name\" content=\"Neamedia Icons\" \/>\n<meta property=\"article:publisher\" content=\"https:\/\/www.facebook.com\/NeamediaIcons\/\" \/>\n<meta property=\"article:modified_time\" content=\"2025-11-23T21:32:06+00:00\" \/>\n<meta property=\"og:image\" content=\"https:\/\/neamedia-icons.com\/wp-content\/uploads\/2024\/07\/Call-Of-Duty-Light-Neamedia-Icons.jpg\" \/>\n\t<meta property=\"og:image:width\" content=\"1600\" \/>\n\t<meta property=\"og:image:height\" content=\"1982\" \/>\n\t<meta property=\"og:image:type\" content=\"image\/jpeg\" \/>\n<meta name=\"twitter:card\" content=\"summary_large_image\" \/>\n<meta name=\"twitter:site\" content=\"@neamediaicons\" \/>\n<meta name=\"twitter:label1\" content=\"Est. reading time\" \/>\n\t<meta name=\"twitter:data1\" content=\"3 minutes\" \/>\n<script type=\"application\/ld+json\" class=\"yoast-schema-graph\">{\"@context\":\"https:\/\/schema.org\",\"@graph\":[{\"@type\":\"WebPage\",\"@id\":\"https:\/\/neamedia-icons.com\/en\/produit\/call-of-duty-lampe\/\",\"url\":\"https:\/\/neamedia-icons.com\/en\/produit\/call-of-duty-lampe\/\",\"name\":\"Call of Duty - Logo Light - Neamedia Icons\",\"isPartOf\":{\"@id\":\"https:\/\/neamedia-icons.com\/#website\"},\"datePublished\":\"2024-07-04T08:17:30+00:00\",\"dateModified\":\"2025-11-23T21:32:06+00:00\",\"description\":\"Decorate your home with this collectible logo lamp, inspired by the Call of Duty series, and experience the intensity of the battlefield at home !\",\"breadcrumb\":{\"@id\":\"https:\/\/neamedia-icons.com\/en\/produit\/call-of-duty-lampe\/#breadcrumb\"},\"inLanguage\":\"en-US\",\"potentialAction\":[{\"@type\":\"ReadAction\",\"target\":[\"https:\/\/neamedia-icons.com\/en\/produit\/call-of-duty-lampe\/\"]}]},{\"@type\":\"BreadcrumbList\",\"@id\":\"https:\/\/neamedia-icons.com\/en\/produit\/call-of-duty-lampe\/#breadcrumb\",\"itemListElement\":[{\"@type\":\"ListItem\",\"position\":1,\"name\":\"Accueil\",\"item\":\"https:\/\/neamedia-icons.com\/en\/\"},{\"@type\":\"ListItem\",\"position\":2,\"name\":\"The Shop | Discover the collection\",\"item\":\"https:\/\/neamedia-icons.com\/en\/the-shop\/\"},{\"@type\":\"ListItem\",\"position\":3,\"name\":\"Call of Duty &#8211; Logo Light\"}]},{\"@type\":\"WebSite\",\"@id\":\"https:\/\/neamedia-icons.com\/#website\",\"url\":\"https:\/\/neamedia-icons.com\/\",\"name\":\"Neamedia Icons\",\"description\":\"Boutique sp\u00e9cialis\u00e9e en sculptures, figurines et objets collector design de la Pop Culture - BD, Manga, Anime, Jeux Vid\u00e9o &amp; Litt\u00e9rature\",\"publisher\":{\"@id\":\"https:\/\/neamedia-icons.com\/#organization\"},\"potentialAction\":[{\"@type\":\"SearchAction\",\"target\":{\"@type\":\"EntryPoint\",\"urlTemplate\":\"https:\/\/neamedia-icons.com\/?s={search_term_string}\"},\"query-input\":\"required name=search_term_string\"}],\"inLanguage\":\"en-US\"},{\"@type\":\"Organization\",\"@id\":\"https:\/\/neamedia-icons.com\/#organization\",\"name\":\"Neamedia Icons\",\"url\":\"https:\/\/neamedia-icons.com\/\",\"logo\":{\"@type\":\"ImageObject\",\"inLanguage\":\"en-US\",\"@id\":\"https:\/\/neamedia-icons.com\/#\/schema\/logo\/image\/\",\"url\":\"https:\/\/neamedia-icons.com\/wp-content\/uploads\/2022\/03\/logo_neamediaicons.png\",\"contentUrl\":\"https:\/\/neamedia-icons.com\/wp-content\/uploads\/2022\/03\/logo_neamediaicons.png\",\"width\":700,\"height\":206,\"caption\":\"Neamedia Icons\"},\"image\":{\"@id\":\"https:\/\/neamedia-icons.com\/#\/schema\/logo\/image\/\"},\"sameAs\":[\"https:\/\/www.facebook.com\/NeamediaIcons\/\",\"https:\/\/twitter.com\/neamediaicons\",\"https:\/\/www.instagram.com\/neamediaicons\/\",\"https:\/\/www.pinterest.fr\/neamediaicons\/_created\/\",\"https:\/\/www.youtube.com\/channel\/UCXUJbRezXkDAz70xAan92cw\"]}]}<\/script>\n<!-- \/ Yoast SEO plugin. -->","yoast_head_json":{"title":"Call of Duty - Logo Light - Neamedia Icons","description":"Decorate your home with this collectible logo lamp, inspired by the Call of Duty series, and experience the intensity of the battlefield at home !","robots":{"index":"index","follow":"follow","max-snippet":"max-snippet:-1","max-image-preview":"max-image-preview:large","max-video-preview":"max-video-preview:-1"},"canonical":"https:\/\/neamedia-icons.com\/en\/produit\/call-of-duty-lampe\/","og_locale":"en_US","og_type":"article","og_title":"Call of Duty - Logo Light - Neamedia Icons","og_description":"Decorate your home with this collectible logo lamp, inspired by the Call of Duty series, and experience the intensity of the battlefield at home !","og_url":"https:\/\/neamedia-icons.com\/en\/produit\/call-of-duty-lampe\/","og_site_name":"Neamedia Icons","article_publisher":"https:\/\/www.facebook.com\/NeamediaIcons\/","article_modified_time":"2025-11-23T21:32:06+00:00","og_image":[{"width":1600,"height":1982,"url":"https:\/\/neamedia-icons.com\/wp-content\/uploads\/2024\/07\/Call-Of-Duty-Light-Neamedia-Icons.jpg","type":"image\/jpeg"}],"twitter_card":"summary_large_image","twitter_site":"@neamediaicons","twitter_misc":{"Est. reading time":"3 minutes"},"schema":{"@context":"https:\/\/schema.org","@graph":[{"@type":"WebPage","@id":"https:\/\/neamedia-icons.com\/en\/produit\/call-of-duty-lampe\/","url":"https:\/\/neamedia-icons.com\/en\/produit\/call-of-duty-lampe\/","name":"Call of Duty - Logo Light - Neamedia Icons","isPartOf":{"@id":"https:\/\/neamedia-icons.com\/#website"},"datePublished":"2024-07-04T08:17:30+00:00","dateModified":"2025-11-23T21:32:06+00:00","description":"Decorate your home with this collectible logo lamp, inspired by the Call of Duty series, and experience the intensity of the battlefield at home !","breadcrumb":{"@id":"https:\/\/neamedia-icons.com\/en\/produit\/call-of-duty-lampe\/#breadcrumb"},"inLanguage":"en-US","potentialAction":[{"@type":"ReadAction","target":["https:\/\/neamedia-icons.com\/en\/produit\/call-of-duty-lampe\/"]}]},{"@type":"BreadcrumbList","@id":"https:\/\/neamedia-icons.com\/en\/produit\/call-of-duty-lampe\/#breadcrumb","itemListElement":[{"@type":"ListItem","position":1,"name":"Accueil","item":"https:\/\/neamedia-icons.com\/en\/"},{"@type":"ListItem","position":2,"name":"The Shop | Discover the collection","item":"https:\/\/neamedia-icons.com\/en\/the-shop\/"},{"@type":"ListItem","position":3,"name":"Call of Duty &#8211; Logo Light"}]},{"@type":"WebSite","@id":"https:\/\/neamedia-icons.com\/#website","url":"https:\/\/neamedia-icons.com\/","name":"Neamedia Icons","description":"Boutique sp\u00e9cialis\u00e9e en sculptures, figurines et objets collector design de la Pop Culture - BD, Manga, Anime, Jeux Vid\u00e9o &amp; Litt\u00e9rature","publisher":{"@id":"https:\/\/neamedia-icons.com\/#organization"},"potentialAction":[{"@type":"SearchAction","target":{"@type":"EntryPoint","urlTemplate":"https:\/\/neamedia-icons.com\/?s={search_term_string}"},"query-input":"required name=search_term_string"}],"inLanguage":"en-US"},{"@type":"Organization","@id":"https:\/\/neamedia-icons.com\/#organization","name":"Neamedia Icons","url":"https:\/\/neamedia-icons.com\/","logo":{"@type":"ImageObject","inLanguage":"en-US","@id":"https:\/\/neamedia-icons.com\/#\/schema\/logo\/image\/","url":"https:\/\/neamedia-icons.com\/wp-content\/uploads\/2022\/03\/logo_neamediaicons.png","contentUrl":"https:\/\/neamedia-icons.com\/wp-content\/uploads\/2022\/03\/logo_neamediaicons.png","width":700,"height":206,"caption":"Neamedia Icons"},"image":{"@id":"https:\/\/neamedia-icons.com\/#\/schema\/logo\/image\/"},"sameAs":["https:\/\/www.facebook.com\/NeamediaIcons\/","https:\/\/twitter.com\/neamediaicons","https:\/\/www.instagram.com\/neamediaicons\/","https:\/\/www.pinterest.fr\/neamediaicons\/_created\/","https:\/\/www.youtube.com\/channel\/UCXUJbRezXkDAz70xAan92cw"]}]}},"_links":{"self":[{"href":"https:\/\/neamedia-icons.com\/en\/wp-json\/wp\/v2\/product\/180873","targetHints":{"allow":["GET"]}}],"collection":[{"href":"https:\/\/neamedia-icons.com\/en\/wp-json\/wp\/v2\/product"}],"about":[{"href":"https:\/\/neamedia-icons.com\/en\/wp-json\/wp\/v2\/types\/product"}],"replies":[{"embeddable":true,"href":"https:\/\/neamedia-icons.com\/en\/wp-json\/wp\/v2\/comments?post=180873"}],"wp:featuredmedia":[{"embeddable":true,"href":"https:\/\/neamedia-icons.com\/en\/wp-json\/wp\/v2\/media\/182077"}],"wp:attachment":[{"href":"https:\/\/neamedia-icons.com\/en\/wp-json\/wp\/v2\/media?parent=180873"}],"wp:term":[{"taxonomy":"product_cat","embeddable":true,"href":"https:\/\/neamedia-icons.com\/en\/wp-json\/wp\/v2\/product_cat?post=180873"},{"taxonomy":"product_tag","embeddable":true,"href":"https:\/\/neamedia-icons.com\/en\/wp-json\/wp\/v2\/product_tag?post=180873"}],"curies":[{"name":"wp","href":"https:\/\/api.w.org\/{rel}","templated":true}]}}