{"id":180833,"date":"2024-06-09T14:43:27","date_gmt":"2024-06-09T12:43:27","guid":{"rendered":"https:\/\/neamedia-icons.com\/produit\/sculpture-the-little-prince-110cm-voyageur\/"},"modified":"2025-11-26T17:08:55","modified_gmt":"2025-11-26T16:08:55","slug":"sculpture-the-little-prince-110cm-voyageur","status":"publish","type":"product","link":"https:\/\/neamedia-icons.com\/en\/produit\/sculpture-the-little-prince-110cm-voyageur\/","title":{"rendered":"Sculpture \u2013 The Little Prince \u2013 110cm \u2013 Voyageur"},"content":{"rendered":"<h3>A UNIQUE OBJECT THAT WILL TAKE YOU ON A JOURNEY!<\/h3>\n<p>Neamedia Icons presents the new life-size <strong>The Little Prince Voyageur edition<\/strong> statue, hand-painted with a glossy finish. Shiny and modern, this life-size sculpture is impressive. At 110 centimeters high, this reproduction of the Little Prince is more than a sculpture, it is a true work of art! A limited and numbered edition, the sculptures are delivered with certificate of authenticity. Sculpture created with the support of Antoine de Saint-Exup\u00e9ry\u2019s heirs.<\/p>\n<p><img loading=\"lazy\" decoding=\"async\" class=\"alignnone wp-image-3833 size-medium\" src=\"https:\/\/neamedia-icons.com\/wp-content\/uploads\/2022\/05\/lepetitprince_neamediaicons-300x50.png\" alt=\"\" width=\"300\" height=\"50\" srcset=\"https:\/\/neamedia-icons.com\/wp-content\/uploads\/2022\/05\/lepetitprince_neamediaicons-300x50.png 300w, https:\/\/neamedia-icons.com\/wp-content\/uploads\/2022\/05\/lepetitprince_neamediaicons.png 549w\" sizes=\"auto, (max-width: 300px) 100vw, 300px\" \/><\/p>\n<p>&nbsp;<\/p>\n<ul>\n<li>Product under official license: Le Petit Prince\u00ae\u00a9 Succession Antoine de Saint-Exup\u00e9ry<\/li>\n<li>Colors : <a href=\"https:\/\/neamedia-icons.com\/produit\/sculpture-le-petit-prince-110cm-voyageur-classique\/\">Classical<\/a>, White<\/li>\n<li>Hand-painted fiberglass statue with a lacquered finish<\/li>\n<li>Statue supplied with certificate of authenticity<\/li>\n<li>Statue in limited and numbered edition<\/li>\n<li>Size, Weight: 110cm (43.30&#8243;), 13kg (28.66lb)<\/li>\n<li>Published by Neamedia Icons<\/li>\n<\/ul>\n<p>Follow The Little Prince by Neamedia on : <a href=\"https:\/\/www.facebook.com\/people\/Le-Petit-Prince-par-Neamedia\/61553017182667\/\"><strong>Facebook<\/strong><\/a><strong> | <a href=\"https:\/\/www.instagram.com\/lepetitprince_neamedia\/\">Instagram<\/a> | <a href=\"https:\/\/twitter.com\/neamediaicons\">Twitter<\/a> | <a href=\"https:\/\/www.pinterest.fr\/neamediaicons\/\">Pinterest<\/a><\/strong><\/p>\n","protected":false},"excerpt":{"rendered":"<ul>\n<li>Product under official license: Le Petit Prince\u00ae\u00a9 Succession Antoine de Saint-Exup\u00e9ry<\/li>\n<li>Colors : Classical, White<\/li>\n<li>Hand-painted fiberglass statue with a lacquered finish<\/li>\n<li>Statue supplied with certificate of authenticity<\/li>\n<li>Statue in limited and numbered edition<\/li>\n<li>Size, Weight: 110cm (43.30&#8243;), 13kg (28.66lb)<\/li>\n<li>Published by Neamedia Icons<\/li>\n<\/ul>\n<h4><\/h4>\n","protected":false},"featured_media":180466,"comment_status":"open","ping_status":"closed","template":"","meta":[],"product_cat":[105,112],"product_tag":[140],"class_list":{"0":"post-180833","1":"product","2":"type-product","3":"status-publish","4":"has-post-thumbnail","6":"product_cat-thelittleprince-en","7":"product_cat-thelittleprince-sculpture-en","8":"product_tag-statues-en","10":"first","11":"instock","12":"taxable","13":"shipping-taxable","14":"purchasable","15":"product-type-simple"},"yoast_head":"<!-- This site is optimized with the Yoast SEO plugin v21.4 - https:\/\/yoast.com\/wordpress\/plugins\/seo\/ -->\n<title>Sculpture \u2013 The Little Prince \u2013 110cm \u2013 Voyageur - Neamedia Icons<\/title>\n<meta name=\"description\" content=\"Neamedia Icons&#039; 110cm Little Prince Voyageur edition sculpture, associated with Antoine de Saint-Exup\u00e9ry&#039;s heirs, will delight young and old alike.\" \/>\n<meta name=\"robots\" content=\"index, follow, max-snippet:-1, max-image-preview:large, max-video-preview:-1\" \/>\n<link rel=\"canonical\" href=\"https:\/\/neamedia-icons.com\/en\/produit\/sculpture-the-little-prince-110cm-voyageur\/\" \/>\n<meta property=\"og:locale\" content=\"en_US\" \/>\n<meta property=\"og:type\" content=\"article\" \/>\n<meta property=\"og:title\" content=\"Sculpture \u2013 The Little Prince \u2013 110cm \u2013 Voyageur - Neamedia Icons\" \/>\n<meta property=\"og:description\" content=\"Neamedia Icons&#039; 110cm Little Prince Voyageur edition sculpture, associated with Antoine de Saint-Exup\u00e9ry&#039;s heirs, will delight young and old alike.\" \/>\n<meta property=\"og:url\" content=\"https:\/\/neamedia-icons.com\/en\/produit\/sculpture-the-little-prince-110cm-voyageur\/\" \/>\n<meta property=\"og:site_name\" content=\"Neamedia Icons\" \/>\n<meta property=\"article:publisher\" content=\"https:\/\/www.facebook.com\/NeamediaIcons\/\" \/>\n<meta property=\"article:modified_time\" content=\"2025-11-26T16:08:55+00:00\" \/>\n<meta property=\"og:image\" content=\"https:\/\/neamedia-icons.com\/wp-content\/uploads\/2024\/01\/Le-petit-Prince-voyageur-en-situation-1024x1024.png\" \/>\n\t<meta property=\"og:image:width\" content=\"1024\" \/>\n\t<meta property=\"og:image:height\" content=\"1024\" \/>\n\t<meta property=\"og:image:type\" content=\"image\/png\" \/>\n<meta name=\"twitter:card\" content=\"summary_large_image\" \/>\n<meta name=\"twitter:site\" content=\"@neamediaicons\" \/>\n<meta name=\"twitter:label1\" content=\"Est. reading time\" \/>\n\t<meta name=\"twitter:data1\" content=\"1 minute\" \/>\n<script type=\"application\/ld+json\" class=\"yoast-schema-graph\">{\"@context\":\"https:\/\/schema.org\",\"@graph\":[{\"@type\":\"WebPage\",\"@id\":\"https:\/\/neamedia-icons.com\/en\/produit\/sculpture-the-little-prince-110cm-voyageur\/\",\"url\":\"https:\/\/neamedia-icons.com\/en\/produit\/sculpture-the-little-prince-110cm-voyageur\/\",\"name\":\"Sculpture \u2013 The Little Prince \u2013 110cm \u2013 Voyageur - Neamedia Icons\",\"isPartOf\":{\"@id\":\"https:\/\/neamedia-icons.com\/#website\"},\"datePublished\":\"2024-06-09T12:43:27+00:00\",\"dateModified\":\"2025-11-26T16:08:55+00:00\",\"description\":\"Neamedia Icons' 110cm Little Prince Voyageur edition sculpture, associated with Antoine de Saint-Exup\u00e9ry's heirs, will delight young and old alike.\",\"breadcrumb\":{\"@id\":\"https:\/\/neamedia-icons.com\/en\/produit\/sculpture-the-little-prince-110cm-voyageur\/#breadcrumb\"},\"inLanguage\":\"en-US\",\"potentialAction\":[{\"@type\":\"ReadAction\",\"target\":[\"https:\/\/neamedia-icons.com\/en\/produit\/sculpture-the-little-prince-110cm-voyageur\/\"]}]},{\"@type\":\"BreadcrumbList\",\"@id\":\"https:\/\/neamedia-icons.com\/en\/produit\/sculpture-the-little-prince-110cm-voyageur\/#breadcrumb\",\"itemListElement\":[{\"@type\":\"ListItem\",\"position\":1,\"name\":\"Accueil\",\"item\":\"https:\/\/neamedia-icons.com\/en\/\"},{\"@type\":\"ListItem\",\"position\":2,\"name\":\"The Shop | Discover the collection\",\"item\":\"https:\/\/neamedia-icons.com\/en\/the-shop\/\"},{\"@type\":\"ListItem\",\"position\":3,\"name\":\"Sculpture \u2013 The Little Prince \u2013 110cm \u2013 Voyageur\"}]},{\"@type\":\"WebSite\",\"@id\":\"https:\/\/neamedia-icons.com\/#website\",\"url\":\"https:\/\/neamedia-icons.com\/\",\"name\":\"Neamedia Icons\",\"description\":\"Boutique sp\u00e9cialis\u00e9e en sculptures, figurines et objets collector design de la Pop Culture - BD, Manga, Anime, Jeux Vid\u00e9o &amp; Litt\u00e9rature\",\"publisher\":{\"@id\":\"https:\/\/neamedia-icons.com\/#organization\"},\"potentialAction\":[{\"@type\":\"SearchAction\",\"target\":{\"@type\":\"EntryPoint\",\"urlTemplate\":\"https:\/\/neamedia-icons.com\/?s={search_term_string}\"},\"query-input\":\"required name=search_term_string\"}],\"inLanguage\":\"en-US\"},{\"@type\":\"Organization\",\"@id\":\"https:\/\/neamedia-icons.com\/#organization\",\"name\":\"Neamedia Icons\",\"url\":\"https:\/\/neamedia-icons.com\/\",\"logo\":{\"@type\":\"ImageObject\",\"inLanguage\":\"en-US\",\"@id\":\"https:\/\/neamedia-icons.com\/#\/schema\/logo\/image\/\",\"url\":\"https:\/\/neamedia-icons.com\/wp-content\/uploads\/2022\/03\/logo_neamediaicons.png\",\"contentUrl\":\"https:\/\/neamedia-icons.com\/wp-content\/uploads\/2022\/03\/logo_neamediaicons.png\",\"width\":700,\"height\":206,\"caption\":\"Neamedia Icons\"},\"image\":{\"@id\":\"https:\/\/neamedia-icons.com\/#\/schema\/logo\/image\/\"},\"sameAs\":[\"https:\/\/www.facebook.com\/NeamediaIcons\/\",\"https:\/\/twitter.com\/neamediaicons\",\"https:\/\/www.instagram.com\/neamediaicons\/\",\"https:\/\/www.pinterest.fr\/neamediaicons\/_created\/\",\"https:\/\/www.youtube.com\/channel\/UCXUJbRezXkDAz70xAan92cw\"]}]}<\/script>\n<!-- \/ Yoast SEO plugin. -->","yoast_head_json":{"title":"Sculpture \u2013 The Little Prince \u2013 110cm \u2013 Voyageur - Neamedia Icons","description":"Neamedia Icons' 110cm Little Prince Voyageur edition sculpture, associated with Antoine de Saint-Exup\u00e9ry's heirs, will delight young and old alike.","robots":{"index":"index","follow":"follow","max-snippet":"max-snippet:-1","max-image-preview":"max-image-preview:large","max-video-preview":"max-video-preview:-1"},"canonical":"https:\/\/neamedia-icons.com\/en\/produit\/sculpture-the-little-prince-110cm-voyageur\/","og_locale":"en_US","og_type":"article","og_title":"Sculpture \u2013 The Little Prince \u2013 110cm \u2013 Voyageur - Neamedia Icons","og_description":"Neamedia Icons' 110cm Little Prince Voyageur edition sculpture, associated with Antoine de Saint-Exup\u00e9ry's heirs, will delight young and old alike.","og_url":"https:\/\/neamedia-icons.com\/en\/produit\/sculpture-the-little-prince-110cm-voyageur\/","og_site_name":"Neamedia Icons","article_publisher":"https:\/\/www.facebook.com\/NeamediaIcons\/","article_modified_time":"2025-11-26T16:08:55+00:00","og_image":[{"width":1024,"height":1024,"url":"https:\/\/neamedia-icons.com\/wp-content\/uploads\/2024\/01\/Le-petit-Prince-voyageur-en-situation-1024x1024.png","type":"image\/png"}],"twitter_card":"summary_large_image","twitter_site":"@neamediaicons","twitter_misc":{"Est. reading time":"1 minute"},"schema":{"@context":"https:\/\/schema.org","@graph":[{"@type":"WebPage","@id":"https:\/\/neamedia-icons.com\/en\/produit\/sculpture-the-little-prince-110cm-voyageur\/","url":"https:\/\/neamedia-icons.com\/en\/produit\/sculpture-the-little-prince-110cm-voyageur\/","name":"Sculpture \u2013 The Little Prince \u2013 110cm \u2013 Voyageur - Neamedia Icons","isPartOf":{"@id":"https:\/\/neamedia-icons.com\/#website"},"datePublished":"2024-06-09T12:43:27+00:00","dateModified":"2025-11-26T16:08:55+00:00","description":"Neamedia Icons' 110cm Little Prince Voyageur edition sculpture, associated with Antoine de Saint-Exup\u00e9ry's heirs, will delight young and old alike.","breadcrumb":{"@id":"https:\/\/neamedia-icons.com\/en\/produit\/sculpture-the-little-prince-110cm-voyageur\/#breadcrumb"},"inLanguage":"en-US","potentialAction":[{"@type":"ReadAction","target":["https:\/\/neamedia-icons.com\/en\/produit\/sculpture-the-little-prince-110cm-voyageur\/"]}]},{"@type":"BreadcrumbList","@id":"https:\/\/neamedia-icons.com\/en\/produit\/sculpture-the-little-prince-110cm-voyageur\/#breadcrumb","itemListElement":[{"@type":"ListItem","position":1,"name":"Accueil","item":"https:\/\/neamedia-icons.com\/en\/"},{"@type":"ListItem","position":2,"name":"The Shop | Discover the collection","item":"https:\/\/neamedia-icons.com\/en\/the-shop\/"},{"@type":"ListItem","position":3,"name":"Sculpture \u2013 The Little Prince \u2013 110cm \u2013 Voyageur"}]},{"@type":"WebSite","@id":"https:\/\/neamedia-icons.com\/#website","url":"https:\/\/neamedia-icons.com\/","name":"Neamedia Icons","description":"Boutique sp\u00e9cialis\u00e9e en sculptures, figurines et objets collector design de la Pop Culture - BD, Manga, Anime, Jeux Vid\u00e9o &amp; Litt\u00e9rature","publisher":{"@id":"https:\/\/neamedia-icons.com\/#organization"},"potentialAction":[{"@type":"SearchAction","target":{"@type":"EntryPoint","urlTemplate":"https:\/\/neamedia-icons.com\/?s={search_term_string}"},"query-input":"required name=search_term_string"}],"inLanguage":"en-US"},{"@type":"Organization","@id":"https:\/\/neamedia-icons.com\/#organization","name":"Neamedia Icons","url":"https:\/\/neamedia-icons.com\/","logo":{"@type":"ImageObject","inLanguage":"en-US","@id":"https:\/\/neamedia-icons.com\/#\/schema\/logo\/image\/","url":"https:\/\/neamedia-icons.com\/wp-content\/uploads\/2022\/03\/logo_neamediaicons.png","contentUrl":"https:\/\/neamedia-icons.com\/wp-content\/uploads\/2022\/03\/logo_neamediaicons.png","width":700,"height":206,"caption":"Neamedia Icons"},"image":{"@id":"https:\/\/neamedia-icons.com\/#\/schema\/logo\/image\/"},"sameAs":["https:\/\/www.facebook.com\/NeamediaIcons\/","https:\/\/twitter.com\/neamediaicons","https:\/\/www.instagram.com\/neamediaicons\/","https:\/\/www.pinterest.fr\/neamediaicons\/_created\/","https:\/\/www.youtube.com\/channel\/UCXUJbRezXkDAz70xAan92cw"]}]}},"_links":{"self":[{"href":"https:\/\/neamedia-icons.com\/en\/wp-json\/wp\/v2\/product\/180833","targetHints":{"allow":["GET"]}}],"collection":[{"href":"https:\/\/neamedia-icons.com\/en\/wp-json\/wp\/v2\/product"}],"about":[{"href":"https:\/\/neamedia-icons.com\/en\/wp-json\/wp\/v2\/types\/product"}],"replies":[{"embeddable":true,"href":"https:\/\/neamedia-icons.com\/en\/wp-json\/wp\/v2\/comments?post=180833"}],"wp:featuredmedia":[{"embeddable":true,"href":"https:\/\/neamedia-icons.com\/en\/wp-json\/wp\/v2\/media\/180466"}],"wp:attachment":[{"href":"https:\/\/neamedia-icons.com\/en\/wp-json\/wp\/v2\/media?parent=180833"}],"wp:term":[{"taxonomy":"product_cat","embeddable":true,"href":"https:\/\/neamedia-icons.com\/en\/wp-json\/wp\/v2\/product_cat?post=180833"},{"taxonomy":"product_tag","embeddable":true,"href":"https:\/\/neamedia-icons.com\/en\/wp-json\/wp\/v2\/product_tag?post=180833"}],"curies":[{"name":"wp","href":"https:\/\/api.w.org\/{rel}","templated":true}]}}