{"id":179929,"date":"2024-06-18T14:38:14","date_gmt":"2024-06-18T12:38:14","guid":{"rendered":"https:\/\/neamedia-icons.com\/?post_type=product&#038;p=179929"},"modified":"2026-04-14T05:10:10","modified_gmt":"2026-04-14T03:10:10","slug":"cyberpunk-edgerunners-diorama-20cm","status":"publish","type":"product","link":"https:\/\/neamedia-icons.com\/en\/produit\/cyberpunk-edgerunners-diorama-20cm\/","title":{"rendered":"Cyberpunk Edgerunners &#8211; Diorama"},"content":{"rendered":"<h2><span dir=\"ltr\" role=\"presentation\">THE OFFICIAL LUCY AND DAVID RUNAWAY DIORAMA <\/span><\/h2>\n<p>&nbsp; This official diorama from Cyberpunk Edgerunners takes its inspiration from the famous Netflix Anime. Rediscover this famous scene of Lucy and David weaving through traffic on a gunnery. In this dynamic pose, no detail is left to chance. The hand-painted finish makes each diorama unique. If you look carefully you&#8217;ll see Lucy\u2019s slightly mad smile, her body dance, , the bright colors of her eyes, her hair weaving with the movement and and this very specific look of David saying in his head \u201cfuck I\u2019m so in love with this chick\u201d. The smoke, the lightening, the sparkles, everything is there to bring to life this very specific moment. Time to ignite this master piece with the LED light function included. Make a statement. Make the difference and bring the Edgerunners that live inside of you with this beautiful diorama. This diorama is an original creation of Neamedia Icons Scenes. Retrouvez les autres <a href=\"https:\/\/neamedia-icons.com\/en\/etiquette-produit\/lights\/\">lampes Cyberpunk<\/a> ou encore la <a href=\"https:\/\/neamedia-icons.com\/en\/produit\/light-logo-cyberpunk2077-22cm\/\">r\u00e9plique du Bras de Johnny Silverhand<\/a>. Start your Cyberpunk 2077 collection by Neamedia Icons now. <img loading=\"lazy\" decoding=\"async\" class=\"alignnone size-medium wp-image-179387\" src=\"https:\/\/neamedia-icons.com\/wp-content\/uploads\/2023\/09\/licence_neamediaicons_cyberpunkedgerunners-300x104.png\" alt=\"\" width=\"300\" height=\"104\" srcset=\"https:\/\/neamedia-icons.com\/wp-content\/uploads\/2023\/09\/licence_neamediaicons_cyberpunkedgerunners-300x104.png 300w, https:\/\/neamedia-icons.com\/wp-content\/uploads\/2023\/09\/licence_neamediaicons_cyberpunkedgerunners.png 500w\" sizes=\"auto, (max-width: 300px) 100vw, 300px\" \/>     <img loading=\"lazy\" decoding=\"async\" class=\"alignnone wp-image-179931\" src=\"https:\/\/neamedia-icons.com\/wp-content\/uploads\/2023\/11\/CDPR_Logo-Horizontal-Black_RGB-300x129.png\" alt=\"\" width=\"207\" height=\"89\" srcset=\"https:\/\/neamedia-icons.com\/wp-content\/uploads\/2023\/11\/CDPR_Logo-Horizontal-Black_RGB-300x129.png 300w, https:\/\/neamedia-icons.com\/wp-content\/uploads\/2023\/11\/CDPR_Logo-Horizontal-Black_RGB-1024x440.png 1024w, https:\/\/neamedia-icons.com\/wp-content\/uploads\/2023\/11\/CDPR_Logo-Horizontal-Black_RGB-768x330.png 768w, https:\/\/neamedia-icons.com\/wp-content\/uploads\/2023\/11\/CDPR_Logo-Horizontal-Black_RGB-1536x659.png 1536w, https:\/\/neamedia-icons.com\/wp-content\/uploads\/2023\/11\/CDPR_Logo-Horizontal-Black_RGB-920x395.png 920w, https:\/\/neamedia-icons.com\/wp-content\/uploads\/2023\/11\/CDPR_Logo-Horizontal-Black_RGB.png 1882w\" sizes=\"auto, (max-width: 207px) 100vw, 207px\" \/><\/p>\n<h3>What is the official Cyberpunk: Edgerunners diorama?<\/h3>\n<ul>\n<li><span style=\"text-decoration: underline;\">Official product<\/span>: The Cyberpunk: Edgerunners diorama is an officially licensed collector&#8217;s item, guaranteeing superior quality and authenticity. Every detail is designed to perfectly represent the Edgerunners universe. Invest in the best for the ultimate Cyberpunk experience.<\/li>\n<li><span style=\"text-decoration: underline;\">Hand-painted resin sculpture<\/span>: Made from high-quality materials, this lamp combines durability and aesthetics. The colors of the paint, the expressions on the faces, the engraved details, all these elements magnificently represent this epic passage.<\/li>\n<li><span style=\"text-decoration: underline;\">The light of Night City: This diorama includes a light function to enhance every detail of this neon-punk universe.<\/span> Switch it on and it&#8217;ll transport you to a world of adventure and emotion, all set against a Cyberpunk backdrop.<\/li>\n<li><span style=\"text-decoration: underline;\">Iconic scene<\/span>: This official Cyberpunk Edgerunners diorama features the most iconic scene from the acclaimed Netflix anime. The famous ambulance scene, in which Lucy and David escape in a wild car chase, is brought to life in this sublime resin figurine.<\/li>\n<\/ul>\n<p>&nbsp;<\/p>\n<ul>\n<li>Powered by USB-C cable (cable included)<\/li>\n<li>Size : L : 20cm | P : 19.5cm | H : 19.5cm<\/li>\n<li>Weight : 1.4kg<\/li>\n<li>Find out about all the other Cyberpunk collectibles: the <a href=\"https:\/\/neamedia-icons.com\/en\/etiquette-produit\/lights\/\">logo lights<\/a>, the arm or the <a href=\"https:\/\/neamedia-icons.com\/produit\/cyberpunk-edgerunners-diorama-20cm\/\">Edgerunners diorama<\/a>.<\/li>\n<\/ul>\n<p>&nbsp; Follow us on: <a href=\"https:\/\/www.facebook.com\/NeamediaIcons\/\"><strong>Facebook<\/strong><\/a><strong> | <a href=\"https:\/\/www.instagram.com\/neamediaicons\/\">Instagram<\/a> | <a href=\"https:\/\/twitter.com\/neamediaicons\">Twitter<\/a> | <a href=\"https:\/\/www.pinterest.fr\/neamediaicons\/\">Pinterest<\/a><\/strong><\/p>\n","protected":false},"excerpt":{"rendered":"<ul>\n<li>Official product<\/li>\n<li>Hand painted sculpture made of resin<\/li>\n<li>Diorama with LED light function<\/li>\n<li>Powered by USB-C cable (cable included)<\/li>\n<li>Size : L : 20cm | P : 19.5cm | H : 19.5cm<\/li>\n<li>Weight : 1.4kg<\/li>\n<li>Find out about all the other Cyberpunk collectibles: the <a href=\"https:\/\/neamedia-icons.com\/en\/etiquette-produit\/lights\/\">logo lights<\/a>, the arm or the <a href=\"https:\/\/neamedia-icons.com\/produit\/cyberpunk-edgerunners-diorama-20cm\/\">Edgerunners diorama<\/a>.<\/li>\n<\/ul>\n<h4><\/h4>\n<p><img loading=\"lazy\" decoding=\"async\" class=\"alignnone wp-image-179931\" src=\"https:\/\/neamedia-icons.com\/wp-content\/uploads\/2023\/11\/CDPR_Logo-Horizontal-Black_RGB-300x129.png\" alt=\"\" width=\"149\" height=\"64\" srcset=\"https:\/\/neamedia-icons.com\/wp-content\/uploads\/2023\/11\/CDPR_Logo-Horizontal-Black_RGB-300x129.png 300w, https:\/\/neamedia-icons.com\/wp-content\/uploads\/2023\/11\/CDPR_Logo-Horizontal-Black_RGB-1024x440.png 1024w, https:\/\/neamedia-icons.com\/wp-content\/uploads\/2023\/11\/CDPR_Logo-Horizontal-Black_RGB-768x330.png 768w, https:\/\/neamedia-icons.com\/wp-content\/uploads\/2023\/11\/CDPR_Logo-Horizontal-Black_RGB-1536x659.png 1536w, https:\/\/neamedia-icons.com\/wp-content\/uploads\/2023\/11\/CDPR_Logo-Horizontal-Black_RGB-920x395.png 920w, https:\/\/neamedia-icons.com\/wp-content\/uploads\/2023\/11\/CDPR_Logo-Horizontal-Black_RGB.png 1882w\" sizes=\"auto, (max-width: 149px) 100vw, 149px\" \/>   <img loading=\"lazy\" decoding=\"async\" class=\"alignnone wp-image-179387\" src=\"https:\/\/neamedia-icons.com\/wp-content\/uploads\/2023\/09\/licence_neamediaicons_cyberpunkedgerunners-300x104.png\" alt=\"\" width=\"176\" height=\"61\" srcset=\"https:\/\/neamedia-icons.com\/wp-content\/uploads\/2023\/09\/licence_neamediaicons_cyberpunkedgerunners-300x104.png 300w, https:\/\/neamedia-icons.com\/wp-content\/uploads\/2023\/09\/licence_neamediaicons_cyberpunkedgerunners.png 500w\" sizes=\"auto, (max-width: 176px) 100vw, 176px\" \/><\/p>\n<p>&nbsp;<\/p>\n","protected":false},"featured_media":179878,"comment_status":"open","ping_status":"closed","template":"","meta":[],"product_cat":[108],"product_tag":[139,140],"class_list":{"0":"post-179929","1":"product","2":"type-product","3":"status-publish","4":"has-post-thumbnail","6":"product_cat-cyberpunk-2077-en","7":"product_tag-dioramas-en","8":"product_tag-statues-en","10":"first","11":"outofstock","12":"taxable","13":"shipping-taxable","14":"purchasable","15":"product-type-simple"},"yoast_head":"<!-- This site is optimized with the Yoast SEO plugin v21.4 - https:\/\/yoast.com\/wordpress\/plugins\/seo\/ -->\n<title>Cyberpunk Edgerunners - Diorama - Neamedia Icons<\/title>\n<meta name=\"description\" content=\"Discover Cyberpunk: Edgerunners&#039; exclusive new diorama featuring the famous scene of David and Lucy&#039;s escape on a stretcher.\" \/>\n<meta name=\"robots\" content=\"index, follow, max-snippet:-1, max-image-preview:large, max-video-preview:-1\" \/>\n<link rel=\"canonical\" href=\"https:\/\/neamedia-icons.com\/produit\/cyberpunk-edgerunners-diorama-20cm\/\" \/>\n<meta property=\"og:locale\" content=\"en_US\" \/>\n<meta property=\"og:type\" content=\"article\" \/>\n<meta property=\"og:title\" content=\"Cyberpunk Edgerunners - Diorama - Neamedia Icons\" \/>\n<meta property=\"og:description\" content=\"Discover Cyberpunk: Edgerunners&#039; exclusive new diorama featuring the famous scene of David and Lucy&#039;s escape on a stretcher.\" \/>\n<meta property=\"og:url\" content=\"https:\/\/neamedia-icons.com\/produit\/cyberpunk-edgerunners-diorama-20cm\/\" \/>\n<meta property=\"og:site_name\" content=\"Neamedia Icons\" \/>\n<meta property=\"article:publisher\" content=\"https:\/\/www.facebook.com\/NeamediaIcons\/\" \/>\n<meta property=\"article:modified_time\" content=\"2026-04-14T03:10:10+00:00\" \/>\n<meta property=\"og:image\" content=\"https:\/\/neamedia-icons.com\/wp-content\/uploads\/2023\/11\/Cyberpunk_Edgerunners_diorama_cd_projekt_neamedia_icons_video_games-3.jpg\" \/>\n\t<meta property=\"og:image:width\" content=\"1280\" \/>\n\t<meta property=\"og:image:height\" content=\"1586\" \/>\n\t<meta property=\"og:image:type\" content=\"image\/jpeg\" \/>\n<meta name=\"twitter:card\" content=\"summary_large_image\" \/>\n<meta name=\"twitter:site\" content=\"@neamediaicons\" \/>\n<meta name=\"twitter:label1\" content=\"Est. reading time\" \/>\n\t<meta name=\"twitter:data1\" content=\"2 minutes\" \/>\n<script type=\"application\/ld+json\" class=\"yoast-schema-graph\">{\"@context\":\"https:\/\/schema.org\",\"@graph\":[{\"@type\":\"WebPage\",\"@id\":\"https:\/\/neamedia-icons.com\/produit\/cyberpunk-edgerunners-diorama-20cm\/\",\"url\":\"https:\/\/neamedia-icons.com\/produit\/cyberpunk-edgerunners-diorama-20cm\/\",\"name\":\"Cyberpunk Edgerunners - Diorama - Neamedia Icons\",\"isPartOf\":{\"@id\":\"https:\/\/neamedia-icons.com\/#website\"},\"datePublished\":\"2024-06-18T12:38:14+00:00\",\"dateModified\":\"2026-04-14T03:10:10+00:00\",\"description\":\"Discover Cyberpunk: Edgerunners' exclusive new diorama featuring the famous scene of David and Lucy's escape on a stretcher.\",\"breadcrumb\":{\"@id\":\"https:\/\/neamedia-icons.com\/produit\/cyberpunk-edgerunners-diorama-20cm\/#breadcrumb\"},\"inLanguage\":\"en-US\",\"potentialAction\":[{\"@type\":\"ReadAction\",\"target\":[\"https:\/\/neamedia-icons.com\/produit\/cyberpunk-edgerunners-diorama-20cm\/\"]}]},{\"@type\":\"BreadcrumbList\",\"@id\":\"https:\/\/neamedia-icons.com\/produit\/cyberpunk-edgerunners-diorama-20cm\/#breadcrumb\",\"itemListElement\":[{\"@type\":\"ListItem\",\"position\":1,\"name\":\"Accueil\",\"item\":\"https:\/\/neamedia-icons.com\/en\/\"},{\"@type\":\"ListItem\",\"position\":2,\"name\":\"The Shop | Discover the collection\",\"item\":\"https:\/\/neamedia-icons.com\/en\/the-shop\/\"},{\"@type\":\"ListItem\",\"position\":3,\"name\":\"Cyberpunk Edgerunners &#8211; Diorama\"}]},{\"@type\":\"WebSite\",\"@id\":\"https:\/\/neamedia-icons.com\/#website\",\"url\":\"https:\/\/neamedia-icons.com\/\",\"name\":\"Neamedia Icons\",\"description\":\"Boutique sp\u00e9cialis\u00e9e en sculptures, figurines et objets collector design de la Pop Culture - BD, Manga, Anime, Jeux Vid\u00e9o &amp; Litt\u00e9rature\",\"publisher\":{\"@id\":\"https:\/\/neamedia-icons.com\/#organization\"},\"potentialAction\":[{\"@type\":\"SearchAction\",\"target\":{\"@type\":\"EntryPoint\",\"urlTemplate\":\"https:\/\/neamedia-icons.com\/?s={search_term_string}\"},\"query-input\":\"required name=search_term_string\"}],\"inLanguage\":\"en-US\"},{\"@type\":\"Organization\",\"@id\":\"https:\/\/neamedia-icons.com\/#organization\",\"name\":\"Neamedia Icons\",\"url\":\"https:\/\/neamedia-icons.com\/\",\"logo\":{\"@type\":\"ImageObject\",\"inLanguage\":\"en-US\",\"@id\":\"https:\/\/neamedia-icons.com\/#\/schema\/logo\/image\/\",\"url\":\"https:\/\/neamedia-icons.com\/wp-content\/uploads\/2022\/03\/logo_neamediaicons.png\",\"contentUrl\":\"https:\/\/neamedia-icons.com\/wp-content\/uploads\/2022\/03\/logo_neamediaicons.png\",\"width\":700,\"height\":206,\"caption\":\"Neamedia Icons\"},\"image\":{\"@id\":\"https:\/\/neamedia-icons.com\/#\/schema\/logo\/image\/\"},\"sameAs\":[\"https:\/\/www.facebook.com\/NeamediaIcons\/\",\"https:\/\/twitter.com\/neamediaicons\",\"https:\/\/www.instagram.com\/neamediaicons\/\",\"https:\/\/www.pinterest.fr\/neamediaicons\/_created\/\",\"https:\/\/www.youtube.com\/channel\/UCXUJbRezXkDAz70xAan92cw\"]}]}<\/script>\n<!-- \/ Yoast SEO plugin. -->","yoast_head_json":{"title":"Cyberpunk Edgerunners - Diorama - Neamedia Icons","description":"Discover Cyberpunk: Edgerunners' exclusive new diorama featuring the famous scene of David and Lucy's escape on a stretcher.","robots":{"index":"index","follow":"follow","max-snippet":"max-snippet:-1","max-image-preview":"max-image-preview:large","max-video-preview":"max-video-preview:-1"},"canonical":"https:\/\/neamedia-icons.com\/produit\/cyberpunk-edgerunners-diorama-20cm\/","og_locale":"en_US","og_type":"article","og_title":"Cyberpunk Edgerunners - Diorama - Neamedia Icons","og_description":"Discover Cyberpunk: Edgerunners' exclusive new diorama featuring the famous scene of David and Lucy's escape on a stretcher.","og_url":"https:\/\/neamedia-icons.com\/produit\/cyberpunk-edgerunners-diorama-20cm\/","og_site_name":"Neamedia Icons","article_publisher":"https:\/\/www.facebook.com\/NeamediaIcons\/","article_modified_time":"2026-04-14T03:10:10+00:00","og_image":[{"width":1280,"height":1586,"url":"https:\/\/neamedia-icons.com\/wp-content\/uploads\/2023\/11\/Cyberpunk_Edgerunners_diorama_cd_projekt_neamedia_icons_video_games-3.jpg","type":"image\/jpeg"}],"twitter_card":"summary_large_image","twitter_site":"@neamediaicons","twitter_misc":{"Est. reading time":"2 minutes"},"schema":{"@context":"https:\/\/schema.org","@graph":[{"@type":"WebPage","@id":"https:\/\/neamedia-icons.com\/produit\/cyberpunk-edgerunners-diorama-20cm\/","url":"https:\/\/neamedia-icons.com\/produit\/cyberpunk-edgerunners-diorama-20cm\/","name":"Cyberpunk Edgerunners - Diorama - Neamedia Icons","isPartOf":{"@id":"https:\/\/neamedia-icons.com\/#website"},"datePublished":"2024-06-18T12:38:14+00:00","dateModified":"2026-04-14T03:10:10+00:00","description":"Discover Cyberpunk: Edgerunners' exclusive new diorama featuring the famous scene of David and Lucy's escape on a stretcher.","breadcrumb":{"@id":"https:\/\/neamedia-icons.com\/produit\/cyberpunk-edgerunners-diorama-20cm\/#breadcrumb"},"inLanguage":"en-US","potentialAction":[{"@type":"ReadAction","target":["https:\/\/neamedia-icons.com\/produit\/cyberpunk-edgerunners-diorama-20cm\/"]}]},{"@type":"BreadcrumbList","@id":"https:\/\/neamedia-icons.com\/produit\/cyberpunk-edgerunners-diorama-20cm\/#breadcrumb","itemListElement":[{"@type":"ListItem","position":1,"name":"Accueil","item":"https:\/\/neamedia-icons.com\/en\/"},{"@type":"ListItem","position":2,"name":"The Shop | Discover the collection","item":"https:\/\/neamedia-icons.com\/en\/the-shop\/"},{"@type":"ListItem","position":3,"name":"Cyberpunk Edgerunners &#8211; Diorama"}]},{"@type":"WebSite","@id":"https:\/\/neamedia-icons.com\/#website","url":"https:\/\/neamedia-icons.com\/","name":"Neamedia Icons","description":"Boutique sp\u00e9cialis\u00e9e en sculptures, figurines et objets collector design de la Pop Culture - BD, Manga, Anime, Jeux Vid\u00e9o &amp; Litt\u00e9rature","publisher":{"@id":"https:\/\/neamedia-icons.com\/#organization"},"potentialAction":[{"@type":"SearchAction","target":{"@type":"EntryPoint","urlTemplate":"https:\/\/neamedia-icons.com\/?s={search_term_string}"},"query-input":"required name=search_term_string"}],"inLanguage":"en-US"},{"@type":"Organization","@id":"https:\/\/neamedia-icons.com\/#organization","name":"Neamedia Icons","url":"https:\/\/neamedia-icons.com\/","logo":{"@type":"ImageObject","inLanguage":"en-US","@id":"https:\/\/neamedia-icons.com\/#\/schema\/logo\/image\/","url":"https:\/\/neamedia-icons.com\/wp-content\/uploads\/2022\/03\/logo_neamediaicons.png","contentUrl":"https:\/\/neamedia-icons.com\/wp-content\/uploads\/2022\/03\/logo_neamediaicons.png","width":700,"height":206,"caption":"Neamedia Icons"},"image":{"@id":"https:\/\/neamedia-icons.com\/#\/schema\/logo\/image\/"},"sameAs":["https:\/\/www.facebook.com\/NeamediaIcons\/","https:\/\/twitter.com\/neamediaicons","https:\/\/www.instagram.com\/neamediaicons\/","https:\/\/www.pinterest.fr\/neamediaicons\/_created\/","https:\/\/www.youtube.com\/channel\/UCXUJbRezXkDAz70xAan92cw"]}]}},"_links":{"self":[{"href":"https:\/\/neamedia-icons.com\/en\/wp-json\/wp\/v2\/product\/179929","targetHints":{"allow":["GET"]}}],"collection":[{"href":"https:\/\/neamedia-icons.com\/en\/wp-json\/wp\/v2\/product"}],"about":[{"href":"https:\/\/neamedia-icons.com\/en\/wp-json\/wp\/v2\/types\/product"}],"replies":[{"embeddable":true,"href":"https:\/\/neamedia-icons.com\/en\/wp-json\/wp\/v2\/comments?post=179929"}],"wp:featuredmedia":[{"embeddable":true,"href":"https:\/\/neamedia-icons.com\/en\/wp-json\/wp\/v2\/media\/179878"}],"wp:attachment":[{"href":"https:\/\/neamedia-icons.com\/en\/wp-json\/wp\/v2\/media?parent=179929"}],"wp:term":[{"taxonomy":"product_cat","embeddable":true,"href":"https:\/\/neamedia-icons.com\/en\/wp-json\/wp\/v2\/product_cat?post=179929"},{"taxonomy":"product_tag","embeddable":true,"href":"https:\/\/neamedia-icons.com\/en\/wp-json\/wp\/v2\/product_tag?post=179929"}],"curies":[{"name":"wp","href":"https:\/\/api.w.org\/{rel}","templated":true}]}}