{"id":179589,"date":"2024-06-13T10:34:30","date_gmt":"2024-06-13T08:34:30","guid":{"rendered":"https:\/\/neamedia-icons.com\/produit\/pubg-battlegrounds-logo-light\/"},"modified":"2025-11-25T11:21:07","modified_gmt":"2025-11-25T10:21:07","slug":"pubg-battlegrounds-lampe-logo","status":"publish","type":"product","link":"https:\/\/neamedia-icons.com\/en\/produit\/pubg-battlegrounds-lampe-logo\/","title":{"rendered":"PUBG: Battlegrounds &#8211; Logo light"},"content":{"rendered":"<h2 data-sourcepos=\"1:1-1:75\">Dive into the heart of the battlefield with the official PUBG: Battlegrounds logo light !<\/h2>\n<p data-sourcepos=\"3:1-3:156\">Bring the adrenaline of Battle royales straight into your home with this collectible logo light from the popular game PUBG: Battlegrounds. Battle Royale games are synonymous with intensity, and with our lamp you can create a visual atmosphere that matches the excitement of these confrontations.<\/p>\n<p data-sourcepos=\"5:1-5:282\">Made from high-quality materials and featuring contrasting colors, this light will look great next to your console or computer. Pull down your blinds and plunge into the heart of the battlefield for a totally immersive gaming experience.<\/p>\n<p data-sourcepos=\"7:1-7:140\">Complete your collection by discovering the <a href=\"https:\/\/neamedia-icons.com\/en\/produit\/cyberpunk-2077-phantom-liberty-logo-light\/\">other Neamedia Icons logo lamps<\/a> and create a unique atmosphere in your gaming space.<\/p>\n<p>&nbsp;<\/p>\n<p><img loading=\"lazy\" decoding=\"async\" class=\"alignnone wp-image-179377\" src=\"https:\/\/neamedia-icons.com\/wp-content\/uploads\/2023\/09\/licence_neamediaicons_pubg.png\" alt=\"light logo PUBG: Battlegrounds\" width=\"405\" height=\"141\" srcset=\"https:\/\/neamedia-icons.com\/wp-content\/uploads\/2023\/09\/licence_neamediaicons_pubg.png 500w, https:\/\/neamedia-icons.com\/wp-content\/uploads\/2023\/09\/licence_neamediaicons_pubg-300x104.png 300w\" sizes=\"auto, (max-width: 405px) 100vw, 405px\" \/><\/p>\n<p>&nbsp;<\/p>\n<h3 data-sourcepos=\"9:1-9:22\">Characteristics :<\/h3>\n<ul data-sourcepos=\"11:1-16:0\">\n<li data-sourcepos=\"11:1-11:42\"><span style=\"text-decoration: underline;\">Official PUBG: Battlegrounds product<\/span> : The PUGB: BATTLEGROUND lamp is an officially licensed gaming accessory. This guarantees premium quality and authenticity. The 3D neon logo and camouflage pattern perfectly capture the thrill of the battlefield. Invest in the best collector&#8217;s items for the ultimate gaming experience.<\/li>\n<li data-sourcepos=\"11:1-11:42\"><span style=\"text-decoration: underline;\">An original 3D creation<\/span>: The PUBG: Battlegrounds lamp is an original creation featuring the game&#8217;s logo in 3D on a yellow base and a camouflage-colored base. Every detail is carefully modeled to faithfully reflect the game&#8217;s aesthetic, capturing the essence of the PUBG universe in a striking three-dimensional representation.<\/li>\n<li data-sourcepos=\"11:1-11:42\"><span style=\"text-decoration: underline;\">Ambient lighting<\/span>: Whether you&#8217;re a devoted fan or simply looking for an original lamp representative of the game, look no further. The PUBG: Battlegrounds Lamp is the perfect fusion of style, functionality and passion for gaming. A must for the gaming decor of any video game fan.<\/li>\n<li><span style=\"text-decoration: underline;\">A Perfect Gift for Fans<\/span>: The PUBG lamp is also a perfect gift for all fans of the game. Give it to a close one or treat yourself by adding this unique piece to your collection.<\/li>\n<\/ul>\n<p>&nbsp;<\/p>\n<ul data-sourcepos=\"11:1-16:0\">\n<li data-sourcepos=\"12:1-12:18\">ABS light<\/li>\n<li data-sourcepos=\"13:1-13:55\">Battery rechargeable by USB port (cable included)<\/li>\n<li data-sourcepos=\"14:1-14:47\">Dimensions : W: 22cm | D: 5cm | H: 8cm<\/li>\n<li data-sourcepos=\"15:1-16:0\">Weight : 0.4kg<\/li>\n<\/ul>\n<p data-sourcepos=\"17:1-17:137\">Don&#8217;t miss this unique opportunity to show off your passion for PUBG: Battlegrounds and decorate your gaming space in style!<\/p>\n<p data-sourcepos=\"19:1-19:67\">Order your PUBG: Battlegrounds logo lamp now!<\/p>\n<p> And find the rest of the logo light collection: <a href=\"https:\/\/neamedia-icons.com\/en\/produit\/cyberpunk-2077-phantom-liberty-logo-light\/\">Phantom of Liberty<\/a>, <a href=\"https:\/\/neamedia-icons.com\/en\/produit\/the-witcher-wild-hunt-lampe-logo\/\">The Witcher<\/a>, <a href=\"https:\/\/neamedia-icons.com\/en\/produit\/assassins-creed-lampe-logo\/\">Assassin&#8217;s Creed<\/a>, <a href=\"https:\/\/neamedia-icons.com\/en\/produit\/pubg-battlegrounds-lampe-logo\/\">PUBG<\/a>, <a href=\"https:\/\/neamedia-icons.com\/en\/produit\/assassins-creed-mirage-logo-light\/\">Mirage<\/a>, <a href=\"https:\/\/neamedia-icons.com\/produit\/genshin-impact-lampe-logo\/\">Genshin Impact <\/a>&#8230;   &nbsp; Follow us on : <a href=\"https:\/\/www.facebook.com\/NeamediaIcons\/\"><strong>Facebook<\/strong><\/a>| <strong><a href=\"https:\/\/www.instagram.com\/neamediaicons\/\">Instagram <\/a>| <a href=\"https:\/\/twitter.com\/neamediaicons\">Twitter<\/a> | <a href=\"https:\/\/www.pinterest.fr\/neamediaicons\/\">Pinterest <\/a>| <a href=\"https:\/\/www.amazon.fr\/PUBG-Battlegrounds-The-Official-Light\/dp\/B0CB8XNP2V\/ref=sr_1_1?__mk_fr_FR=%C3%85M%C3%85%C5%BD%C3%95%C3%91&amp;crid=3LEG7KADX7VYW&amp;keywords=pubg-+the+official+light&amp;qid=1702053392&amp;sprefix=pubg-+the+official+light%2Caps%2C83&amp;sr=8-1\">Amazon<\/a><\/strong><\/p>\n","protected":false},"excerpt":{"rendered":"<ul>\n<li>Official product<\/li>\n<li>Plastic injection light<\/li>\n<li>Battery rechargeable by USB port (cable included)<\/li>\n<li>Size, Weight: L: 22cm (8.66&#8243;) | D: 5cm (1.97&#8243;) | H: 8cm (3.15&#8243;), 0.4kg (0.88lb)<\/li>\n<li>find the rest of the logo light collection: <a href=\"https:\/\/neamedia-icons.com\/en\/produit\/cyberpunk-2077-phantom-liberty-logo-light\/\">Phantom of Liberty<\/a>, <a href=\"https:\/\/neamedia-icons.com\/en\/produit\/the-witcher-wild-hunt-lampe-logo\/\">The Witcher<\/a>, <a href=\"https:\/\/neamedia-icons.com\/en\/produit\/assassins-creed-lampe-logo\/\">Assassin&#8217;s Creed<\/a>, <a href=\"https:\/\/neamedia-icons.com\/en\/produit\/pubg-battlegrounds-lampe-logo\/\">PUBG<\/a>, <a href=\"https:\/\/neamedia-icons.com\/en\/produit\/assassins-creed-mirage-logo-light\/\">Mirage<\/a>, <a href=\"https:\/\/neamedia-icons.com\/produit\/genshin-impact-lampe-logo\/\">Genshin Impact<\/a> ..<\/li>\n<\/ul>\n","protected":false},"featured_media":182088,"comment_status":"open","ping_status":"closed","template":"","meta":[],"product_cat":[136],"product_tag":[138],"class_list":{"0":"post-179589","1":"product","2":"type-product","3":"status-publish","4":"has-post-thumbnail","6":"product_cat-pubg-battlegrounds-en","7":"product_tag-lights-en","9":"first","10":"instock","11":"sale","12":"taxable","13":"shipping-taxable","14":"purchasable","15":"product-type-simple"},"yoast_head":"<!-- This site is optimized with the Yoast SEO plugin v21.4 - https:\/\/yoast.com\/wordpress\/plugins\/seo\/ -->\n<title>PUBG: Battlegrounds - Logo light - Neamedia Icons<\/title>\n<meta name=\"description\" content=\"Level up your gaming set up with this light, inspired by the battle royale game PUBG: Battlegrounds !\" \/>\n<meta name=\"robots\" content=\"index, follow, max-snippet:-1, max-image-preview:large, max-video-preview:-1\" \/>\n<link rel=\"canonical\" href=\"https:\/\/neamedia-icons.com\/produit\/pubg-battlegrounds-lampe-logo\/\" \/>\n<meta property=\"og:locale\" content=\"en_US\" \/>\n<meta property=\"og:type\" content=\"article\" \/>\n<meta property=\"og:title\" content=\"PUBG: Battlegrounds - Logo light - Neamedia Icons\" \/>\n<meta property=\"og:description\" content=\"Level up your gaming set up with this light, inspired by the battle royale game PUBG: Battlegrounds !\" \/>\n<meta property=\"og:url\" content=\"https:\/\/neamedia-icons.com\/produit\/pubg-battlegrounds-lampe-logo\/\" \/>\n<meta property=\"og:site_name\" content=\"Neamedia Icons\" \/>\n<meta property=\"article:publisher\" content=\"https:\/\/www.facebook.com\/NeamediaIcons\/\" \/>\n<meta property=\"article:modified_time\" content=\"2025-11-25T10:21:07+00:00\" \/>\n<meta property=\"og:image\" content=\"https:\/\/neamedia-icons.com\/wp-content\/uploads\/2023\/09\/light_logo_PUBG-Battlegrounds_neamedia_icons_video_games-1.jpg\" \/>\n\t<meta property=\"og:image:width\" content=\"1280\" \/>\n\t<meta property=\"og:image:height\" content=\"1586\" \/>\n\t<meta property=\"og:image:type\" content=\"image\/jpeg\" \/>\n<meta name=\"twitter:card\" content=\"summary_large_image\" \/>\n<meta name=\"twitter:site\" content=\"@neamediaicons\" \/>\n<meta name=\"twitter:label1\" content=\"Est. reading time\" \/>\n\t<meta name=\"twitter:data1\" content=\"1 minute\" \/>\n<script type=\"application\/ld+json\" class=\"yoast-schema-graph\">{\"@context\":\"https:\/\/schema.org\",\"@graph\":[{\"@type\":\"WebPage\",\"@id\":\"https:\/\/neamedia-icons.com\/produit\/pubg-battlegrounds-lampe-logo\/\",\"url\":\"https:\/\/neamedia-icons.com\/produit\/pubg-battlegrounds-lampe-logo\/\",\"name\":\"PUBG: Battlegrounds - Logo light - Neamedia Icons\",\"isPartOf\":{\"@id\":\"https:\/\/neamedia-icons.com\/#website\"},\"datePublished\":\"2024-06-13T08:34:30+00:00\",\"dateModified\":\"2025-11-25T10:21:07+00:00\",\"description\":\"Level up your gaming set up with this light, inspired by the battle royale game PUBG: Battlegrounds !\",\"breadcrumb\":{\"@id\":\"https:\/\/neamedia-icons.com\/produit\/pubg-battlegrounds-lampe-logo\/#breadcrumb\"},\"inLanguage\":\"en-US\",\"potentialAction\":[{\"@type\":\"ReadAction\",\"target\":[\"https:\/\/neamedia-icons.com\/produit\/pubg-battlegrounds-lampe-logo\/\"]}]},{\"@type\":\"BreadcrumbList\",\"@id\":\"https:\/\/neamedia-icons.com\/produit\/pubg-battlegrounds-lampe-logo\/#breadcrumb\",\"itemListElement\":[{\"@type\":\"ListItem\",\"position\":1,\"name\":\"Accueil\",\"item\":\"https:\/\/neamedia-icons.com\/en\/\"},{\"@type\":\"ListItem\",\"position\":2,\"name\":\"The Shop | Discover the collection\",\"item\":\"https:\/\/neamedia-icons.com\/en\/the-shop\/\"},{\"@type\":\"ListItem\",\"position\":3,\"name\":\"PUBG: Battlegrounds &#8211; Logo light\"}]},{\"@type\":\"WebSite\",\"@id\":\"https:\/\/neamedia-icons.com\/#website\",\"url\":\"https:\/\/neamedia-icons.com\/\",\"name\":\"Neamedia Icons\",\"description\":\"Boutique sp\u00e9cialis\u00e9e en sculptures, figurines et objets collector design de la Pop Culture - BD, Manga, Anime, Jeux Vid\u00e9o &amp; Litt\u00e9rature\",\"publisher\":{\"@id\":\"https:\/\/neamedia-icons.com\/#organization\"},\"potentialAction\":[{\"@type\":\"SearchAction\",\"target\":{\"@type\":\"EntryPoint\",\"urlTemplate\":\"https:\/\/neamedia-icons.com\/?s={search_term_string}\"},\"query-input\":\"required name=search_term_string\"}],\"inLanguage\":\"en-US\"},{\"@type\":\"Organization\",\"@id\":\"https:\/\/neamedia-icons.com\/#organization\",\"name\":\"Neamedia Icons\",\"url\":\"https:\/\/neamedia-icons.com\/\",\"logo\":{\"@type\":\"ImageObject\",\"inLanguage\":\"en-US\",\"@id\":\"https:\/\/neamedia-icons.com\/#\/schema\/logo\/image\/\",\"url\":\"https:\/\/neamedia-icons.com\/wp-content\/uploads\/2022\/03\/logo_neamediaicons.png\",\"contentUrl\":\"https:\/\/neamedia-icons.com\/wp-content\/uploads\/2022\/03\/logo_neamediaicons.png\",\"width\":700,\"height\":206,\"caption\":\"Neamedia Icons\"},\"image\":{\"@id\":\"https:\/\/neamedia-icons.com\/#\/schema\/logo\/image\/\"},\"sameAs\":[\"https:\/\/www.facebook.com\/NeamediaIcons\/\",\"https:\/\/twitter.com\/neamediaicons\",\"https:\/\/www.instagram.com\/neamediaicons\/\",\"https:\/\/www.pinterest.fr\/neamediaicons\/_created\/\",\"https:\/\/www.youtube.com\/channel\/UCXUJbRezXkDAz70xAan92cw\"]}]}<\/script>\n<!-- \/ Yoast SEO plugin. -->","yoast_head_json":{"title":"PUBG: Battlegrounds - Logo light - Neamedia Icons","description":"Level up your gaming set up with this light, inspired by the battle royale game PUBG: Battlegrounds !","robots":{"index":"index","follow":"follow","max-snippet":"max-snippet:-1","max-image-preview":"max-image-preview:large","max-video-preview":"max-video-preview:-1"},"canonical":"https:\/\/neamedia-icons.com\/produit\/pubg-battlegrounds-lampe-logo\/","og_locale":"en_US","og_type":"article","og_title":"PUBG: Battlegrounds - Logo light - Neamedia Icons","og_description":"Level up your gaming set up with this light, inspired by the battle royale game PUBG: Battlegrounds !","og_url":"https:\/\/neamedia-icons.com\/produit\/pubg-battlegrounds-lampe-logo\/","og_site_name":"Neamedia Icons","article_publisher":"https:\/\/www.facebook.com\/NeamediaIcons\/","article_modified_time":"2025-11-25T10:21:07+00:00","og_image":[{"width":1280,"height":1586,"url":"https:\/\/neamedia-icons.com\/wp-content\/uploads\/2023\/09\/light_logo_PUBG-Battlegrounds_neamedia_icons_video_games-1.jpg","type":"image\/jpeg"}],"twitter_card":"summary_large_image","twitter_site":"@neamediaicons","twitter_misc":{"Est. reading time":"1 minute"},"schema":{"@context":"https:\/\/schema.org","@graph":[{"@type":"WebPage","@id":"https:\/\/neamedia-icons.com\/produit\/pubg-battlegrounds-lampe-logo\/","url":"https:\/\/neamedia-icons.com\/produit\/pubg-battlegrounds-lampe-logo\/","name":"PUBG: Battlegrounds - Logo light - Neamedia Icons","isPartOf":{"@id":"https:\/\/neamedia-icons.com\/#website"},"datePublished":"2024-06-13T08:34:30+00:00","dateModified":"2025-11-25T10:21:07+00:00","description":"Level up your gaming set up with this light, inspired by the battle royale game PUBG: Battlegrounds !","breadcrumb":{"@id":"https:\/\/neamedia-icons.com\/produit\/pubg-battlegrounds-lampe-logo\/#breadcrumb"},"inLanguage":"en-US","potentialAction":[{"@type":"ReadAction","target":["https:\/\/neamedia-icons.com\/produit\/pubg-battlegrounds-lampe-logo\/"]}]},{"@type":"BreadcrumbList","@id":"https:\/\/neamedia-icons.com\/produit\/pubg-battlegrounds-lampe-logo\/#breadcrumb","itemListElement":[{"@type":"ListItem","position":1,"name":"Accueil","item":"https:\/\/neamedia-icons.com\/en\/"},{"@type":"ListItem","position":2,"name":"The Shop | Discover the collection","item":"https:\/\/neamedia-icons.com\/en\/the-shop\/"},{"@type":"ListItem","position":3,"name":"PUBG: Battlegrounds &#8211; Logo light"}]},{"@type":"WebSite","@id":"https:\/\/neamedia-icons.com\/#website","url":"https:\/\/neamedia-icons.com\/","name":"Neamedia Icons","description":"Boutique sp\u00e9cialis\u00e9e en sculptures, figurines et objets collector design de la Pop Culture - BD, Manga, Anime, Jeux Vid\u00e9o &amp; Litt\u00e9rature","publisher":{"@id":"https:\/\/neamedia-icons.com\/#organization"},"potentialAction":[{"@type":"SearchAction","target":{"@type":"EntryPoint","urlTemplate":"https:\/\/neamedia-icons.com\/?s={search_term_string}"},"query-input":"required name=search_term_string"}],"inLanguage":"en-US"},{"@type":"Organization","@id":"https:\/\/neamedia-icons.com\/#organization","name":"Neamedia Icons","url":"https:\/\/neamedia-icons.com\/","logo":{"@type":"ImageObject","inLanguage":"en-US","@id":"https:\/\/neamedia-icons.com\/#\/schema\/logo\/image\/","url":"https:\/\/neamedia-icons.com\/wp-content\/uploads\/2022\/03\/logo_neamediaicons.png","contentUrl":"https:\/\/neamedia-icons.com\/wp-content\/uploads\/2022\/03\/logo_neamediaicons.png","width":700,"height":206,"caption":"Neamedia Icons"},"image":{"@id":"https:\/\/neamedia-icons.com\/#\/schema\/logo\/image\/"},"sameAs":["https:\/\/www.facebook.com\/NeamediaIcons\/","https:\/\/twitter.com\/neamediaicons","https:\/\/www.instagram.com\/neamediaicons\/","https:\/\/www.pinterest.fr\/neamediaicons\/_created\/","https:\/\/www.youtube.com\/channel\/UCXUJbRezXkDAz70xAan92cw"]}]}},"_links":{"self":[{"href":"https:\/\/neamedia-icons.com\/en\/wp-json\/wp\/v2\/product\/179589","targetHints":{"allow":["GET"]}}],"collection":[{"href":"https:\/\/neamedia-icons.com\/en\/wp-json\/wp\/v2\/product"}],"about":[{"href":"https:\/\/neamedia-icons.com\/en\/wp-json\/wp\/v2\/types\/product"}],"replies":[{"embeddable":true,"href":"https:\/\/neamedia-icons.com\/en\/wp-json\/wp\/v2\/comments?post=179589"}],"wp:featuredmedia":[{"embeddable":true,"href":"https:\/\/neamedia-icons.com\/en\/wp-json\/wp\/v2\/media\/182088"}],"wp:attachment":[{"href":"https:\/\/neamedia-icons.com\/en\/wp-json\/wp\/v2\/media?parent=179589"}],"wp:term":[{"taxonomy":"product_cat","embeddable":true,"href":"https:\/\/neamedia-icons.com\/en\/wp-json\/wp\/v2\/product_cat?post=179589"},{"taxonomy":"product_tag","embeddable":true,"href":"https:\/\/neamedia-icons.com\/en\/wp-json\/wp\/v2\/product_tag?post=179589"}],"curies":[{"name":"wp","href":"https:\/\/api.w.org\/{rel}","templated":true}]}}