{"id":179586,"date":"2024-06-10T17:11:56","date_gmt":"2024-06-10T15:11:56","guid":{"rendered":"https:\/\/neamedia-icons.com\/produit\/assassins-creed-mirage-logo-light\/"},"modified":"2026-03-10T05:53:38","modified_gmt":"2026-03-10T04:53:38","slug":"assassins-creed-mirage-logo-light","status":"publish","type":"product","link":"https:\/\/neamedia-icons.com\/en\/produit\/assassins-creed-mirage-logo-light\/","title":{"rendered":"Assassin&#8217;s Creed : Mirage &#8211; Logo Light"},"content":{"rendered":"<h2>ASSASSIN&#8217;S CREED : Mirage &#8211; Logo light<\/h2>\n<p>  Decorate your home with this Assassin&#8217;s Creed Mirage lamp to mark the release of the eagerly-awaited new game. Immerse yourself in the conflict between the Assassins and Knights Templar of Baghdad with this superb Mirage lamp. An indispensable gaming accessory alongside your PS, Xbox or PC gaming system, the Assassin&#8217;s Creed Mirage logo lamp embodies an authentic design that transcends simple lighting to become a unique gaming accessory. The white and sandy-orange light emanates subtly through the relief, recreating the enigmatic and mysterious atmosphere of the game, transporting fans directly into the heart of the desert. Whether you&#8217;re having a video or a game night, the neon effect is perfect for total immersion. A must-have for video game fans. Store down and let the adventure begin! Discover our other Neamedia Icons <a href=\"https:\/\/neamedia-icons.com\/en\/etiquette-produit\/lights\/\">lights <\/a>to start now your collection of the logo lights. &nbsp;<\/p>\n<p><img loading=\"lazy\" decoding=\"async\" class=\"alignnone wp-image-179337 \" src=\"https:\/\/neamedia-icons.com\/wp-content\/uploads\/2023\/09\/ACMirage_Logo-e1693910073770.png\" alt=\"\" width=\"462\" height=\"157\"><\/p>\n<h3>Characteristics :<\/h3>\n<ul>\n<li><span style=\"text-decoration: underline;\">Officially licensed product<\/span>: The Assassin&#8217;s Creed Mirage Led Lamp is an officially licensed gaming accessory. This guarantees premium quality and authenticity. The sand-colored 3D neon logo and engraved motifs perfectly represent the Baghdad atmosphere. Invest in the best to fully experience the Assassins&#8217; fight against the Knights Templar.<\/li>\n<li><span style=\"text-decoration: underline;\">A 3D creation<\/span>: The lamp is an original creation featuring the &#8220;Assassin&#8217;s Creed Mirage&#8221; logo in 3D on a base inspired by the city of Baghdad. Similarly, the textures behind the logo echo the game&#8217;s mosaics. As a result, the set is both an LED lamp and a decorative object that will appeal to any fan of the game.<\/li>\n<li><span style=\"text-decoration: underline;\">Ambient lighting<\/span>: Whether you&#8217;re a fan of the game or a collector of derivative products, the Mirage lamp adapts to any environment. This is thanks to a rechargeable battery providing up to 12 hours of autonomy for free installation. It adapts to your gaming space, whether PC, Xbox or PS. This lamp creates an immersive atmosphere, transporting fans straight to the heart of the desert.<\/li>\n<li><span style=\"text-decoration: underline;\">A Perfect Gift for Fans<\/span>: The Mirage lamp is also a perfect gift for all gaming enthusiasts. Give it to a close one or treat yourself by adding this unique piece to your collection.<\/li>\n<\/ul>\n<ul>\n<li>Plastic injection light<\/li>\n<li>Battery rechargeable by USB port (cable included)<\/li>\n<li>Size, Weight: L: 22cm (8.66&#8243;) | D: 5cm (1.97&#8243;) | H: 8cm (3.15&#8243;), 0.4kg (0.88lb)<\/li>\n<li>Find the rest of the logo light collection: <a href=\"https:\/\/neamedia-icons.com\/en\/produit\/cyberpunk-2077-phantom-liberty-logo-light\/\">Phantom of Liberty<\/a>, <a href=\"https:\/\/neamedia-icons.com\/en\/produit\/the-witcher-wild-hunt-lampe-logo\/\">The Witcher<\/a>, <a href=\"https:\/\/neamedia-icons.com\/en\/produit\/assassins-creed-lampe-logo\/\">Assassin&#8217;s Creed<\/a>, <a href=\"https:\/\/neamedia-icons.com\/en\/produit\/pubg-battlegrounds-lampe-logo\/\">PUBG<\/a>, <a href=\"https:\/\/neamedia-icons.com\/en\/produit\/assassins-creed-mirage-logo-light\/\">Mirage<\/a>, <a href=\"https:\/\/neamedia-icons.com\/produit\/genshin-impact-lampe-logo\/\">Genshin Impact<\/a> &#8230;<\/li>\n<\/ul>\n<p>&nbsp; Follow us on: <a href=\"https:\/\/www.facebook.com\/NeamediaIcons\/\"><strong>Facebook<\/strong><\/a><strong> | <a href=\"https:\/\/www.instagram.com\/neamediaicons\/\">Instagram<\/a> | <a href=\"https:\/\/twitter.com\/neamediaicons\">Twitter<\/a> | <a href=\"https:\/\/www.pinterest.fr\/neamediaicons\/\">Pinterest<\/a> | <a href=\"https:\/\/www.amazon.fr\/Assassins-Creed-Official-Light-Mirage\/dp\/B0CB8ZJ9ZG\/ref=sr_1_2?crid=1VKAHEJX3KXFR&amp;keywords=assassins+creed+-+the+official+light&amp;qid=1702052128&amp;sprefix=light+assassi%2Caps%2C76&amp;sr=8-2\">Amazon<\/a><\/strong><\/p>\n","protected":false},"excerpt":{"rendered":"<ul>\n<li>Official product<\/li>\n<li>Plastic injection light<\/li>\n<li>Battery rechargeable by USB port (cable included)<\/li>\n<li>Size, Weight: L: 22cm (8.66&#8243;) | D: 5cm (1.97&#8243;) | H: 8cm (3.15&#8243;), 0.4kg (0.88lb)<\/li>\n<li>Find the rest of the logo light collection: <a href=\"https:\/\/neamedia-icons.com\/en\/produit\/cyberpunk-2077-phantom-liberty-logo-light\/\">Phantom of Liberty<\/a>, <a href=\"https:\/\/neamedia-icons.com\/en\/produit\/the-witcher-wild-hunt-lampe-logo\/\">The Witcher<\/a>, <a href=\"https:\/\/neamedia-icons.com\/en\/produit\/assassins-creed-lampe-logo\/\">Assassin&#8217;s Creed<\/a>, <a href=\"https:\/\/neamedia-icons.com\/en\/produit\/pubg-battlegrounds-lampe-logo\/\">PUBG<\/a>, <a href=\"https:\/\/neamedia-icons.com\/en\/produit\/assassins-creed-mirage-logo-light\/\">Mirage<\/a>, <a href=\"https:\/\/neamedia-icons.com\/produit\/genshin-impact-lampe-logo\/\">Genshin Impact<\/a> &#8230;<\/li>\n<\/ul>\n","protected":false},"featured_media":182075,"comment_status":"open","ping_status":"closed","template":"","meta":[],"product_cat":[135],"product_tag":[138],"class_list":{"0":"post-179586","1":"product","2":"type-product","3":"status-publish","4":"has-post-thumbnail","6":"product_cat-assassins-creed-en","7":"product_tag-lights-en","9":"first","10":"instock","11":"sale","12":"taxable","13":"shipping-taxable","14":"purchasable","15":"product-type-simple"},"yoast_head":"<!-- This site is optimized with the Yoast SEO plugin v21.4 - https:\/\/yoast.com\/wordpress\/plugins\/seo\/ -->\n<title>Assassin&#039;s Creed : Mirage - Logo Light - Neamedia Icons<\/title>\n<meta name=\"description\" content=\"Level up your gaming set up with this Assassin&#039;s Creed Mirage light for the release of the new UBISOFT game\" \/>\n<meta name=\"robots\" content=\"index, follow, max-snippet:-1, max-image-preview:large, max-video-preview:-1\" \/>\n<link rel=\"canonical\" href=\"https:\/\/neamedia-icons.com\/produit\/assassins-creed-mirage-logo-light\/\" \/>\n<meta property=\"og:locale\" content=\"en_US\" \/>\n<meta property=\"og:type\" content=\"article\" \/>\n<meta property=\"og:title\" content=\"Assassin&#039;s Creed : Mirage - Logo Light - Neamedia Icons\" \/>\n<meta property=\"og:description\" content=\"Level up your gaming set up with this Assassin&#039;s Creed Mirage light for the release of the new UBISOFT game\" \/>\n<meta property=\"og:url\" content=\"https:\/\/neamedia-icons.com\/produit\/assassins-creed-mirage-logo-light\/\" \/>\n<meta property=\"og:site_name\" content=\"Neamedia Icons\" \/>\n<meta property=\"article:publisher\" content=\"https:\/\/www.facebook.com\/NeamediaIcons\/\" \/>\n<meta property=\"article:modified_time\" content=\"2026-03-10T04:53:38+00:00\" \/>\n<meta property=\"og:image\" content=\"https:\/\/neamedia-icons.com\/wp-content\/uploads\/2023\/09\/light_logo_assassins_creed_ubisoft_neamedia_mirage_icons_video_games.jpg\" \/>\n\t<meta property=\"og:image:width\" content=\"1280\" \/>\n\t<meta property=\"og:image:height\" content=\"1586\" \/>\n\t<meta property=\"og:image:type\" content=\"image\/jpeg\" \/>\n<meta name=\"twitter:card\" content=\"summary_large_image\" \/>\n<meta name=\"twitter:site\" content=\"@neamediaicons\" \/>\n<meta name=\"twitter:label1\" content=\"Est. reading time\" \/>\n\t<meta name=\"twitter:data1\" content=\"1 minute\" \/>\n<script type=\"application\/ld+json\" class=\"yoast-schema-graph\">{\"@context\":\"https:\/\/schema.org\",\"@graph\":[{\"@type\":\"WebPage\",\"@id\":\"https:\/\/neamedia-icons.com\/produit\/assassins-creed-mirage-logo-light\/\",\"url\":\"https:\/\/neamedia-icons.com\/produit\/assassins-creed-mirage-logo-light\/\",\"name\":\"Assassin's Creed : Mirage - Logo Light - Neamedia Icons\",\"isPartOf\":{\"@id\":\"https:\/\/neamedia-icons.com\/#website\"},\"datePublished\":\"2024-06-10T15:11:56+00:00\",\"dateModified\":\"2026-03-10T04:53:38+00:00\",\"description\":\"Level up your gaming set up with this Assassin's Creed Mirage light for the release of the new UBISOFT game\",\"breadcrumb\":{\"@id\":\"https:\/\/neamedia-icons.com\/produit\/assassins-creed-mirage-logo-light\/#breadcrumb\"},\"inLanguage\":\"en-US\",\"potentialAction\":[{\"@type\":\"ReadAction\",\"target\":[\"https:\/\/neamedia-icons.com\/produit\/assassins-creed-mirage-logo-light\/\"]}]},{\"@type\":\"BreadcrumbList\",\"@id\":\"https:\/\/neamedia-icons.com\/produit\/assassins-creed-mirage-logo-light\/#breadcrumb\",\"itemListElement\":[{\"@type\":\"ListItem\",\"position\":1,\"name\":\"Accueil\",\"item\":\"https:\/\/neamedia-icons.com\/en\/\"},{\"@type\":\"ListItem\",\"position\":2,\"name\":\"The Shop | Discover the collection\",\"item\":\"https:\/\/neamedia-icons.com\/en\/the-shop\/\"},{\"@type\":\"ListItem\",\"position\":3,\"name\":\"Assassin&#8217;s Creed : Mirage &#8211; Logo Light\"}]},{\"@type\":\"WebSite\",\"@id\":\"https:\/\/neamedia-icons.com\/#website\",\"url\":\"https:\/\/neamedia-icons.com\/\",\"name\":\"Neamedia Icons\",\"description\":\"Boutique sp\u00e9cialis\u00e9e en sculptures, figurines et objets collector design de la Pop Culture - BD, Manga, Anime, Jeux Vid\u00e9o &amp; Litt\u00e9rature\",\"publisher\":{\"@id\":\"https:\/\/neamedia-icons.com\/#organization\"},\"potentialAction\":[{\"@type\":\"SearchAction\",\"target\":{\"@type\":\"EntryPoint\",\"urlTemplate\":\"https:\/\/neamedia-icons.com\/?s={search_term_string}\"},\"query-input\":\"required name=search_term_string\"}],\"inLanguage\":\"en-US\"},{\"@type\":\"Organization\",\"@id\":\"https:\/\/neamedia-icons.com\/#organization\",\"name\":\"Neamedia Icons\",\"url\":\"https:\/\/neamedia-icons.com\/\",\"logo\":{\"@type\":\"ImageObject\",\"inLanguage\":\"en-US\",\"@id\":\"https:\/\/neamedia-icons.com\/#\/schema\/logo\/image\/\",\"url\":\"https:\/\/neamedia-icons.com\/wp-content\/uploads\/2022\/03\/logo_neamediaicons.png\",\"contentUrl\":\"https:\/\/neamedia-icons.com\/wp-content\/uploads\/2022\/03\/logo_neamediaicons.png\",\"width\":700,\"height\":206,\"caption\":\"Neamedia Icons\"},\"image\":{\"@id\":\"https:\/\/neamedia-icons.com\/#\/schema\/logo\/image\/\"},\"sameAs\":[\"https:\/\/www.facebook.com\/NeamediaIcons\/\",\"https:\/\/twitter.com\/neamediaicons\",\"https:\/\/www.instagram.com\/neamediaicons\/\",\"https:\/\/www.pinterest.fr\/neamediaicons\/_created\/\",\"https:\/\/www.youtube.com\/channel\/UCXUJbRezXkDAz70xAan92cw\"]}]}<\/script>\n<!-- \/ Yoast SEO plugin. -->","yoast_head_json":{"title":"Assassin's Creed : Mirage - Logo Light - Neamedia Icons","description":"Level up your gaming set up with this Assassin's Creed Mirage light for the release of the new UBISOFT game","robots":{"index":"index","follow":"follow","max-snippet":"max-snippet:-1","max-image-preview":"max-image-preview:large","max-video-preview":"max-video-preview:-1"},"canonical":"https:\/\/neamedia-icons.com\/produit\/assassins-creed-mirage-logo-light\/","og_locale":"en_US","og_type":"article","og_title":"Assassin's Creed : Mirage - Logo Light - Neamedia Icons","og_description":"Level up your gaming set up with this Assassin's Creed Mirage light for the release of the new UBISOFT game","og_url":"https:\/\/neamedia-icons.com\/produit\/assassins-creed-mirage-logo-light\/","og_site_name":"Neamedia Icons","article_publisher":"https:\/\/www.facebook.com\/NeamediaIcons\/","article_modified_time":"2026-03-10T04:53:38+00:00","og_image":[{"width":1280,"height":1586,"url":"https:\/\/neamedia-icons.com\/wp-content\/uploads\/2023\/09\/light_logo_assassins_creed_ubisoft_neamedia_mirage_icons_video_games.jpg","type":"image\/jpeg"}],"twitter_card":"summary_large_image","twitter_site":"@neamediaicons","twitter_misc":{"Est. reading time":"1 minute"},"schema":{"@context":"https:\/\/schema.org","@graph":[{"@type":"WebPage","@id":"https:\/\/neamedia-icons.com\/produit\/assassins-creed-mirage-logo-light\/","url":"https:\/\/neamedia-icons.com\/produit\/assassins-creed-mirage-logo-light\/","name":"Assassin's Creed : Mirage - Logo Light - Neamedia Icons","isPartOf":{"@id":"https:\/\/neamedia-icons.com\/#website"},"datePublished":"2024-06-10T15:11:56+00:00","dateModified":"2026-03-10T04:53:38+00:00","description":"Level up your gaming set up with this Assassin's Creed Mirage light for the release of the new UBISOFT game","breadcrumb":{"@id":"https:\/\/neamedia-icons.com\/produit\/assassins-creed-mirage-logo-light\/#breadcrumb"},"inLanguage":"en-US","potentialAction":[{"@type":"ReadAction","target":["https:\/\/neamedia-icons.com\/produit\/assassins-creed-mirage-logo-light\/"]}]},{"@type":"BreadcrumbList","@id":"https:\/\/neamedia-icons.com\/produit\/assassins-creed-mirage-logo-light\/#breadcrumb","itemListElement":[{"@type":"ListItem","position":1,"name":"Accueil","item":"https:\/\/neamedia-icons.com\/en\/"},{"@type":"ListItem","position":2,"name":"The Shop | Discover the collection","item":"https:\/\/neamedia-icons.com\/en\/the-shop\/"},{"@type":"ListItem","position":3,"name":"Assassin&#8217;s Creed : Mirage &#8211; Logo Light"}]},{"@type":"WebSite","@id":"https:\/\/neamedia-icons.com\/#website","url":"https:\/\/neamedia-icons.com\/","name":"Neamedia Icons","description":"Boutique sp\u00e9cialis\u00e9e en sculptures, figurines et objets collector design de la Pop Culture - BD, Manga, Anime, Jeux Vid\u00e9o &amp; Litt\u00e9rature","publisher":{"@id":"https:\/\/neamedia-icons.com\/#organization"},"potentialAction":[{"@type":"SearchAction","target":{"@type":"EntryPoint","urlTemplate":"https:\/\/neamedia-icons.com\/?s={search_term_string}"},"query-input":"required name=search_term_string"}],"inLanguage":"en-US"},{"@type":"Organization","@id":"https:\/\/neamedia-icons.com\/#organization","name":"Neamedia Icons","url":"https:\/\/neamedia-icons.com\/","logo":{"@type":"ImageObject","inLanguage":"en-US","@id":"https:\/\/neamedia-icons.com\/#\/schema\/logo\/image\/","url":"https:\/\/neamedia-icons.com\/wp-content\/uploads\/2022\/03\/logo_neamediaicons.png","contentUrl":"https:\/\/neamedia-icons.com\/wp-content\/uploads\/2022\/03\/logo_neamediaicons.png","width":700,"height":206,"caption":"Neamedia Icons"},"image":{"@id":"https:\/\/neamedia-icons.com\/#\/schema\/logo\/image\/"},"sameAs":["https:\/\/www.facebook.com\/NeamediaIcons\/","https:\/\/twitter.com\/neamediaicons","https:\/\/www.instagram.com\/neamediaicons\/","https:\/\/www.pinterest.fr\/neamediaicons\/_created\/","https:\/\/www.youtube.com\/channel\/UCXUJbRezXkDAz70xAan92cw"]}]}},"_links":{"self":[{"href":"https:\/\/neamedia-icons.com\/en\/wp-json\/wp\/v2\/product\/179586","targetHints":{"allow":["GET"]}}],"collection":[{"href":"https:\/\/neamedia-icons.com\/en\/wp-json\/wp\/v2\/product"}],"about":[{"href":"https:\/\/neamedia-icons.com\/en\/wp-json\/wp\/v2\/types\/product"}],"replies":[{"embeddable":true,"href":"https:\/\/neamedia-icons.com\/en\/wp-json\/wp\/v2\/comments?post=179586"}],"wp:featuredmedia":[{"embeddable":true,"href":"https:\/\/neamedia-icons.com\/en\/wp-json\/wp\/v2\/media\/182075"}],"wp:attachment":[{"href":"https:\/\/neamedia-icons.com\/en\/wp-json\/wp\/v2\/media?parent=179586"}],"wp:term":[{"taxonomy":"product_cat","embeddable":true,"href":"https:\/\/neamedia-icons.com\/en\/wp-json\/wp\/v2\/product_cat?post=179586"},{"taxonomy":"product_tag","embeddable":true,"href":"https:\/\/neamedia-icons.com\/en\/wp-json\/wp\/v2\/product_tag?post=179586"}],"curies":[{"name":"wp","href":"https:\/\/api.w.org\/{rel}","templated":true}]}}