{"id":179309,"date":"2024-06-17T16:25:58","date_gmt":"2024-06-17T14:25:58","guid":{"rendered":"https:\/\/neamedia-icons.com\/?post_type=product&#038;p=179309"},"modified":"2026-04-13T12:45:20","modified_gmt":"2026-04-13T10:45:20","slug":"cyberpunk-2077-phantom-liberty-logo-light","status":"publish","type":"product","link":"https:\/\/neamedia-icons.com\/en\/produit\/cyberpunk-2077-phantom-liberty-logo-light\/","title":{"rendered":"Cyberpunk 2077 Phantom Liberty &#8211; Logo light"},"content":{"rendered":"<h2>CYBERPUNK 2077 : Phantom Liberty &#8211; Logo light<\/h2>\n<p>&nbsp; Dive into the futuristic world of Cyberpunk 2077 with the Phantom Liberty LED lamp, the ultimate choice for video game enthusiasts. In the colors of the famous DLC, this gaming accessory is designed to capture Dogtown&#8217;s distinctive aesthetic, bringing an immersive atmosphere to your PS, Xbox or PC gaming. More daring than ever, the lamp uses vermilion red to further contrast with Cyberpunk&#8217;s famous yellow. An accessory that will become essential to decorate your gaming set up. Just close your curtains and turn on your light ! See other <a href=\"https:\/\/neamedia-icons.com\/en\/etiquette-produit\/lights\/\">Cyberpunk lamps<\/a>, the replica of <a href=\"https:\/\/neamedia-icons.com\/en\/produit\/light-logo-cyberpunk2077-22cm\/\">Johnny Silverhand&#8217;s Arm<\/a> and the <a href=\"https:\/\/neamedia-icons.com\/produit\/cyberpunk-edgerunners-diorama-20cm\/\">Edgerunners diorama<\/a>. Start your Cyberpunk 2077 collection by Neamedia Icons now. &nbsp;<\/p>\n<p><img loading=\"lazy\" decoding=\"async\" class=\"alignnone wp-image-179310 \" src=\"https:\/\/neamedia-icons.com\/wp-content\/uploads\/2023\/09\/Cyberpunk-2077-_-PHANTOM-LIBERTY-_-Logo-_-RGB-_-Yellow.png\" alt=\"\" width=\"440\" height=\"154\"><\/p>\n<p>&nbsp;<\/p>\n<h3>Characteristics :<\/h3>\n<p>&nbsp;<\/p>\n<ul>\n<li><span style=\"text-decoration: underline;\">Officially licensed product:<\/span> The Cyberpunk 2077: Phantom Liberty Led Lamp is an officially licensed gaming accessory. This guarantees premium quality and authenticity. The neon 3D logo and engraved details perfectly represent Phantom Liberty&#8217;s Cyberpunk universe. Invest in the best for the ultimate Cyberpunk experience.<\/li>\n<li><span style=\"text-decoration: underline;\">A 3D creation<\/span>: The lamp is an original creation featuring the &#8220;Cyberpunk&#8221; logo in 3D on a base taken from the famous DLC. Similarly, the textures behind the logo echo the atmosphere of Dogtown&#8217;s underworld. As a result, the set is both an LED lamp and a decorative object that will appeal to any fan of the game.<\/li>\n<li><span style=\"text-decoration: underline;\">Ambient lighting<\/span>: Whether you&#8217;re a fan of the game or a collector of derivative products, the Phantom Liberty lamp will suit any environment. C&#8217;est gr\u00e2ce \u00e0 une batterie rechargeable jusqu&#8217;\u00e0 12h d&#8217;autonomie pour une installation libre. It adapts to your gaming space, whether PC, Xbox or PS.<\/li>\n<li><span style=\"text-decoration: underline;\">A Perfect Gift for Fans: The Phantom Liberty lamp is also a perfect gift for all fans of the extension.<\/span> Give it to a close one or treat yourself by adding this unique piece to your collection.<\/li>\n<\/ul>\n<ul>\n<li>Plastic injection light<\/li>\n<li>Batterie rechargeable sur port USB C (c\u00e2ble inclus)<\/li>\n<li>Size, Weight: L: 22cm (8.66&#8243;) | D: 5cm (1.97&#8243;) | H: 8cm (3.15&#8243;), 0.4kg (0.88lb)<\/li>\n<li>Find the rest of the logo light collection: <a href=\"https:\/\/neamedia-icons.com\/en\/produit\/cyberpunk-2077-phantom-liberty-logo-light\/\">Phantom of Liberty<\/a>, <a href=\"https:\/\/neamedia-icons.com\/en\/produit\/the-witcher-wild-hunt-lampe-logo\/\">The Witcher<\/a>, <a href=\"https:\/\/neamedia-icons.com\/en\/produit\/assassins-creed-lampe-logo\/\">Assassin&#8217;s Creed<\/a>, <a href=\"https:\/\/neamedia-icons.com\/en\/produit\/pubg-battlegrounds-lampe-logo\/\">PUBG<\/a>, <a href=\"https:\/\/neamedia-icons.com\/en\/produit\/assassins-creed-mirage-logo-light\/\">Mirage<\/a>, <a href=\"https:\/\/neamedia-icons.com\/produit\/genshin-impact-lampe-logo\/\">Genshin Impact<\/a> &#8230;<\/li>\n<\/ul>\n<p>&nbsp; Follow us on: <a href=\"https:\/\/www.facebook.com\/NeamediaIcons\/\"><strong>Facebook<\/strong><\/a><strong> | <a href=\"https:\/\/www.instagram.com\/neamediaicons\/\">Instagram<\/a> | <a href=\"https:\/\/twitter.com\/neamediaicons\">Twitter<\/a> | <a href=\"https:\/\/www.pinterest.fr\/neamediaicons\/\">Pinterest<\/a> | <a href=\"https:\/\/www.amazon.fr\/Cyberpunk-2077-Official-Phantom-Liberty\/dp\/B0CB8ZL8XL\/ref=sr_1_fkmr0_1?crid=1VKAHEJX3KXFR&amp;keywords=assassins+creed+-+the+official+light&amp;qid=1702053142&amp;sprefix=light+assassi%2Caps%2C76&amp;sr=8-1-fkmr0\">Amazon<\/a><\/strong><\/p>\n","protected":false},"excerpt":{"rendered":"<ul>\n<li>Official product<\/li>\n<li>Plastic injection light<\/li>\n<li>Battery rechargeable by USB port (cable included)<\/li>\n<li>Size, Weight: L: 22cm (8.66&#8243;) | D: 5cm (1.97&#8243;) | H: 8cm (3.15&#8243;), 0.4kg (0.88lb)<\/li>\n<li>Find the rest of the logo light collection: <a href=\"https:\/\/neamedia-icons.com\/en\/produit\/cyberpunk-2077-phantom-liberty-logo-light\/\">Phantom of Liberty<\/a>, <a href=\"https:\/\/neamedia-icons.com\/en\/produit\/the-witcher-wild-hunt-lampe-logo\/\">The Witcher<\/a>, <a href=\"https:\/\/neamedia-icons.com\/en\/produit\/assassins-creed-lampe-logo\/\">Assassin&#8217;s Creed<\/a>, <a href=\"https:\/\/neamedia-icons.com\/en\/produit\/pubg-battlegrounds-lampe-logo\/\">PUBG<\/a>, <a href=\"https:\/\/neamedia-icons.com\/en\/produit\/assassins-creed-mirage-logo-light\/\">Mirage<\/a>, <a href=\"https:\/\/neamedia-icons.com\/produit\/genshin-impact-lampe-logo\/\">Genshin Impact<\/a> &#8230;<\/li>\n<\/ul>\n","protected":false},"featured_media":182080,"comment_status":"open","ping_status":"closed","template":"","meta":[],"product_cat":[108],"product_tag":[138],"class_list":{"0":"post-179309","1":"product","2":"type-product","3":"status-publish","4":"has-post-thumbnail","6":"product_cat-cyberpunk-2077-en","7":"product_tag-lights-en","9":"first","10":"outofstock","11":"taxable","12":"shipping-taxable","13":"purchasable","14":"product-type-simple"},"yoast_head":"<!-- This site is optimized with the Yoast SEO plugin v21.4 - https:\/\/yoast.com\/wordpress\/plugins\/seo\/ -->\n<title>Cyberpunk 2077 Phantom Liberty - Logo light - Neamedia Icons<\/title>\n<meta name=\"description\" content=\"Level up your gaming set up with this CYBERPUNK 2077: Phantom Liberty light for the release of the very anticipated DLC.\" \/>\n<meta name=\"robots\" content=\"index, follow, max-snippet:-1, max-image-preview:large, max-video-preview:-1\" \/>\n<link rel=\"canonical\" href=\"https:\/\/neamedia-icons.com\/en\/produit\/cyberpunk-2077-phantom-liberty-logo-light\/\" \/>\n<meta property=\"og:locale\" content=\"en_US\" \/>\n<meta property=\"og:type\" content=\"article\" \/>\n<meta property=\"og:title\" content=\"Cyberpunk 2077 Phantom Liberty - Logo light - Neamedia Icons\" \/>\n<meta property=\"og:description\" content=\"Level up your gaming set up with this CYBERPUNK 2077: Phantom Liberty light for the release of the very anticipated DLC.\" \/>\n<meta property=\"og:url\" content=\"https:\/\/neamedia-icons.com\/en\/produit\/cyberpunk-2077-phantom-liberty-logo-light\/\" \/>\n<meta property=\"og:site_name\" content=\"Neamedia Icons\" \/>\n<meta property=\"article:publisher\" content=\"https:\/\/www.facebook.com\/NeamediaIcons\/\" \/>\n<meta property=\"article:modified_time\" content=\"2026-04-13T10:45:20+00:00\" \/>\n<meta property=\"og:image\" content=\"https:\/\/neamedia-icons.com\/wp-content\/uploads\/2024\/06\/Cyberpunk-Phantom-Liberty.jpg\" \/>\n\t<meta property=\"og:image:width\" content=\"1280\" \/>\n\t<meta property=\"og:image:height\" content=\"1586\" \/>\n\t<meta property=\"og:image:type\" content=\"image\/jpeg\" \/>\n<meta name=\"twitter:card\" content=\"summary_large_image\" \/>\n<meta name=\"twitter:site\" content=\"@neamediaicons\" \/>\n<meta name=\"twitter:label1\" content=\"Est. reading time\" \/>\n\t<meta name=\"twitter:data1\" content=\"1 minute\" \/>\n<script type=\"application\/ld+json\" class=\"yoast-schema-graph\">{\"@context\":\"https:\/\/schema.org\",\"@graph\":[{\"@type\":\"WebPage\",\"@id\":\"https:\/\/neamedia-icons.com\/en\/produit\/cyberpunk-2077-phantom-liberty-logo-light\/\",\"url\":\"https:\/\/neamedia-icons.com\/en\/produit\/cyberpunk-2077-phantom-liberty-logo-light\/\",\"name\":\"Cyberpunk 2077 Phantom Liberty - Logo light - Neamedia Icons\",\"isPartOf\":{\"@id\":\"https:\/\/neamedia-icons.com\/#website\"},\"datePublished\":\"2024-06-17T14:25:58+00:00\",\"dateModified\":\"2026-04-13T10:45:20+00:00\",\"description\":\"Level up your gaming set up with this CYBERPUNK 2077: Phantom Liberty light for the release of the very anticipated DLC.\",\"breadcrumb\":{\"@id\":\"https:\/\/neamedia-icons.com\/en\/produit\/cyberpunk-2077-phantom-liberty-logo-light\/#breadcrumb\"},\"inLanguage\":\"en-US\",\"potentialAction\":[{\"@type\":\"ReadAction\",\"target\":[\"https:\/\/neamedia-icons.com\/en\/produit\/cyberpunk-2077-phantom-liberty-logo-light\/\"]}]},{\"@type\":\"BreadcrumbList\",\"@id\":\"https:\/\/neamedia-icons.com\/en\/produit\/cyberpunk-2077-phantom-liberty-logo-light\/#breadcrumb\",\"itemListElement\":[{\"@type\":\"ListItem\",\"position\":1,\"name\":\"Accueil\",\"item\":\"https:\/\/neamedia-icons.com\/en\/\"},{\"@type\":\"ListItem\",\"position\":2,\"name\":\"The Shop | Discover the collection\",\"item\":\"https:\/\/neamedia-icons.com\/en\/the-shop\/\"},{\"@type\":\"ListItem\",\"position\":3,\"name\":\"Cyberpunk 2077 Phantom Liberty &#8211; Logo light\"}]},{\"@type\":\"WebSite\",\"@id\":\"https:\/\/neamedia-icons.com\/#website\",\"url\":\"https:\/\/neamedia-icons.com\/\",\"name\":\"Neamedia Icons\",\"description\":\"Boutique sp\u00e9cialis\u00e9e en sculptures, figurines et objets collector design de la Pop Culture - BD, Manga, Anime, Jeux Vid\u00e9o &amp; Litt\u00e9rature\",\"publisher\":{\"@id\":\"https:\/\/neamedia-icons.com\/#organization\"},\"potentialAction\":[{\"@type\":\"SearchAction\",\"target\":{\"@type\":\"EntryPoint\",\"urlTemplate\":\"https:\/\/neamedia-icons.com\/?s={search_term_string}\"},\"query-input\":\"required name=search_term_string\"}],\"inLanguage\":\"en-US\"},{\"@type\":\"Organization\",\"@id\":\"https:\/\/neamedia-icons.com\/#organization\",\"name\":\"Neamedia Icons\",\"url\":\"https:\/\/neamedia-icons.com\/\",\"logo\":{\"@type\":\"ImageObject\",\"inLanguage\":\"en-US\",\"@id\":\"https:\/\/neamedia-icons.com\/#\/schema\/logo\/image\/\",\"url\":\"https:\/\/neamedia-icons.com\/wp-content\/uploads\/2022\/03\/logo_neamediaicons.png\",\"contentUrl\":\"https:\/\/neamedia-icons.com\/wp-content\/uploads\/2022\/03\/logo_neamediaicons.png\",\"width\":700,\"height\":206,\"caption\":\"Neamedia Icons\"},\"image\":{\"@id\":\"https:\/\/neamedia-icons.com\/#\/schema\/logo\/image\/\"},\"sameAs\":[\"https:\/\/www.facebook.com\/NeamediaIcons\/\",\"https:\/\/twitter.com\/neamediaicons\",\"https:\/\/www.instagram.com\/neamediaicons\/\",\"https:\/\/www.pinterest.fr\/neamediaicons\/_created\/\",\"https:\/\/www.youtube.com\/channel\/UCXUJbRezXkDAz70xAan92cw\"]}]}<\/script>\n<!-- \/ Yoast SEO plugin. -->","yoast_head_json":{"title":"Cyberpunk 2077 Phantom Liberty - Logo light - Neamedia Icons","description":"Level up your gaming set up with this CYBERPUNK 2077: Phantom Liberty light for the release of the very anticipated DLC.","robots":{"index":"index","follow":"follow","max-snippet":"max-snippet:-1","max-image-preview":"max-image-preview:large","max-video-preview":"max-video-preview:-1"},"canonical":"https:\/\/neamedia-icons.com\/en\/produit\/cyberpunk-2077-phantom-liberty-logo-light\/","og_locale":"en_US","og_type":"article","og_title":"Cyberpunk 2077 Phantom Liberty - Logo light - Neamedia Icons","og_description":"Level up your gaming set up with this CYBERPUNK 2077: Phantom Liberty light for the release of the very anticipated DLC.","og_url":"https:\/\/neamedia-icons.com\/en\/produit\/cyberpunk-2077-phantom-liberty-logo-light\/","og_site_name":"Neamedia Icons","article_publisher":"https:\/\/www.facebook.com\/NeamediaIcons\/","article_modified_time":"2026-04-13T10:45:20+00:00","og_image":[{"width":1280,"height":1586,"url":"https:\/\/neamedia-icons.com\/wp-content\/uploads\/2024\/06\/Cyberpunk-Phantom-Liberty.jpg","type":"image\/jpeg"}],"twitter_card":"summary_large_image","twitter_site":"@neamediaicons","twitter_misc":{"Est. reading time":"1 minute"},"schema":{"@context":"https:\/\/schema.org","@graph":[{"@type":"WebPage","@id":"https:\/\/neamedia-icons.com\/en\/produit\/cyberpunk-2077-phantom-liberty-logo-light\/","url":"https:\/\/neamedia-icons.com\/en\/produit\/cyberpunk-2077-phantom-liberty-logo-light\/","name":"Cyberpunk 2077 Phantom Liberty - Logo light - Neamedia Icons","isPartOf":{"@id":"https:\/\/neamedia-icons.com\/#website"},"datePublished":"2024-06-17T14:25:58+00:00","dateModified":"2026-04-13T10:45:20+00:00","description":"Level up your gaming set up with this CYBERPUNK 2077: Phantom Liberty light for the release of the very anticipated DLC.","breadcrumb":{"@id":"https:\/\/neamedia-icons.com\/en\/produit\/cyberpunk-2077-phantom-liberty-logo-light\/#breadcrumb"},"inLanguage":"en-US","potentialAction":[{"@type":"ReadAction","target":["https:\/\/neamedia-icons.com\/en\/produit\/cyberpunk-2077-phantom-liberty-logo-light\/"]}]},{"@type":"BreadcrumbList","@id":"https:\/\/neamedia-icons.com\/en\/produit\/cyberpunk-2077-phantom-liberty-logo-light\/#breadcrumb","itemListElement":[{"@type":"ListItem","position":1,"name":"Accueil","item":"https:\/\/neamedia-icons.com\/en\/"},{"@type":"ListItem","position":2,"name":"The Shop | Discover the collection","item":"https:\/\/neamedia-icons.com\/en\/the-shop\/"},{"@type":"ListItem","position":3,"name":"Cyberpunk 2077 Phantom Liberty &#8211; Logo light"}]},{"@type":"WebSite","@id":"https:\/\/neamedia-icons.com\/#website","url":"https:\/\/neamedia-icons.com\/","name":"Neamedia Icons","description":"Boutique sp\u00e9cialis\u00e9e en sculptures, figurines et objets collector design de la Pop Culture - BD, Manga, Anime, Jeux Vid\u00e9o &amp; Litt\u00e9rature","publisher":{"@id":"https:\/\/neamedia-icons.com\/#organization"},"potentialAction":[{"@type":"SearchAction","target":{"@type":"EntryPoint","urlTemplate":"https:\/\/neamedia-icons.com\/?s={search_term_string}"},"query-input":"required name=search_term_string"}],"inLanguage":"en-US"},{"@type":"Organization","@id":"https:\/\/neamedia-icons.com\/#organization","name":"Neamedia Icons","url":"https:\/\/neamedia-icons.com\/","logo":{"@type":"ImageObject","inLanguage":"en-US","@id":"https:\/\/neamedia-icons.com\/#\/schema\/logo\/image\/","url":"https:\/\/neamedia-icons.com\/wp-content\/uploads\/2022\/03\/logo_neamediaicons.png","contentUrl":"https:\/\/neamedia-icons.com\/wp-content\/uploads\/2022\/03\/logo_neamediaicons.png","width":700,"height":206,"caption":"Neamedia Icons"},"image":{"@id":"https:\/\/neamedia-icons.com\/#\/schema\/logo\/image\/"},"sameAs":["https:\/\/www.facebook.com\/NeamediaIcons\/","https:\/\/twitter.com\/neamediaicons","https:\/\/www.instagram.com\/neamediaicons\/","https:\/\/www.pinterest.fr\/neamediaicons\/_created\/","https:\/\/www.youtube.com\/channel\/UCXUJbRezXkDAz70xAan92cw"]}]}},"_links":{"self":[{"href":"https:\/\/neamedia-icons.com\/en\/wp-json\/wp\/v2\/product\/179309","targetHints":{"allow":["GET"]}}],"collection":[{"href":"https:\/\/neamedia-icons.com\/en\/wp-json\/wp\/v2\/product"}],"about":[{"href":"https:\/\/neamedia-icons.com\/en\/wp-json\/wp\/v2\/types\/product"}],"replies":[{"embeddable":true,"href":"https:\/\/neamedia-icons.com\/en\/wp-json\/wp\/v2\/comments?post=179309"}],"wp:featuredmedia":[{"embeddable":true,"href":"https:\/\/neamedia-icons.com\/en\/wp-json\/wp\/v2\/media\/182080"}],"wp:attachment":[{"href":"https:\/\/neamedia-icons.com\/en\/wp-json\/wp\/v2\/media?parent=179309"}],"wp:term":[{"taxonomy":"product_cat","embeddable":true,"href":"https:\/\/neamedia-icons.com\/en\/wp-json\/wp\/v2\/product_cat?post=179309"},{"taxonomy":"product_tag","embeddable":true,"href":"https:\/\/neamedia-icons.com\/en\/wp-json\/wp\/v2\/product_tag?post=179309"}],"curies":[{"name":"wp","href":"https:\/\/api.w.org\/{rel}","templated":true}]}}