{"id":179285,"date":"2024-06-16T14:19:32","date_gmt":"2024-06-16T12:19:32","guid":{"rendered":"https:\/\/neamedia-icons.com\/?post_type=product&#038;p=179285"},"modified":"2025-08-05T16:02:31","modified_gmt":"2025-08-05T14:02:31","slug":"cyberpunk-edgerunners-netflix-logo-light","status":"publish","type":"product","link":"https:\/\/neamedia-icons.com\/en\/produit\/cyberpunk-edgerunners-netflix-logo-light\/","title":{"rendered":"Cyberpunk Edgerunners &#8211; Logo light"},"content":{"rendered":"<h2>CYBERPUNK: EDGERUNNERS &#8211; Logo Light<\/h2>\n<p>  Decorate your home with this collectible Cyberpunk Edgerunners lamp inspired by the hit Netflix series: Cyberpunk Edgerunners. Dive in the futuristic atmosphere of the Edgerunners through this lamp with its neon colors and its futiristic design. For the fans of David and Lucy, you can find their silhouette engraved on the blue background. An essential gaming accessory alongside your PS, Xbox or PC gaming system, the Cyberpunk: Edgerunners logo lamp embodies an authentic design that transcends simple lighting to become a unique gaming accessory. The light, subtly emanating from the relief, recreates the cybernetic atmosphere of the series, transporting fans straight to the heart of Night City. Whether you&#8217;re having a video or a game night, the neon effect is perfect for total immersion. A must-have for video game fans. Store down and let&#8217;s get adventurous, Chooms! Find other <a href=\"https:\/\/neamedia-icons.com\/en\/etiquette-produit\/lights\/\">Cyberpunk lamps<\/a> and <a href=\"https:\/\/neamedia-icons.com\/en\/produit\/light-logo-cyberpunk2077-22cm\/\">Johnny Silverhand<\/a> &#8216;s replica arm to start your Cyberpunk 2077 collection by Neamedia Icons.  &nbsp;<\/p>\n<p><img loading=\"lazy\" decoding=\"async\" class=\"alignnone wp-image-179290 \" src=\"https:\/\/neamedia-icons.com\/wp-content\/uploads\/2023\/09\/Cyberpunk2077_Edgerunners_NetflixLogo_Light2-1.png\" alt=\"\" width=\"483\" height=\"131\" srcset=\"https:\/\/neamedia-icons.com\/wp-content\/uploads\/2023\/09\/Cyberpunk2077_Edgerunners_NetflixLogo_Light2-1.png 6076w, https:\/\/neamedia-icons.com\/wp-content\/uploads\/2023\/09\/Cyberpunk2077_Edgerunners_NetflixLogo_Light2-1-300x81.png 300w, https:\/\/neamedia-icons.com\/wp-content\/uploads\/2023\/09\/Cyberpunk2077_Edgerunners_NetflixLogo_Light2-1-1024x278.png 1024w, https:\/\/neamedia-icons.com\/wp-content\/uploads\/2023\/09\/Cyberpunk2077_Edgerunners_NetflixLogo_Light2-1-768x208.png 768w, https:\/\/neamedia-icons.com\/wp-content\/uploads\/2023\/09\/Cyberpunk2077_Edgerunners_NetflixLogo_Light2-1-1536x417.png 1536w, https:\/\/neamedia-icons.com\/wp-content\/uploads\/2023\/09\/Cyberpunk2077_Edgerunners_NetflixLogo_Light2-1-2048x555.png 2048w, https:\/\/neamedia-icons.com\/wp-content\/uploads\/2023\/09\/Cyberpunk2077_Edgerunners_NetflixLogo_Light2-1-920x250.png 920w\" sizes=\"auto, (max-width: 483px) 100vw, 483px\" \/><\/p>\n<h3>Characteristics :<\/h3>\n<ul>\n<li><span style=\"text-decoration: underline;\">Officially licensed product<\/span>: The Edgerunners Edition Cyberpunk lamp is an officially licensed gaming decoration item. This guarantees premium quality and authenticity. The neon 3D logo and engraved details perfectly represent the Cyberpunk universe. Invest in the best to live this experience to the full.<\/li>\n<li><span style=\"text-decoration: underline;\">A 3D creation<\/span>: The lamp is an original creation featuring the &#8220;Cyberpunk&#8221; logo in 3D on a neon base and a blue Night City base. And for fans of David and Lucy, you&#8217;ll find their silhouettes silhouetted against the blue background. As a result, the set is both an LED lamp and a decorative object that will appeal to any fan of the game.<\/li>\n<li><span style=\"text-decoration: underline;\">Ambient lighting<\/span>: Whether you&#8217;re a fan of the Netflix series or a collector of derivative products, the Edgerunners Cyberpunk lamp will suit any environment. This is thanks to a rechargeable battery providing up to 12 hours of autonomy for free installation. It adapts to your gaming space, whether PC, Xbox or PS. This lamp creates an immersive atmosphere, transporting fans straight to the heart of the Edgerunners&#8217; missions.<\/li>\n<li><span style=\"text-decoration: underline;\">A Perfect Gift for Fans<\/span>: The Edgerunners logo lamp is also a perfect gift for all fans of the series. Give it to a close one or treat yourself by adding this unique piece to your collection.<\/li>\n<\/ul>\n<p>&nbsp;<\/p>\n<ul>\n<li>Plastic injection light<\/li>\n<li>Battery rechargeable by USB port (cable included)<\/li>\n<li>Size, Weight: L: 22cm (8.66&#8243;) | D: 5cm (1.97&#8243;) | H: 8cm (3.15&#8243;), 0.4kg (0.88lb)<\/li>\n<li>Find the rest of the logo light collection: <a href=\"https:\/\/neamedia-icons.com\/en\/produit\/cyberpunk-2077-phantom-liberty-logo-light\/\">Phantom of Liberty<\/a>, <a href=\"https:\/\/neamedia-icons.com\/en\/produit\/the-witcher-wild-hunt-lampe-logo\/\">The Witcher<\/a>, <a href=\"https:\/\/neamedia-icons.com\/en\/produit\/assassins-creed-lampe-logo\/\">Assassin&#8217;s Creed<\/a>, <a href=\"https:\/\/neamedia-icons.com\/en\/produit\/pubg-battlegrounds-lampe-logo\/\">PUBG<\/a>, <a href=\"https:\/\/neamedia-icons.com\/en\/produit\/assassins-creed-mirage-logo-light\/\">Mirage<\/a>, <a href=\"https:\/\/neamedia-icons.com\/produit\/genshin-impact-lampe-logo\/\">Genshin Impact<\/a> &#8230;<\/li>\n<\/ul>\n<p>&nbsp;  Follow us on : <a href=\"https:\/\/www.facebook.com\/NeamediaIcons\/\"><strong>Facebook<\/strong><\/a><strong> | <a href=\"https:\/\/www.instagram.com\/neamediaicons\/\">Instagram<\/a> | <a href=\"https:\/\/twitter.com\/neamediaicons\">Twitter<\/a> | <a href=\"https:\/\/www.pinterest.fr\/neamediaicons\/\">Pinterest <\/a>| <a href=\"https:\/\/www.amazon.fr\/Neamedia-Icons-Cyberpunk-Official-Edgerunners\/dp\/B0C2CSR57K\/ref=sr_1_4?crid=1VKAHEJX3KXFR&amp;keywords=assassins+creed+-+the+official+light&amp;qid=1702052839&amp;sprefix=light+assassi%2Caps%2C76&amp;sr=8-4\">Amazon<\/a><\/strong><\/p>\n","protected":false},"excerpt":{"rendered":"<h5>Delivery from April<\/h5>\n<ul>\n<li>Official product<\/li>\n<li>Plastic injection light<\/li>\n<li>Battery rechargeable by USB port (cable included)<\/li>\n<li>Size, Weight: L: 22cm (8.66&#8243;) | D: 5cm (1.97&#8243;) | H: 8cm (3.15&#8243;), 0.4kg (0.88lb)<\/li>\n<li>Find the collection : <a href=\"https:\/\/neamedia-icons.com\/en\/produit\/cyberpunk-2077-phantom-liberty-logo-light\/\">Phantom of Liberty<\/a>, <a href=\"https:\/\/neamedia-icons.com\/en\/produit\/pubg-battlegrounds-lampe-logo\/\">PUBG, <\/a><a href=\"https:\/\/neamedia-icons.com\/en\/produit\/the-witcher-wild-hunt-lampe-logo\/\">The Witcher<\/a>, <a href=\"https:\/\/neamedia-icons.com\/en\/produit\/assassins-creed-lampe-logo\/\">Assassin&#8217;s Creed<\/a>, <a href=\"https:\/\/neamedia-icons.com\/en\/produit\/assassins-creed-mirage-logo-light\/\">Mirage<\/a>&#8230;<\/li>\n<\/ul>\n","protected":false},"featured_media":182082,"comment_status":"open","ping_status":"closed","template":"","meta":[],"product_cat":[108],"product_tag":[138],"class_list":{"0":"post-179285","1":"product","2":"type-product","3":"status-publish","4":"has-post-thumbnail","6":"product_cat-cyberpunk-2077-en","7":"product_tag-lights-en","9":"first","10":"outofstock","11":"taxable","12":"shipping-taxable","13":"purchasable","14":"product-type-simple"},"yoast_head":"<!-- This site is optimized with the Yoast SEO plugin v21.4 - https:\/\/yoast.com\/wordpress\/plugins\/seo\/ -->\n<title>Cyberpunk Edgerunners - Logo light - Neamedia Icons<\/title>\n<meta name=\"description\" content=\"Level up your gaming set up with this CYBERPUNK Edgerunners light inspired by the famous Netflix serie Cyberpunk: Edgerunners\" \/>\n<meta name=\"robots\" content=\"index, follow, max-snippet:-1, max-image-preview:large, max-video-preview:-1\" \/>\n<link rel=\"canonical\" href=\"https:\/\/neamedia-icons.com\/produit\/cyberpunk-edgerunners-netflix-logo-light\/\" \/>\n<meta property=\"og:locale\" content=\"en_US\" \/>\n<meta property=\"og:type\" content=\"article\" \/>\n<meta property=\"og:title\" content=\"Cyberpunk Edgerunners - Logo light - Neamedia Icons\" \/>\n<meta property=\"og:description\" content=\"Level up your gaming set up with this CYBERPUNK Edgerunners light inspired by the famous Netflix serie Cyberpunk: Edgerunners\" \/>\n<meta property=\"og:url\" content=\"https:\/\/neamedia-icons.com\/produit\/cyberpunk-edgerunners-netflix-logo-light\/\" \/>\n<meta property=\"og:site_name\" content=\"Neamedia Icons\" \/>\n<meta property=\"article:publisher\" content=\"https:\/\/www.facebook.com\/NeamediaIcons\/\" \/>\n<meta property=\"article:modified_time\" content=\"2025-08-05T14:02:31+00:00\" \/>\n<meta property=\"og:image\" content=\"https:\/\/neamedia-icons.com\/wp-content\/uploads\/2023\/09\/light_logo_cyberpunk_edgerunners_cd_projekt_neamedia_icons_video_games-3.jpg\" \/>\n\t<meta property=\"og:image:width\" content=\"1280\" \/>\n\t<meta property=\"og:image:height\" content=\"1586\" \/>\n\t<meta property=\"og:image:type\" content=\"image\/jpeg\" \/>\n<meta name=\"twitter:card\" content=\"summary_large_image\" \/>\n<meta name=\"twitter:site\" content=\"@neamediaicons\" \/>\n<meta name=\"twitter:label1\" content=\"Est. reading time\" \/>\n\t<meta name=\"twitter:data1\" content=\"1 minute\" \/>\n<script type=\"application\/ld+json\" class=\"yoast-schema-graph\">{\"@context\":\"https:\/\/schema.org\",\"@graph\":[{\"@type\":\"WebPage\",\"@id\":\"https:\/\/neamedia-icons.com\/produit\/cyberpunk-edgerunners-netflix-logo-light\/\",\"url\":\"https:\/\/neamedia-icons.com\/produit\/cyberpunk-edgerunners-netflix-logo-light\/\",\"name\":\"Cyberpunk Edgerunners - Logo light - Neamedia Icons\",\"isPartOf\":{\"@id\":\"https:\/\/neamedia-icons.com\/#website\"},\"datePublished\":\"2024-06-16T12:19:32+00:00\",\"dateModified\":\"2025-08-05T14:02:31+00:00\",\"description\":\"Level up your gaming set up with this CYBERPUNK Edgerunners light inspired by the famous Netflix serie Cyberpunk: Edgerunners\",\"breadcrumb\":{\"@id\":\"https:\/\/neamedia-icons.com\/produit\/cyberpunk-edgerunners-netflix-logo-light\/#breadcrumb\"},\"inLanguage\":\"en-US\",\"potentialAction\":[{\"@type\":\"ReadAction\",\"target\":[\"https:\/\/neamedia-icons.com\/produit\/cyberpunk-edgerunners-netflix-logo-light\/\"]}]},{\"@type\":\"BreadcrumbList\",\"@id\":\"https:\/\/neamedia-icons.com\/produit\/cyberpunk-edgerunners-netflix-logo-light\/#breadcrumb\",\"itemListElement\":[{\"@type\":\"ListItem\",\"position\":1,\"name\":\"Accueil\",\"item\":\"https:\/\/neamedia-icons.com\/en\/\"},{\"@type\":\"ListItem\",\"position\":2,\"name\":\"The Shop | Discover the collection\",\"item\":\"https:\/\/neamedia-icons.com\/en\/the-shop\/\"},{\"@type\":\"ListItem\",\"position\":3,\"name\":\"Cyberpunk Edgerunners &#8211; Logo light\"}]},{\"@type\":\"WebSite\",\"@id\":\"https:\/\/neamedia-icons.com\/#website\",\"url\":\"https:\/\/neamedia-icons.com\/\",\"name\":\"Neamedia Icons\",\"description\":\"Boutique sp\u00e9cialis\u00e9e en sculptures, figurines et objets collector design de la Pop Culture - BD, Manga, Anime, Jeux Vid\u00e9o &amp; Litt\u00e9rature\",\"publisher\":{\"@id\":\"https:\/\/neamedia-icons.com\/#organization\"},\"potentialAction\":[{\"@type\":\"SearchAction\",\"target\":{\"@type\":\"EntryPoint\",\"urlTemplate\":\"https:\/\/neamedia-icons.com\/?s={search_term_string}\"},\"query-input\":\"required name=search_term_string\"}],\"inLanguage\":\"en-US\"},{\"@type\":\"Organization\",\"@id\":\"https:\/\/neamedia-icons.com\/#organization\",\"name\":\"Neamedia Icons\",\"url\":\"https:\/\/neamedia-icons.com\/\",\"logo\":{\"@type\":\"ImageObject\",\"inLanguage\":\"en-US\",\"@id\":\"https:\/\/neamedia-icons.com\/#\/schema\/logo\/image\/\",\"url\":\"https:\/\/neamedia-icons.com\/wp-content\/uploads\/2022\/03\/logo_neamediaicons.png\",\"contentUrl\":\"https:\/\/neamedia-icons.com\/wp-content\/uploads\/2022\/03\/logo_neamediaicons.png\",\"width\":700,\"height\":206,\"caption\":\"Neamedia Icons\"},\"image\":{\"@id\":\"https:\/\/neamedia-icons.com\/#\/schema\/logo\/image\/\"},\"sameAs\":[\"https:\/\/www.facebook.com\/NeamediaIcons\/\",\"https:\/\/twitter.com\/neamediaicons\",\"https:\/\/www.instagram.com\/neamediaicons\/\",\"https:\/\/www.pinterest.fr\/neamediaicons\/_created\/\",\"https:\/\/www.youtube.com\/channel\/UCXUJbRezXkDAz70xAan92cw\"]}]}<\/script>\n<!-- \/ Yoast SEO plugin. -->","yoast_head_json":{"title":"Cyberpunk Edgerunners - Logo light - Neamedia Icons","description":"Level up your gaming set up with this CYBERPUNK Edgerunners light inspired by the famous Netflix serie Cyberpunk: Edgerunners","robots":{"index":"index","follow":"follow","max-snippet":"max-snippet:-1","max-image-preview":"max-image-preview:large","max-video-preview":"max-video-preview:-1"},"canonical":"https:\/\/neamedia-icons.com\/produit\/cyberpunk-edgerunners-netflix-logo-light\/","og_locale":"en_US","og_type":"article","og_title":"Cyberpunk Edgerunners - Logo light - Neamedia Icons","og_description":"Level up your gaming set up with this CYBERPUNK Edgerunners light inspired by the famous Netflix serie Cyberpunk: Edgerunners","og_url":"https:\/\/neamedia-icons.com\/produit\/cyberpunk-edgerunners-netflix-logo-light\/","og_site_name":"Neamedia Icons","article_publisher":"https:\/\/www.facebook.com\/NeamediaIcons\/","article_modified_time":"2025-08-05T14:02:31+00:00","og_image":[{"width":1280,"height":1586,"url":"https:\/\/neamedia-icons.com\/wp-content\/uploads\/2023\/09\/light_logo_cyberpunk_edgerunners_cd_projekt_neamedia_icons_video_games-3.jpg","type":"image\/jpeg"}],"twitter_card":"summary_large_image","twitter_site":"@neamediaicons","twitter_misc":{"Est. reading time":"1 minute"},"schema":{"@context":"https:\/\/schema.org","@graph":[{"@type":"WebPage","@id":"https:\/\/neamedia-icons.com\/produit\/cyberpunk-edgerunners-netflix-logo-light\/","url":"https:\/\/neamedia-icons.com\/produit\/cyberpunk-edgerunners-netflix-logo-light\/","name":"Cyberpunk Edgerunners - Logo light - Neamedia Icons","isPartOf":{"@id":"https:\/\/neamedia-icons.com\/#website"},"datePublished":"2024-06-16T12:19:32+00:00","dateModified":"2025-08-05T14:02:31+00:00","description":"Level up your gaming set up with this CYBERPUNK Edgerunners light inspired by the famous Netflix serie Cyberpunk: Edgerunners","breadcrumb":{"@id":"https:\/\/neamedia-icons.com\/produit\/cyberpunk-edgerunners-netflix-logo-light\/#breadcrumb"},"inLanguage":"en-US","potentialAction":[{"@type":"ReadAction","target":["https:\/\/neamedia-icons.com\/produit\/cyberpunk-edgerunners-netflix-logo-light\/"]}]},{"@type":"BreadcrumbList","@id":"https:\/\/neamedia-icons.com\/produit\/cyberpunk-edgerunners-netflix-logo-light\/#breadcrumb","itemListElement":[{"@type":"ListItem","position":1,"name":"Accueil","item":"https:\/\/neamedia-icons.com\/en\/"},{"@type":"ListItem","position":2,"name":"The Shop | Discover the collection","item":"https:\/\/neamedia-icons.com\/en\/the-shop\/"},{"@type":"ListItem","position":3,"name":"Cyberpunk Edgerunners &#8211; Logo light"}]},{"@type":"WebSite","@id":"https:\/\/neamedia-icons.com\/#website","url":"https:\/\/neamedia-icons.com\/","name":"Neamedia Icons","description":"Boutique sp\u00e9cialis\u00e9e en sculptures, figurines et objets collector design de la Pop Culture - BD, Manga, Anime, Jeux Vid\u00e9o &amp; Litt\u00e9rature","publisher":{"@id":"https:\/\/neamedia-icons.com\/#organization"},"potentialAction":[{"@type":"SearchAction","target":{"@type":"EntryPoint","urlTemplate":"https:\/\/neamedia-icons.com\/?s={search_term_string}"},"query-input":"required name=search_term_string"}],"inLanguage":"en-US"},{"@type":"Organization","@id":"https:\/\/neamedia-icons.com\/#organization","name":"Neamedia Icons","url":"https:\/\/neamedia-icons.com\/","logo":{"@type":"ImageObject","inLanguage":"en-US","@id":"https:\/\/neamedia-icons.com\/#\/schema\/logo\/image\/","url":"https:\/\/neamedia-icons.com\/wp-content\/uploads\/2022\/03\/logo_neamediaicons.png","contentUrl":"https:\/\/neamedia-icons.com\/wp-content\/uploads\/2022\/03\/logo_neamediaicons.png","width":700,"height":206,"caption":"Neamedia Icons"},"image":{"@id":"https:\/\/neamedia-icons.com\/#\/schema\/logo\/image\/"},"sameAs":["https:\/\/www.facebook.com\/NeamediaIcons\/","https:\/\/twitter.com\/neamediaicons","https:\/\/www.instagram.com\/neamediaicons\/","https:\/\/www.pinterest.fr\/neamediaicons\/_created\/","https:\/\/www.youtube.com\/channel\/UCXUJbRezXkDAz70xAan92cw"]}]}},"_links":{"self":[{"href":"https:\/\/neamedia-icons.com\/en\/wp-json\/wp\/v2\/product\/179285","targetHints":{"allow":["GET"]}}],"collection":[{"href":"https:\/\/neamedia-icons.com\/en\/wp-json\/wp\/v2\/product"}],"about":[{"href":"https:\/\/neamedia-icons.com\/en\/wp-json\/wp\/v2\/types\/product"}],"replies":[{"embeddable":true,"href":"https:\/\/neamedia-icons.com\/en\/wp-json\/wp\/v2\/comments?post=179285"}],"wp:featuredmedia":[{"embeddable":true,"href":"https:\/\/neamedia-icons.com\/en\/wp-json\/wp\/v2\/media\/182082"}],"wp:attachment":[{"href":"https:\/\/neamedia-icons.com\/en\/wp-json\/wp\/v2\/media?parent=179285"}],"wp:term":[{"taxonomy":"product_cat","embeddable":true,"href":"https:\/\/neamedia-icons.com\/en\/wp-json\/wp\/v2\/product_cat?post=179285"},{"taxonomy":"product_tag","embeddable":true,"href":"https:\/\/neamedia-icons.com\/en\/wp-json\/wp\/v2\/product_tag?post=179285"}],"curies":[{"name":"wp","href":"https:\/\/api.w.org\/{rel}","templated":true}]}}