{"id":17887,"date":"2022-05-06T11:03:36","date_gmt":"2022-05-06T09:03:36","guid":{"rendered":"https:\/\/brocoli-agency.fr\/neamediaicons\/produit\/sonic-mini-icons-classic-edition\/"},"modified":"2024-03-02T20:15:43","modified_gmt":"2024-03-02T19:15:43","slug":"figure-sonic-classic","status":"publish","type":"product","link":"https:\/\/neamedia-icons.com\/en\/produit\/figure-sonic-classic\/","title":{"rendered":"Figure \u2013 Sonic \u2013 13.5cm \u2013 classic"},"content":{"rendered":"<h3>When you think about video game hero, definitely Sonic must come to your mind!<\/h3>\n<p>&nbsp;<\/p>\n<p>The Sonic the Hedgehog statue expresses everything that makes the character such an icon. Remarkably accurate, it&#8217;s inspired by his look from the 90s, in a pose that perfectly represents his rebellious and warm character. With a raised finger, cheeky grin and trademark striped red sneakers, this Sonic figurine is designed to be timeless, energetic and oh-so-stylish!<\/p>\n<p>This sculpture is going to have its place as well in your lounge than your heart.<\/p>\n<p>If the classic version is a little too \u201cd\u00e9j\u00e0 vu\u201d for you, two totally original versions are also available: a vintage-style grey version and a more pop art blue version.<\/p>\n<p>Gotta go now! Order your figurine now!<\/p>\n<p>This figurine was made with the collaboration and support of SEGA.<\/p>\n<p>&nbsp;<\/p>\n<p><img loading=\"lazy\" decoding=\"async\" class=\"wp-image-3076 size-medium\" src=\"https:\/\/neamedia-icons.com\/wp-content\/uploads\/2022\/04\/sonic-the-hedgehog_logo-300x135.jpg\" alt=\"Sonic the Hedgehog logo\" width=\"300\" height=\"135\" srcset=\"https:\/\/neamedia-icons.com\/wp-content\/uploads\/2022\/04\/sonic-the-hedgehog_logo-300x135.jpg 300w, https:\/\/neamedia-icons.com\/wp-content\/uploads\/2022\/04\/sonic-the-hedgehog_logo.jpg 572w\" sizes=\"auto, (max-width: 300px) 100vw, 300px\" \/>           <img loading=\"lazy\" decoding=\"async\" class=\"\" src=\"https:\/\/neamedia-icons.com\/wp-content\/uploads\/2022\/04\/popinsider_winner_bestgeekygift2021-300x300.png\" alt=\"Popinsider Winner Best Geeky Gift 2021\" width=\"154\" height=\"154\"><\/p>\n<p>&nbsp;<\/p>\n<ul>\n<li>Product under official license: \u00a9SEGA<\/li>\n<li>Colors : Classic, <a href=\"https:\/\/neamedia-icons.com\/en\/produit\/figure-sonic-grey\/\">Grey<\/a>, <a href=\"https:\/\/neamedia-icons.com\/en\/produit\/figure-sonic-blue\/\">Blue<\/a><\/li>\n<li>Hand-painted resin figurine with a lacquered finish<\/li>\n<li>Size, Weight: 13.5cm (5.31&#8243;), 0.5kg (1.10lb)<\/li>\n<li>Published by Neamedia Icons<\/li>\n<\/ul>\n<p>&nbsp;<\/p>\n<p>Follow us on :<\/p>\n<p><a href=\"https:\/\/www.facebook.com\/NeamediaIcons\/\"><strong>Facebook<\/strong><\/a><strong>| <a href=\"https:\/\/www.instagram.com\/neamediaicons\/\">Instagram<\/a> | <a href=\"https:\/\/twitter.com\/neamediaicons\">Twitter<\/a> | <a href=\"https:\/\/www.pinterest.fr\/neamediaicons\/\">Pinterest<\/a><\/strong><\/p>\n<p>\u00a9SEGA<\/p>\n","protected":false},"excerpt":{"rendered":"<ul>\n<li>Product under official license: \u00a9SEGA<\/li>\n<li>Colors : Classic, <a href=\"https:\/\/neamedia-icons.com\/en\/produit\/figure-sonic-grey\/\">Grey<\/a>, <a href=\"https:\/\/neamedia-icons.com\/en\/produit\/figure-sonic-blue\/\">Blue<\/a><\/li>\n<li>Hand-painted resin figurine with a lacquered finish<\/li>\n<li>Size, Weight: 13.5cm (5.31&#8243;), 0.5kg (1.10lb)<\/li>\n<li>Published by Neamedia Icons<\/li>\n<\/ul>\n","protected":false},"featured_media":3723,"comment_status":"open","ping_status":"closed","template":"","meta":[],"product_cat":[117],"product_tag":[140],"class_list":{"0":"post-17887","1":"product","2":"type-product","3":"status-publish","4":"has-post-thumbnail","6":"product_cat-sonic-en","7":"product_tag-statues-en","9":"first","10":"outofstock","11":"taxable","12":"shipping-taxable","13":"purchasable","14":"product-type-simple"},"yoast_head":"<!-- This site is optimized with the Yoast SEO plugin v21.4 - https:\/\/yoast.com\/wordpress\/plugins\/seo\/ -->\n<title>Figure \u2013 Sonic \u2013 13.5cm \u2013 classic - Neamedia Icons<\/title>\n<meta name=\"description\" content=\"The Sonic the Hedgehog statue, created by Neamedia Icons with the collaboration of SEGA, expresses everything that makes the character a symbol.\" \/>\n<meta name=\"robots\" content=\"index, follow, max-snippet:-1, max-image-preview:large, max-video-preview:-1\" \/>\n<link rel=\"canonical\" href=\"https:\/\/neamedia-icons.com\/?post_type=product&p=3175\" \/>\n<meta property=\"og:locale\" content=\"en_US\" \/>\n<meta property=\"og:type\" content=\"article\" \/>\n<meta property=\"og:title\" content=\"Figure \u2013 Sonic \u2013 13.5cm \u2013 classic - Neamedia Icons\" \/>\n<meta property=\"og:description\" content=\"The Sonic the Hedgehog statue, created by Neamedia Icons with the collaboration of SEGA, expresses everything that makes the character a symbol.\" \/>\n<meta property=\"og:url\" content=\"https:\/\/neamedia-icons.com\/?post_type=product&amp;p=3175\" \/>\n<meta property=\"og:site_name\" content=\"Neamedia Icons\" \/>\n<meta property=\"article:publisher\" content=\"https:\/\/www.facebook.com\/NeamediaIcons\/\" \/>\n<meta property=\"article:modified_time\" content=\"2024-03-02T19:15:43+00:00\" \/>\n<meta property=\"og:image\" content=\"https:\/\/neamedia-icons.com\/wp-content\/uploads\/2022\/04\/Sonic_Neamedia_Icons_figurine_13_cm_resin_1.jpg\" \/>\n\t<meta property=\"og:image:width\" content=\"1280\" \/>\n\t<meta property=\"og:image:height\" content=\"1586\" \/>\n\t<meta property=\"og:image:type\" content=\"image\/jpeg\" \/>\n<meta name=\"twitter:card\" content=\"summary_large_image\" \/>\n<meta name=\"twitter:site\" content=\"@neamediaicons\" \/>\n<meta name=\"twitter:label1\" content=\"Est. reading time\" \/>\n\t<meta name=\"twitter:data1\" content=\"1 minute\" \/>\n<script type=\"application\/ld+json\" class=\"yoast-schema-graph\">{\"@context\":\"https:\/\/schema.org\",\"@graph\":[{\"@type\":\"WebPage\",\"@id\":\"https:\/\/neamedia-icons.com\/?post_type=product&p=3175\",\"url\":\"https:\/\/neamedia-icons.com\/?post_type=product&p=3175\",\"name\":\"Figure \u2013 Sonic \u2013 13.5cm \u2013 classic - Neamedia Icons\",\"isPartOf\":{\"@id\":\"https:\/\/neamedia-icons.com\/#website\"},\"datePublished\":\"2022-05-06T09:03:36+00:00\",\"dateModified\":\"2024-03-02T19:15:43+00:00\",\"description\":\"The Sonic the Hedgehog statue, created by Neamedia Icons with the collaboration of SEGA, expresses everything that makes the character a symbol.\",\"breadcrumb\":{\"@id\":\"https:\/\/neamedia-icons.com\/?post_type=product&p=3175#breadcrumb\"},\"inLanguage\":\"en-US\",\"potentialAction\":[{\"@type\":\"ReadAction\",\"target\":[\"https:\/\/neamedia-icons.com\/?post_type=product&p=3175\"]}]},{\"@type\":\"BreadcrumbList\",\"@id\":\"https:\/\/neamedia-icons.com\/?post_type=product&p=3175#breadcrumb\",\"itemListElement\":[{\"@type\":\"ListItem\",\"position\":1,\"name\":\"Accueil\",\"item\":\"https:\/\/neamedia-icons.com\/en\/\"},{\"@type\":\"ListItem\",\"position\":2,\"name\":\"The Shop | Discover the collection\",\"item\":\"https:\/\/neamedia-icons.com\/en\/the-shop\/\"},{\"@type\":\"ListItem\",\"position\":3,\"name\":\"Figure \u2013 Sonic \u2013 13.5cm \u2013 classic\"}]},{\"@type\":\"WebSite\",\"@id\":\"https:\/\/neamedia-icons.com\/#website\",\"url\":\"https:\/\/neamedia-icons.com\/\",\"name\":\"Neamedia Icons\",\"description\":\"Boutique sp\u00e9cialis\u00e9e en sculptures, figurines et objets collector design de la Pop Culture - BD, Manga, Anime, Jeux Vid\u00e9o &amp; Litt\u00e9rature\",\"publisher\":{\"@id\":\"https:\/\/neamedia-icons.com\/#organization\"},\"potentialAction\":[{\"@type\":\"SearchAction\",\"target\":{\"@type\":\"EntryPoint\",\"urlTemplate\":\"https:\/\/neamedia-icons.com\/?s={search_term_string}\"},\"query-input\":\"required name=search_term_string\"}],\"inLanguage\":\"en-US\"},{\"@type\":\"Organization\",\"@id\":\"https:\/\/neamedia-icons.com\/#organization\",\"name\":\"Neamedia Icons\",\"url\":\"https:\/\/neamedia-icons.com\/\",\"logo\":{\"@type\":\"ImageObject\",\"inLanguage\":\"en-US\",\"@id\":\"https:\/\/neamedia-icons.com\/#\/schema\/logo\/image\/\",\"url\":\"https:\/\/neamedia-icons.com\/wp-content\/uploads\/2022\/03\/logo_neamediaicons.png\",\"contentUrl\":\"https:\/\/neamedia-icons.com\/wp-content\/uploads\/2022\/03\/logo_neamediaicons.png\",\"width\":700,\"height\":206,\"caption\":\"Neamedia Icons\"},\"image\":{\"@id\":\"https:\/\/neamedia-icons.com\/#\/schema\/logo\/image\/\"},\"sameAs\":[\"https:\/\/www.facebook.com\/NeamediaIcons\/\",\"https:\/\/twitter.com\/neamediaicons\",\"https:\/\/www.instagram.com\/neamediaicons\/\",\"https:\/\/www.pinterest.fr\/neamediaicons\/_created\/\",\"https:\/\/www.youtube.com\/channel\/UCXUJbRezXkDAz70xAan92cw\"]}]}<\/script>\n<!-- \/ Yoast SEO plugin. -->","yoast_head_json":{"title":"Figure \u2013 Sonic \u2013 13.5cm \u2013 classic - Neamedia Icons","description":"The Sonic the Hedgehog statue, created by Neamedia Icons with the collaboration of SEGA, expresses everything that makes the character a symbol.","robots":{"index":"index","follow":"follow","max-snippet":"max-snippet:-1","max-image-preview":"max-image-preview:large","max-video-preview":"max-video-preview:-1"},"canonical":"https:\/\/neamedia-icons.com\/?post_type=product&p=3175","og_locale":"en_US","og_type":"article","og_title":"Figure \u2013 Sonic \u2013 13.5cm \u2013 classic - Neamedia Icons","og_description":"The Sonic the Hedgehog statue, created by Neamedia Icons with the collaboration of SEGA, expresses everything that makes the character a symbol.","og_url":"https:\/\/neamedia-icons.com\/?post_type=product&p=3175","og_site_name":"Neamedia Icons","article_publisher":"https:\/\/www.facebook.com\/NeamediaIcons\/","article_modified_time":"2024-03-02T19:15:43+00:00","og_image":[{"width":1280,"height":1586,"url":"https:\/\/neamedia-icons.com\/wp-content\/uploads\/2022\/04\/Sonic_Neamedia_Icons_figurine_13_cm_resin_1.jpg","type":"image\/jpeg"}],"twitter_card":"summary_large_image","twitter_site":"@neamediaicons","twitter_misc":{"Est. reading time":"1 minute"},"schema":{"@context":"https:\/\/schema.org","@graph":[{"@type":"WebPage","@id":"https:\/\/neamedia-icons.com\/?post_type=product&p=3175","url":"https:\/\/neamedia-icons.com\/?post_type=product&p=3175","name":"Figure \u2013 Sonic \u2013 13.5cm \u2013 classic - Neamedia Icons","isPartOf":{"@id":"https:\/\/neamedia-icons.com\/#website"},"datePublished":"2022-05-06T09:03:36+00:00","dateModified":"2024-03-02T19:15:43+00:00","description":"The Sonic the Hedgehog statue, created by Neamedia Icons with the collaboration of SEGA, expresses everything that makes the character a symbol.","breadcrumb":{"@id":"https:\/\/neamedia-icons.com\/?post_type=product&p=3175#breadcrumb"},"inLanguage":"en-US","potentialAction":[{"@type":"ReadAction","target":["https:\/\/neamedia-icons.com\/?post_type=product&p=3175"]}]},{"@type":"BreadcrumbList","@id":"https:\/\/neamedia-icons.com\/?post_type=product&p=3175#breadcrumb","itemListElement":[{"@type":"ListItem","position":1,"name":"Accueil","item":"https:\/\/neamedia-icons.com\/en\/"},{"@type":"ListItem","position":2,"name":"The Shop | Discover the collection","item":"https:\/\/neamedia-icons.com\/en\/the-shop\/"},{"@type":"ListItem","position":3,"name":"Figure \u2013 Sonic \u2013 13.5cm \u2013 classic"}]},{"@type":"WebSite","@id":"https:\/\/neamedia-icons.com\/#website","url":"https:\/\/neamedia-icons.com\/","name":"Neamedia Icons","description":"Boutique sp\u00e9cialis\u00e9e en sculptures, figurines et objets collector design de la Pop Culture - BD, Manga, Anime, Jeux Vid\u00e9o &amp; Litt\u00e9rature","publisher":{"@id":"https:\/\/neamedia-icons.com\/#organization"},"potentialAction":[{"@type":"SearchAction","target":{"@type":"EntryPoint","urlTemplate":"https:\/\/neamedia-icons.com\/?s={search_term_string}"},"query-input":"required name=search_term_string"}],"inLanguage":"en-US"},{"@type":"Organization","@id":"https:\/\/neamedia-icons.com\/#organization","name":"Neamedia Icons","url":"https:\/\/neamedia-icons.com\/","logo":{"@type":"ImageObject","inLanguage":"en-US","@id":"https:\/\/neamedia-icons.com\/#\/schema\/logo\/image\/","url":"https:\/\/neamedia-icons.com\/wp-content\/uploads\/2022\/03\/logo_neamediaicons.png","contentUrl":"https:\/\/neamedia-icons.com\/wp-content\/uploads\/2022\/03\/logo_neamediaicons.png","width":700,"height":206,"caption":"Neamedia Icons"},"image":{"@id":"https:\/\/neamedia-icons.com\/#\/schema\/logo\/image\/"},"sameAs":["https:\/\/www.facebook.com\/NeamediaIcons\/","https:\/\/twitter.com\/neamediaicons","https:\/\/www.instagram.com\/neamediaicons\/","https:\/\/www.pinterest.fr\/neamediaicons\/_created\/","https:\/\/www.youtube.com\/channel\/UCXUJbRezXkDAz70xAan92cw"]}]}},"_links":{"self":[{"href":"https:\/\/neamedia-icons.com\/en\/wp-json\/wp\/v2\/product\/17887","targetHints":{"allow":["GET"]}}],"collection":[{"href":"https:\/\/neamedia-icons.com\/en\/wp-json\/wp\/v2\/product"}],"about":[{"href":"https:\/\/neamedia-icons.com\/en\/wp-json\/wp\/v2\/types\/product"}],"replies":[{"embeddable":true,"href":"https:\/\/neamedia-icons.com\/en\/wp-json\/wp\/v2\/comments?post=17887"}],"wp:featuredmedia":[{"embeddable":true,"href":"https:\/\/neamedia-icons.com\/en\/wp-json\/wp\/v2\/media\/3723"}],"wp:attachment":[{"href":"https:\/\/neamedia-icons.com\/en\/wp-json\/wp\/v2\/media?parent=17887"}],"wp:term":[{"taxonomy":"product_cat","embeddable":true,"href":"https:\/\/neamedia-icons.com\/en\/wp-json\/wp\/v2\/product_cat?post=17887"},{"taxonomy":"product_tag","embeddable":true,"href":"https:\/\/neamedia-icons.com\/en\/wp-json\/wp\/v2\/product_tag?post=17887"}],"curies":[{"name":"wp","href":"https:\/\/api.w.org\/{rel}","templated":true}]}}