{"id":17884,"date":"2023-08-30T18:01:20","date_gmt":"2023-08-30T16:01:20","guid":{"rendered":"https:\/\/brocoli-agency.fr\/neamediaicons\/produit\/bomberman-icons-25cm-classic\/"},"modified":"2025-05-28T04:21:49","modified_gmt":"2025-05-28T02:21:49","slug":"statue-bomberman-25cm-classic","status":"publish","type":"product","link":"https:\/\/neamedia-icons.com\/en\/produit\/statue-bomberman-25cm-classic\/","title":{"rendered":"Statue \u2013 Bomberman &#8211; 25cm \u2013 classic"},"content":{"rendered":"<h3>YOUR LITTLE HERO IS COMING TO YOUR HOME!<\/h3>\n<p>&nbsp;<\/p>\n<p>Attention, gamers!<\/p>\n<p>Bomberman finally has his own sculpture!! With its bright colors and victorious pose, this statue will soon find a place beside your console. Retrogaming with a design touch that will look great in your home. Whether you&#8217;re a long-standing fan or just love this hero&#8217;s nostalgic appeal, don&#8217;t hesitate to give this remarkable sculpture a home.<\/p>\n<p>For the arty ones there are more conceptual monochrome versions also available. So to treat yourself or as a gift, all you need to do is place an order.<\/p>\n<p>This figurine was made with the collaboration and support of Konami.<\/p>\n<p>&nbsp;<\/p>\n<h3><img loading=\"lazy\" decoding=\"async\" class=\"alignnone wp-image-3482 size-full\" style=\"font-size: 16px;\" src=\"https:\/\/neamedia-icons.com\/wp-content\/uploads\/2022\/04\/logo_bomberman_konami_Icons_Mini_Icons_Retrogaming_Neamedia_Icons.jpeg\" alt=\"\" width=\"300\" height=\"155\"><\/h3>\n<p>&nbsp;<\/p>\n<ul>\n<li>Product under official license: \u00a9Konami Digital Entertainment<\/li>\n<li>Colors : <strong>Classic, <a href=\"https:\/\/neamedia-icons.com\/en\/produit\/statue-bomberman-25cm-white\/\">White<\/a>, <a href=\"https:\/\/neamedia-icons.com\/en\/produit\/statue-bomberman-25cm-black\/\">Black<\/a><\/strong><\/li>\n<li>Hand-painted resin figurine with a lacquered finish<\/li>\n<li>Size, Weight: 25cm (9.84&#8243;), 1.2kg (2.65lb)<\/li>\n<\/ul>\n<p>&nbsp;<\/p>\n<p>Follow us on :<\/p>\n<p><a href=\"https:\/\/www.facebook.com\/NeamediaIcons\/\"><strong>Facebook<\/strong><\/a><strong>| <a href=\"https:\/\/www.instagram.com\/neamediaicons\/\">Instagram<\/a> | <a href=\"https:\/\/twitter.com\/neamediaicons\">Twitter<\/a> | <a href=\"https:\/\/www.pinterest.fr\/neamediaicons\/\">Pinterest<\/a><\/strong><\/p>\n","protected":false},"excerpt":{"rendered":"<ul>\n<li>Product under official license: \u00a9Konami Digital Entertainment<\/li>\n<li>Colors : <strong>Classic, <a href=\"https:\/\/neamedia-icons.com\/en\/produit\/statue-bomberman-25cm-white\/\">White<\/a>, <a href=\"https:\/\/neamedia-icons.com\/en\/produit\/statue-bomberman-25cm-black\/\">Black<\/a><\/strong><\/li>\n<li>Hand-painted resin figurine with a lacquered finish<\/li>\n<li>Size, Weight: 25cm (9.84&#8243;), 1.2kg (2.65lb)<\/li>\n<\/ul>\n","protected":false},"featured_media":3880,"comment_status":"open","ping_status":"closed","template":"","meta":[],"product_cat":[107],"product_tag":[140],"class_list":{"0":"post-17884","1":"product","2":"type-product","3":"status-publish","4":"has-post-thumbnail","6":"product_cat-bomberman-en","7":"product_tag-statues-en","9":"first","10":"outofstock","11":"taxable","12":"shipping-taxable","13":"purchasable","14":"product-type-simple"},"yoast_head":"<!-- This site is optimized with the Yoast SEO plugin v21.4 - https:\/\/yoast.com\/wordpress\/plugins\/seo\/ -->\n<title>Statue \u2013 Bomberman - 25cm \u2013 classic - Neamedia Icons<\/title>\n<meta name=\"description\" content=\"The Bomberman sculpture, made by Neamedia Icons with the collaboration of Konami, combines retrogaming with a design touch.\" \/>\n<meta name=\"robots\" content=\"index, follow, max-snippet:-1, max-image-preview:large, max-video-preview:-1\" \/>\n<link rel=\"canonical\" href=\"https:\/\/neamedia-icons.com\/?post_type=product&p=3777\" \/>\n<meta property=\"og:locale\" content=\"en_US\" \/>\n<meta property=\"og:type\" content=\"article\" \/>\n<meta property=\"og:title\" content=\"Statue \u2013 Bomberman - 25cm \u2013 classic - Neamedia Icons\" \/>\n<meta property=\"og:description\" content=\"The Bomberman sculpture, made by Neamedia Icons with the collaboration of Konami, combines retrogaming with a design touch.\" \/>\n<meta property=\"og:url\" content=\"https:\/\/neamedia-icons.com\/?post_type=product&amp;p=3777\" \/>\n<meta property=\"og:site_name\" content=\"Neamedia Icons\" \/>\n<meta property=\"article:publisher\" content=\"https:\/\/www.facebook.com\/NeamediaIcons\/\" \/>\n<meta property=\"article:modified_time\" content=\"2025-05-28T02:21:49+00:00\" \/>\n<meta property=\"og:image\" content=\"https:\/\/neamedia-icons.com\/wp-content\/uploads\/2022\/04\/bomberman_konami_neamedia_icons_figurine_statue_resin_high_quality_collectible-1.jpg\" \/>\n\t<meta property=\"og:image:width\" content=\"1600\" \/>\n\t<meta property=\"og:image:height\" content=\"1982\" \/>\n\t<meta property=\"og:image:type\" content=\"image\/jpeg\" \/>\n<meta name=\"twitter:card\" content=\"summary_large_image\" \/>\n<meta name=\"twitter:site\" content=\"@neamediaicons\" \/>\n<meta name=\"twitter:label1\" content=\"Est. reading time\" \/>\n\t<meta name=\"twitter:data1\" content=\"1 minute\" \/>\n<script type=\"application\/ld+json\" class=\"yoast-schema-graph\">{\"@context\":\"https:\/\/schema.org\",\"@graph\":[{\"@type\":\"WebPage\",\"@id\":\"https:\/\/neamedia-icons.com\/?post_type=product&p=3777\",\"url\":\"https:\/\/neamedia-icons.com\/?post_type=product&p=3777\",\"name\":\"Statue \u2013 Bomberman - 25cm \u2013 classic - Neamedia Icons\",\"isPartOf\":{\"@id\":\"https:\/\/neamedia-icons.com\/#website\"},\"datePublished\":\"2023-08-30T16:01:20+00:00\",\"dateModified\":\"2025-05-28T02:21:49+00:00\",\"description\":\"The Bomberman sculpture, made by Neamedia Icons with the collaboration of Konami, combines retrogaming with a design touch.\",\"breadcrumb\":{\"@id\":\"https:\/\/neamedia-icons.com\/?post_type=product&p=3777#breadcrumb\"},\"inLanguage\":\"en-US\",\"potentialAction\":[{\"@type\":\"ReadAction\",\"target\":[\"https:\/\/neamedia-icons.com\/?post_type=product&p=3777\"]}]},{\"@type\":\"BreadcrumbList\",\"@id\":\"https:\/\/neamedia-icons.com\/?post_type=product&p=3777#breadcrumb\",\"itemListElement\":[{\"@type\":\"ListItem\",\"position\":1,\"name\":\"Accueil\",\"item\":\"https:\/\/neamedia-icons.com\/en\/\"},{\"@type\":\"ListItem\",\"position\":2,\"name\":\"The Shop | Discover the collection\",\"item\":\"https:\/\/neamedia-icons.com\/en\/the-shop\/\"},{\"@type\":\"ListItem\",\"position\":3,\"name\":\"Statue \u2013 Bomberman &#8211; 25cm \u2013 classic\"}]},{\"@type\":\"WebSite\",\"@id\":\"https:\/\/neamedia-icons.com\/#website\",\"url\":\"https:\/\/neamedia-icons.com\/\",\"name\":\"Neamedia Icons\",\"description\":\"Boutique sp\u00e9cialis\u00e9e en sculptures, figurines et objets collector design de la Pop Culture - BD, Manga, Anime, Jeux Vid\u00e9o &amp; Litt\u00e9rature\",\"publisher\":{\"@id\":\"https:\/\/neamedia-icons.com\/#organization\"},\"potentialAction\":[{\"@type\":\"SearchAction\",\"target\":{\"@type\":\"EntryPoint\",\"urlTemplate\":\"https:\/\/neamedia-icons.com\/?s={search_term_string}\"},\"query-input\":\"required name=search_term_string\"}],\"inLanguage\":\"en-US\"},{\"@type\":\"Organization\",\"@id\":\"https:\/\/neamedia-icons.com\/#organization\",\"name\":\"Neamedia Icons\",\"url\":\"https:\/\/neamedia-icons.com\/\",\"logo\":{\"@type\":\"ImageObject\",\"inLanguage\":\"en-US\",\"@id\":\"https:\/\/neamedia-icons.com\/#\/schema\/logo\/image\/\",\"url\":\"https:\/\/neamedia-icons.com\/wp-content\/uploads\/2022\/03\/logo_neamediaicons.png\",\"contentUrl\":\"https:\/\/neamedia-icons.com\/wp-content\/uploads\/2022\/03\/logo_neamediaicons.png\",\"width\":700,\"height\":206,\"caption\":\"Neamedia Icons\"},\"image\":{\"@id\":\"https:\/\/neamedia-icons.com\/#\/schema\/logo\/image\/\"},\"sameAs\":[\"https:\/\/www.facebook.com\/NeamediaIcons\/\",\"https:\/\/twitter.com\/neamediaicons\",\"https:\/\/www.instagram.com\/neamediaicons\/\",\"https:\/\/www.pinterest.fr\/neamediaicons\/_created\/\",\"https:\/\/www.youtube.com\/channel\/UCXUJbRezXkDAz70xAan92cw\"]}]}<\/script>\n<!-- \/ Yoast SEO plugin. -->","yoast_head_json":{"title":"Statue \u2013 Bomberman - 25cm \u2013 classic - Neamedia Icons","description":"The Bomberman sculpture, made by Neamedia Icons with the collaboration of Konami, combines retrogaming with a design touch.","robots":{"index":"index","follow":"follow","max-snippet":"max-snippet:-1","max-image-preview":"max-image-preview:large","max-video-preview":"max-video-preview:-1"},"canonical":"https:\/\/neamedia-icons.com\/?post_type=product&p=3777","og_locale":"en_US","og_type":"article","og_title":"Statue \u2013 Bomberman - 25cm \u2013 classic - Neamedia Icons","og_description":"The Bomberman sculpture, made by Neamedia Icons with the collaboration of Konami, combines retrogaming with a design touch.","og_url":"https:\/\/neamedia-icons.com\/?post_type=product&p=3777","og_site_name":"Neamedia Icons","article_publisher":"https:\/\/www.facebook.com\/NeamediaIcons\/","article_modified_time":"2025-05-28T02:21:49+00:00","og_image":[{"width":1600,"height":1982,"url":"https:\/\/neamedia-icons.com\/wp-content\/uploads\/2022\/04\/bomberman_konami_neamedia_icons_figurine_statue_resin_high_quality_collectible-1.jpg","type":"image\/jpeg"}],"twitter_card":"summary_large_image","twitter_site":"@neamediaicons","twitter_misc":{"Est. reading time":"1 minute"},"schema":{"@context":"https:\/\/schema.org","@graph":[{"@type":"WebPage","@id":"https:\/\/neamedia-icons.com\/?post_type=product&p=3777","url":"https:\/\/neamedia-icons.com\/?post_type=product&p=3777","name":"Statue \u2013 Bomberman - 25cm \u2013 classic - Neamedia Icons","isPartOf":{"@id":"https:\/\/neamedia-icons.com\/#website"},"datePublished":"2023-08-30T16:01:20+00:00","dateModified":"2025-05-28T02:21:49+00:00","description":"The Bomberman sculpture, made by Neamedia Icons with the collaboration of Konami, combines retrogaming with a design touch.","breadcrumb":{"@id":"https:\/\/neamedia-icons.com\/?post_type=product&p=3777#breadcrumb"},"inLanguage":"en-US","potentialAction":[{"@type":"ReadAction","target":["https:\/\/neamedia-icons.com\/?post_type=product&p=3777"]}]},{"@type":"BreadcrumbList","@id":"https:\/\/neamedia-icons.com\/?post_type=product&p=3777#breadcrumb","itemListElement":[{"@type":"ListItem","position":1,"name":"Accueil","item":"https:\/\/neamedia-icons.com\/en\/"},{"@type":"ListItem","position":2,"name":"The Shop | Discover the collection","item":"https:\/\/neamedia-icons.com\/en\/the-shop\/"},{"@type":"ListItem","position":3,"name":"Statue \u2013 Bomberman &#8211; 25cm \u2013 classic"}]},{"@type":"WebSite","@id":"https:\/\/neamedia-icons.com\/#website","url":"https:\/\/neamedia-icons.com\/","name":"Neamedia Icons","description":"Boutique sp\u00e9cialis\u00e9e en sculptures, figurines et objets collector design de la Pop Culture - BD, Manga, Anime, Jeux Vid\u00e9o &amp; Litt\u00e9rature","publisher":{"@id":"https:\/\/neamedia-icons.com\/#organization"},"potentialAction":[{"@type":"SearchAction","target":{"@type":"EntryPoint","urlTemplate":"https:\/\/neamedia-icons.com\/?s={search_term_string}"},"query-input":"required name=search_term_string"}],"inLanguage":"en-US"},{"@type":"Organization","@id":"https:\/\/neamedia-icons.com\/#organization","name":"Neamedia Icons","url":"https:\/\/neamedia-icons.com\/","logo":{"@type":"ImageObject","inLanguage":"en-US","@id":"https:\/\/neamedia-icons.com\/#\/schema\/logo\/image\/","url":"https:\/\/neamedia-icons.com\/wp-content\/uploads\/2022\/03\/logo_neamediaicons.png","contentUrl":"https:\/\/neamedia-icons.com\/wp-content\/uploads\/2022\/03\/logo_neamediaicons.png","width":700,"height":206,"caption":"Neamedia Icons"},"image":{"@id":"https:\/\/neamedia-icons.com\/#\/schema\/logo\/image\/"},"sameAs":["https:\/\/www.facebook.com\/NeamediaIcons\/","https:\/\/twitter.com\/neamediaicons","https:\/\/www.instagram.com\/neamediaicons\/","https:\/\/www.pinterest.fr\/neamediaicons\/_created\/","https:\/\/www.youtube.com\/channel\/UCXUJbRezXkDAz70xAan92cw"]}]}},"_links":{"self":[{"href":"https:\/\/neamedia-icons.com\/en\/wp-json\/wp\/v2\/product\/17884","targetHints":{"allow":["GET"]}}],"collection":[{"href":"https:\/\/neamedia-icons.com\/en\/wp-json\/wp\/v2\/product"}],"about":[{"href":"https:\/\/neamedia-icons.com\/en\/wp-json\/wp\/v2\/types\/product"}],"replies":[{"embeddable":true,"href":"https:\/\/neamedia-icons.com\/en\/wp-json\/wp\/v2\/comments?post=17884"}],"wp:featuredmedia":[{"embeddable":true,"href":"https:\/\/neamedia-icons.com\/en\/wp-json\/wp\/v2\/media\/3880"}],"wp:attachment":[{"href":"https:\/\/neamedia-icons.com\/en\/wp-json\/wp\/v2\/media?parent=17884"}],"wp:term":[{"taxonomy":"product_cat","embeddable":true,"href":"https:\/\/neamedia-icons.com\/en\/wp-json\/wp\/v2\/product_cat?post=17884"},{"taxonomy":"product_tag","embeddable":true,"href":"https:\/\/neamedia-icons.com\/en\/wp-json\/wp\/v2\/product_tag?post=17884"}],"curies":[{"name":"wp","href":"https:\/\/api.w.org\/{rel}","templated":true}]}}