{"id":17878,"date":"2022-05-05T11:07:00","date_gmt":"2022-05-05T09:07:00","guid":{"rendered":"https:\/\/brocoli-agency.fr\/neamediaicons\/produit\/pac-man-x-orlinski-silver-sculpture\/"},"modified":"2023-08-09T16:56:34","modified_gmt":"2023-08-09T14:56:34","slug":"pac-man-x-orlinski-18cm-silver","status":"publish","type":"product","link":"https:\/\/neamedia-icons.com\/en\/produit\/pac-man-x-orlinski-18cm-silver\/","title":{"rendered":"Pac-Man\u2122 X Orlinski \u2013 18cm \u2013 silver"},"content":{"rendered":"<h3>Missing the arcade era?<\/h3>\n<p>&nbsp;<\/p>\n<p>Are the hours spent eating ghosts on the screen your equivalent of Proust&#8217;s madeleine? The emblem of retrogaming is coming to your lounge. A contemporary sculpture of Pac-Man\u2122 created by the French artist that everyone&#8217;s talking about, Richard Orlinski, will look gorgeous in your living room.<\/p>\n<p>With its facets and glossy finish, this sculpture will instantly find a place in any fan&#8217;s heart. Is <a href=\"https:\/\/neamedia-icons.com\/en\/produit\/pac-man-x-orlinski-18cm-yellow\/\">yellow<\/a> a bit too classic for you? No problem, it also comes in <a href=\"https:\/\/neamedia-icons.com\/en\/produit\/pac-man-x-orlinski-18cm-black\/\">black<\/a>, <a href=\"https:\/\/neamedia-icons.com\/en\/produit\/pac-man-x-orlinski-18cm-red\/\">red<\/a> or a superb silvery chrome finish. For a small budget or tight space, it also comes in a miniature <a href=\"https:\/\/neamedia-icons.com\/en\/produit\/pac-man-x-orlinski-10cm-yellow\/\">10cm<\/a> (3.94\u2033) version.<\/p>\n<p>This statue is delivered in a lovely gift box, so no-one gets jealous. It&#8217;s the perfect gift for all retrogaming lovers.<\/p>\n<p>Pac-Man\u2122 purists can also find the retrogaming hero in his <a href=\"https:\/\/neamedia-icons.com\/categorie-produit\/pacman\/pacman-classique\/\">classic<\/a> form.<br \/>\nThere&#8217;s something for everyone, so what are you waiting for?<\/p>\n<p>This very exclusive statue was designed by Richard Orlinski with the collaboration and support of Bandai Namco Entertainment.<\/p>\n<p>Colors: <a href=\"https:\/\/neamedia-icons.com\/en\/produit\/pac-man-x-orlinski-18cm-yellow\/\">Yellow<\/a>, <a href=\"https:\/\/neamedia-icons.com\/en\/produit\/pac-man-x-orlinski-18cm-black\/\">Black<\/a> , <a href=\"https:\/\/neamedia-icons.com\/en\/produit\/pac-man-x-orlinski-18cm-red\/\">Red<\/a>, Silver.<br \/>\nAll that remains is to know where you are going to install it.<\/p>\n<p><strong><img loading=\"lazy\" decoding=\"async\" class=\"alignnone wp-image-3787 size-full\" src=\"https:\/\/neamedia-icons.com\/wp-content\/uploads\/2022\/05\/Pac-Man_Bandai_Namco_Icons_Mini_Icons_Retrogaming_Neamedia_Icons.jpeg\" alt=\"\" width=\"300\" height=\"155\"> <img loading=\"lazy\" decoding=\"async\" class=\"alignnone wp-image-3789 \" src=\"https:\/\/neamedia-icons.com\/wp-content\/uploads\/2022\/05\/richard-orlinski_neamediaicons-300x163.jpeg\" alt=\"\" width=\"280\" height=\"152\" srcset=\"https:\/\/neamedia-icons.com\/wp-content\/uploads\/2022\/05\/richard-orlinski_neamediaicons-300x163.jpeg 300w, https:\/\/neamedia-icons.com\/wp-content\/uploads\/2022\/05\/richard-orlinski_neamediaicons.jpeg 318w\" sizes=\"auto, (max-width: 280px) 100vw, 280px\" \/><\/strong><\/p>\n<ul>\n<li>Design by Richard Orlinski<\/li>\n<li>Product under official license: \u00a9Pac-Man\u2122 and BANDAI NAMCO Entertainment Inc.<\/li>\n<li>Colors : <a href=\"https:\/\/neamedia-icons.com\/en\/produit\/pac-man-x-orlinski-18cm-yellow\/\">Yellow<\/a>, <a href=\"https:\/\/neamedia-icons.com\/en\/produit\/pac-man-x-orlinski-18cm-black\/\">Black<\/a> <a href=\"https:\/\/neamedia-icons.com\/en\/produit\/pac-man-x-orlinski-18cm-black\/\">,<\/a> <a href=\"https:\/\/neamedia-icons.com\/en\/produit\/pac-man-x-orlinski-18cm-red\/\">Red<\/a>, Silver<\/li>\n<li>Hand-painted resin statue with a lacquered, metallic finish<\/li>\n<li>Size, Weight: 18cm (7.08&#8243;), 1.2kg (2.65lb)<\/li>\n<li>Published by Neamedia Icons<\/li>\n<\/ul>\n<p>&nbsp;<\/p>\n<p>Follow us on :<\/p>\n<p><a href=\"https:\/\/www.facebook.com\/NeamediaIcons\/\"><strong>Facebook<\/strong><\/a><strong>| <a href=\"https:\/\/www.instagram.com\/neamediaicons\/\">Instagram<\/a> | <a href=\"https:\/\/twitter.com\/neamediaicons\">Twitter<\/a> | <a href=\"https:\/\/www.pinterest.fr\/neamediaicons\/\">Pinterest<\/a><\/strong><\/p>\n<p>&nbsp;<\/p>\n<p>\u00a9PAC-MAN\u2122&amp;BANDAI NAMCO Entertainment Inc.<\/p>\n","protected":false},"excerpt":{"rendered":"<ul>\n<li>Design by Richard Orlinski<\/li>\n<li>Product under official license: \u00a9Pac-Man\u2122 and BANDAI NAMCO Entertainment Inc.<\/li>\n<li>Colors : <a href=\"https:\/\/neamedia-icons.com\/en\/produit\/pac-man-x-orlinski-18cm-yellow\/\">Yellow<\/a>, <a href=\"https:\/\/neamedia-icons.com\/en\/produit\/pac-man-x-orlinski-18cm-black\/\">Black<\/a> <a href=\"https:\/\/neamedia-icons.com\/en\/produit\/pac-man-x-orlinski-18cm-black\/\">,<\/a> <a href=\"https:\/\/neamedia-icons.com\/en\/produit\/pac-man-x-orlinski-18cm-red\/\">Red<\/a>, Silver<\/li>\n<li>Hand-painted resin statue with a lacquered, metallic finish<\/li>\n<li>Size, Weight: 18cm (7.08&#8243;), 1.2kg (2.65lb)<\/li>\n<li>Published by Neamedia Icons<\/li>\n<\/ul>\n<p><strong> <\/strong><\/p>\n","protected":false},"featured_media":4053,"comment_status":"open","ping_status":"closed","template":"","meta":[],"product_cat":[109,113],"product_tag":[],"class_list":{"0":"post-17878","1":"product","2":"type-product","3":"status-publish","4":"has-post-thumbnail","6":"product_cat-pacman-en","7":"product_cat-pacman-x-orlinski-en","9":"first","10":"outofstock","11":"taxable","12":"shipping-taxable","13":"purchasable","14":"product-type-simple"},"yoast_head":"<!-- This site is optimized with the Yoast SEO plugin v21.4 - https:\/\/yoast.com\/wordpress\/plugins\/seo\/ -->\n<title>Pac-Man\u2122 X Orlinski \u2013 18cm \u2013 silver - Neamedia Icons<\/title>\n<meta name=\"description\" content=\"The Pac-Man statue, created by Neamedia Icons with the collaboration of Richard Orlinski, perfectly represents the emblem of retrogaming.\" \/>\n<meta name=\"robots\" content=\"index, follow, max-snippet:-1, max-image-preview:large, max-video-preview:-1\" \/>\n<link rel=\"canonical\" href=\"https:\/\/neamedia-icons.com\/en\/produit\/pac-man-x-orlinski-18cm-silver\/\" \/>\n<meta property=\"og:locale\" content=\"en_US\" \/>\n<meta property=\"og:type\" content=\"article\" \/>\n<meta property=\"og:title\" content=\"Pac-Man\u2122 X Orlinski \u2013 18cm \u2013 silver - Neamedia Icons\" \/>\n<meta property=\"og:description\" content=\"The Pac-Man statue, created by Neamedia Icons with the collaboration of Richard Orlinski, perfectly represents the emblem of retrogaming.\" \/>\n<meta property=\"og:url\" content=\"https:\/\/neamedia-icons.com\/en\/produit\/pac-man-x-orlinski-18cm-silver\/\" \/>\n<meta property=\"og:site_name\" content=\"Neamedia Icons\" \/>\n<meta property=\"article:publisher\" content=\"https:\/\/www.facebook.com\/NeamediaIcons\/\" \/>\n<meta property=\"article:modified_time\" content=\"2023-08-09T14:56:34+00:00\" \/>\n<meta property=\"og:image\" content=\"https:\/\/neamedia-icons.com\/wp-content\/uploads\/2022\/05\/pac-man_silver_richard_orlinski_bandai_namco_neamedia_icons_sculpture_art_18_cm-1.jpg\" \/>\n\t<meta property=\"og:image:width\" content=\"1600\" \/>\n\t<meta property=\"og:image:height\" content=\"1982\" \/>\n\t<meta property=\"og:image:type\" content=\"image\/jpeg\" \/>\n<meta name=\"twitter:card\" content=\"summary_large_image\" \/>\n<meta name=\"twitter:site\" content=\"@neamediaicons\" \/>\n<meta name=\"twitter:label1\" content=\"Est. reading time\" \/>\n\t<meta name=\"twitter:data1\" content=\"1 minute\" \/>\n<script type=\"application\/ld+json\" class=\"yoast-schema-graph\">{\"@context\":\"https:\/\/schema.org\",\"@graph\":[{\"@type\":\"WebPage\",\"@id\":\"https:\/\/neamedia-icons.com\/en\/produit\/pac-man-x-orlinski-18cm-silver\/\",\"url\":\"https:\/\/neamedia-icons.com\/en\/produit\/pac-man-x-orlinski-18cm-silver\/\",\"name\":\"Pac-Man\u2122 X Orlinski \u2013 18cm \u2013 silver - Neamedia Icons\",\"isPartOf\":{\"@id\":\"https:\/\/neamedia-icons.com\/#website\"},\"datePublished\":\"2022-05-05T09:07:00+00:00\",\"dateModified\":\"2023-08-09T14:56:34+00:00\",\"description\":\"The Pac-Man statue, created by Neamedia Icons with the collaboration of Richard Orlinski, perfectly represents the emblem of retrogaming.\",\"breadcrumb\":{\"@id\":\"https:\/\/neamedia-icons.com\/en\/produit\/pac-man-x-orlinski-18cm-silver\/#breadcrumb\"},\"inLanguage\":\"en-US\",\"potentialAction\":[{\"@type\":\"ReadAction\",\"target\":[\"https:\/\/neamedia-icons.com\/en\/produit\/pac-man-x-orlinski-18cm-silver\/\"]}]},{\"@type\":\"BreadcrumbList\",\"@id\":\"https:\/\/neamedia-icons.com\/en\/produit\/pac-man-x-orlinski-18cm-silver\/#breadcrumb\",\"itemListElement\":[{\"@type\":\"ListItem\",\"position\":1,\"name\":\"Accueil\",\"item\":\"https:\/\/neamedia-icons.com\/en\/\"},{\"@type\":\"ListItem\",\"position\":2,\"name\":\"The Shop | Discover the collection\",\"item\":\"https:\/\/neamedia-icons.com\/en\/the-shop\/\"},{\"@type\":\"ListItem\",\"position\":3,\"name\":\"Pac-Man\u2122 X Orlinski \u2013 18cm \u2013 silver\"}]},{\"@type\":\"WebSite\",\"@id\":\"https:\/\/neamedia-icons.com\/#website\",\"url\":\"https:\/\/neamedia-icons.com\/\",\"name\":\"Neamedia Icons\",\"description\":\"Boutique sp\u00e9cialis\u00e9e en sculptures, figurines et objets collector design de la Pop Culture - BD, Manga, Anime, Jeux Vid\u00e9o &amp; Litt\u00e9rature\",\"publisher\":{\"@id\":\"https:\/\/neamedia-icons.com\/#organization\"},\"potentialAction\":[{\"@type\":\"SearchAction\",\"target\":{\"@type\":\"EntryPoint\",\"urlTemplate\":\"https:\/\/neamedia-icons.com\/?s={search_term_string}\"},\"query-input\":\"required name=search_term_string\"}],\"inLanguage\":\"en-US\"},{\"@type\":\"Organization\",\"@id\":\"https:\/\/neamedia-icons.com\/#organization\",\"name\":\"Neamedia Icons\",\"url\":\"https:\/\/neamedia-icons.com\/\",\"logo\":{\"@type\":\"ImageObject\",\"inLanguage\":\"en-US\",\"@id\":\"https:\/\/neamedia-icons.com\/#\/schema\/logo\/image\/\",\"url\":\"https:\/\/neamedia-icons.com\/wp-content\/uploads\/2022\/03\/logo_neamediaicons.png\",\"contentUrl\":\"https:\/\/neamedia-icons.com\/wp-content\/uploads\/2022\/03\/logo_neamediaicons.png\",\"width\":700,\"height\":206,\"caption\":\"Neamedia Icons\"},\"image\":{\"@id\":\"https:\/\/neamedia-icons.com\/#\/schema\/logo\/image\/\"},\"sameAs\":[\"https:\/\/www.facebook.com\/NeamediaIcons\/\",\"https:\/\/twitter.com\/neamediaicons\",\"https:\/\/www.instagram.com\/neamediaicons\/\",\"https:\/\/www.pinterest.fr\/neamediaicons\/_created\/\",\"https:\/\/www.youtube.com\/channel\/UCXUJbRezXkDAz70xAan92cw\"]}]}<\/script>\n<!-- \/ Yoast SEO plugin. -->","yoast_head_json":{"title":"Pac-Man\u2122 X Orlinski \u2013 18cm \u2013 silver - Neamedia Icons","description":"The Pac-Man statue, created by Neamedia Icons with the collaboration of Richard Orlinski, perfectly represents the emblem of retrogaming.","robots":{"index":"index","follow":"follow","max-snippet":"max-snippet:-1","max-image-preview":"max-image-preview:large","max-video-preview":"max-video-preview:-1"},"canonical":"https:\/\/neamedia-icons.com\/en\/produit\/pac-man-x-orlinski-18cm-silver\/","og_locale":"en_US","og_type":"article","og_title":"Pac-Man\u2122 X Orlinski \u2013 18cm \u2013 silver - Neamedia Icons","og_description":"The Pac-Man statue, created by Neamedia Icons with the collaboration of Richard Orlinski, perfectly represents the emblem of retrogaming.","og_url":"https:\/\/neamedia-icons.com\/en\/produit\/pac-man-x-orlinski-18cm-silver\/","og_site_name":"Neamedia Icons","article_publisher":"https:\/\/www.facebook.com\/NeamediaIcons\/","article_modified_time":"2023-08-09T14:56:34+00:00","og_image":[{"width":1600,"height":1982,"url":"https:\/\/neamedia-icons.com\/wp-content\/uploads\/2022\/05\/pac-man_silver_richard_orlinski_bandai_namco_neamedia_icons_sculpture_art_18_cm-1.jpg","type":"image\/jpeg"}],"twitter_card":"summary_large_image","twitter_site":"@neamediaicons","twitter_misc":{"Est. reading time":"1 minute"},"schema":{"@context":"https:\/\/schema.org","@graph":[{"@type":"WebPage","@id":"https:\/\/neamedia-icons.com\/en\/produit\/pac-man-x-orlinski-18cm-silver\/","url":"https:\/\/neamedia-icons.com\/en\/produit\/pac-man-x-orlinski-18cm-silver\/","name":"Pac-Man\u2122 X Orlinski \u2013 18cm \u2013 silver - Neamedia Icons","isPartOf":{"@id":"https:\/\/neamedia-icons.com\/#website"},"datePublished":"2022-05-05T09:07:00+00:00","dateModified":"2023-08-09T14:56:34+00:00","description":"The Pac-Man statue, created by Neamedia Icons with the collaboration of Richard Orlinski, perfectly represents the emblem of retrogaming.","breadcrumb":{"@id":"https:\/\/neamedia-icons.com\/en\/produit\/pac-man-x-orlinski-18cm-silver\/#breadcrumb"},"inLanguage":"en-US","potentialAction":[{"@type":"ReadAction","target":["https:\/\/neamedia-icons.com\/en\/produit\/pac-man-x-orlinski-18cm-silver\/"]}]},{"@type":"BreadcrumbList","@id":"https:\/\/neamedia-icons.com\/en\/produit\/pac-man-x-orlinski-18cm-silver\/#breadcrumb","itemListElement":[{"@type":"ListItem","position":1,"name":"Accueil","item":"https:\/\/neamedia-icons.com\/en\/"},{"@type":"ListItem","position":2,"name":"The Shop | Discover the collection","item":"https:\/\/neamedia-icons.com\/en\/the-shop\/"},{"@type":"ListItem","position":3,"name":"Pac-Man\u2122 X Orlinski \u2013 18cm \u2013 silver"}]},{"@type":"WebSite","@id":"https:\/\/neamedia-icons.com\/#website","url":"https:\/\/neamedia-icons.com\/","name":"Neamedia Icons","description":"Boutique sp\u00e9cialis\u00e9e en sculptures, figurines et objets collector design de la Pop Culture - BD, Manga, Anime, Jeux Vid\u00e9o &amp; Litt\u00e9rature","publisher":{"@id":"https:\/\/neamedia-icons.com\/#organization"},"potentialAction":[{"@type":"SearchAction","target":{"@type":"EntryPoint","urlTemplate":"https:\/\/neamedia-icons.com\/?s={search_term_string}"},"query-input":"required name=search_term_string"}],"inLanguage":"en-US"},{"@type":"Organization","@id":"https:\/\/neamedia-icons.com\/#organization","name":"Neamedia Icons","url":"https:\/\/neamedia-icons.com\/","logo":{"@type":"ImageObject","inLanguage":"en-US","@id":"https:\/\/neamedia-icons.com\/#\/schema\/logo\/image\/","url":"https:\/\/neamedia-icons.com\/wp-content\/uploads\/2022\/03\/logo_neamediaicons.png","contentUrl":"https:\/\/neamedia-icons.com\/wp-content\/uploads\/2022\/03\/logo_neamediaicons.png","width":700,"height":206,"caption":"Neamedia Icons"},"image":{"@id":"https:\/\/neamedia-icons.com\/#\/schema\/logo\/image\/"},"sameAs":["https:\/\/www.facebook.com\/NeamediaIcons\/","https:\/\/twitter.com\/neamediaicons","https:\/\/www.instagram.com\/neamediaicons\/","https:\/\/www.pinterest.fr\/neamediaicons\/_created\/","https:\/\/www.youtube.com\/channel\/UCXUJbRezXkDAz70xAan92cw"]}]}},"_links":{"self":[{"href":"https:\/\/neamedia-icons.com\/en\/wp-json\/wp\/v2\/product\/17878","targetHints":{"allow":["GET"]}}],"collection":[{"href":"https:\/\/neamedia-icons.com\/en\/wp-json\/wp\/v2\/product"}],"about":[{"href":"https:\/\/neamedia-icons.com\/en\/wp-json\/wp\/v2\/types\/product"}],"replies":[{"embeddable":true,"href":"https:\/\/neamedia-icons.com\/en\/wp-json\/wp\/v2\/comments?post=17878"}],"wp:featuredmedia":[{"embeddable":true,"href":"https:\/\/neamedia-icons.com\/en\/wp-json\/wp\/v2\/media\/4053"}],"wp:attachment":[{"href":"https:\/\/neamedia-icons.com\/en\/wp-json\/wp\/v2\/media?parent=17878"}],"wp:term":[{"taxonomy":"product_cat","embeddable":true,"href":"https:\/\/neamedia-icons.com\/en\/wp-json\/wp\/v2\/product_cat?post=17878"},{"taxonomy":"product_tag","embeddable":true,"href":"https:\/\/neamedia-icons.com\/en\/wp-json\/wp\/v2\/product_tag?post=17878"}],"curies":[{"name":"wp","href":"https:\/\/api.w.org\/{rel}","templated":true}]}}