{"id":17829,"date":"2024-06-15T00:52:54","date_gmt":"2024-06-14T22:52:54","guid":{"rendered":"https:\/\/brocoli-agency.fr\/neamediaicons\/produit\/light-logo-cyberpunk-2077\/"},"modified":"2025-12-09T20:24:43","modified_gmt":"2025-12-09T19:24:43","slug":"light-logo-cyberpunk2077-22cm","status":"publish","type":"product","link":"https:\/\/neamedia-icons.com\/en\/produit\/light-logo-cyberpunk2077-22cm\/","title":{"rendered":"Cyberpunk 2077 \u2013 Light Logo 22cm"},"content":{"rendered":"<h2>CYBERPUNK 2077 &#8211; Logo Light<\/h2>\n<p> Decorate your gaming set up with this Cyberpunk 2077 logo light from the game developed by CD Projekt Red, and follow V through the streets of Night City with this superb light. An essential gaming accessory alongside your PS, Xbox or PC gaming system, the Cyberpunk 2077 logo light embodies an authentic design that transcends simple lighting to become a unique gaming accessory. The light, emanating subtly through the reliefs, recreates the dystopian, cybernetic atmosphere of the year 2077, transporting fans directly into the heart of Night City.   Whether you&#8217;re having a video or a game night, the neon effect is perfect for total immersion. A must-have for video game fans. Store down and let the adventure begin! Whether you choose the <a href=\"https:\/\/neamedia-icons.com\/en\/etiquette-produit\/lights\/\">lamp<\/a>, the <a href=\"https:\/\/neamedia-icons.com\/produit\/statue-replique-bras-cyberpunk2077-30cm\/\">arm<\/a> or both, you&#8217;ll make a big impact with this decorative touch. So what are you waiting for? Time to start or expand your Cyberpunk collection! &nbsp;<\/p>\n<p><img loading=\"lazy\" decoding=\"async\" class=\"alignnone wp-image-3809 size-full\" src=\"https:\/\/neamedia-icons.com\/wp-content\/uploads\/2022\/05\/cyberpunk_neamediaicons.jpeg\" alt=\"\" width=\"300\" height=\"163\"><\/p>\n<h3>Characteristics :<\/h3>\n<ul>\n<li><span style=\"text-decoration: underline;\">Officially licensed product:<\/span> The Cyberpunk 2077 logo light is an officially licensed gaming accessory This guarantees premium quality and authenticity. The neon 3D logo and engraved details perfectly represent the Cyberpunk universe. Invest in the best and experience the adventures of Night City to the full. <\/li>\n<li><span style=\"text-decoration: underline;\">A 3D creation:<\/span> The light is an original creation featuring the \u201cCyberpunk\u201d logo in 3D on a neon base. Similarly, the engraved elements on the base refer directly to the institutions and people encountered in the game.  As a result, the set is both an LED lamp and a decorative object that will appeal to any fan of the game.<\/li>\n<li><span style=\"text-decoration: underline;\">Ambient lighting<\/span>: Whether you&#8217;re a fan of the game or a collector of derivative products, the Cyberpunk 2077 light adapts to any environment. This is thanks to a rechargeable battery providing up to 12 hours of autonomy for free installation. It adapts to your gaming space, whether PC, Xbox or PS. This lamp creates an immersive atmosphere, transporting fans straight into the heart of V&#8217;s adventures.<\/li>\n<li><span style=\"text-decoration: underline;\">A Perfect Gift for Fans<\/span>:The Cyberpunk 2077 light is also a perfect gift for all fans of the universe. Give it to a close one or treat yourself by adding this unique piece to your collection.<\/li>\n<\/ul>\n<p>&nbsp;<\/p>\n<ul>\n<li>Plastic injection light<\/li>\n<li>Battery rechargeable by USB port (cable included)<\/li>\n<li>Size, Weight: L: 22cm (8.66&#8243;) | D: 5cm (1.97&#8243;) | H: 8cm (3.15&#8243;), 0.4kg (0.88lb)<\/li>\n<li>Find the rest of the logo light collection: <a href=\"https:\/\/neamedia-icons.com\/en\/produit\/cyberpunk-2077-phantom-liberty-logo-light\/\">Phantom of Liberty<\/a>, <a href=\"https:\/\/neamedia-icons.com\/en\/produit\/the-witcher-wild-hunt-lampe-logo\/\">The Witcher<\/a>, <a href=\"https:\/\/neamedia-icons.com\/en\/produit\/assassins-creed-lampe-logo\/\">Assassin&#8217;s Creed<\/a>, <a href=\"https:\/\/neamedia-icons.com\/en\/produit\/pubg-battlegrounds-lampe-logo\/\">PUBG<\/a>, <a href=\"https:\/\/neamedia-icons.com\/en\/produit\/assassins-creed-mirage-logo-light\/\">Mirage<\/a>, <a href=\"https:\/\/neamedia-icons.com\/produit\/genshin-impact-lampe-logo\/\">Genshin Impact<\/a> &#8230;<\/li>\n<\/ul>\n<p>&nbsp; Follow us on: <a href=\"https:\/\/www.facebook.com\/NeamediaIcons\/\"><strong>Facebook<\/strong><\/a><strong> | <a href=\"https:\/\/www.instagram.com\/neamediaicons\/\">Instagram<\/a> | <a href=\"https:\/\/twitter.com\/neamediaicons\">Twitter<\/a> | <a href=\"https:\/\/www.pinterest.fr\/neamediaicons\/\">Pinterest<\/a><\/strong><\/p>\n","protected":false},"excerpt":{"rendered":"<h5>Delivery from April<\/h5>\n<ul>\n<li>Official product<\/li>\n<li>Plastic injection light<\/li>\n<li>Battery rechargeable by USB port (cable included)<\/li>\n<li>Size, Weight: L: 22cm (8.66&#8243;) | D: 5cm (1.97&#8243;) | H: 8cm (3.15&#8243;), 0.4kg (0.88lb)<\/li>\n<li>Find the collection : <a href=\"https:\/\/neamedia-icons.com\/en\/produit\/cyberpunk-2077-phantom-liberty-logo-light\/\">Phantom of Liberty<\/a>, <a href=\"https:\/\/neamedia-icons.com\/en\/produit\/the-witcher-wild-hunt-lampe-logo\/\">The Witcher<\/a>, <a href=\"https:\/\/neamedia-icons.com\/en\/produit\/assassins-creed-lampe-logo\/\">Assassin&#8217;s Creed<\/a>, <a href=\"https:\/\/neamedia-icons.com\/en\/produit\/pubg-battlegrounds-lampe-logo\/\">PUBG<\/a>, <a href=\"https:\/\/neamedia-icons.com\/en\/produit\/assassins-creed-mirage-logo-light\/\">Mirage<\/a>&#8230;<\/li>\n<\/ul>\n","protected":false},"featured_media":182084,"comment_status":"open","ping_status":"closed","template":"","meta":[],"product_cat":[108],"product_tag":[138],"class_list":{"0":"post-17829","1":"product","2":"type-product","3":"status-publish","4":"has-post-thumbnail","6":"product_cat-cyberpunk-2077-en","7":"product_tag-lights-en","9":"first","10":"outofstock","11":"taxable","12":"shipping-taxable","13":"purchasable","14":"product-type-simple"},"yoast_head":"<!-- This site is optimized with the Yoast SEO plugin v21.4 - https:\/\/yoast.com\/wordpress\/plugins\/seo\/ -->\n<title>Cyberpunk 2077 \u2013 Light Logo 22cm - Neamedia Icons<\/title>\n<meta name=\"description\" content=\"D\u00e9corez votre int\u00e9rieur avec cette lampe logo de collection, un objet tir\u00e9 de l\u2019univers futuriste de Cyberpunk 2077. Johnny Silverhand would be jealous!\" \/>\n<meta name=\"robots\" content=\"index, follow, max-snippet:-1, max-image-preview:large, max-video-preview:-1\" \/>\n<link rel=\"canonical\" href=\"https:\/\/neamedia-icons.com\/en\/produit\/light-logo-cyberpunk2077-22cm\/\" \/>\n<meta property=\"og:locale\" content=\"en_US\" \/>\n<meta property=\"og:type\" content=\"article\" \/>\n<meta property=\"og:title\" content=\"Cyberpunk 2077 \u2013 Light Logo 22cm - Neamedia Icons\" \/>\n<meta property=\"og:description\" content=\"D\u00e9corez votre int\u00e9rieur avec cette lampe logo de collection, un objet tir\u00e9 de l\u2019univers futuriste de Cyberpunk 2077. Johnny Silverhand would be jealous!\" \/>\n<meta property=\"og:url\" content=\"https:\/\/neamedia-icons.com\/en\/produit\/light-logo-cyberpunk2077-22cm\/\" \/>\n<meta property=\"og:site_name\" content=\"Neamedia Icons\" \/>\n<meta property=\"article:publisher\" content=\"https:\/\/www.facebook.com\/NeamediaIcons\/\" \/>\n<meta property=\"article:modified_time\" content=\"2025-12-09T19:24:43+00:00\" \/>\n<meta property=\"og:image\" content=\"https:\/\/neamedia-icons.com\/wp-content\/uploads\/2023\/08\/Cyberpunk_2077_Light_Neamedia_Icons_Box_New-1.jpg\" \/>\n\t<meta property=\"og:image:width\" content=\"1500\" \/>\n\t<meta property=\"og:image:height\" content=\"1500\" \/>\n\t<meta property=\"og:image:type\" content=\"image\/jpeg\" \/>\n<meta name=\"twitter:card\" content=\"summary_large_image\" \/>\n<meta name=\"twitter:site\" content=\"@neamediaicons\" \/>\n<meta name=\"twitter:label1\" content=\"Est. reading time\" \/>\n\t<meta name=\"twitter:data1\" content=\"1 minute\" \/>\n<script type=\"application\/ld+json\" class=\"yoast-schema-graph\">{\"@context\":\"https:\/\/schema.org\",\"@graph\":[{\"@type\":\"WebPage\",\"@id\":\"https:\/\/neamedia-icons.com\/en\/produit\/light-logo-cyberpunk2077-22cm\/\",\"url\":\"https:\/\/neamedia-icons.com\/en\/produit\/light-logo-cyberpunk2077-22cm\/\",\"name\":\"Cyberpunk 2077 \u2013 Light Logo 22cm - Neamedia Icons\",\"isPartOf\":{\"@id\":\"https:\/\/neamedia-icons.com\/#website\"},\"datePublished\":\"2024-06-14T22:52:54+00:00\",\"dateModified\":\"2025-12-09T19:24:43+00:00\",\"description\":\"D\u00e9corez votre int\u00e9rieur avec cette lampe logo de collection, un objet tir\u00e9 de l\u2019univers futuriste de Cyberpunk 2077. Johnny Silverhand would be jealous!\",\"breadcrumb\":{\"@id\":\"https:\/\/neamedia-icons.com\/en\/produit\/light-logo-cyberpunk2077-22cm\/#breadcrumb\"},\"inLanguage\":\"en-US\",\"potentialAction\":[{\"@type\":\"ReadAction\",\"target\":[\"https:\/\/neamedia-icons.com\/en\/produit\/light-logo-cyberpunk2077-22cm\/\"]}]},{\"@type\":\"BreadcrumbList\",\"@id\":\"https:\/\/neamedia-icons.com\/en\/produit\/light-logo-cyberpunk2077-22cm\/#breadcrumb\",\"itemListElement\":[{\"@type\":\"ListItem\",\"position\":1,\"name\":\"Accueil\",\"item\":\"https:\/\/neamedia-icons.com\/en\/\"},{\"@type\":\"ListItem\",\"position\":2,\"name\":\"The Shop | Discover the collection\",\"item\":\"https:\/\/neamedia-icons.com\/en\/the-shop\/\"},{\"@type\":\"ListItem\",\"position\":3,\"name\":\"Cyberpunk 2077 \u2013 Light Logo 22cm\"}]},{\"@type\":\"WebSite\",\"@id\":\"https:\/\/neamedia-icons.com\/#website\",\"url\":\"https:\/\/neamedia-icons.com\/\",\"name\":\"Neamedia Icons\",\"description\":\"Boutique sp\u00e9cialis\u00e9e en sculptures, figurines et objets collector design de la Pop Culture - BD, Manga, Anime, Jeux Vid\u00e9o &amp; Litt\u00e9rature\",\"publisher\":{\"@id\":\"https:\/\/neamedia-icons.com\/#organization\"},\"potentialAction\":[{\"@type\":\"SearchAction\",\"target\":{\"@type\":\"EntryPoint\",\"urlTemplate\":\"https:\/\/neamedia-icons.com\/?s={search_term_string}\"},\"query-input\":\"required name=search_term_string\"}],\"inLanguage\":\"en-US\"},{\"@type\":\"Organization\",\"@id\":\"https:\/\/neamedia-icons.com\/#organization\",\"name\":\"Neamedia Icons\",\"url\":\"https:\/\/neamedia-icons.com\/\",\"logo\":{\"@type\":\"ImageObject\",\"inLanguage\":\"en-US\",\"@id\":\"https:\/\/neamedia-icons.com\/#\/schema\/logo\/image\/\",\"url\":\"https:\/\/neamedia-icons.com\/wp-content\/uploads\/2022\/03\/logo_neamediaicons.png\",\"contentUrl\":\"https:\/\/neamedia-icons.com\/wp-content\/uploads\/2022\/03\/logo_neamediaicons.png\",\"width\":700,\"height\":206,\"caption\":\"Neamedia Icons\"},\"image\":{\"@id\":\"https:\/\/neamedia-icons.com\/#\/schema\/logo\/image\/\"},\"sameAs\":[\"https:\/\/www.facebook.com\/NeamediaIcons\/\",\"https:\/\/twitter.com\/neamediaicons\",\"https:\/\/www.instagram.com\/neamediaicons\/\",\"https:\/\/www.pinterest.fr\/neamediaicons\/_created\/\",\"https:\/\/www.youtube.com\/channel\/UCXUJbRezXkDAz70xAan92cw\"]}]}<\/script>\n<!-- \/ Yoast SEO plugin. -->","yoast_head_json":{"title":"Cyberpunk 2077 \u2013 Light Logo 22cm - Neamedia Icons","description":"D\u00e9corez votre int\u00e9rieur avec cette lampe logo de collection, un objet tir\u00e9 de l\u2019univers futuriste de Cyberpunk 2077. Johnny Silverhand would be jealous!","robots":{"index":"index","follow":"follow","max-snippet":"max-snippet:-1","max-image-preview":"max-image-preview:large","max-video-preview":"max-video-preview:-1"},"canonical":"https:\/\/neamedia-icons.com\/en\/produit\/light-logo-cyberpunk2077-22cm\/","og_locale":"en_US","og_type":"article","og_title":"Cyberpunk 2077 \u2013 Light Logo 22cm - Neamedia Icons","og_description":"D\u00e9corez votre int\u00e9rieur avec cette lampe logo de collection, un objet tir\u00e9 de l\u2019univers futuriste de Cyberpunk 2077. Johnny Silverhand would be jealous!","og_url":"https:\/\/neamedia-icons.com\/en\/produit\/light-logo-cyberpunk2077-22cm\/","og_site_name":"Neamedia Icons","article_publisher":"https:\/\/www.facebook.com\/NeamediaIcons\/","article_modified_time":"2025-12-09T19:24:43+00:00","og_image":[{"width":1500,"height":1500,"url":"https:\/\/neamedia-icons.com\/wp-content\/uploads\/2023\/08\/Cyberpunk_2077_Light_Neamedia_Icons_Box_New-1.jpg","type":"image\/jpeg"}],"twitter_card":"summary_large_image","twitter_site":"@neamediaicons","twitter_misc":{"Est. reading time":"1 minute"},"schema":{"@context":"https:\/\/schema.org","@graph":[{"@type":"WebPage","@id":"https:\/\/neamedia-icons.com\/en\/produit\/light-logo-cyberpunk2077-22cm\/","url":"https:\/\/neamedia-icons.com\/en\/produit\/light-logo-cyberpunk2077-22cm\/","name":"Cyberpunk 2077 \u2013 Light Logo 22cm - Neamedia Icons","isPartOf":{"@id":"https:\/\/neamedia-icons.com\/#website"},"datePublished":"2024-06-14T22:52:54+00:00","dateModified":"2025-12-09T19:24:43+00:00","description":"D\u00e9corez votre int\u00e9rieur avec cette lampe logo de collection, un objet tir\u00e9 de l\u2019univers futuriste de Cyberpunk 2077. Johnny Silverhand would be jealous!","breadcrumb":{"@id":"https:\/\/neamedia-icons.com\/en\/produit\/light-logo-cyberpunk2077-22cm\/#breadcrumb"},"inLanguage":"en-US","potentialAction":[{"@type":"ReadAction","target":["https:\/\/neamedia-icons.com\/en\/produit\/light-logo-cyberpunk2077-22cm\/"]}]},{"@type":"BreadcrumbList","@id":"https:\/\/neamedia-icons.com\/en\/produit\/light-logo-cyberpunk2077-22cm\/#breadcrumb","itemListElement":[{"@type":"ListItem","position":1,"name":"Accueil","item":"https:\/\/neamedia-icons.com\/en\/"},{"@type":"ListItem","position":2,"name":"The Shop | Discover the collection","item":"https:\/\/neamedia-icons.com\/en\/the-shop\/"},{"@type":"ListItem","position":3,"name":"Cyberpunk 2077 \u2013 Light Logo 22cm"}]},{"@type":"WebSite","@id":"https:\/\/neamedia-icons.com\/#website","url":"https:\/\/neamedia-icons.com\/","name":"Neamedia Icons","description":"Boutique sp\u00e9cialis\u00e9e en sculptures, figurines et objets collector design de la Pop Culture - BD, Manga, Anime, Jeux Vid\u00e9o &amp; Litt\u00e9rature","publisher":{"@id":"https:\/\/neamedia-icons.com\/#organization"},"potentialAction":[{"@type":"SearchAction","target":{"@type":"EntryPoint","urlTemplate":"https:\/\/neamedia-icons.com\/?s={search_term_string}"},"query-input":"required name=search_term_string"}],"inLanguage":"en-US"},{"@type":"Organization","@id":"https:\/\/neamedia-icons.com\/#organization","name":"Neamedia Icons","url":"https:\/\/neamedia-icons.com\/","logo":{"@type":"ImageObject","inLanguage":"en-US","@id":"https:\/\/neamedia-icons.com\/#\/schema\/logo\/image\/","url":"https:\/\/neamedia-icons.com\/wp-content\/uploads\/2022\/03\/logo_neamediaicons.png","contentUrl":"https:\/\/neamedia-icons.com\/wp-content\/uploads\/2022\/03\/logo_neamediaicons.png","width":700,"height":206,"caption":"Neamedia Icons"},"image":{"@id":"https:\/\/neamedia-icons.com\/#\/schema\/logo\/image\/"},"sameAs":["https:\/\/www.facebook.com\/NeamediaIcons\/","https:\/\/twitter.com\/neamediaicons","https:\/\/www.instagram.com\/neamediaicons\/","https:\/\/www.pinterest.fr\/neamediaicons\/_created\/","https:\/\/www.youtube.com\/channel\/UCXUJbRezXkDAz70xAan92cw"]}]}},"_links":{"self":[{"href":"https:\/\/neamedia-icons.com\/en\/wp-json\/wp\/v2\/product\/17829","targetHints":{"allow":["GET"]}}],"collection":[{"href":"https:\/\/neamedia-icons.com\/en\/wp-json\/wp\/v2\/product"}],"about":[{"href":"https:\/\/neamedia-icons.com\/en\/wp-json\/wp\/v2\/types\/product"}],"replies":[{"embeddable":true,"href":"https:\/\/neamedia-icons.com\/en\/wp-json\/wp\/v2\/comments?post=17829"}],"wp:featuredmedia":[{"embeddable":true,"href":"https:\/\/neamedia-icons.com\/en\/wp-json\/wp\/v2\/media\/182084"}],"wp:attachment":[{"href":"https:\/\/neamedia-icons.com\/en\/wp-json\/wp\/v2\/media?parent=17829"}],"wp:term":[{"taxonomy":"product_cat","embeddable":true,"href":"https:\/\/neamedia-icons.com\/en\/wp-json\/wp\/v2\/product_cat?post=17829"},{"taxonomy":"product_tag","embeddable":true,"href":"https:\/\/neamedia-icons.com\/en\/wp-json\/wp\/v2\/product_tag?post=17829"}],"curies":[{"name":"wp","href":"https:\/\/api.w.org\/{rel}","templated":true}]}}