{"id":17828,"date":"2024-06-19T00:58:06","date_gmt":"2024-06-18T22:58:06","guid":{"rendered":"https:\/\/brocoli-agency.fr\/neamediaicons\/produit\/johnny-silverhand-arm-replica-cyberpunk-2077\/"},"modified":"2026-03-01T20:40:19","modified_gmt":"2026-03-01T19:40:19","slug":"statue-arm-replica-cyberpunk2077-30cm","status":"publish","type":"product","link":"https:\/\/neamedia-icons.com\/en\/produit\/statue-arm-replica-cyberpunk2077-30cm\/","title":{"rendered":"Cyberpunk 2077 Arm replica \u2013 Statue 30cm"},"content":{"rendered":"<h2>JOHNNY SILVERHAND ARM REPLICA &#8211; CYBERPUNK 2077<\/h2>\n<p>D\u00e9corez votre int\u00e9rieur avec cette statue de collection du bras de Johnny Silverhand, tir\u00e9e de l\u2019univers futuriste de Cyberpunk 2077. Suivez les aventures de V accompagn\u00e9(e) de Johnny Silverhand.<\/p>\n<p>Un accessoire gaming indispensable aux c\u00f4t\u00e9s de votre PS, Xbox ou PC gaming, le bras de Johnny Silverhand incarne un design authentique qui transcende la simple statue pour devenir une d\u00e9coration gaming unique. Chaque d\u00e9tail de cette sculpture, (l <span class=\"a-list-item\">Arasaka logo, details of muscle fibers, mechanical joints) &#8230; Every detail has been thought through to bring this collector&#8217;s item to life. <\/span> Soir\u00e9e vid\u00e9o ou soir\u00e9e jeux dans tous les cas, cette r\u00e9plique est parfaite pour une immersion totale. Un must have pour les fans du jeu vid\u00e9o, \u00e0 offrir ou \u00e0 s&#8217;offrir !<\/p>\n<p>Que ce soit les <a href=\"https:\/\/neamedia-icons.com\/en\/etiquette-produit\/lights\/\">lampes<\/a>, le bras ou le <a href=\"https:\/\/neamedia-icons.com\/produit\/cyberpunk-edgerunners-diorama-20cm\/\">diorama Edgerunners<\/a>, personne ne restera indiff\u00e9rent \u00e0 cette d\u00e9coration de v\u00e9ritable gamer qui fera sans aucun doute des envieux. So what are you waiting for? Time to start or expand your Cyberpunk collection!<\/p>\n<p>&nbsp;<\/p>\n<p>&nbsp;<\/p>\n<p>&nbsp;<\/p>\n<p><img loading=\"lazy\" decoding=\"async\" class=\"alignnone wp-image-3809 size-full\" src=\"https:\/\/neamedia-icons.com\/wp-content\/uploads\/2022\/05\/cyberpunk_neamediaicons.jpeg\" alt=\"\" width=\"300\" height=\"163\" \/><\/p>\n<h3>Characteristics of the replica<\/h3>\n<ul class=\"a-unordered-list a-vertical a-spacing-mini\">\n<li class=\"a-spacing-mini\"><span class=\"a-list-item\"><span style=\"text-decoration: underline;\">Officially licensed product<\/span>: The replica of Johnny Silverhand&#8217;s arm is an officially licensed gaming accessory from CD PROJEKT S.A. 2024, guaranteeing superior quality and authenticity.<\/span><\/li>\n<li class=\"a-spacing-mini\"><span class=\"a-list-item\"><span style=\"text-decoration: underline;\">Hand-painted resin sculpture<\/span>: Made from high-quality materials, this lamp combines durability and aesthetics. The Arasaka logo, the details of the muscle fibers, the mechanical joints&#8230; Every detail has been thought through to bring this collector&#8217;s item to life. <\/span><\/li>\n<li class=\"a-spacing-mini\"><span class=\"a-list-item\"><span style=\"text-decoration: underline;\">A magnificent decorative object<\/span>: an essential accessory alongside your console or computer. Whether you&#8217;re having a Netflix party or a game night, you&#8217;ll be able to immerse yourself in realism. <\/span><\/li>\n<li><span style=\"text-decoration: underline;\">A Perfect Gift for Fans<\/span>: Johnny Silverhand&#8217;s replica arm is also a perfect gift for any fan of the game. Gift to someone special or treat yourself by adding this unique piece to your collection.<\/li>\n<\/ul>\n<ul>\n<li>Arm separate from base<\/li>\n<li>Size, weight: L: 30cm (11.81&#8243;) | D: 11cm (4.33&#8243;) | H: 20cm (7.87&#8243;), 1.1kg (2.42lb)<\/li>\n<li>Published by Neamedia Icons<\/li>\n<li>Find out about all the other Cyberpunk collectibles: the <a href=\"https:\/\/neamedia-icons.com\/en\/etiquette-produit\/lights\/\">logo lights<\/a>, the arm or the <a href=\"https:\/\/neamedia-icons.com\/produit\/cyberpunk-edgerunners-diorama-20cm\/\">Edgerunners diorama<\/a>.<\/li>\n<\/ul>\n<p>&nbsp;<\/p>\n<p>Follow us on :<\/p>\n<p><a href=\"https:\/\/www.facebook.com\/NeamediaIcons\/\"><strong>Facebook<\/strong><\/a><strong>| <a href=\"https:\/\/www.instagram.com\/neamediaicons\/\">Instagram<\/a> | <a href=\"https:\/\/twitter.com\/neamediaicons\">Twitter<\/a> | <a href=\"https:\/\/www.pinterest.fr\/neamediaicons\/\">Pinterest<\/a><\/strong><\/p>\n","protected":false},"excerpt":{"rendered":"<ul>\n<li>Product under official license \u00a9 CD PROJEKT S.A.<\/li>\n<li>Hand-painted resin figurine<\/li>\n<li>Arm separate from base<\/li>\n<li>Size, weight: L: 30cm (11.81&#8243;) | D: 11cm (4.33&#8243;) | H: 20cm (7.87&#8243;), 1.1kg (2.42lb)<\/li>\n<li>Find out about all the other Cyberpunk collectibles: the <a href=\"https:\/\/neamedia-icons.com\/en\/etiquette-produit\/lights\/\">logo lights<\/a>, the arm or the <a href=\"https:\/\/neamedia-icons.com\/produit\/cyberpunk-edgerunners-diorama-20cm\/\">Edgerunners diorama<\/a>.<\/li>\n<li>Published by Neamedia Icons<\/li>\n<\/ul>\n","protected":false},"featured_media":4140,"comment_status":"open","ping_status":"closed","template":"","meta":[],"product_cat":[108],"product_tag":[140],"class_list":{"0":"post-17828","1":"product","2":"type-product","3":"status-publish","4":"has-post-thumbnail","6":"product_cat-cyberpunk-2077-en","7":"product_tag-statues-en","9":"first","10":"instock","11":"taxable","12":"shipping-taxable","13":"purchasable","14":"product-type-simple"},"yoast_head":"<!-- This site is optimized with the Yoast SEO plugin v21.4 - https:\/\/yoast.com\/wordpress\/plugins\/seo\/ -->\n<title>Cyberpunk 2077 Arm replica \u2013 Statue 30cm - Neamedia Icons<\/title>\n<meta name=\"description\" content=\"Decorate your home with this collectible replica of Johnny Silverhand&#039;s arm from the futuristic world of Cyberpunk 2077.\" \/>\n<meta name=\"robots\" content=\"index, follow, max-snippet:-1, max-image-preview:large, max-video-preview:-1\" \/>\n<link rel=\"canonical\" href=\"https:\/\/neamedia-icons.com\/en\/produit\/statue-arm-replica-cyberpunk2077-30cm\/\" \/>\n<meta property=\"og:locale\" content=\"en_US\" \/>\n<meta property=\"og:type\" content=\"article\" \/>\n<meta property=\"og:title\" content=\"Cyberpunk 2077 Arm replica \u2013 Statue 30cm - Neamedia Icons\" \/>\n<meta property=\"og:description\" content=\"Decorate your home with this collectible replica of Johnny Silverhand&#039;s arm from the futuristic world of Cyberpunk 2077.\" \/>\n<meta property=\"og:url\" content=\"https:\/\/neamedia-icons.com\/en\/produit\/statue-arm-replica-cyberpunk2077-30cm\/\" \/>\n<meta property=\"og:site_name\" content=\"Neamedia Icons\" \/>\n<meta property=\"article:publisher\" content=\"https:\/\/www.facebook.com\/NeamediaIcons\/\" \/>\n<meta property=\"article:modified_time\" content=\"2026-03-01T19:40:19+00:00\" \/>\n<meta property=\"og:image\" content=\"https:\/\/neamedia-icons.com\/wp-content\/uploads\/2022\/05\/replica_arm_cyberpunk_2077_kenu_reeves_cd_projekt_neamedia_icons_video_games-1.jpg\" \/>\n\t<meta property=\"og:image:width\" content=\"1600\" \/>\n\t<meta property=\"og:image:height\" content=\"1982\" \/>\n\t<meta property=\"og:image:type\" content=\"image\/jpeg\" \/>\n<meta name=\"twitter:card\" content=\"summary_large_image\" \/>\n<meta name=\"twitter:site\" content=\"@neamediaicons\" \/>\n<meta name=\"twitter:label1\" content=\"Est. reading time\" \/>\n\t<meta name=\"twitter:data1\" content=\"2 minutes\" \/>\n<script type=\"application\/ld+json\" class=\"yoast-schema-graph\">{\"@context\":\"https:\/\/schema.org\",\"@graph\":[{\"@type\":\"WebPage\",\"@id\":\"https:\/\/neamedia-icons.com\/en\/produit\/statue-arm-replica-cyberpunk2077-30cm\/\",\"url\":\"https:\/\/neamedia-icons.com\/en\/produit\/statue-arm-replica-cyberpunk2077-30cm\/\",\"name\":\"Cyberpunk 2077 Arm replica \u2013 Statue 30cm - Neamedia Icons\",\"isPartOf\":{\"@id\":\"https:\/\/neamedia-icons.com\/#website\"},\"datePublished\":\"2024-06-18T22:58:06+00:00\",\"dateModified\":\"2026-03-01T19:40:19+00:00\",\"description\":\"Decorate your home with this collectible replica of Johnny Silverhand's arm from the futuristic world of Cyberpunk 2077.\",\"breadcrumb\":{\"@id\":\"https:\/\/neamedia-icons.com\/en\/produit\/statue-arm-replica-cyberpunk2077-30cm\/#breadcrumb\"},\"inLanguage\":\"en-US\",\"potentialAction\":[{\"@type\":\"ReadAction\",\"target\":[\"https:\/\/neamedia-icons.com\/en\/produit\/statue-arm-replica-cyberpunk2077-30cm\/\"]}]},{\"@type\":\"BreadcrumbList\",\"@id\":\"https:\/\/neamedia-icons.com\/en\/produit\/statue-arm-replica-cyberpunk2077-30cm\/#breadcrumb\",\"itemListElement\":[{\"@type\":\"ListItem\",\"position\":1,\"name\":\"Accueil\",\"item\":\"https:\/\/neamedia-icons.com\/en\/\"},{\"@type\":\"ListItem\",\"position\":2,\"name\":\"The Shop | Discover the collection\",\"item\":\"https:\/\/neamedia-icons.com\/en\/the-shop\/\"},{\"@type\":\"ListItem\",\"position\":3,\"name\":\"Cyberpunk 2077 Arm replica \u2013 Statue 30cm\"}]},{\"@type\":\"WebSite\",\"@id\":\"https:\/\/neamedia-icons.com\/#website\",\"url\":\"https:\/\/neamedia-icons.com\/\",\"name\":\"Neamedia Icons\",\"description\":\"Boutique sp\u00e9cialis\u00e9e en sculptures, figurines et objets collector design de la Pop Culture - BD, Manga, Anime, Jeux Vid\u00e9o &amp; Litt\u00e9rature\",\"publisher\":{\"@id\":\"https:\/\/neamedia-icons.com\/#organization\"},\"potentialAction\":[{\"@type\":\"SearchAction\",\"target\":{\"@type\":\"EntryPoint\",\"urlTemplate\":\"https:\/\/neamedia-icons.com\/?s={search_term_string}\"},\"query-input\":\"required name=search_term_string\"}],\"inLanguage\":\"en-US\"},{\"@type\":\"Organization\",\"@id\":\"https:\/\/neamedia-icons.com\/#organization\",\"name\":\"Neamedia Icons\",\"url\":\"https:\/\/neamedia-icons.com\/\",\"logo\":{\"@type\":\"ImageObject\",\"inLanguage\":\"en-US\",\"@id\":\"https:\/\/neamedia-icons.com\/#\/schema\/logo\/image\/\",\"url\":\"https:\/\/neamedia-icons.com\/wp-content\/uploads\/2022\/03\/logo_neamediaicons.png\",\"contentUrl\":\"https:\/\/neamedia-icons.com\/wp-content\/uploads\/2022\/03\/logo_neamediaicons.png\",\"width\":700,\"height\":206,\"caption\":\"Neamedia Icons\"},\"image\":{\"@id\":\"https:\/\/neamedia-icons.com\/#\/schema\/logo\/image\/\"},\"sameAs\":[\"https:\/\/www.facebook.com\/NeamediaIcons\/\",\"https:\/\/twitter.com\/neamediaicons\",\"https:\/\/www.instagram.com\/neamediaicons\/\",\"https:\/\/www.pinterest.fr\/neamediaicons\/_created\/\",\"https:\/\/www.youtube.com\/channel\/UCXUJbRezXkDAz70xAan92cw\"]}]}<\/script>\n<!-- \/ Yoast SEO plugin. -->","yoast_head_json":{"title":"Cyberpunk 2077 Arm replica \u2013 Statue 30cm - Neamedia Icons","description":"Decorate your home with this collectible replica of Johnny Silverhand's arm from the futuristic world of Cyberpunk 2077.","robots":{"index":"index","follow":"follow","max-snippet":"max-snippet:-1","max-image-preview":"max-image-preview:large","max-video-preview":"max-video-preview:-1"},"canonical":"https:\/\/neamedia-icons.com\/en\/produit\/statue-arm-replica-cyberpunk2077-30cm\/","og_locale":"en_US","og_type":"article","og_title":"Cyberpunk 2077 Arm replica \u2013 Statue 30cm - Neamedia Icons","og_description":"Decorate your home with this collectible replica of Johnny Silverhand's arm from the futuristic world of Cyberpunk 2077.","og_url":"https:\/\/neamedia-icons.com\/en\/produit\/statue-arm-replica-cyberpunk2077-30cm\/","og_site_name":"Neamedia Icons","article_publisher":"https:\/\/www.facebook.com\/NeamediaIcons\/","article_modified_time":"2026-03-01T19:40:19+00:00","og_image":[{"width":1600,"height":1982,"url":"https:\/\/neamedia-icons.com\/wp-content\/uploads\/2022\/05\/replica_arm_cyberpunk_2077_kenu_reeves_cd_projekt_neamedia_icons_video_games-1.jpg","type":"image\/jpeg"}],"twitter_card":"summary_large_image","twitter_site":"@neamediaicons","twitter_misc":{"Est. reading time":"2 minutes"},"schema":{"@context":"https:\/\/schema.org","@graph":[{"@type":"WebPage","@id":"https:\/\/neamedia-icons.com\/en\/produit\/statue-arm-replica-cyberpunk2077-30cm\/","url":"https:\/\/neamedia-icons.com\/en\/produit\/statue-arm-replica-cyberpunk2077-30cm\/","name":"Cyberpunk 2077 Arm replica \u2013 Statue 30cm - Neamedia Icons","isPartOf":{"@id":"https:\/\/neamedia-icons.com\/#website"},"datePublished":"2024-06-18T22:58:06+00:00","dateModified":"2026-03-01T19:40:19+00:00","description":"Decorate your home with this collectible replica of Johnny Silverhand's arm from the futuristic world of Cyberpunk 2077.","breadcrumb":{"@id":"https:\/\/neamedia-icons.com\/en\/produit\/statue-arm-replica-cyberpunk2077-30cm\/#breadcrumb"},"inLanguage":"en-US","potentialAction":[{"@type":"ReadAction","target":["https:\/\/neamedia-icons.com\/en\/produit\/statue-arm-replica-cyberpunk2077-30cm\/"]}]},{"@type":"BreadcrumbList","@id":"https:\/\/neamedia-icons.com\/en\/produit\/statue-arm-replica-cyberpunk2077-30cm\/#breadcrumb","itemListElement":[{"@type":"ListItem","position":1,"name":"Accueil","item":"https:\/\/neamedia-icons.com\/en\/"},{"@type":"ListItem","position":2,"name":"The Shop | Discover the collection","item":"https:\/\/neamedia-icons.com\/en\/the-shop\/"},{"@type":"ListItem","position":3,"name":"Cyberpunk 2077 Arm replica \u2013 Statue 30cm"}]},{"@type":"WebSite","@id":"https:\/\/neamedia-icons.com\/#website","url":"https:\/\/neamedia-icons.com\/","name":"Neamedia Icons","description":"Boutique sp\u00e9cialis\u00e9e en sculptures, figurines et objets collector design de la Pop Culture - BD, Manga, Anime, Jeux Vid\u00e9o &amp; Litt\u00e9rature","publisher":{"@id":"https:\/\/neamedia-icons.com\/#organization"},"potentialAction":[{"@type":"SearchAction","target":{"@type":"EntryPoint","urlTemplate":"https:\/\/neamedia-icons.com\/?s={search_term_string}"},"query-input":"required name=search_term_string"}],"inLanguage":"en-US"},{"@type":"Organization","@id":"https:\/\/neamedia-icons.com\/#organization","name":"Neamedia Icons","url":"https:\/\/neamedia-icons.com\/","logo":{"@type":"ImageObject","inLanguage":"en-US","@id":"https:\/\/neamedia-icons.com\/#\/schema\/logo\/image\/","url":"https:\/\/neamedia-icons.com\/wp-content\/uploads\/2022\/03\/logo_neamediaicons.png","contentUrl":"https:\/\/neamedia-icons.com\/wp-content\/uploads\/2022\/03\/logo_neamediaicons.png","width":700,"height":206,"caption":"Neamedia Icons"},"image":{"@id":"https:\/\/neamedia-icons.com\/#\/schema\/logo\/image\/"},"sameAs":["https:\/\/www.facebook.com\/NeamediaIcons\/","https:\/\/twitter.com\/neamediaicons","https:\/\/www.instagram.com\/neamediaicons\/","https:\/\/www.pinterest.fr\/neamediaicons\/_created\/","https:\/\/www.youtube.com\/channel\/UCXUJbRezXkDAz70xAan92cw"]}]}},"_links":{"self":[{"href":"https:\/\/neamedia-icons.com\/en\/wp-json\/wp\/v2\/product\/17828","targetHints":{"allow":["GET"]}}],"collection":[{"href":"https:\/\/neamedia-icons.com\/en\/wp-json\/wp\/v2\/product"}],"about":[{"href":"https:\/\/neamedia-icons.com\/en\/wp-json\/wp\/v2\/types\/product"}],"replies":[{"embeddable":true,"href":"https:\/\/neamedia-icons.com\/en\/wp-json\/wp\/v2\/comments?post=17828"}],"wp:featuredmedia":[{"embeddable":true,"href":"https:\/\/neamedia-icons.com\/en\/wp-json\/wp\/v2\/media\/4140"}],"wp:attachment":[{"href":"https:\/\/neamedia-icons.com\/en\/wp-json\/wp\/v2\/media?parent=17828"}],"wp:term":[{"taxonomy":"product_cat","embeddable":true,"href":"https:\/\/neamedia-icons.com\/en\/wp-json\/wp\/v2\/product_cat?post=17828"},{"taxonomy":"product_tag","embeddable":true,"href":"https:\/\/neamedia-icons.com\/en\/wp-json\/wp\/v2\/product_tag?post=17828"}],"curies":[{"name":"wp","href":"https:\/\/api.w.org\/{rel}","templated":true}]}}