{"id":178244,"date":"2023-08-20T15:36:06","date_gmt":"2023-08-20T13:36:06","guid":{"rendered":"https:\/\/neamedia-icons.com\/?post_type=product&#038;p=178244"},"modified":"2026-03-12T12:59:13","modified_gmt":"2026-03-12T11:59:13","slug":"statue-le-petit-prince-30cm-navy","status":"publish","type":"product","link":"https:\/\/neamedia-icons.com\/en\/produit\/statue-le-petit-prince-30cm-navy\/","title":{"rendered":"Statue \u2013 The Little Prince &#8211; 30cm &#8211; Navy"},"content":{"rendered":"<h3>Let your innocence carry you away with this delightful sculpture.<\/h3>\n<p>&nbsp;<\/p>\n<p>Inspired by the illustrations of Antoine de Saint-Exup\u00e9ry, this statue will please children and grown-ups alike. Its clean lines and modern finishes look like a designer sculpture that will easily find a place in your living room, library or children&#8217;s room.<\/p>\n<p>Original, monochrome, transparent or with a gold finish, all lovers of the Little Prince will find their match. A superb gift idea for a birth, christening or party, or just for a treat. An original and poetic statue that&#8217;s sure to win over your inner child.<\/p>\n<p>&nbsp;<\/p>\n<p>This figurine was made with the collaboration and support of Antoine de Saint-Exup\u00e9ry&#8217;s heirs.<\/p>\n<p>&nbsp;<\/p>\n<p><img decoding=\"async\" src=\"https:\/\/neamedia-icons.com\/wp-content\/uploads\/2022\/05\/lepetitprince_neamediaicons-300x50.png\"><\/p>\n<p>&nbsp;<\/p>\n<ul>\n<li>Product under official license: Le Petit Prince\u00ae\u00a9 Succession Antoine de Saint-Exup\u00e9ry<\/li>\n<li>Color: Navy<\/li>\n<li>other design: <a href=\"https:\/\/neamedia-icons.com\/en\/produit\/the-little-prince-statue-30cm-classic\/\">Classic<\/a>, <a href=\"https:\/\/neamedia-icons.com\/en\/produit\/the-little-prince-statue-30cm-white\/\">White<\/a>, <a href=\"https:\/\/neamedia-icons.com\/en\/produit\/the-little-prince-statue-30cm-red\/\">Red<\/a>, <a href=\"https:\/\/neamedia-icons.com\/en\/produit\/the-little-prince-statue-30cm-green\/\">Green<\/a>, <a href=\"https:\/\/neamedia-icons.com\/en\/produit\/the-little-prince-statue-30cm-pink\/\">Pink<\/a>, <a href=\"https:\/\/neamedia-icons.com\/en\/produit\/the-little-prince-statue-30cm-grey\/\">Gey<\/a>, <a href=\"https:\/\/neamedia-icons.com\/en\/produit\/the-little-prince-statue-30cm-gold\/\">Gold<\/a>, <a href=\"https:\/\/neamedia-icons.com\/en\/produit\/statue-le-petit-prince-30cm-french-edition\/\">French Edition<\/a>, <a href=\"https:\/\/neamedia-icons.com\/en\/produit\/statue-the-little-prince-30cm-cristal\/\">Cristal<\/a><\/li>\n<li>resin statue<\/li>\n<li>Statue supplied with certificate of authenticity<\/li>\n<li>High: 30cm<\/li>\n<li>Weight : 1.2kg<\/li>\n<li>Published by Neamedia Icons<\/li>\n<\/ul>\n<p>Follow us on :<\/p>\n<p><a href=\"https:\/\/www.facebook.com\/NeamediaIcons\/\"><strong>Facebook<\/strong><\/a><strong>| <a href=\"https:\/\/www.instagram.com\/neamediaicons\/\">Instagram<\/a> | <a href=\"https:\/\/twitter.com\/neamediaicons\">Twitter<\/a> | <a href=\"https:\/\/www.pinterest.fr\/neamediaicons\/\">Pinterest<\/a><\/strong><\/p>\n","protected":false},"excerpt":{"rendered":"<ul>\n<li>Product under official license: Le Petit Prince\u00ae\u00a9 Succession Antoine de Saint-Exup\u00e9ry<\/li>\n<li>Color: Navy<\/li>\n<li>other design: <a href=\"https:\/\/neamedia-icons.com\/en\/produit\/the-little-prince-statue-30cm-classic\/\">Classic<\/a>, <a href=\"https:\/\/neamedia-icons.com\/en\/produit\/the-little-prince-statue-30cm-white\/\">White<\/a>, <a href=\"https:\/\/neamedia-icons.com\/en\/produit\/the-little-prince-statue-30cm-red\/\">Red<\/a>, <a href=\"https:\/\/neamedia-icons.com\/en\/produit\/the-little-prince-statue-30cm-green\/\">Green<\/a>, <a href=\"https:\/\/neamedia-icons.com\/en\/produit\/the-little-prince-statue-30cm-pink\/\">Pink<\/a>, <a href=\"https:\/\/neamedia-icons.com\/en\/produit\/the-little-prince-statue-30cm-grey\/\">Gey<\/a>, <a href=\"https:\/\/neamedia-icons.com\/en\/produit\/the-little-prince-statue-30cm-gold\/\">Gold<\/a>, <a href=\"https:\/\/neamedia-icons.com\/en\/produit\/statue-le-petit-prince-30cm-french-edition\/\">French Edition<\/a>, <a href=\"https:\/\/neamedia-icons.com\/en\/produit\/statue-the-little-prince-30cm-cristal\/\">Cristal<\/a><\/li>\n<li>resin statue<\/li>\n<li>Statue supplied with certificate of authenticity<\/li>\n<li>High: 30cm<\/li>\n<li>Weight : 1.2kg<\/li>\n<li>Published by Neamedia Icons<\/li>\n<\/ul>\n","protected":false},"featured_media":178323,"comment_status":"open","ping_status":"closed","template":"","meta":[],"product_cat":[105,106],"product_tag":[140],"class_list":{"0":"post-178244","1":"product","2":"type-product","3":"status-publish","4":"has-post-thumbnail","6":"product_cat-thelittleprince-en","7":"product_cat-thelittleprince-statue-en","8":"product_tag-statues-en","10":"first","11":"instock","12":"taxable","13":"shipping-taxable","14":"purchasable","15":"product-type-simple"},"yoast_head":"<!-- This site is optimized with the Yoast SEO plugin v21.4 - https:\/\/yoast.com\/wordpress\/plugins\/seo\/ -->\n<title>Statue \u2013 The Little Prince - 30cm - Navy - Neamedia Icons<\/title>\n<meta name=\"robots\" content=\"index, follow, max-snippet:-1, max-image-preview:large, max-video-preview:-1\" \/>\n<link rel=\"canonical\" href=\"https:\/\/neamedia-icons.com\/produit\/statue-le-petit-prince-30cm-mariniere\/\" \/>\n<meta property=\"og:locale\" content=\"en_US\" \/>\n<meta property=\"og:type\" content=\"article\" \/>\n<meta property=\"og:title\" content=\"Statue \u2013 The Little Prince - 30cm - Navy - Neamedia Icons\" \/>\n<meta property=\"og:description\" content=\"Product under official license: Le Petit Prince\u00ae\u00a9 Succession Antoine de Saint-Exup\u00e9ry  Color: Navy  other design: Classic, White, Red, Green, Pink, Gey, Gold, French Edition, Cristal  resin statue  Statue supplied with certificate of authenticity  High: 30cm  Weight : 1.2kg  Published by Neamedia Icons\" \/>\n<meta property=\"og:url\" content=\"https:\/\/neamedia-icons.com\/produit\/statue-le-petit-prince-30cm-mariniere\/\" \/>\n<meta property=\"og:site_name\" content=\"Neamedia Icons\" \/>\n<meta property=\"article:publisher\" content=\"https:\/\/www.facebook.com\/NeamediaIcons\/\" \/>\n<meta property=\"article:modified_time\" content=\"2026-03-12T11:59:13+00:00\" \/>\n<meta property=\"og:image\" content=\"https:\/\/neamedia-icons.com\/wp-content\/uploads\/2022\/09\/petit_prince_so_french_neamedia_icons_figurine_30_cm-2-1.jpg\" \/>\n\t<meta property=\"og:image:width\" content=\"1600\" \/>\n\t<meta property=\"og:image:height\" content=\"1982\" \/>\n\t<meta property=\"og:image:type\" content=\"image\/jpeg\" \/>\n<meta name=\"twitter:card\" content=\"summary_large_image\" \/>\n<meta name=\"twitter:site\" content=\"@neamediaicons\" \/>\n<meta name=\"twitter:label1\" content=\"Est. reading time\" \/>\n\t<meta name=\"twitter:data1\" content=\"2 minutes\" \/>\n<script type=\"application\/ld+json\" class=\"yoast-schema-graph\">{\"@context\":\"https:\/\/schema.org\",\"@graph\":[{\"@type\":\"WebPage\",\"@id\":\"https:\/\/neamedia-icons.com\/produit\/statue-le-petit-prince-30cm-mariniere\/\",\"url\":\"https:\/\/neamedia-icons.com\/produit\/statue-le-petit-prince-30cm-mariniere\/\",\"name\":\"Statue \u2013 The Little Prince - 30cm - Navy - Neamedia Icons\",\"isPartOf\":{\"@id\":\"https:\/\/neamedia-icons.com\/#website\"},\"datePublished\":\"2023-08-20T13:36:06+00:00\",\"dateModified\":\"2026-03-12T11:59:13+00:00\",\"breadcrumb\":{\"@id\":\"https:\/\/neamedia-icons.com\/produit\/statue-le-petit-prince-30cm-mariniere\/#breadcrumb\"},\"inLanguage\":\"en-US\",\"potentialAction\":[{\"@type\":\"ReadAction\",\"target\":[\"https:\/\/neamedia-icons.com\/produit\/statue-le-petit-prince-30cm-mariniere\/\"]}]},{\"@type\":\"BreadcrumbList\",\"@id\":\"https:\/\/neamedia-icons.com\/produit\/statue-le-petit-prince-30cm-mariniere\/#breadcrumb\",\"itemListElement\":[{\"@type\":\"ListItem\",\"position\":1,\"name\":\"Accueil\",\"item\":\"https:\/\/neamedia-icons.com\/en\/\"},{\"@type\":\"ListItem\",\"position\":2,\"name\":\"The Shop | Discover the collection\",\"item\":\"https:\/\/neamedia-icons.com\/en\/the-shop\/\"},{\"@type\":\"ListItem\",\"position\":3,\"name\":\"Statue \u2013 The Little Prince &#8211; 30cm &#8211; Navy\"}]},{\"@type\":\"WebSite\",\"@id\":\"https:\/\/neamedia-icons.com\/#website\",\"url\":\"https:\/\/neamedia-icons.com\/\",\"name\":\"Neamedia Icons\",\"description\":\"Boutique sp\u00e9cialis\u00e9e en sculptures, figurines et objets collector design de la Pop Culture - BD, Manga, Anime, Jeux Vid\u00e9o &amp; Litt\u00e9rature\",\"publisher\":{\"@id\":\"https:\/\/neamedia-icons.com\/#organization\"},\"potentialAction\":[{\"@type\":\"SearchAction\",\"target\":{\"@type\":\"EntryPoint\",\"urlTemplate\":\"https:\/\/neamedia-icons.com\/?s={search_term_string}\"},\"query-input\":\"required name=search_term_string\"}],\"inLanguage\":\"en-US\"},{\"@type\":\"Organization\",\"@id\":\"https:\/\/neamedia-icons.com\/#organization\",\"name\":\"Neamedia Icons\",\"url\":\"https:\/\/neamedia-icons.com\/\",\"logo\":{\"@type\":\"ImageObject\",\"inLanguage\":\"en-US\",\"@id\":\"https:\/\/neamedia-icons.com\/#\/schema\/logo\/image\/\",\"url\":\"https:\/\/neamedia-icons.com\/wp-content\/uploads\/2022\/03\/logo_neamediaicons.png\",\"contentUrl\":\"https:\/\/neamedia-icons.com\/wp-content\/uploads\/2022\/03\/logo_neamediaicons.png\",\"width\":700,\"height\":206,\"caption\":\"Neamedia Icons\"},\"image\":{\"@id\":\"https:\/\/neamedia-icons.com\/#\/schema\/logo\/image\/\"},\"sameAs\":[\"https:\/\/www.facebook.com\/NeamediaIcons\/\",\"https:\/\/twitter.com\/neamediaicons\",\"https:\/\/www.instagram.com\/neamediaicons\/\",\"https:\/\/www.pinterest.fr\/neamediaicons\/_created\/\",\"https:\/\/www.youtube.com\/channel\/UCXUJbRezXkDAz70xAan92cw\"]}]}<\/script>\n<!-- \/ Yoast SEO plugin. -->","yoast_head_json":{"title":"Statue \u2013 The Little Prince - 30cm - Navy - Neamedia Icons","robots":{"index":"index","follow":"follow","max-snippet":"max-snippet:-1","max-image-preview":"max-image-preview:large","max-video-preview":"max-video-preview:-1"},"canonical":"https:\/\/neamedia-icons.com\/produit\/statue-le-petit-prince-30cm-mariniere\/","og_locale":"en_US","og_type":"article","og_title":"Statue \u2013 The Little Prince - 30cm - Navy - Neamedia Icons","og_description":"Product under official license: Le Petit Prince\u00ae\u00a9 Succession Antoine de Saint-Exup\u00e9ry  Color: Navy  other design: Classic, White, Red, Green, Pink, Gey, Gold, French Edition, Cristal  resin statue  Statue supplied with certificate of authenticity  High: 30cm  Weight : 1.2kg  Published by Neamedia Icons","og_url":"https:\/\/neamedia-icons.com\/produit\/statue-le-petit-prince-30cm-mariniere\/","og_site_name":"Neamedia Icons","article_publisher":"https:\/\/www.facebook.com\/NeamediaIcons\/","article_modified_time":"2026-03-12T11:59:13+00:00","og_image":[{"width":1600,"height":1982,"url":"https:\/\/neamedia-icons.com\/wp-content\/uploads\/2022\/09\/petit_prince_so_french_neamedia_icons_figurine_30_cm-2-1.jpg","type":"image\/jpeg"}],"twitter_card":"summary_large_image","twitter_site":"@neamediaicons","twitter_misc":{"Est. reading time":"2 minutes"},"schema":{"@context":"https:\/\/schema.org","@graph":[{"@type":"WebPage","@id":"https:\/\/neamedia-icons.com\/produit\/statue-le-petit-prince-30cm-mariniere\/","url":"https:\/\/neamedia-icons.com\/produit\/statue-le-petit-prince-30cm-mariniere\/","name":"Statue \u2013 The Little Prince - 30cm - Navy - Neamedia Icons","isPartOf":{"@id":"https:\/\/neamedia-icons.com\/#website"},"datePublished":"2023-08-20T13:36:06+00:00","dateModified":"2026-03-12T11:59:13+00:00","breadcrumb":{"@id":"https:\/\/neamedia-icons.com\/produit\/statue-le-petit-prince-30cm-mariniere\/#breadcrumb"},"inLanguage":"en-US","potentialAction":[{"@type":"ReadAction","target":["https:\/\/neamedia-icons.com\/produit\/statue-le-petit-prince-30cm-mariniere\/"]}]},{"@type":"BreadcrumbList","@id":"https:\/\/neamedia-icons.com\/produit\/statue-le-petit-prince-30cm-mariniere\/#breadcrumb","itemListElement":[{"@type":"ListItem","position":1,"name":"Accueil","item":"https:\/\/neamedia-icons.com\/en\/"},{"@type":"ListItem","position":2,"name":"The Shop | Discover the collection","item":"https:\/\/neamedia-icons.com\/en\/the-shop\/"},{"@type":"ListItem","position":3,"name":"Statue \u2013 The Little Prince &#8211; 30cm &#8211; Navy"}]},{"@type":"WebSite","@id":"https:\/\/neamedia-icons.com\/#website","url":"https:\/\/neamedia-icons.com\/","name":"Neamedia Icons","description":"Boutique sp\u00e9cialis\u00e9e en sculptures, figurines et objets collector design de la Pop Culture - BD, Manga, Anime, Jeux Vid\u00e9o &amp; Litt\u00e9rature","publisher":{"@id":"https:\/\/neamedia-icons.com\/#organization"},"potentialAction":[{"@type":"SearchAction","target":{"@type":"EntryPoint","urlTemplate":"https:\/\/neamedia-icons.com\/?s={search_term_string}"},"query-input":"required name=search_term_string"}],"inLanguage":"en-US"},{"@type":"Organization","@id":"https:\/\/neamedia-icons.com\/#organization","name":"Neamedia Icons","url":"https:\/\/neamedia-icons.com\/","logo":{"@type":"ImageObject","inLanguage":"en-US","@id":"https:\/\/neamedia-icons.com\/#\/schema\/logo\/image\/","url":"https:\/\/neamedia-icons.com\/wp-content\/uploads\/2022\/03\/logo_neamediaicons.png","contentUrl":"https:\/\/neamedia-icons.com\/wp-content\/uploads\/2022\/03\/logo_neamediaicons.png","width":700,"height":206,"caption":"Neamedia Icons"},"image":{"@id":"https:\/\/neamedia-icons.com\/#\/schema\/logo\/image\/"},"sameAs":["https:\/\/www.facebook.com\/NeamediaIcons\/","https:\/\/twitter.com\/neamediaicons","https:\/\/www.instagram.com\/neamediaicons\/","https:\/\/www.pinterest.fr\/neamediaicons\/_created\/","https:\/\/www.youtube.com\/channel\/UCXUJbRezXkDAz70xAan92cw"]}]}},"_links":{"self":[{"href":"https:\/\/neamedia-icons.com\/en\/wp-json\/wp\/v2\/product\/178244","targetHints":{"allow":["GET"]}}],"collection":[{"href":"https:\/\/neamedia-icons.com\/en\/wp-json\/wp\/v2\/product"}],"about":[{"href":"https:\/\/neamedia-icons.com\/en\/wp-json\/wp\/v2\/types\/product"}],"replies":[{"embeddable":true,"href":"https:\/\/neamedia-icons.com\/en\/wp-json\/wp\/v2\/comments?post=178244"}],"wp:featuredmedia":[{"embeddable":true,"href":"https:\/\/neamedia-icons.com\/en\/wp-json\/wp\/v2\/media\/178323"}],"wp:attachment":[{"href":"https:\/\/neamedia-icons.com\/en\/wp-json\/wp\/v2\/media?parent=178244"}],"wp:term":[{"taxonomy":"product_cat","embeddable":true,"href":"https:\/\/neamedia-icons.com\/en\/wp-json\/wp\/v2\/product_cat?post=178244"},{"taxonomy":"product_tag","embeddable":true,"href":"https:\/\/neamedia-icons.com\/en\/wp-json\/wp\/v2\/product_tag?post=178244"}],"curies":[{"name":"wp","href":"https:\/\/api.w.org\/{rel}","templated":true}]}}