{"id":17809,"date":"2023-08-20T11:31:04","date_gmt":"2023-08-20T09:31:04","guid":{"rendered":"https:\/\/brocoli-agency.fr\/neamediaicons\/produit\/the-little-prince-statue-30cm-reverie-pink\/"},"modified":"2024-09-25T16:34:16","modified_gmt":"2024-09-25T14:34:16","slug":"the-little-prince-statue-30cm-pink","status":"publish","type":"product","link":"https:\/\/neamedia-icons.com\/en\/produit\/the-little-prince-statue-30cm-pink\/","title":{"rendered":"Statue \u2013 The Little Prince &#8211; 30cm &#8211; pink"},"content":{"rendered":"<h3>Let your innocence carry you away with this delightful sculpture.<\/h3>\n<p>&nbsp;<\/p>\n<p>Inspired by the illustrations of Antoine de Saint-Exup\u00e9ry, this statue will please children and grown-ups alike. Its clean lines and modern finishes look like a designer sculpture that will easily find a place in your living room, library or children&#8217;s room.<\/p>\n<p>Original, monochrome or with a gold finish, all lovers of the Little Prince will find their match. A superb gift idea for a birth, christening or party, or just for a treat. An original and poetic statue that&#8217;s sure to win over your inner child.<\/p>\n<p>&nbsp;<\/p>\n<p>This figurine was made with the collaboration and support of Antoine de Saint-Exup\u00e9ry&#8217;s heirs.<\/p>\n<p>&nbsp;<\/p>\n<p><img decoding=\"async\" src=\"https:\/\/neamedia-icons.com\/wp-content\/uploads\/2022\/05\/lepetitprince_neamediaicons-300x50.png\"><\/p>\n<p>&nbsp;<\/p>\n<ul>\n<li>Product under official license: Le Petit Prince\u00ae\u00a9 Succession Antoine de Saint-Exup\u00e9ry<\/li>\n<li>Colors : <a href=\"https:\/\/neamedia-icons.com\/en\/produit\/the-little-prince-statue-30cm-classic\/\">Classic<\/a>, <a href=\"https:\/\/neamedia-icons.com\/en\/produit\/the-little-prince-statue-30cm-white\/\">White<\/a>, <a href=\"https:\/\/neamedia-icons.com\/en\/?post_type=product&#038;p=17812\">Red<\/a>, <a href=\"https:\/\/neamedia-icons.com\/en\/?post_type=product&#038;p=17805\">Green<\/a>, <a href=\"https:\/\/neamedia-icons.com\/en\/?post_type=product&#038;p=17807\">Grey<\/a>, <a href=\"https:\/\/neamedia-icons.com\/en\/produit\/the-little-prince-statue-30cm-gold\/\">Gold<\/a>, <a href=\"https:\/\/neamedia-icons.com\/en\/produit\/statue-le-petit-prince-30cm-navy\/\">Navy<\/a>, <a href=\"https:\/\/neamedia-icons.com\/en\/?post_type=product&#038;p=178397\">French Edition<\/a>, <a href=\"https:\/\/neamedia-icons.com\/en\/produit\/statue-the-little-prince-30cm-cristal\/\">Cristal<\/a><\/li>\n<li>resin statue<\/li>\n<li>Statue supplied with certificate of authenticity<\/li>\n<li>Size, Weight: 30cm (11.81&#8243;), 1.2kg (2.65lb)<\/li>\n<li>Published by Neamedia Icons<\/li>\n<\/ul>\n<p>&nbsp;<\/p>\n<p>Follow us on :<\/p>\n<p><a href=\"https:\/\/www.facebook.com\/NeamediaIcons\/\"><strong>Facebook<\/strong><\/a><strong>| <a href=\"https:\/\/www.instagram.com\/neamediaicons\/\">Instagram<\/a> | <a href=\"https:\/\/twitter.com\/neamediaicons\">Twitter<\/a> | <a href=\"https:\/\/www.pinterest.fr\/neamediaicons\/\">Pinterest<\/a><\/strong><\/p>\n","protected":false},"excerpt":{"rendered":"<ul>\n<li>Product under official license: Le Petit Prince\u00ae\u00a9 Succession Antoine de Saint-Exup\u00e9ry<\/li>\n<li>Colors : <a href=\"https:\/\/neamedia-icons.com\/en\/produit\/the-little-prince-statue-30cm-classic\/\">Classic<\/a>, <a href=\"https:\/\/neamedia-icons.com\/en\/produit\/the-little-prince-statue-30cm-white\/\">White<\/a>, <a href=\"https:\/\/neamedia-icons.com\/en\/produit\/the-little-prince-statue-30cm-red\/\">Red<\/a>, <a href=\"https:\/\/neamedia-icons.com\/en\/produit\/the-little-prince-statue-30cm-green\/\">Green<\/a>, <a href=\"https:\/\/neamedia-icons.com\/en\/produit\/the-little-prince-statue-30cm-grey\/\">Grey<\/a>, <a href=\"https:\/\/neamedia-icons.com\/en\/produit\/the-little-prince-statue-30cm-gold\/\">Gold<\/a>, <a href=\"https:\/\/neamedia-icons.com\/en\/produit\/statue-le-petit-prince-30cm-navy\/\">Navy<\/a>, <a href=\"https:\/\/neamedia-icons.com\/en\/produit\/statue-le-petit-prince-30cm-french-edition\/\">French Edition<\/a>, <a href=\"https:\/\/neamedia-icons.com\/en\/produit\/statue-the-little-prince-30cm-cristal\/\">Cristal<\/a><\/li>\n<li>resin statue<\/li>\n<li>Statue supplied with certificate of authenticity<\/li>\n<li>Size, Weight: 30cm (11.81&#8243;), 1.2kg (2.65lb)<\/li>\n<li>Published by Neamedia Icons<\/li>\n<\/ul>\n","protected":false},"featured_media":4087,"comment_status":"open","ping_status":"closed","template":"","meta":[],"product_cat":[105,106],"product_tag":[140],"class_list":{"0":"post-17809","1":"product","2":"type-product","3":"status-publish","4":"has-post-thumbnail","6":"product_cat-thelittleprince-en","7":"product_cat-thelittleprince-statue-en","8":"product_tag-statues-en","10":"first","11":"outofstock","12":"taxable","13":"shipping-taxable","14":"purchasable","15":"product-type-simple"},"yoast_head":"<!-- This site is optimized with the Yoast SEO plugin v21.4 - https:\/\/yoast.com\/wordpress\/plugins\/seo\/ -->\n<title>Statue \u2013 The Little Prince - 30cm - pink - Neamedia Icons<\/title>\n<meta name=\"description\" content=\"The Little Prince statue by Neamedia Icons in association with the heirs of Antoine de Saint-Exup\u00e9ry will delight young and old alike\" \/>\n<meta name=\"robots\" content=\"index, follow, max-snippet:-1, max-image-preview:large, max-video-preview:-1\" \/>\n<link rel=\"canonical\" href=\"https:\/\/neamedia-icons.com\/?post_type=product&p=3862\" \/>\n<meta property=\"og:locale\" content=\"en_US\" \/>\n<meta property=\"og:type\" content=\"article\" \/>\n<meta property=\"og:title\" content=\"Statue \u2013 The Little Prince - 30cm - pink - Neamedia Icons\" \/>\n<meta property=\"og:description\" content=\"The Little Prince statue by Neamedia Icons in association with the heirs of Antoine de Saint-Exup\u00e9ry will delight young and old alike\" \/>\n<meta property=\"og:url\" content=\"https:\/\/neamedia-icons.com\/?post_type=product&amp;p=3862\" \/>\n<meta property=\"og:site_name\" content=\"Neamedia Icons\" \/>\n<meta property=\"article:publisher\" content=\"https:\/\/www.facebook.com\/NeamediaIcons\/\" \/>\n<meta property=\"article:modified_time\" content=\"2024-09-25T14:34:16+00:00\" \/>\n<meta property=\"og:image\" content=\"https:\/\/neamedia-icons.com\/wp-content\/uploads\/2022\/05\/petit_prince_rose_neamedia_icons_antoine_de_saint_exupery_resine_30_decoration-1.jpg\" \/>\n\t<meta property=\"og:image:width\" content=\"1600\" \/>\n\t<meta property=\"og:image:height\" content=\"1982\" \/>\n\t<meta property=\"og:image:type\" content=\"image\/jpeg\" \/>\n<meta name=\"twitter:card\" content=\"summary_large_image\" \/>\n<meta name=\"twitter:site\" content=\"@neamediaicons\" \/>\n<meta name=\"twitter:label1\" content=\"Est. reading time\" \/>\n\t<meta name=\"twitter:data1\" content=\"1 minute\" \/>\n<script type=\"application\/ld+json\" class=\"yoast-schema-graph\">{\"@context\":\"https:\/\/schema.org\",\"@graph\":[{\"@type\":\"WebPage\",\"@id\":\"https:\/\/neamedia-icons.com\/?post_type=product&p=3862\",\"url\":\"https:\/\/neamedia-icons.com\/?post_type=product&p=3862\",\"name\":\"Statue \u2013 The Little Prince - 30cm - pink - Neamedia Icons\",\"isPartOf\":{\"@id\":\"https:\/\/neamedia-icons.com\/#website\"},\"datePublished\":\"2023-08-20T09:31:04+00:00\",\"dateModified\":\"2024-09-25T14:34:16+00:00\",\"description\":\"The Little Prince statue by Neamedia Icons in association with the heirs of Antoine de Saint-Exup\u00e9ry will delight young and old alike\",\"breadcrumb\":{\"@id\":\"https:\/\/neamedia-icons.com\/?post_type=product&p=3862#breadcrumb\"},\"inLanguage\":\"en-US\",\"potentialAction\":[{\"@type\":\"ReadAction\",\"target\":[\"https:\/\/neamedia-icons.com\/?post_type=product&p=3862\"]}]},{\"@type\":\"BreadcrumbList\",\"@id\":\"https:\/\/neamedia-icons.com\/?post_type=product&p=3862#breadcrumb\",\"itemListElement\":[{\"@type\":\"ListItem\",\"position\":1,\"name\":\"Accueil\",\"item\":\"https:\/\/neamedia-icons.com\/en\/\"},{\"@type\":\"ListItem\",\"position\":2,\"name\":\"The Shop | Discover the collection\",\"item\":\"https:\/\/neamedia-icons.com\/en\/the-shop\/\"},{\"@type\":\"ListItem\",\"position\":3,\"name\":\"Statue \u2013 The Little Prince &#8211; 30cm &#8211; pink\"}]},{\"@type\":\"WebSite\",\"@id\":\"https:\/\/neamedia-icons.com\/#website\",\"url\":\"https:\/\/neamedia-icons.com\/\",\"name\":\"Neamedia Icons\",\"description\":\"Boutique sp\u00e9cialis\u00e9e en sculptures, figurines et objets collector design de la Pop Culture - BD, Manga, Anime, Jeux Vid\u00e9o &amp; Litt\u00e9rature\",\"publisher\":{\"@id\":\"https:\/\/neamedia-icons.com\/#organization\"},\"potentialAction\":[{\"@type\":\"SearchAction\",\"target\":{\"@type\":\"EntryPoint\",\"urlTemplate\":\"https:\/\/neamedia-icons.com\/?s={search_term_string}\"},\"query-input\":\"required name=search_term_string\"}],\"inLanguage\":\"en-US\"},{\"@type\":\"Organization\",\"@id\":\"https:\/\/neamedia-icons.com\/#organization\",\"name\":\"Neamedia Icons\",\"url\":\"https:\/\/neamedia-icons.com\/\",\"logo\":{\"@type\":\"ImageObject\",\"inLanguage\":\"en-US\",\"@id\":\"https:\/\/neamedia-icons.com\/#\/schema\/logo\/image\/\",\"url\":\"https:\/\/neamedia-icons.com\/wp-content\/uploads\/2022\/03\/logo_neamediaicons.png\",\"contentUrl\":\"https:\/\/neamedia-icons.com\/wp-content\/uploads\/2022\/03\/logo_neamediaicons.png\",\"width\":700,\"height\":206,\"caption\":\"Neamedia Icons\"},\"image\":{\"@id\":\"https:\/\/neamedia-icons.com\/#\/schema\/logo\/image\/\"},\"sameAs\":[\"https:\/\/www.facebook.com\/NeamediaIcons\/\",\"https:\/\/twitter.com\/neamediaicons\",\"https:\/\/www.instagram.com\/neamediaicons\/\",\"https:\/\/www.pinterest.fr\/neamediaicons\/_created\/\",\"https:\/\/www.youtube.com\/channel\/UCXUJbRezXkDAz70xAan92cw\"]}]}<\/script>\n<!-- \/ Yoast SEO plugin. -->","yoast_head_json":{"title":"Statue \u2013 The Little Prince - 30cm - pink - Neamedia Icons","description":"The Little Prince statue by Neamedia Icons in association with the heirs of Antoine de Saint-Exup\u00e9ry will delight young and old alike","robots":{"index":"index","follow":"follow","max-snippet":"max-snippet:-1","max-image-preview":"max-image-preview:large","max-video-preview":"max-video-preview:-1"},"canonical":"https:\/\/neamedia-icons.com\/?post_type=product&p=3862","og_locale":"en_US","og_type":"article","og_title":"Statue \u2013 The Little Prince - 30cm - pink - Neamedia Icons","og_description":"The Little Prince statue by Neamedia Icons in association with the heirs of Antoine de Saint-Exup\u00e9ry will delight young and old alike","og_url":"https:\/\/neamedia-icons.com\/?post_type=product&p=3862","og_site_name":"Neamedia Icons","article_publisher":"https:\/\/www.facebook.com\/NeamediaIcons\/","article_modified_time":"2024-09-25T14:34:16+00:00","og_image":[{"width":1600,"height":1982,"url":"https:\/\/neamedia-icons.com\/wp-content\/uploads\/2022\/05\/petit_prince_rose_neamedia_icons_antoine_de_saint_exupery_resine_30_decoration-1.jpg","type":"image\/jpeg"}],"twitter_card":"summary_large_image","twitter_site":"@neamediaicons","twitter_misc":{"Est. reading time":"1 minute"},"schema":{"@context":"https:\/\/schema.org","@graph":[{"@type":"WebPage","@id":"https:\/\/neamedia-icons.com\/?post_type=product&p=3862","url":"https:\/\/neamedia-icons.com\/?post_type=product&p=3862","name":"Statue \u2013 The Little Prince - 30cm - pink - Neamedia Icons","isPartOf":{"@id":"https:\/\/neamedia-icons.com\/#website"},"datePublished":"2023-08-20T09:31:04+00:00","dateModified":"2024-09-25T14:34:16+00:00","description":"The Little Prince statue by Neamedia Icons in association with the heirs of Antoine de Saint-Exup\u00e9ry will delight young and old alike","breadcrumb":{"@id":"https:\/\/neamedia-icons.com\/?post_type=product&p=3862#breadcrumb"},"inLanguage":"en-US","potentialAction":[{"@type":"ReadAction","target":["https:\/\/neamedia-icons.com\/?post_type=product&p=3862"]}]},{"@type":"BreadcrumbList","@id":"https:\/\/neamedia-icons.com\/?post_type=product&p=3862#breadcrumb","itemListElement":[{"@type":"ListItem","position":1,"name":"Accueil","item":"https:\/\/neamedia-icons.com\/en\/"},{"@type":"ListItem","position":2,"name":"The Shop | Discover the collection","item":"https:\/\/neamedia-icons.com\/en\/the-shop\/"},{"@type":"ListItem","position":3,"name":"Statue \u2013 The Little Prince &#8211; 30cm &#8211; pink"}]},{"@type":"WebSite","@id":"https:\/\/neamedia-icons.com\/#website","url":"https:\/\/neamedia-icons.com\/","name":"Neamedia Icons","description":"Boutique sp\u00e9cialis\u00e9e en sculptures, figurines et objets collector design de la Pop Culture - BD, Manga, Anime, Jeux Vid\u00e9o &amp; Litt\u00e9rature","publisher":{"@id":"https:\/\/neamedia-icons.com\/#organization"},"potentialAction":[{"@type":"SearchAction","target":{"@type":"EntryPoint","urlTemplate":"https:\/\/neamedia-icons.com\/?s={search_term_string}"},"query-input":"required name=search_term_string"}],"inLanguage":"en-US"},{"@type":"Organization","@id":"https:\/\/neamedia-icons.com\/#organization","name":"Neamedia Icons","url":"https:\/\/neamedia-icons.com\/","logo":{"@type":"ImageObject","inLanguage":"en-US","@id":"https:\/\/neamedia-icons.com\/#\/schema\/logo\/image\/","url":"https:\/\/neamedia-icons.com\/wp-content\/uploads\/2022\/03\/logo_neamediaicons.png","contentUrl":"https:\/\/neamedia-icons.com\/wp-content\/uploads\/2022\/03\/logo_neamediaicons.png","width":700,"height":206,"caption":"Neamedia Icons"},"image":{"@id":"https:\/\/neamedia-icons.com\/#\/schema\/logo\/image\/"},"sameAs":["https:\/\/www.facebook.com\/NeamediaIcons\/","https:\/\/twitter.com\/neamediaicons","https:\/\/www.instagram.com\/neamediaicons\/","https:\/\/www.pinterest.fr\/neamediaicons\/_created\/","https:\/\/www.youtube.com\/channel\/UCXUJbRezXkDAz70xAan92cw"]}]}},"_links":{"self":[{"href":"https:\/\/neamedia-icons.com\/en\/wp-json\/wp\/v2\/product\/17809","targetHints":{"allow":["GET"]}}],"collection":[{"href":"https:\/\/neamedia-icons.com\/en\/wp-json\/wp\/v2\/product"}],"about":[{"href":"https:\/\/neamedia-icons.com\/en\/wp-json\/wp\/v2\/types\/product"}],"replies":[{"embeddable":true,"href":"https:\/\/neamedia-icons.com\/en\/wp-json\/wp\/v2\/comments?post=17809"}],"wp:featuredmedia":[{"embeddable":true,"href":"https:\/\/neamedia-icons.com\/en\/wp-json\/wp\/v2\/media\/4087"}],"wp:attachment":[{"href":"https:\/\/neamedia-icons.com\/en\/wp-json\/wp\/v2\/media?parent=17809"}],"wp:term":[{"taxonomy":"product_cat","embeddable":true,"href":"https:\/\/neamedia-icons.com\/en\/wp-json\/wp\/v2\/product_cat?post=17809"},{"taxonomy":"product_tag","embeddable":true,"href":"https:\/\/neamedia-icons.com\/en\/wp-json\/wp\/v2\/product_tag?post=17809"}],"curies":[{"name":"wp","href":"https:\/\/api.w.org\/{rel}","templated":true}]}}