{"id":17795,"date":"2021-05-03T10:50:28","date_gmt":"2021-05-03T08:50:28","guid":{"rendered":"https:\/\/brocoli-agency.fr\/neamediaicons\/produit\/the-little-prince-on-his-planet\/"},"modified":"2026-01-16T01:55:53","modified_gmt":"2026-01-16T00:55:53","slug":"figure-the-little-prince-on-his-planet-12cm","status":"publish","type":"product","link":"https:\/\/neamedia-icons.com\/en\/produit\/figure-the-little-prince-on-his-planet-12cm\/","title":{"rendered":"Figure \u2013 The Little Prince on his planet \u2013 12cm"},"content":{"rendered":"<h3>FIGURE &#8211; THE LITTLE PRINCE ON HIS PLANET<\/h3>\n<p>Inspired by the emblematic illustration from the book &#8220;The Little Prince&#8221; by Antoine de Saint-Exup\u00e9ry, this figurine will easily find a place in the home of any lover of that poetic tale. This small, hand-painted resin sculpture comes in two parts.<\/p>\n<p>Sold in its streamlined design box, it will make the perfect gift for fans of the endearing little blond boy.<\/p>\n<p>This figurine was made with the collaboration and support of Antoine de Saint-Exup\u00e9ry&#8217;s heirs.<\/p>\n<p>&nbsp;<\/p>\n<p><img loading=\"lazy\" decoding=\"async\" class=\"alignnone wp-image-3833 size-medium\" src=\"https:\/\/neamedia-icons.com\/wp-content\/uploads\/2022\/05\/lepetitprince_neamediaicons-300x50.png\" alt=\"\" width=\"300\" height=\"50\" srcset=\"https:\/\/neamedia-icons.com\/wp-content\/uploads\/2022\/05\/lepetitprince_neamediaicons-300x50.png 300w, https:\/\/neamedia-icons.com\/wp-content\/uploads\/2022\/05\/lepetitprince_neamediaicons.png 549w\" sizes=\"auto, (max-width: 300px) 100vw, 300px\" \/><\/p>\n<p>&nbsp;<\/p>\n<ul>\n<li>Produced under official license: Le Petit Prince\u00ae\u00a9 Succession Antoine de Saint-Exup\u00e9ry<\/li>\n<li>Hand-painted resin figurine<\/li>\n<li>Separable figurine and planet<\/li>\n<li>Size, weight: 12cm (4.72&#8243;), 0.2kg (0.44lb)<\/li>\n<li>Published by Neamedia Icons<\/li>\n<\/ul>\n<p>&nbsp;<\/p>\n<p>Follow us on :<\/p>\n<p><a href=\"https:\/\/www.facebook.com\/NeamediaIcons\/\"><strong>Facebook<\/strong><\/a><strong>| <a href=\"https:\/\/www.instagram.com\/neamediaicons\/\">Instagram<\/a> | <a href=\"https:\/\/twitter.com\/neamediaicons\">Twitter<\/a> | <a href=\"https:\/\/www.pinterest.fr\/neamediaicons\/\">Pinterest<\/a><\/strong><\/p>\n","protected":false},"excerpt":{"rendered":"<ul>\n<li>Produced under official license: Le Petit Prince\u00ae\u00a9 Succession Antoine de Saint-Exup\u00e9ry<\/li>\n<li>Hand-painted resin figurine<\/li>\n<li>Separable figurine and planet<\/li>\n<li>Size, weight: 12cm (4.72&#8243;), 0.2kg (0.44lb)<\/li>\n<li>Published by Neamedia Icons<\/li>\n<\/ul>\n","protected":false},"featured_media":4431,"comment_status":"open","ping_status":"closed","template":"","meta":[],"product_cat":[105,120],"product_tag":[140],"class_list":{"0":"post-17795","1":"product","2":"type-product","3":"status-publish","4":"has-post-thumbnail","6":"product_cat-thelittleprince-en","7":"product_cat-thelittleprince-figure-en","8":"product_tag-statues-en","10":"first","11":"instock","12":"taxable","13":"shipping-taxable","14":"purchasable","15":"product-type-simple"},"yoast_head":"<!-- This site is optimized with the Yoast SEO plugin v21.4 - https:\/\/yoast.com\/wordpress\/plugins\/seo\/ -->\n<title>Figure \u2013 The Little Prince on his planet \u2013 12cm - Neamedia Icons<\/title>\n<meta name=\"description\" content=\"The Little Prince statue by Neamedia Icons in association with the heirs of Antoine de Saint-Exup\u00e9ry will delight young and old alike\" \/>\n<meta name=\"robots\" content=\"index, follow, max-snippet:-1, max-image-preview:large, max-video-preview:-1\" \/>\n<link rel=\"canonical\" href=\"https:\/\/neamedia-icons.com\/produit\/figurine-le-petit-prince-sur-sa-planete-12cm\/\" \/>\n<meta property=\"og:locale\" content=\"en_US\" \/>\n<meta property=\"og:type\" content=\"article\" \/>\n<meta property=\"og:title\" content=\"Figure \u2013 The Little Prince on his planet \u2013 12cm - Neamedia Icons\" \/>\n<meta property=\"og:description\" content=\"The Little Prince statue by Neamedia Icons in association with the heirs of Antoine de Saint-Exup\u00e9ry will delight young and old alike\" \/>\n<meta property=\"og:url\" content=\"https:\/\/neamedia-icons.com\/produit\/figurine-le-petit-prince-sur-sa-planete-12cm\/\" \/>\n<meta property=\"og:site_name\" content=\"Neamedia Icons\" \/>\n<meta property=\"article:publisher\" content=\"https:\/\/www.facebook.com\/NeamediaIcons\/\" \/>\n<meta property=\"article:modified_time\" content=\"2026-01-16T00:55:53+00:00\" \/>\n<meta property=\"og:image\" content=\"https:\/\/neamedia-icons.com\/wp-content\/uploads\/2022\/05\/petit_prince_planete_neamedia_icons_st_exupery-1.jpg\" \/>\n\t<meta property=\"og:image:width\" content=\"1600\" \/>\n\t<meta property=\"og:image:height\" content=\"1982\" \/>\n\t<meta property=\"og:image:type\" content=\"image\/jpeg\" \/>\n<meta name=\"twitter:card\" content=\"summary_large_image\" \/>\n<meta name=\"twitter:site\" content=\"@neamediaicons\" \/>\n<meta name=\"twitter:label1\" content=\"Est. reading time\" \/>\n\t<meta name=\"twitter:data1\" content=\"1 minute\" \/>\n<script type=\"application\/ld+json\" class=\"yoast-schema-graph\">{\"@context\":\"https:\/\/schema.org\",\"@graph\":[{\"@type\":\"WebPage\",\"@id\":\"https:\/\/neamedia-icons.com\/produit\/figurine-le-petit-prince-sur-sa-planete-12cm\/\",\"url\":\"https:\/\/neamedia-icons.com\/produit\/figurine-le-petit-prince-sur-sa-planete-12cm\/\",\"name\":\"Figure \u2013 The Little Prince on his planet \u2013 12cm - Neamedia Icons\",\"isPartOf\":{\"@id\":\"https:\/\/neamedia-icons.com\/#website\"},\"datePublished\":\"2021-05-03T08:50:28+00:00\",\"dateModified\":\"2026-01-16T00:55:53+00:00\",\"description\":\"The Little Prince statue by Neamedia Icons in association with the heirs of Antoine de Saint-Exup\u00e9ry will delight young and old alike\",\"breadcrumb\":{\"@id\":\"https:\/\/neamedia-icons.com\/produit\/figurine-le-petit-prince-sur-sa-planete-12cm\/#breadcrumb\"},\"inLanguage\":\"en-US\",\"potentialAction\":[{\"@type\":\"ReadAction\",\"target\":[\"https:\/\/neamedia-icons.com\/produit\/figurine-le-petit-prince-sur-sa-planete-12cm\/\"]}]},{\"@type\":\"BreadcrumbList\",\"@id\":\"https:\/\/neamedia-icons.com\/produit\/figurine-le-petit-prince-sur-sa-planete-12cm\/#breadcrumb\",\"itemListElement\":[{\"@type\":\"ListItem\",\"position\":1,\"name\":\"Accueil\",\"item\":\"https:\/\/neamedia-icons.com\/en\/\"},{\"@type\":\"ListItem\",\"position\":2,\"name\":\"The Shop | Discover the collection\",\"item\":\"https:\/\/neamedia-icons.com\/en\/the-shop\/\"},{\"@type\":\"ListItem\",\"position\":3,\"name\":\"Figure \u2013 The Little Prince on his planet \u2013 12cm\"}]},{\"@type\":\"WebSite\",\"@id\":\"https:\/\/neamedia-icons.com\/#website\",\"url\":\"https:\/\/neamedia-icons.com\/\",\"name\":\"Neamedia Icons\",\"description\":\"Boutique sp\u00e9cialis\u00e9e en sculptures, figurines et objets collector design de la Pop Culture - BD, Manga, Anime, Jeux Vid\u00e9o &amp; Litt\u00e9rature\",\"publisher\":{\"@id\":\"https:\/\/neamedia-icons.com\/#organization\"},\"potentialAction\":[{\"@type\":\"SearchAction\",\"target\":{\"@type\":\"EntryPoint\",\"urlTemplate\":\"https:\/\/neamedia-icons.com\/?s={search_term_string}\"},\"query-input\":\"required name=search_term_string\"}],\"inLanguage\":\"en-US\"},{\"@type\":\"Organization\",\"@id\":\"https:\/\/neamedia-icons.com\/#organization\",\"name\":\"Neamedia Icons\",\"url\":\"https:\/\/neamedia-icons.com\/\",\"logo\":{\"@type\":\"ImageObject\",\"inLanguage\":\"en-US\",\"@id\":\"https:\/\/neamedia-icons.com\/#\/schema\/logo\/image\/\",\"url\":\"https:\/\/neamedia-icons.com\/wp-content\/uploads\/2022\/03\/logo_neamediaicons.png\",\"contentUrl\":\"https:\/\/neamedia-icons.com\/wp-content\/uploads\/2022\/03\/logo_neamediaicons.png\",\"width\":700,\"height\":206,\"caption\":\"Neamedia Icons\"},\"image\":{\"@id\":\"https:\/\/neamedia-icons.com\/#\/schema\/logo\/image\/\"},\"sameAs\":[\"https:\/\/www.facebook.com\/NeamediaIcons\/\",\"https:\/\/twitter.com\/neamediaicons\",\"https:\/\/www.instagram.com\/neamediaicons\/\",\"https:\/\/www.pinterest.fr\/neamediaicons\/_created\/\",\"https:\/\/www.youtube.com\/channel\/UCXUJbRezXkDAz70xAan92cw\"]}]}<\/script>\n<!-- \/ Yoast SEO plugin. -->","yoast_head_json":{"title":"Figure \u2013 The Little Prince on his planet \u2013 12cm - Neamedia Icons","description":"The Little Prince statue by Neamedia Icons in association with the heirs of Antoine de Saint-Exup\u00e9ry will delight young and old alike","robots":{"index":"index","follow":"follow","max-snippet":"max-snippet:-1","max-image-preview":"max-image-preview:large","max-video-preview":"max-video-preview:-1"},"canonical":"https:\/\/neamedia-icons.com\/produit\/figurine-le-petit-prince-sur-sa-planete-12cm\/","og_locale":"en_US","og_type":"article","og_title":"Figure \u2013 The Little Prince on his planet \u2013 12cm - Neamedia Icons","og_description":"The Little Prince statue by Neamedia Icons in association with the heirs of Antoine de Saint-Exup\u00e9ry will delight young and old alike","og_url":"https:\/\/neamedia-icons.com\/produit\/figurine-le-petit-prince-sur-sa-planete-12cm\/","og_site_name":"Neamedia Icons","article_publisher":"https:\/\/www.facebook.com\/NeamediaIcons\/","article_modified_time":"2026-01-16T00:55:53+00:00","og_image":[{"width":1600,"height":1982,"url":"https:\/\/neamedia-icons.com\/wp-content\/uploads\/2022\/05\/petit_prince_planete_neamedia_icons_st_exupery-1.jpg","type":"image\/jpeg"}],"twitter_card":"summary_large_image","twitter_site":"@neamediaicons","twitter_misc":{"Est. reading time":"1 minute"},"schema":{"@context":"https:\/\/schema.org","@graph":[{"@type":"WebPage","@id":"https:\/\/neamedia-icons.com\/produit\/figurine-le-petit-prince-sur-sa-planete-12cm\/","url":"https:\/\/neamedia-icons.com\/produit\/figurine-le-petit-prince-sur-sa-planete-12cm\/","name":"Figure \u2013 The Little Prince on his planet \u2013 12cm - Neamedia Icons","isPartOf":{"@id":"https:\/\/neamedia-icons.com\/#website"},"datePublished":"2021-05-03T08:50:28+00:00","dateModified":"2026-01-16T00:55:53+00:00","description":"The Little Prince statue by Neamedia Icons in association with the heirs of Antoine de Saint-Exup\u00e9ry will delight young and old alike","breadcrumb":{"@id":"https:\/\/neamedia-icons.com\/produit\/figurine-le-petit-prince-sur-sa-planete-12cm\/#breadcrumb"},"inLanguage":"en-US","potentialAction":[{"@type":"ReadAction","target":["https:\/\/neamedia-icons.com\/produit\/figurine-le-petit-prince-sur-sa-planete-12cm\/"]}]},{"@type":"BreadcrumbList","@id":"https:\/\/neamedia-icons.com\/produit\/figurine-le-petit-prince-sur-sa-planete-12cm\/#breadcrumb","itemListElement":[{"@type":"ListItem","position":1,"name":"Accueil","item":"https:\/\/neamedia-icons.com\/en\/"},{"@type":"ListItem","position":2,"name":"The Shop | Discover the collection","item":"https:\/\/neamedia-icons.com\/en\/the-shop\/"},{"@type":"ListItem","position":3,"name":"Figure \u2013 The Little Prince on his planet \u2013 12cm"}]},{"@type":"WebSite","@id":"https:\/\/neamedia-icons.com\/#website","url":"https:\/\/neamedia-icons.com\/","name":"Neamedia Icons","description":"Boutique sp\u00e9cialis\u00e9e en sculptures, figurines et objets collector design de la Pop Culture - BD, Manga, Anime, Jeux Vid\u00e9o &amp; Litt\u00e9rature","publisher":{"@id":"https:\/\/neamedia-icons.com\/#organization"},"potentialAction":[{"@type":"SearchAction","target":{"@type":"EntryPoint","urlTemplate":"https:\/\/neamedia-icons.com\/?s={search_term_string}"},"query-input":"required name=search_term_string"}],"inLanguage":"en-US"},{"@type":"Organization","@id":"https:\/\/neamedia-icons.com\/#organization","name":"Neamedia Icons","url":"https:\/\/neamedia-icons.com\/","logo":{"@type":"ImageObject","inLanguage":"en-US","@id":"https:\/\/neamedia-icons.com\/#\/schema\/logo\/image\/","url":"https:\/\/neamedia-icons.com\/wp-content\/uploads\/2022\/03\/logo_neamediaicons.png","contentUrl":"https:\/\/neamedia-icons.com\/wp-content\/uploads\/2022\/03\/logo_neamediaicons.png","width":700,"height":206,"caption":"Neamedia Icons"},"image":{"@id":"https:\/\/neamedia-icons.com\/#\/schema\/logo\/image\/"},"sameAs":["https:\/\/www.facebook.com\/NeamediaIcons\/","https:\/\/twitter.com\/neamediaicons","https:\/\/www.instagram.com\/neamediaicons\/","https:\/\/www.pinterest.fr\/neamediaicons\/_created\/","https:\/\/www.youtube.com\/channel\/UCXUJbRezXkDAz70xAan92cw"]}]}},"_links":{"self":[{"href":"https:\/\/neamedia-icons.com\/en\/wp-json\/wp\/v2\/product\/17795","targetHints":{"allow":["GET"]}}],"collection":[{"href":"https:\/\/neamedia-icons.com\/en\/wp-json\/wp\/v2\/product"}],"about":[{"href":"https:\/\/neamedia-icons.com\/en\/wp-json\/wp\/v2\/types\/product"}],"replies":[{"embeddable":true,"href":"https:\/\/neamedia-icons.com\/en\/wp-json\/wp\/v2\/comments?post=17795"}],"wp:featuredmedia":[{"embeddable":true,"href":"https:\/\/neamedia-icons.com\/en\/wp-json\/wp\/v2\/media\/4431"}],"wp:attachment":[{"href":"https:\/\/neamedia-icons.com\/en\/wp-json\/wp\/v2\/media?parent=17795"}],"wp:term":[{"taxonomy":"product_cat","embeddable":true,"href":"https:\/\/neamedia-icons.com\/en\/wp-json\/wp\/v2\/product_cat?post=17795"},{"taxonomy":"product_tag","embeddable":true,"href":"https:\/\/neamedia-icons.com\/en\/wp-json\/wp\/v2\/product_tag?post=17795"}],"curies":[{"name":"wp","href":"https:\/\/api.w.org\/{rel}","templated":true}]}}