{"id":17856,"date":"2017-01-10T15:46:33","date_gmt":"2017-01-10T14:46:33","guid":{"rendered":"https:\/\/brocoli-agency.fr\/neamediaicons\/contact-us\/"},"modified":"2023-09-19T10:26:02","modified_gmt":"2023-09-19T08:26:02","slug":"contact-us","status":"publish","type":"page","link":"https:\/\/neamedia-icons.com\/en\/contact-us\/","title":{"rendered":"Contact Us"},"content":{"rendered":"<p>[vc_row css=&#8221;.vc_custom_1485770490742{margin-bottom: 100px !important;}&#8221;][vc_column width=&#8221;1\/6&#8243;][\/vc_column][vc_column width=&#8221;2\/3&#8243;][vc_column_text css=&#8221;.vc_custom_1652407243820{margin-bottom: 0px !important;}&#8221;]<\/p>\n<h4 style=\"text-align: center;\"><span style=\"color: #c61622;\"><strong>Contact us for any further questions, possible projects and business partnerships<\/strong><\/span><\/h4>\n<p>[\/vc_column_text][\/vc_column][vc_column width=&#8221;1\/6&#8243;][\/vc_column][\/vc_row][vc_row css=&#8221;.vc_custom_1485770484998{margin-bottom: 100px !important;}&#8221;][vc_column width=&#8221;1\/3&#8243;][vc_icon type=&#8221;linecons&#8221; icon_linecons=&#8221;vc_li vc_li-mail&#8221; color=&#8221;black&#8221; background_style=&#8221;rounded-outline&#8221; background_color=&#8221;black&#8221; align=&#8221;center&#8221;][vc_column_text]<\/p>\n<h4 style=\"text-align: center;\">Contact details<\/h4>\n<p>[\/vc_column_text][vc_column_text]<\/p>\n<p style=\"text-align: center;\">Phone. +33 (0)1 42 08 70 16<\/p>\n<p>[\/vc_column_text][vc_column_text]<\/p>\n<h6 style=\"text-align: center;\"><a href=\"mailto:client@neamedia-icons.com\">client@neamedia-icons.com<\/a><\/h6>\n<p>[\/vc_column_text][\/vc_column][vc_column width=&#8221;1\/3&#8243;][vc_icon type=&#8221;linecons&#8221; icon_linecons=&#8221;vc_li vc_li-shop&#8221; color=&#8221;black&#8221; background_style=&#8221;rounded-outline&#8221; background_color=&#8221;black&#8221; align=&#8221;center&#8221;][vc_column_text]<\/p>\n<h4 style=\"text-align: center;\">Neamedia<br \/>\nClick &amp; Collect<\/h4>\n<p>[\/vc_column_text][vc_column_text]<\/p>\n<p style=\"text-align: center;\">Open Monday to Friday from 10am to 6pm, excluding holidays<\/p>\n<p>[\/vc_column_text][vc_column_text]<\/p>\n<h6 style=\"text-align: center;\"><a href=\"https:\/\/www.google.com\/maps\/place\/71+Rue+du+Faubourg+Saint-Antoine,+75011+Paris,+France\/@48.851867,2.374454,14z\/data=!4m5!3m4!1s0x47e67206f1362be3:0xb902edf33e346742!8m2!3d48.8518669!4d2.3744544?hl=fr\" target=\"_blank\" rel=\"noopener\">71 rue du Faubourg Saint Antoine, 75011, Paris<\/a><\/h6>\n<p>[\/vc_column_text][\/vc_column][vc_column width=&#8221;1\/3&#8243;][vc_icon type=&#8221;linecons&#8221; icon_linecons=&#8221;vc_li vc_li-photo&#8221; color=&#8221;black&#8221; background_style=&#8221;rounded-outline&#8221; background_color=&#8221;black&#8221; align=&#8221;center&#8221;][vc_column_text]<\/p>\n<h4 style=\"text-align: center;\">Follow Our Store<\/h4>\n<p>[\/vc_column_text]\r\n\t        <ul class=\"sk_social_icons_list center\">\r\n\r\n\t\t\t\t\r\n\t\t\t\t\t\t\t\t<li class=\"sk_social_icon default_icon\">\r\n\t\t\t\t\t\t\t\t\t<a class=\"sk_social_icon_link\" target=\"_blank\"\r\n\t\t\t\t\t\t\t\t\t\thref=\"https:\/\/www.facebook.com\/NeamediaIcons\/\" alt=\"\" title=\"\">\r\n\t\t\t\t\t\t\t\t\t\t<svg\r\n\t\t\t\t\t\t\t\t\t\t\tclass=\"\"\r\n\t\t\t\t\t\t\t\t\t\t\txmlns=\"http:\/\/www.w3.org\/2000\/svg\" x=\"0px\" y=\"0px\"\r\n\t\t\t\t\t\t\t\t\t\t\twidth=\"24\" height=\"24\"\r\n\t\t\t\t\t\t\t\t\t\t\tviewBox=\"0 0 50 50\"\r\n\t\t\t\t\t\t\t\t\t\t\t>\r\n\t\t\t\t\t\t\t\t\t\t\t<path d=\"M32,11h5c0.552,0,1-0.448,1-1V3.263c0-0.524-0.403-0.96-0.925-0.997C35.484,2.153,32.376,2,30.141,2C24,2,20,5.68,20,12.368 V19h-7c-0.552,0-1,0.448-1,1v7c0,0.552,0.448,1,1,1h7v19c0,0.552,0.448,1,1,1h7c0.552,0,1-0.448,1-1V28h7.222 c0.51,0,0.938-0.383,0.994-0.89l0.778-7C38.06,19.518,37.596,19,37,19h-8v-5C29,12.343,30.343,11,32,11z\"><\/path>\r\n\t\t\t\t\t\t\t\t\t\t<\/svg>\r\n\t\t\t\t\t\t\t\t\t<\/a>\r\n\t\t\t\t\t\t\t\t<\/li>\r\n\r\n\t\t\t\t\t\t\t\t\r\n\t\t\t\t\t\t\t\t<li class=\"sk_social_icon default_icon\">\r\n\t\t\t\t\t\t\t\t\t<a class=\"sk_social_icon_link\" target=\"_blank\"\r\n\t\t\t\t\t\t\t\t\t\thref=\"https:\/\/www.instagram.com\/neamediaicons\/\" alt=\"\" title=\"\">\r\n\t\t\t\t\t\t\t\t\t\t<svg\r\n\t\t\t\t\t\t\t\t\t\t\tclass=\"\"\r\n\t\t\t\t\t\t\t\t\t\t\txmlns=\"http:\/\/www.w3.org\/2000\/svg\" x=\"0px\" y=\"0px\"\r\n\t\t\t\t\t\t\t\t\t\t\twidth=\"24\" height=\"24\"\r\n\t\t\t\t\t\t\t\t\t\t\tviewBox=\"0 0 50 50\"\r\n\t\t\t\t\t\t\t\t\t\t\t>\r\n\t\t\t\t\t\t\t\t\t\t\t<path d=\"M 16 3 C 8.83 3 3 8.83 3 16 L 3 34 C 3 41.17 8.83 47 16 47 L 34 47 C 41.17 47 47 41.17 47 34 L 47 16 C 47 8.83 41.17 3 34 3 L 16 3 z M 37 11 C 38.1 11 39 11.9 39 13 C 39 14.1 38.1 15 37 15 C 35.9 15 35 14.1 35 13 C 35 11.9 35.9 11 37 11 z M 25 14 C 31.07 14 36 18.93 36 25 C 36 31.07 31.07 36 25 36 C 18.93 36 14 31.07 14 25 C 14 18.93 18.93 14 25 14 z M 25 16 C 20.04 16 16 20.04 16 25 C 16 29.96 20.04 34 25 34 C 29.96 34 34 29.96 34 25 C 34 20.04 29.96 16 25 16 z\"><\/path>\r\n\t\t\t\t\t\t\t\t\t\t<\/svg>\r\n\t\t\t\t\t\t\t\t\t<\/a>\r\n\t\t\t\t\t\t\t\t<\/li>\r\n\r\n\t\t\t\t\t\t\t\t\r\n\t\t\t\t\t\t\t\t<li class=\"sk_social_icon default_icon\">\r\n\t\t\t\t\t\t\t\t\t<a class=\"sk_social_icon_link\" target=\"_blank\"\r\n\t\t\t\t\t\t\t\t\t\thref=\"https:\/\/twitter.com\/neamediaicons\" alt=\"\" title=\"\">\r\n\t\t\t\t\t\t\t\t\t\t<svg\r\n\t\t\t\t\t\t\t\t\t\t\tclass=\"\"\r\n\t\t\t\t\t\t\t\t\t\t\txmlns=\"http:\/\/www.w3.org\/2000\/svg\" x=\"0px\" y=\"0px\"\r\n\t\t\t\t\t\t\t\t\t\t\twidth=\"24\" height=\"24\"\r\n\t\t\t\t\t\t\t\t\t\t\tviewBox=\"0 0 50 50\"\r\n\t\t\t\t\t\t\t\t\t\t\t>\r\n\t\t\t\t\t\t\t\t\t\t\t<path d=\"m28.34828,22.30743l13.09073,-14.9014l-3.10099,0l-11.37148,12.93604l-9.07562,-12.93604l-10.47024,0l13.72711,19.56344l-13.72711,15.6245l3.10099,0l12.00082,-13.66382l9.58659,13.66382l10.47024,0m-30.93843,-32.89794l4.764,0l21.93079,30.72045l-4.76517,0\"><\/path>\r\n\t\t\t\t\t\t\t\t\t\t<\/svg>\r\n\t\t\t\t\t\t\t\t\t<\/a>\r\n\t\t\t\t\t\t\t\t<\/li>\r\n\r\n\t\t\t\t\t\t\t\t\r\n\t\t\t\t\t\t\t\t<li class=\"sk_social_icon default_icon\">\r\n\t\t\t\t\t\t\t\t\t<a class=\"sk_social_icon_link\" target=\"_blank\"\r\n\t\t\t\t\t\t\t\t\t\thref=\"https:\/\/www.pinterest.fr\/neamediaicons\/_created\/\" alt=\"\" title=\"\">\r\n\t\t\t\t\t\t\t\t\t\t<svg\r\n\t\t\t\t\t\t\t\t\t\t\tclass=\"\"\r\n\t\t\t\t\t\t\t\t\t\t\txmlns=\"http:\/\/www.w3.org\/2000\/svg\" x=\"0px\" y=\"0px\"\r\n\t\t\t\t\t\t\t\t\t\t\twidth=\"24\" height=\"24\"\r\n\t\t\t\t\t\t\t\t\t\t\tviewBox=\"0 0 50 50\"\r\n\t\t\t\t\t\t\t\t\t\t\t>\r\n\t\t\t\t\t\t\t\t\t\t\t<path d=\"M25,2C12.318,2,2,12.317,2,25s10.318,23,23,23s23-10.317,23-23S37.682,2,25,2z M27.542,32.719 c-3.297,0-4.516-2.138-4.516-2.138s-0.588,2.309-1.021,3.95s-0.507,1.665-0.927,2.591c-0.471,1.039-1.626,2.674-1.966,3.177 c-0.271,0.401-0.607,0.735-0.804,0.696c-0.197-0.038-0.197-0.245-0.245-0.678c-0.066-0.595-0.258-2.594-0.166-3.946 c0.06-0.88,0.367-2.371,0.367-2.371l2.225-9.108c-1.368-2.807-0.246-7.192,2.871-7.192c2.211,0,2.79,2.001,2.113,4.406 c-0.301,1.073-1.246,4.082-1.275,4.224c-0.029,0.142-0.099,0.442-0.083,0.738c0,0.878,0.671,2.672,2.995,2.672 c3.744,0,5.517-5.535,5.517-9.237c0-2.977-1.892-6.573-7.416-6.573c-5.628,0-8.732,4.283-8.732,8.214 c0,2.205,0.87,3.091,1.273,3.577c0.328,0.395,0.162,0.774,0.162,0.774l-0.355,1.425c-0.131,0.471-0.552,0.713-1.143,0.368 C15.824,27.948,13,26.752,13,21.649C13,16.42,17.926,11,25.571,11C31.64,11,37,14.817,37,21.001 C37,28.635,32.232,32.719,27.542,32.719z\"><\/path>\r\n\t\t\t\t\t\t\t\t\t\t<\/svg>\r\n\t\t\t\t\t\t\t\t\t<\/a>\r\n\t\t\t\t\t\t\t\t<\/li>\r\n\r\n\t\t\t\t\t\t\t\t\r\n\t\t\t\t\t\t\t\t<li class=\"sk_social_icon default_icon\">\r\n\t\t\t\t\t\t\t\t\t<a class=\"sk_social_icon_link\" target=\"_blank\"\r\n\t\t\t\t\t\t\t\t\t\thref=\"https:\/\/www.youtube.com\/channel\/UCXUJbRezXkDAz70xAan92cw\" alt=\"\" title=\"\">\r\n\t\t\t\t\t\t\t\t\t\t<svg\r\n\t\t\t\t\t\t\t\t\t\t\tclass=\"\"\r\n\t\t\t\t\t\t\t\t\t\t\txmlns=\"http:\/\/www.w3.org\/2000\/svg\" x=\"0px\" y=\"0px\"\r\n\t\t\t\t\t\t\t\t\t\t\twidth=\"24\" height=\"24\"\r\n\t\t\t\t\t\t\t\t\t\t\tviewBox=\"0 0 50 50\"\r\n\t\t\t\t\t\t\t\t\t\t\t>\r\n\t\t\t\t\t\t\t\t\t\t\t<path d=\"M 44.898438 14.5 C 44.5 12.300781 42.601563 10.699219 40.398438 10.199219 C 37.101563 9.5 31 9 24.398438 9 C 17.800781 9 11.601563 9.5 8.300781 10.199219 C 6.101563 10.699219 4.199219 12.199219 3.800781 14.5 C 3.398438 17 3 20.5 3 25 C 3 29.5 3.398438 33 3.898438 35.5 C 4.300781 37.699219 6.199219 39.300781 8.398438 39.800781 C 11.898438 40.5 17.898438 41 24.5 41 C 31.101563 41 37.101563 40.5 40.601563 39.800781 C 42.800781 39.300781 44.699219 37.800781 45.101563 35.5 C 45.5 33 46 29.398438 46.101563 25 C 45.898438 20.5 45.398438 17 44.898438 14.5 Z M 19 32 L 19 18 L 31.199219 25 Z \"><\/path>\r\n\t\t\t\t\t\t\t\t\t\t<\/svg>\r\n\t\t\t\t\t\t\t\t\t<\/a>\r\n\t\t\t\t\t\t\t\t<\/li>\r\n\r\n\t\t\t\t\t\t\t\t\r\n\t        <\/ul>\r\n\r\n\t\t    [\/vc_column][\/vc_row][vc_row full_width=&#8221;stretch_row_content_no_spaces&#8221; background_style=&#8221;normal&#8221;][vc_column][vc_gmaps link=&#8221;#E-8_JTNDaWZyYW1lJTIwc3JjJTNEJTIyaHR0cHMlM0ElMkYlMkZ3d3cuZ29vZ2xlLmNvbSUyRm1hcHMlMkZlbWJlZCUzRnBiJTNEJTIxMW0xNCUyMTFtOCUyMTFtMyUyMTFkMTY2ODkuNDAwNDY2NjM5MDIlMjEyZDIuMzY5NTc1NDMzMjcwNTkyJTIxM2Q0OC44NTA5NDMzODM2NTk4OCUyMTNtMiUyMTFpMTAyNCUyMTJpNzY4JTIxNGYxMy4xJTIxM20zJTIxMW0yJTIxMXMweDQ3ZTY3MjA2ZjEzNjJiZTMlMjUzQTB4YjkwMmVkZjMzZTM0Njc0MiUyMTJzNzElMjUyMFJ1ZSUyNTIwZHUlMjUyMEZhdWJvdXJnJTI1MjBTYWludC1BbnRvaW5lJTI1MkMlMjUyMDc1MDExJTI1MjBQYXJpcyUyNTJDJTI1MjBGcmFuY2UlMjE1ZTAlMjEzbTIlMjExc2ZyJTIxMnN1cyUyMTR2MTY1MDUyNDI3NjI5OSUyMTVtMiUyMTFzZnIlMjEyc3VzJTIyJTIwd2lkdGglM0QlMjI2MDAlMjIlMjBoZWlnaHQlM0QlMjI0NTAlMjIlMjBmcmFtZWJvcmRlciUzRCUyMjAlMjIlMjBzdHlsZSUzRCUyMmJvcmRlciUzQTAlMjIlMjBhbGxvd2Z1bGxzY3JlZW4lM0QlMjIlMjIlM0UlM0MlMkZpZnJhbWUlM0U=&#8221;][\/vc_column][\/vc_row]<\/p>\n","protected":false},"excerpt":{"rendered":"<p>[vc_row css=&#8221;.vc_custom_1485770490742{margin-bottom: 100px !important;}&#8221;][vc_column width=&#8221;1\/6&#8243;][\/vc_column][vc_column width=&#8221;2\/3&#8243;][vc_column_text css=&#8221;.vc_custom_1652407243820{margin-bottom: 0px !important;}&#8221;] Contact us for any further questions, possible projects and business partnerships [\/vc_column_text][\/vc_column][vc_column width=&#8221;1\/6&#8243;][\/vc_column][\/vc_row][vc_row css=&#8221;.vc_custom_1485770484998{margin-bottom: 100px !important;}&#8221;][vc_column width=&#8221;1\/3&#8243;][vc_icon type=&#8221;linecons&#8221; icon_linecons=&#8221;vc_li vc_li-mail&#8221; color=&#8221;black&#8221; background_style=&#8221;rounded-outline&#8221; background_color=&#8221;black&#8221; align=&#8221;center&#8221;][vc_column_text] Contact details [\/vc_column_text][vc_column_text] Phone. +33 (0)1 42 08 70 16 [\/vc_column_text][vc_column_text] client@neamedia-icons.com [\/vc_column_text][\/vc_column][vc_column width=&#8221;1\/3&#8243;][vc_icon type=&#8221;linecons&#8221; icon_linecons=&#8221;vc_li vc_li-shop&#8221; color=&#8221;black&#8221; background_style=&#8221;rounded-outline&#8221; background_color=&#8221;black&#8221; align=&#8221;center&#8221;][vc_column_text] Neamedia [&hellip;]<\/p>\n","protected":false},"author":1,"featured_media":0,"parent":0,"menu_order":0,"comment_status":"closed","ping_status":"closed","template":"page-boxed.php","meta":{"footnotes":""},"class_list":["post-17856","page","type-page","status-publish","hentry"],"yoast_head":"<!-- This site is optimized with the Yoast SEO plugin v21.4 - https:\/\/yoast.com\/wordpress\/plugins\/seo\/ -->\n<title>Contact Us - Neamedia Icons<\/title>\n<meta name=\"description\" content=\"Contact us for any further questions, possible projects and business partnerships\" \/>\n<meta name=\"robots\" content=\"index, follow, max-snippet:-1, max-image-preview:large, max-video-preview:-1\" \/>\n<link rel=\"canonical\" href=\"https:\/\/neamedia-icons.com\/contact\/\" \/>\n<meta property=\"og:locale\" content=\"en_US\" \/>\n<meta property=\"og:type\" content=\"article\" \/>\n<meta property=\"og:title\" content=\"Contact Us - Neamedia Icons\" \/>\n<meta property=\"og:description\" content=\"Contact us for any further questions, possible projects and business partnerships\" \/>\n<meta property=\"og:url\" content=\"https:\/\/neamedia-icons.com\/contact\/\" \/>\n<meta property=\"og:site_name\" content=\"Neamedia Icons\" \/>\n<meta property=\"article:publisher\" content=\"https:\/\/www.facebook.com\/NeamediaIcons\/\" \/>\n<meta property=\"article:modified_time\" content=\"2023-09-19T08:26:02+00:00\" \/>\n<meta name=\"twitter:card\" content=\"summary_large_image\" \/>\n<meta name=\"twitter:site\" content=\"@neamediaicons\" \/>\n<meta name=\"twitter:label1\" content=\"Est. reading time\" \/>\n\t<meta name=\"twitter:data1\" content=\"1 minute\" \/>\n<script type=\"application\/ld+json\" class=\"yoast-schema-graph\">{\"@context\":\"https:\/\/schema.org\",\"@graph\":[{\"@type\":\"WebPage\",\"@id\":\"https:\/\/neamedia-icons.com\/contact\/\",\"url\":\"https:\/\/neamedia-icons.com\/contact\/\",\"name\":\"Contact Us - Neamedia Icons\",\"isPartOf\":{\"@id\":\"https:\/\/neamedia-icons.com\/#website\"},\"datePublished\":\"2017-01-10T14:46:33+00:00\",\"dateModified\":\"2023-09-19T08:26:02+00:00\",\"description\":\"Contact us for any further questions, possible projects and business partnerships\",\"breadcrumb\":{\"@id\":\"https:\/\/neamedia-icons.com\/contact\/#breadcrumb\"},\"inLanguage\":\"en-US\",\"potentialAction\":[{\"@type\":\"ReadAction\",\"target\":[\"https:\/\/neamedia-icons.com\/contact\/\"]}]},{\"@type\":\"BreadcrumbList\",\"@id\":\"https:\/\/neamedia-icons.com\/contact\/#breadcrumb\",\"itemListElement\":[{\"@type\":\"ListItem\",\"position\":1,\"name\":\"Accueil\",\"item\":\"https:\/\/neamedia-icons.com\/en\/\"},{\"@type\":\"ListItem\",\"position\":2,\"name\":\"Contact Us\"}]},{\"@type\":\"WebSite\",\"@id\":\"https:\/\/neamedia-icons.com\/#website\",\"url\":\"https:\/\/neamedia-icons.com\/\",\"name\":\"Neamedia Icons\",\"description\":\"Boutique sp\u00e9cialis\u00e9e en sculptures, figurines et objets collector design de la Pop Culture - BD, Manga, Anime, Jeux Vid\u00e9o &amp; Litt\u00e9rature\",\"publisher\":{\"@id\":\"https:\/\/neamedia-icons.com\/#organization\"},\"potentialAction\":[{\"@type\":\"SearchAction\",\"target\":{\"@type\":\"EntryPoint\",\"urlTemplate\":\"https:\/\/neamedia-icons.com\/?s={search_term_string}\"},\"query-input\":\"required name=search_term_string\"}],\"inLanguage\":\"en-US\"},{\"@type\":\"Organization\",\"@id\":\"https:\/\/neamedia-icons.com\/#organization\",\"name\":\"Neamedia Icons\",\"url\":\"https:\/\/neamedia-icons.com\/\",\"logo\":{\"@type\":\"ImageObject\",\"inLanguage\":\"en-US\",\"@id\":\"https:\/\/neamedia-icons.com\/#\/schema\/logo\/image\/\",\"url\":\"https:\/\/neamedia-icons.com\/wp-content\/uploads\/2022\/03\/logo_neamediaicons.png\",\"contentUrl\":\"https:\/\/neamedia-icons.com\/wp-content\/uploads\/2022\/03\/logo_neamediaicons.png\",\"width\":700,\"height\":206,\"caption\":\"Neamedia Icons\"},\"image\":{\"@id\":\"https:\/\/neamedia-icons.com\/#\/schema\/logo\/image\/\"},\"sameAs\":[\"https:\/\/www.facebook.com\/NeamediaIcons\/\",\"https:\/\/twitter.com\/neamediaicons\",\"https:\/\/www.instagram.com\/neamediaicons\/\",\"https:\/\/www.pinterest.fr\/neamediaicons\/_created\/\",\"https:\/\/www.youtube.com\/channel\/UCXUJbRezXkDAz70xAan92cw\"]}]}<\/script>\n<!-- \/ Yoast SEO plugin. -->","yoast_head_json":{"title":"Contact Us - Neamedia Icons","description":"Contact us for any further questions, possible projects and business partnerships","robots":{"index":"index","follow":"follow","max-snippet":"max-snippet:-1","max-image-preview":"max-image-preview:large","max-video-preview":"max-video-preview:-1"},"canonical":"https:\/\/neamedia-icons.com\/contact\/","og_locale":"en_US","og_type":"article","og_title":"Contact Us - Neamedia Icons","og_description":"Contact us for any further questions, possible projects and business partnerships","og_url":"https:\/\/neamedia-icons.com\/contact\/","og_site_name":"Neamedia Icons","article_publisher":"https:\/\/www.facebook.com\/NeamediaIcons\/","article_modified_time":"2023-09-19T08:26:02+00:00","twitter_card":"summary_large_image","twitter_site":"@neamediaicons","twitter_misc":{"Est. reading time":"1 minute"},"schema":{"@context":"https:\/\/schema.org","@graph":[{"@type":"WebPage","@id":"https:\/\/neamedia-icons.com\/contact\/","url":"https:\/\/neamedia-icons.com\/contact\/","name":"Contact Us - Neamedia Icons","isPartOf":{"@id":"https:\/\/neamedia-icons.com\/#website"},"datePublished":"2017-01-10T14:46:33+00:00","dateModified":"2023-09-19T08:26:02+00:00","description":"Contact us for any further questions, possible projects and business partnerships","breadcrumb":{"@id":"https:\/\/neamedia-icons.com\/contact\/#breadcrumb"},"inLanguage":"en-US","potentialAction":[{"@type":"ReadAction","target":["https:\/\/neamedia-icons.com\/contact\/"]}]},{"@type":"BreadcrumbList","@id":"https:\/\/neamedia-icons.com\/contact\/#breadcrumb","itemListElement":[{"@type":"ListItem","position":1,"name":"Accueil","item":"https:\/\/neamedia-icons.com\/en\/"},{"@type":"ListItem","position":2,"name":"Contact Us"}]},{"@type":"WebSite","@id":"https:\/\/neamedia-icons.com\/#website","url":"https:\/\/neamedia-icons.com\/","name":"Neamedia Icons","description":"Boutique sp\u00e9cialis\u00e9e en sculptures, figurines et objets collector design de la Pop Culture - BD, Manga, Anime, Jeux Vid\u00e9o &amp; Litt\u00e9rature","publisher":{"@id":"https:\/\/neamedia-icons.com\/#organization"},"potentialAction":[{"@type":"SearchAction","target":{"@type":"EntryPoint","urlTemplate":"https:\/\/neamedia-icons.com\/?s={search_term_string}"},"query-input":"required name=search_term_string"}],"inLanguage":"en-US"},{"@type":"Organization","@id":"https:\/\/neamedia-icons.com\/#organization","name":"Neamedia Icons","url":"https:\/\/neamedia-icons.com\/","logo":{"@type":"ImageObject","inLanguage":"en-US","@id":"https:\/\/neamedia-icons.com\/#\/schema\/logo\/image\/","url":"https:\/\/neamedia-icons.com\/wp-content\/uploads\/2022\/03\/logo_neamediaicons.png","contentUrl":"https:\/\/neamedia-icons.com\/wp-content\/uploads\/2022\/03\/logo_neamediaicons.png","width":700,"height":206,"caption":"Neamedia Icons"},"image":{"@id":"https:\/\/neamedia-icons.com\/#\/schema\/logo\/image\/"},"sameAs":["https:\/\/www.facebook.com\/NeamediaIcons\/","https:\/\/twitter.com\/neamediaicons","https:\/\/www.instagram.com\/neamediaicons\/","https:\/\/www.pinterest.fr\/neamediaicons\/_created\/","https:\/\/www.youtube.com\/channel\/UCXUJbRezXkDAz70xAan92cw"]}]}},"_links":{"self":[{"href":"https:\/\/neamedia-icons.com\/en\/wp-json\/wp\/v2\/pages\/17856","targetHints":{"allow":["GET"]}}],"collection":[{"href":"https:\/\/neamedia-icons.com\/en\/wp-json\/wp\/v2\/pages"}],"about":[{"href":"https:\/\/neamedia-icons.com\/en\/wp-json\/wp\/v2\/types\/page"}],"author":[{"embeddable":true,"href":"https:\/\/neamedia-icons.com\/en\/wp-json\/wp\/v2\/users\/1"}],"replies":[{"embeddable":true,"href":"https:\/\/neamedia-icons.com\/en\/wp-json\/wp\/v2\/comments?post=17856"}],"version-history":[{"count":0,"href":"https:\/\/neamedia-icons.com\/en\/wp-json\/wp\/v2\/pages\/17856\/revisions"}],"wp:attachment":[{"href":"https:\/\/neamedia-icons.com\/en\/wp-json\/wp\/v2\/media?parent=17856"}],"curies":[{"name":"wp","href":"https:\/\/api.w.org\/{rel}","templated":true}]}}