{"id":17843,"date":"2017-01-10T21:58:42","date_gmt":"2017-01-10T20:58:42","guid":{"rendered":"https:\/\/brocoli-agency.fr\/neamediaicons\/who-are-we\/"},"modified":"2023-09-19T10:27:59","modified_gmt":"2023-09-19T08:27:59","slug":"about-us","status":"publish","type":"page","link":"https:\/\/neamedia-icons.com\/en\/about-us\/","title":{"rendered":"Who are we?"},"content":{"rendered":"<p>[vc_row full_width=&#8221;stretch_row_content_no_spaces&#8221; css_animation=&#8221;fadeIn&#8221; css=&#8221;.vc_custom_1652948164041{margin-bottom: 75px !important;background-image: url(https:\/\/neamedia-icons.com\/wp-content\/uploads\/2022\/05\/neamedia_qui_sommes_nous3.jpg?id=17907) !important;background-position: center !important;background-repeat: no-repeat !important;background-size: cover !important;}&#8221;][vc_column][vc_empty_space height=&#8221;800px&#8221;][\/vc_column][\/vc_row][vc_row css=&#8221;.vc_custom_1484860147894{margin-bottom: 75px !important;}&#8221;][vc_column][vc_column_text]<\/p>\n<h6>NEAMEDIA ICONS<\/h6>\n<p>[\/vc_column_text][vc_column_text]<\/p>\n<h1>Bring pop culture icons into your living room<\/h1>\n<p>[\/vc_column_text][vc_empty_space height=&#8221;30px&#8221;][vc_row_inner][vc_column_inner width=&#8221;1\/2&#8243; css=&#8221;.vc_custom_1650659042002{padding-right: 20px !important;}&#8221;][vc_column_text]<\/p>\n<h3>Pop Culture Passion<\/h3>\n<p>[\/vc_column_text][vc_column_text]Neamedia Icons is a label that draws on Neamedia\u2019s 16 years of experience to create art objects derived from the greatest pop culture licenses. This is a way for our team of enthusiasts to revive these protagonists who have left their mark on generations. It is enough to let you invite these heroes into your home as a reminder of the good times spent following your idols on their journeys.[\/vc_column_text][\/vc_column_inner][vc_column_inner width=&#8221;1\/2&#8243; css=&#8221;.vc_custom_1650659081223{padding-right: 20px !important;}&#8221;][vc_empty_space height=&#8221;50px&#8221;][vc_column_text]<\/p>\n<h3><a href=\"http:\/\/neamedia.fr\/\">Neamedia<\/a><br \/>\nYou already know us<\/h3>\n<p>[\/vc_column_text][vc_column_text]We are pleased to collaborate with world leaders in the fields of video games and luxury items and we specialize in the creation of extraordinary objects, such as figurines, sculptures, collector\u2019s editions and much more. You have probably already seen one of the 10 million items we have delivered worldwide, such as exclusive Pok\u00e9mon figurines, Chanel music boxes, Berluti store window displays, Zelda Breath of the Wild collector\u2019s box sets and many more![\/vc_column_text][\/vc_column_inner][\/vc_row_inner][\/vc_column][\/vc_row][vc_row full_width=&#8221;stretch_row_content&#8221; content_placement=&#8221;middle&#8221; css=&#8221;.vc_custom_1484860742309{margin-bottom: 75px !important;}&#8221;][vc_column width=&#8221;1\/2&#8243;][vc_single_image image=&#8221;4446&#8243; img_size=&#8221;full&#8221; alignment=&#8221;right&#8221;][\/vc_column][vc_column width=&#8221;1\/2&#8243;][vc_single_image image=&#8221;4448&#8243; img_size=&#8221;full&#8221;][\/vc_column][\/vc_row][vc_row css=&#8221;.vc_custom_1484860735616{margin-bottom: 75px !important;}&#8221;][vc_column width=&#8221;1\/6&#8243;][\/vc_column][vc_column width=&#8221;2\/3&#8243;][vc_column_text]<\/p>\n<p style=\"text-align: center;\">Our products are a tribute to the greatest icons of pop culture, from video games to literature, manga, anime and comics.<\/p>\n<p style=\"text-align: center;\">With originality and creativity, we revisit the codes of the greatest pop culture licenses, taking care to always highlight their creator\u2019s vision.<\/p>\n<p>[\/vc_column_text][\/vc_column][vc_column width=&#8221;1\/6&#8243;][\/vc_column][\/vc_row][vc_row css=&#8221;.vc_custom_1484860748294{margin-bottom: 75px !important;}&#8221;][vc_column][\/vc_column][\/vc_row][vc_row css=&#8221;.vc_custom_1650553714986{margin-bottom: 20px !important;}&#8221;][vc_column][vc_column_text]<\/p>\n<h2>Some of our customers include<\/h2>\n<p>[\/vc_column_text][\/vc_column][\/vc_row][vc_row css=&#8221;.vc_custom_1650553881523{margin-bottom: 40px !important;}&#8221;][vc_column width=&#8221;1\/6&#8243; offset=&#8221;vc_col-lg-2 vc_col-md-2 vc_col-xs-6&#8243;][vc_single_image image=&#8221;3216&#8243;][vc_single_image image=&#8221;3210&#8243;][vc_single_image image=&#8221;3204&#8243;][\/vc_column][vc_column width=&#8221;1\/6&#8243; offset=&#8221;vc_col-lg-2 vc_col-md-2 vc_col-xs-6&#8243;][vc_single_image image=&#8221;3215&#8243;][vc_single_image image=&#8221;3209&#8243;][vc_single_image image=&#8221;3203&#8243;][\/vc_column][vc_column width=&#8221;1\/6&#8243; offset=&#8221;vc_col-lg-2 vc_col-md-2 vc_col-xs-6&#8243;][vc_single_image image=&#8221;3214&#8243;][vc_single_image image=&#8221;3208&#8243;][vc_single_image image=&#8221;3202&#8243;][\/vc_column][vc_column width=&#8221;1\/6&#8243; offset=&#8221;vc_col-lg-2 vc_col-md-2 vc_col-xs-6&#8243;][vc_single_image image=&#8221;3213&#8243;][vc_single_image image=&#8221;3207&#8243;][vc_single_image image=&#8221;3201&#8243;][\/vc_column][vc_column width=&#8221;1\/6&#8243; offset=&#8221;vc_col-lg-2 vc_col-md-2 vc_col-xs-6&#8243;][vc_single_image image=&#8221;3212&#8243;][vc_single_image image=&#8221;3206&#8243;][vc_single_image image=&#8221;177926&#8243;][\/vc_column][vc_column width=&#8221;1\/6&#8243; offset=&#8221;vc_col-lg-2 vc_col-md-2 vc_col-xs-6&#8243;][vc_single_image image=&#8221;3211&#8243;][vc_single_image image=&#8221;3205&#8243;][vc_single_image image=&#8221;3199&#8243;][\/vc_column][\/vc_row]<\/p>\n","protected":false},"excerpt":{"rendered":"<p>[vc_row full_width=&#8221;stretch_row_content_no_spaces&#8221; css_animation=&#8221;fadeIn&#8221; css=&#8221;.vc_custom_1652948164041{margin-bottom: 75px !important;background-image: url(https:\/\/neamedia-icons.com\/wp-content\/uploads\/2022\/05\/neamedia_qui_sommes_nous3.jpg?id=17907) !important;background-position: center !important;background-repeat: no-repeat !important;background-size: cover !important;}&#8221;][vc_column][vc_empty_space height=&#8221;800px&#8221;][\/vc_column][\/vc_row][vc_row css=&#8221;.vc_custom_1484860147894{margin-bottom: 75px !important;}&#8221;][vc_column][vc_column_text] NEAMEDIA ICONS [\/vc_column_text][vc_column_text] Bring pop culture icons into your living room [\/vc_column_text][vc_empty_space height=&#8221;30px&#8221;][vc_row_inner][vc_column_inner width=&#8221;1\/2&#8243; css=&#8221;.vc_custom_1650659042002{padding-right: 20px !important;}&#8221;][vc_column_text] Pop Culture Passion [\/vc_column_text][vc_column_text]Neamedia Icons is a label that draws on Neamedia\u2019s 16 years of experience to create art objects [&hellip;]<\/p>\n","protected":false},"author":1,"featured_media":0,"parent":0,"menu_order":0,"comment_status":"closed","ping_status":"closed","template":"page-boxed.php","meta":{"footnotes":""},"class_list":["post-17843","page","type-page","status-publish","hentry"],"yoast_head":"<!-- This site is optimized with the Yoast SEO plugin v21.4 - https:\/\/yoast.com\/wordpress\/plugins\/seo\/ -->\n<title>Who are we? - Neamedia Icons<\/title>\n<meta name=\"description\" content=\"&quot;Who are we&quot; is the question answered on this page, telling the story of history of Neamedia Icons and what is done there.\" \/>\n<meta name=\"robots\" content=\"index, follow, max-snippet:-1, max-image-preview:large, max-video-preview:-1\" \/>\n<link rel=\"canonical\" href=\"https:\/\/neamedia-icons.com\/qui-sommes-nous\/\" \/>\n<meta property=\"og:locale\" content=\"en_US\" \/>\n<meta property=\"og:type\" content=\"article\" \/>\n<meta property=\"og:title\" content=\"Who are we? - Neamedia Icons\" \/>\n<meta property=\"og:description\" content=\"&quot;Who are we&quot; is the question answered on this page, telling the story of history of Neamedia Icons and what is done there.\" \/>\n<meta property=\"og:url\" content=\"https:\/\/neamedia-icons.com\/qui-sommes-nous\/\" \/>\n<meta property=\"og:site_name\" content=\"Neamedia Icons\" \/>\n<meta property=\"article:publisher\" content=\"https:\/\/www.facebook.com\/NeamediaIcons\/\" \/>\n<meta property=\"article:modified_time\" content=\"2023-09-19T08:27:59+00:00\" \/>\n<meta name=\"twitter:card\" content=\"summary_large_image\" \/>\n<meta name=\"twitter:site\" content=\"@neamediaicons\" \/>\n<meta name=\"twitter:label1\" content=\"Est. reading time\" \/>\n\t<meta name=\"twitter:data1\" content=\"3 minutes\" \/>\n<script type=\"application\/ld+json\" class=\"yoast-schema-graph\">{\"@context\":\"https:\/\/schema.org\",\"@graph\":[{\"@type\":\"WebPage\",\"@id\":\"https:\/\/neamedia-icons.com\/qui-sommes-nous\/\",\"url\":\"https:\/\/neamedia-icons.com\/qui-sommes-nous\/\",\"name\":\"Who are we? - Neamedia Icons\",\"isPartOf\":{\"@id\":\"https:\/\/neamedia-icons.com\/#website\"},\"datePublished\":\"2017-01-10T20:58:42+00:00\",\"dateModified\":\"2023-09-19T08:27:59+00:00\",\"description\":\"\\\"Who are we\\\" is the question answered on this page, telling the story of history of Neamedia Icons and what is done there.\",\"breadcrumb\":{\"@id\":\"https:\/\/neamedia-icons.com\/qui-sommes-nous\/#breadcrumb\"},\"inLanguage\":\"en-US\",\"potentialAction\":[{\"@type\":\"ReadAction\",\"target\":[\"https:\/\/neamedia-icons.com\/qui-sommes-nous\/\"]}]},{\"@type\":\"BreadcrumbList\",\"@id\":\"https:\/\/neamedia-icons.com\/qui-sommes-nous\/#breadcrumb\",\"itemListElement\":[{\"@type\":\"ListItem\",\"position\":1,\"name\":\"Accueil\",\"item\":\"https:\/\/neamedia-icons.com\/en\/\"},{\"@type\":\"ListItem\",\"position\":2,\"name\":\"Who are we?\"}]},{\"@type\":\"WebSite\",\"@id\":\"https:\/\/neamedia-icons.com\/#website\",\"url\":\"https:\/\/neamedia-icons.com\/\",\"name\":\"Neamedia Icons\",\"description\":\"Boutique sp\u00e9cialis\u00e9e en sculptures, figurines et objets collector design de la Pop Culture - BD, Manga, Anime, Jeux Vid\u00e9o &amp; Litt\u00e9rature\",\"publisher\":{\"@id\":\"https:\/\/neamedia-icons.com\/#organization\"},\"potentialAction\":[{\"@type\":\"SearchAction\",\"target\":{\"@type\":\"EntryPoint\",\"urlTemplate\":\"https:\/\/neamedia-icons.com\/?s={search_term_string}\"},\"query-input\":\"required name=search_term_string\"}],\"inLanguage\":\"en-US\"},{\"@type\":\"Organization\",\"@id\":\"https:\/\/neamedia-icons.com\/#organization\",\"name\":\"Neamedia Icons\",\"url\":\"https:\/\/neamedia-icons.com\/\",\"logo\":{\"@type\":\"ImageObject\",\"inLanguage\":\"en-US\",\"@id\":\"https:\/\/neamedia-icons.com\/#\/schema\/logo\/image\/\",\"url\":\"https:\/\/neamedia-icons.com\/wp-content\/uploads\/2022\/03\/logo_neamediaicons.png\",\"contentUrl\":\"https:\/\/neamedia-icons.com\/wp-content\/uploads\/2022\/03\/logo_neamediaicons.png\",\"width\":700,\"height\":206,\"caption\":\"Neamedia Icons\"},\"image\":{\"@id\":\"https:\/\/neamedia-icons.com\/#\/schema\/logo\/image\/\"},\"sameAs\":[\"https:\/\/www.facebook.com\/NeamediaIcons\/\",\"https:\/\/twitter.com\/neamediaicons\",\"https:\/\/www.instagram.com\/neamediaicons\/\",\"https:\/\/www.pinterest.fr\/neamediaicons\/_created\/\",\"https:\/\/www.youtube.com\/channel\/UCXUJbRezXkDAz70xAan92cw\"]}]}<\/script>\n<!-- \/ Yoast SEO plugin. -->","yoast_head_json":{"title":"Who are we? - Neamedia Icons","description":"\"Who are we\" is the question answered on this page, telling the story of history of Neamedia Icons and what is done there.","robots":{"index":"index","follow":"follow","max-snippet":"max-snippet:-1","max-image-preview":"max-image-preview:large","max-video-preview":"max-video-preview:-1"},"canonical":"https:\/\/neamedia-icons.com\/qui-sommes-nous\/","og_locale":"en_US","og_type":"article","og_title":"Who are we? - Neamedia Icons","og_description":"\"Who are we\" is the question answered on this page, telling the story of history of Neamedia Icons and what is done there.","og_url":"https:\/\/neamedia-icons.com\/qui-sommes-nous\/","og_site_name":"Neamedia Icons","article_publisher":"https:\/\/www.facebook.com\/NeamediaIcons\/","article_modified_time":"2023-09-19T08:27:59+00:00","twitter_card":"summary_large_image","twitter_site":"@neamediaicons","twitter_misc":{"Est. reading time":"3 minutes"},"schema":{"@context":"https:\/\/schema.org","@graph":[{"@type":"WebPage","@id":"https:\/\/neamedia-icons.com\/qui-sommes-nous\/","url":"https:\/\/neamedia-icons.com\/qui-sommes-nous\/","name":"Who are we? - Neamedia Icons","isPartOf":{"@id":"https:\/\/neamedia-icons.com\/#website"},"datePublished":"2017-01-10T20:58:42+00:00","dateModified":"2023-09-19T08:27:59+00:00","description":"\"Who are we\" is the question answered on this page, telling the story of history of Neamedia Icons and what is done there.","breadcrumb":{"@id":"https:\/\/neamedia-icons.com\/qui-sommes-nous\/#breadcrumb"},"inLanguage":"en-US","potentialAction":[{"@type":"ReadAction","target":["https:\/\/neamedia-icons.com\/qui-sommes-nous\/"]}]},{"@type":"BreadcrumbList","@id":"https:\/\/neamedia-icons.com\/qui-sommes-nous\/#breadcrumb","itemListElement":[{"@type":"ListItem","position":1,"name":"Accueil","item":"https:\/\/neamedia-icons.com\/en\/"},{"@type":"ListItem","position":2,"name":"Who are we?"}]},{"@type":"WebSite","@id":"https:\/\/neamedia-icons.com\/#website","url":"https:\/\/neamedia-icons.com\/","name":"Neamedia Icons","description":"Boutique sp\u00e9cialis\u00e9e en sculptures, figurines et objets collector design de la Pop Culture - BD, Manga, Anime, Jeux Vid\u00e9o &amp; Litt\u00e9rature","publisher":{"@id":"https:\/\/neamedia-icons.com\/#organization"},"potentialAction":[{"@type":"SearchAction","target":{"@type":"EntryPoint","urlTemplate":"https:\/\/neamedia-icons.com\/?s={search_term_string}"},"query-input":"required name=search_term_string"}],"inLanguage":"en-US"},{"@type":"Organization","@id":"https:\/\/neamedia-icons.com\/#organization","name":"Neamedia Icons","url":"https:\/\/neamedia-icons.com\/","logo":{"@type":"ImageObject","inLanguage":"en-US","@id":"https:\/\/neamedia-icons.com\/#\/schema\/logo\/image\/","url":"https:\/\/neamedia-icons.com\/wp-content\/uploads\/2022\/03\/logo_neamediaicons.png","contentUrl":"https:\/\/neamedia-icons.com\/wp-content\/uploads\/2022\/03\/logo_neamediaicons.png","width":700,"height":206,"caption":"Neamedia Icons"},"image":{"@id":"https:\/\/neamedia-icons.com\/#\/schema\/logo\/image\/"},"sameAs":["https:\/\/www.facebook.com\/NeamediaIcons\/","https:\/\/twitter.com\/neamediaicons","https:\/\/www.instagram.com\/neamediaicons\/","https:\/\/www.pinterest.fr\/neamediaicons\/_created\/","https:\/\/www.youtube.com\/channel\/UCXUJbRezXkDAz70xAan92cw"]}]}},"_links":{"self":[{"href":"https:\/\/neamedia-icons.com\/en\/wp-json\/wp\/v2\/pages\/17843","targetHints":{"allow":["GET"]}}],"collection":[{"href":"https:\/\/neamedia-icons.com\/en\/wp-json\/wp\/v2\/pages"}],"about":[{"href":"https:\/\/neamedia-icons.com\/en\/wp-json\/wp\/v2\/types\/page"}],"author":[{"embeddable":true,"href":"https:\/\/neamedia-icons.com\/en\/wp-json\/wp\/v2\/users\/1"}],"replies":[{"embeddable":true,"href":"https:\/\/neamedia-icons.com\/en\/wp-json\/wp\/v2\/comments?post=17843"}],"version-history":[{"count":0,"href":"https:\/\/neamedia-icons.com\/en\/wp-json\/wp\/v2\/pages\/17843\/revisions"}],"wp:attachment":[{"href":"https:\/\/neamedia-icons.com\/en\/wp-json\/wp\/v2\/media?parent=17843"}],"curies":[{"name":"wp","href":"https:\/\/api.w.org\/{rel}","templated":true}]}}