{"id":17768,"date":"2022-03-10T15:22:01","date_gmt":"2022-03-10T14:22:01","guid":{"rendered":"https:\/\/brocoli-agency.fr\/neamediaicons\/legal-notice\/"},"modified":"2025-09-22T15:43:15","modified_gmt":"2025-09-22T13:43:15","slug":"legal-notice","status":"publish","type":"page","link":"https:\/\/neamedia-icons.com\/en\/legal-notice\/","title":{"rendered":"Legal Notice"},"content":{"rendered":"\n<h2 class=\"wp-block-heading\">Who are we?<\/h2>\n\n<p>\u00a0<\/p>\n\n<p>Neamedia Icons is a website published by Neamedia SAS with a share capital of \u20ac75,000, domiciled at 71 rue du Faubourg Saint-Antoine, 75011, PARIS.<\/p>\n\n<p>Neamedia SAS is registered in the Paris Trade Register under number 44422430700033. The intra-Community VAT number is FR21 444 224 307.<\/p>\n\n<p>For any information or enquiries call or write to: +33 (0)142087016 or <a href=\"mailto:contact@neamedia-icons.com\">contact@neamedia-icons.com<\/a><\/p>\n\n<p>For any information regarding customer service: +33 (0)142087016 or <a href=\"mailto:client@neamedia-icons.com\" data-type=\"mailto\" data-id=\"mailto:client@neamedia-icons.com\">client@neamedia-icons.com<\/a><\/p>\n\n<p>The director of publications is Mr. Fran\u00e7ois BERNARD, in his capacity as director of Neamedia SAS.<\/p>\n\n<h2 class=\"wp-block-heading\">Copyright :<\/h2>\n\n<p>\u00a0<\/p>\n\n<ul class=\"wp-block-list\">\n<li>The Little Prince\u00ae\u00a9 \u2013 Succession Antoine de Saint Exupery https:\/\/www.lepetitprince.com\/<\/li>\n\n\n\n<li>Pac-Man\u2122 \u2013 Copyright BANDAI NAMCO Entertainment Inc<\/li>\n\n\n\n<li>Richard Orlinski<\/li>\n\n\n\n<li>Naruto Shippuden \u2013 \u00a9 2002 MASASHI KISHIMOTO \/ 2007 SHIPPUDEN All Rights Reserved.<\/li>\n\n\n\n<li>Bomberman \u2013 \u00a9Konami Digital Entertainment<\/li>\n\n\n\n<li>\u00a9 SEGA<\/li>\n\n\n\n<li>CD PROJEKT S.A. All rights reserved. CD PROJEKT, the CD PROJEKT logo, Cyberpunk, Cyberpunk 2077, the Cyberpunk 2077 logo and Cyberpunk: Edgerunners are trademarks and\/or registered trademarks of CD PROJEKT S.A. in the US and\/or other countries. <\/li>\n\n\n\n<li>CD PROJEKT\u00ae, Cyberpunk\u00ae, Cyberpunk 2077\u00ae are registered trademarks of CD PROJEKT S.A. \u00a9 2023 CD PROJEKT S.A. All rights reserved. All other copyrights and trademarks are the property of their respective owners.<\/li>\n\n\n\n<li>CD PROJEKT\u00ae, The Witcher\u00ae are registered trademarks of CD PROJEKT Capital Group. The Witcher game \u00a9 CD PROJEKT S.A. Developed by CD PROJEKT S.A. All rights reserved. The Witcher game is set in the universe created by Andrzej Sapkowski in his series of books. All other copyrights and trademarks are the property of their respective owners.<\/li>\n\n\n\n<li>PUBG is a trademark or registered trademark of KRAFTON, Inc., in Korea and\/or other countries.<\/li>\n\n\n\n<li>\u00a9MiHoyo<\/li>\n\n\n\n<li>\u00a92025 Ubisoft Entertainment. All rights reserved. Assassin\u2019s Creed, Ubisoft and the Ubisoft logo are registered or unregistered trademarks of Ubisoft Entertainment in the U.S and\/or other countries.  <\/li>\n\n\n\n<li>Eiichiro Oda\/SHUEISHA \u00a9Netflix\/Tomorrow<\/li>\n\n\n\n<li>Stranger Things:\u2122\/\u00a9 Netflix. Used with permission. <\/li>\n\n\n\n<li>SQUID GAME\u2122\/\u00a9 Netflix. Used with permission. <\/li>\n\n\n\n<li>\u00a92025 Activision Publishing, Inc. ACTIVISION, and CALL OF DUTY are trademarks of Activision Publishing, Inc. <\/li>\n<\/ul>\n\n<hr class=\"wp-block-separator has-css-opacity is-style-wide\"\/>\n\n<h1 class=\"wp-block-heading\">Privacy Settings<\/h1>\n\n<div class=\"wp-block-spacer\" style=\"height: 10px;\" aria-hidden=\"true\">\u00a0<\/div>\n\n<h2 class=\"wp-block-heading\">What personal data do we collect, and why?<\/h2>\n\n<div class=\"wp-block-spacer\" style=\"height: 5px;\" aria-hidden=\"true\">\u00a0<\/div>\n\n<p><strong>PERSONAL DATA<\/strong><\/p>\n\n<p>The following data is collected when you make a purchase on our site. They are only used for organizational purposes regarding the delivery of your products. Your personal data includes: first and last name, postal address, city, postal code and country (apartment number and company name are optional), payment information, email address and password.<\/p>\n\n<hr class=\"wp-block-separator has-css-opacity\"\/>\n\n<p><strong>INFORMATIONS<\/strong><\/p>\n\n<p>A cookie is a small text file that a website places on your computer after first requesting permission from your browser. The cookie allows the site to \u201cremember\u201d your preferences and actions over time. Most browsers accept cookies, but you can also set your browser to refuse them automatically. You can also delete them at any time.<\/p>\n\n<p><strong>Browser settings:<\/strong> Most browsers can be modified to prevent your computer from accepting cookies. However, it may affect your browsing experience on our site and other sites.<\/p>\n\n<p>These preferences can be set in your browser settings. These preferences can be set in your browser settings. To understand these settings, the following links may be helpful : <a href=\"https:\/\/support.microsoft.com\/en-us\/help\/17442\/windows-internet-explorer-delete-manage-cookies#ie=ie-11\">Cookie settings on Internet Explorer<\/a>, <a href=\"https:\/\/support.mozilla.org\/en-US\/kb\/cookies-information-websites-store-on-your-computer?redirectlocale=en-US&amp;redirectslug=Cookies\">Cookie settings on Firefox<\/a>, <a href=\"https:\/\/support.google.com\/chrome\/answer\/95647?hl=en\">Cookie settings on Chrome<\/a>, <a href=\"https:\/\/support.apple.com\/fr-fr\/guide\/safari\/sfri11471\/mac\" target=\"_blank\" rel=\"noreferrer noopener\" data-type=\"URL\" data-id=\"https:\/\/support.apple.com\/fr-fr\/guide\/safari\/sfri11471\/mac\">Cookie settings on Safari<\/a>.<\/p>\n\n<hr class=\"wp-block-separator has-css-opacity\"\/>\n\n<p><strong>NAVIGATION DATA<\/strong><\/p>\n\n<p>This data is collected to help us improve our customers\u2019 browsing experience.<\/p>\n\n<p><strong>Google Analytics:<\/strong> Used for statistical purposes: we collect the number of unique visitors to our site and the frequency of connection. We collect anonymous data to find out what is the most attractive content of our site.<\/p>\n\n<p><strong>Social networks: Facebook Connect, Twitter connect, Pinterest connect<\/strong><\/p>\n\n<p><strong>WordPress and other operating cookies:<\/strong> We use cookies to save your browser preferences (cookie preferences, language, time zone), and to provide you with a similar experience on your various visits.<\/p>\n","protected":false},"excerpt":{"rendered":"<p>Who are we? \u00a0 Neamedia Icons is a website published by Neamedia SAS with a share capital of \u20ac75,000, domiciled at 71 rue du Faubourg Saint-Antoine, 75011, PARIS. Neamedia SAS is registered in the Paris Trade Register under number 44422430700033. The intra-Community VAT number is FR21 444 224 307. For any information or enquiries call [&hellip;]<\/p>\n","protected":false},"author":1,"featured_media":0,"parent":0,"menu_order":0,"comment_status":"closed","ping_status":"closed","template":"","meta":{"footnotes":""},"class_list":["post-17768","page","type-page","status-publish","hentry"],"yoast_head":"<!-- This site is optimized with the Yoast SEO plugin v21.4 - https:\/\/yoast.com\/wordpress\/plugins\/seo\/ -->\n<title>Legal Notice - Neamedia Icons<\/title>\n<meta name=\"description\" content=\"Consultez les mentions l\u00e9gales de notre site web pour obtenir toutes les informations juridiques n\u00e9cessaires.\" \/>\n<meta name=\"robots\" content=\"index, follow, max-snippet:-1, max-image-preview:large, max-video-preview:-1\" \/>\n<link rel=\"canonical\" href=\"https:\/\/neamedia-icons.com\/en\/legal-notice\/\" \/>\n<meta property=\"og:locale\" content=\"en_US\" \/>\n<meta property=\"og:type\" content=\"article\" \/>\n<meta property=\"og:title\" content=\"Legal Notice - Neamedia Icons\" \/>\n<meta property=\"og:description\" content=\"Consultez les mentions l\u00e9gales de notre site web pour obtenir toutes les informations juridiques n\u00e9cessaires.\" \/>\n<meta property=\"og:url\" content=\"https:\/\/neamedia-icons.com\/en\/legal-notice\/\" \/>\n<meta property=\"og:site_name\" content=\"Neamedia Icons\" \/>\n<meta property=\"article:publisher\" content=\"https:\/\/www.facebook.com\/NeamediaIcons\/\" \/>\n<meta property=\"article:modified_time\" content=\"2025-09-22T13:43:15+00:00\" \/>\n<meta name=\"twitter:card\" content=\"summary_large_image\" \/>\n<meta name=\"twitter:site\" content=\"@neamediaicons\" \/>\n<meta name=\"twitter:label1\" content=\"Est. reading time\" \/>\n\t<meta name=\"twitter:data1\" content=\"3 minutes\" \/>\n<script type=\"application\/ld+json\" class=\"yoast-schema-graph\">{\"@context\":\"https:\/\/schema.org\",\"@graph\":[{\"@type\":\"WebPage\",\"@id\":\"https:\/\/neamedia-icons.com\/en\/legal-notice\/\",\"url\":\"https:\/\/neamedia-icons.com\/en\/legal-notice\/\",\"name\":\"Legal Notice - Neamedia Icons\",\"isPartOf\":{\"@id\":\"https:\/\/neamedia-icons.com\/#website\"},\"datePublished\":\"2022-03-10T14:22:01+00:00\",\"dateModified\":\"2025-09-22T13:43:15+00:00\",\"description\":\"Consultez les mentions l\u00e9gales de notre site web pour obtenir toutes les informations juridiques n\u00e9cessaires.\",\"breadcrumb\":{\"@id\":\"https:\/\/neamedia-icons.com\/en\/legal-notice\/#breadcrumb\"},\"inLanguage\":\"en-US\",\"potentialAction\":[{\"@type\":\"ReadAction\",\"target\":[\"https:\/\/neamedia-icons.com\/en\/legal-notice\/\"]}]},{\"@type\":\"BreadcrumbList\",\"@id\":\"https:\/\/neamedia-icons.com\/en\/legal-notice\/#breadcrumb\",\"itemListElement\":[{\"@type\":\"ListItem\",\"position\":1,\"name\":\"Accueil\",\"item\":\"https:\/\/neamedia-icons.com\/en\/\"},{\"@type\":\"ListItem\",\"position\":2,\"name\":\"Legal Notice\"}]},{\"@type\":\"WebSite\",\"@id\":\"https:\/\/neamedia-icons.com\/#website\",\"url\":\"https:\/\/neamedia-icons.com\/\",\"name\":\"Neamedia Icons\",\"description\":\"Boutique sp\u00e9cialis\u00e9e en sculptures, figurines et objets collector design de la Pop Culture - BD, Manga, Anime, Jeux Vid\u00e9o &amp; Litt\u00e9rature\",\"publisher\":{\"@id\":\"https:\/\/neamedia-icons.com\/#organization\"},\"potentialAction\":[{\"@type\":\"SearchAction\",\"target\":{\"@type\":\"EntryPoint\",\"urlTemplate\":\"https:\/\/neamedia-icons.com\/?s={search_term_string}\"},\"query-input\":\"required name=search_term_string\"}],\"inLanguage\":\"en-US\"},{\"@type\":\"Organization\",\"@id\":\"https:\/\/neamedia-icons.com\/#organization\",\"name\":\"Neamedia Icons\",\"url\":\"https:\/\/neamedia-icons.com\/\",\"logo\":{\"@type\":\"ImageObject\",\"inLanguage\":\"en-US\",\"@id\":\"https:\/\/neamedia-icons.com\/#\/schema\/logo\/image\/\",\"url\":\"https:\/\/neamedia-icons.com\/wp-content\/uploads\/2022\/03\/logo_neamediaicons.png\",\"contentUrl\":\"https:\/\/neamedia-icons.com\/wp-content\/uploads\/2022\/03\/logo_neamediaicons.png\",\"width\":700,\"height\":206,\"caption\":\"Neamedia Icons\"},\"image\":{\"@id\":\"https:\/\/neamedia-icons.com\/#\/schema\/logo\/image\/\"},\"sameAs\":[\"https:\/\/www.facebook.com\/NeamediaIcons\/\",\"https:\/\/twitter.com\/neamediaicons\",\"https:\/\/www.instagram.com\/neamediaicons\/\",\"https:\/\/www.pinterest.fr\/neamediaicons\/_created\/\",\"https:\/\/www.youtube.com\/channel\/UCXUJbRezXkDAz70xAan92cw\"]}]}<\/script>\n<!-- \/ Yoast SEO plugin. -->","yoast_head_json":{"title":"Legal Notice - Neamedia Icons","description":"Consultez les mentions l\u00e9gales de notre site web pour obtenir toutes les informations juridiques n\u00e9cessaires.","robots":{"index":"index","follow":"follow","max-snippet":"max-snippet:-1","max-image-preview":"max-image-preview:large","max-video-preview":"max-video-preview:-1"},"canonical":"https:\/\/neamedia-icons.com\/en\/legal-notice\/","og_locale":"en_US","og_type":"article","og_title":"Legal Notice - Neamedia Icons","og_description":"Consultez les mentions l\u00e9gales de notre site web pour obtenir toutes les informations juridiques n\u00e9cessaires.","og_url":"https:\/\/neamedia-icons.com\/en\/legal-notice\/","og_site_name":"Neamedia Icons","article_publisher":"https:\/\/www.facebook.com\/NeamediaIcons\/","article_modified_time":"2025-09-22T13:43:15+00:00","twitter_card":"summary_large_image","twitter_site":"@neamediaicons","twitter_misc":{"Est. reading time":"3 minutes"},"schema":{"@context":"https:\/\/schema.org","@graph":[{"@type":"WebPage","@id":"https:\/\/neamedia-icons.com\/en\/legal-notice\/","url":"https:\/\/neamedia-icons.com\/en\/legal-notice\/","name":"Legal Notice - Neamedia Icons","isPartOf":{"@id":"https:\/\/neamedia-icons.com\/#website"},"datePublished":"2022-03-10T14:22:01+00:00","dateModified":"2025-09-22T13:43:15+00:00","description":"Consultez les mentions l\u00e9gales de notre site web pour obtenir toutes les informations juridiques n\u00e9cessaires.","breadcrumb":{"@id":"https:\/\/neamedia-icons.com\/en\/legal-notice\/#breadcrumb"},"inLanguage":"en-US","potentialAction":[{"@type":"ReadAction","target":["https:\/\/neamedia-icons.com\/en\/legal-notice\/"]}]},{"@type":"BreadcrumbList","@id":"https:\/\/neamedia-icons.com\/en\/legal-notice\/#breadcrumb","itemListElement":[{"@type":"ListItem","position":1,"name":"Accueil","item":"https:\/\/neamedia-icons.com\/en\/"},{"@type":"ListItem","position":2,"name":"Legal Notice"}]},{"@type":"WebSite","@id":"https:\/\/neamedia-icons.com\/#website","url":"https:\/\/neamedia-icons.com\/","name":"Neamedia Icons","description":"Boutique sp\u00e9cialis\u00e9e en sculptures, figurines et objets collector design de la Pop Culture - BD, Manga, Anime, Jeux Vid\u00e9o &amp; Litt\u00e9rature","publisher":{"@id":"https:\/\/neamedia-icons.com\/#organization"},"potentialAction":[{"@type":"SearchAction","target":{"@type":"EntryPoint","urlTemplate":"https:\/\/neamedia-icons.com\/?s={search_term_string}"},"query-input":"required name=search_term_string"}],"inLanguage":"en-US"},{"@type":"Organization","@id":"https:\/\/neamedia-icons.com\/#organization","name":"Neamedia Icons","url":"https:\/\/neamedia-icons.com\/","logo":{"@type":"ImageObject","inLanguage":"en-US","@id":"https:\/\/neamedia-icons.com\/#\/schema\/logo\/image\/","url":"https:\/\/neamedia-icons.com\/wp-content\/uploads\/2022\/03\/logo_neamediaicons.png","contentUrl":"https:\/\/neamedia-icons.com\/wp-content\/uploads\/2022\/03\/logo_neamediaicons.png","width":700,"height":206,"caption":"Neamedia Icons"},"image":{"@id":"https:\/\/neamedia-icons.com\/#\/schema\/logo\/image\/"},"sameAs":["https:\/\/www.facebook.com\/NeamediaIcons\/","https:\/\/twitter.com\/neamediaicons","https:\/\/www.instagram.com\/neamediaicons\/","https:\/\/www.pinterest.fr\/neamediaicons\/_created\/","https:\/\/www.youtube.com\/channel\/UCXUJbRezXkDAz70xAan92cw"]}]}},"_links":{"self":[{"href":"https:\/\/neamedia-icons.com\/en\/wp-json\/wp\/v2\/pages\/17768","targetHints":{"allow":["GET"]}}],"collection":[{"href":"https:\/\/neamedia-icons.com\/en\/wp-json\/wp\/v2\/pages"}],"about":[{"href":"https:\/\/neamedia-icons.com\/en\/wp-json\/wp\/v2\/types\/page"}],"author":[{"embeddable":true,"href":"https:\/\/neamedia-icons.com\/en\/wp-json\/wp\/v2\/users\/1"}],"replies":[{"embeddable":true,"href":"https:\/\/neamedia-icons.com\/en\/wp-json\/wp\/v2\/comments?post=17768"}],"version-history":[{"count":2,"href":"https:\/\/neamedia-icons.com\/en\/wp-json\/wp\/v2\/pages\/17768\/revisions"}],"predecessor-version":[{"id":182061,"href":"https:\/\/neamedia-icons.com\/en\/wp-json\/wp\/v2\/pages\/17768\/revisions\/182061"}],"wp:attachment":[{"href":"https:\/\/neamedia-icons.com\/en\/wp-json\/wp\/v2\/media?parent=17768"}],"curies":[{"name":"wp","href":"https:\/\/api.w.org\/{rel}","templated":true}]}}